{"id":5365,"date":"2023-09-27T18:51:08","date_gmt":"2023-09-27T18:51:08","guid":{"rendered":"https:\/\/tpv-tenerife.com\/?post_type=product&#038;p=5365"},"modified":"2023-09-27T18:52:21","modified_gmt":"2023-09-27T18:52:21","slug":"software-de-gestion-para-pymes","status":"publish","type":"product","link":"https:\/\/tpv-tenerife.com\/?product=software-de-gestion-para-pymes","title":{"rendered":"Software de Gesti\u00f3n para PYMES"},"content":{"rendered":"<h1><b><br \/>\niaGesti\u00f3n software de gesti\u00f3n para Pymes<\/b><\/h1>\n<p>&nbsp;<\/p>\n<p><span style=\"font-weight: 400;\">iaGesti\u00f3n es un software de gesti\u00f3n para Pymes que le permitir\u00e1 llevar la facturaci\u00f3n y el stock de su empresa de una forma f\u00e1cil e intuitiva.\u00a0 Tiene todo lo que necesita una empresa para controlar sus compras y ventas.<\/span><\/p>\n<p><span style=\"font-weight: 400;\">iaGesti\u00f3n le permite gestionar a todos sus proveedores y los pedidos que les hace a los mismos. Llevando de manera r\u00e1pida y sencilla el control del stock y los costes de todos sus art\u00edculos.<\/span><\/p>\n<p><span style=\"font-weight: 400;\">Con la secci\u00f3n de ventas del programa podr\u00e1 llevar un control total de sus clientes, con una ficha detallada de los mismos, y una gesti\u00f3n controlada de sus pedidos, albaranes y facturas. Adem\u00e1s nuestro programa de gesti\u00f3n le proporciona una opci\u00f3n de venta por TPV por si necesita hacer ventas r\u00e1pidas con tickets.<\/span><\/p>\n<p><span style=\"font-weight: 400;\">Otra de las grandes ventajas del programa de gesti\u00f3n para Pymes es que podr\u00e1 llevar al d\u00eda los cobros y pagos de su empresa gracias al apartado financiero de nuestro programa. Con \u00e9l conocer\u00e1 en cada momento el estado de sus cuentas.<\/span><\/p>\n<p><span style=\"font-weight: 400;\">iaGesti\u00f3n para Pymes es tan vers\u00e1til que actualmete est\u00e1 usandose en empresas de muchos sectores, desde ferreter\u00edas, papeler\u00edas y tiendas de electrodom\u00e9sticos a empresas de formaci\u00f3n, mayoristas de consumibles, etc. No lo dude y cons\u00faltenos sin ning\u00fan compromiso, nuestro software de gesti\u00f3n para Pymes es lo que necesita su empresa.<\/span><\/p>\n<h2><strong>Caracter\u00edsticas del software de gesti\u00f3n para Pymes<\/strong><\/h2>\n<p><span style=\"font-weight: 400;\"><br \/>\nNuestro software de gesti\u00f3n para Pymes ha sido pensando para que se adapte a cualquier tipo de negocio y entre sus principales caracter\u00edsticas se encuentran:<\/span><\/p>\n<ul>\n<li style=\"font-weight: 400;\" aria-level=\"1\"><span style=\"font-weight: 400;\">Aplicaci\u00f3n entorno CLIENTE-SERVIDOR<\/span><\/li>\n<li style=\"font-weight: 400;\" aria-level=\"1\"><span style=\"font-weight: 400;\">Base de datos SQL<\/span><\/li>\n<li style=\"font-weight: 400;\" aria-level=\"1\"><span style=\"font-weight: 400;\">Posibilidad de gestionar varias empresas<\/span><\/li>\n<li style=\"font-weight: 400;\" aria-level=\"1\"><span style=\"font-weight: 400;\">M\u00faltiples empleados asignados por empresa con niveles de permisos<\/span><\/li>\n<li style=\"font-weight: 400;\" aria-level=\"1\"><span style=\"font-weight: 400;\">Definiciones libres de tipos de clientes, tipos de proveedores,tipos de datos de comunicaci\u00f3n (tel\u00e9fonos, fax, email, etc.), tipos de direcciones (fiscal, de entrega de env\u00edos, etc.), formas de pago, tipos de iva, etc., con n\u00famero ilimitado.<\/span><\/li>\n<li style=\"font-weight: 400;\" aria-level=\"1\"><span style=\"font-weight: 400;\">Multitud de series de facturaci\u00f3n con definici\u00f3n del tipo de informe a imprimir.<\/span><\/li>\n<li style=\"font-weight: 400;\" aria-level=\"1\"><span style=\"font-weight: 400;\">Gesti\u00f3n de art\u00edculos, con diferentes tipos de generaci\u00f3n de los c\u00f3digos y definici\u00f3n de escandallos<\/span><\/li>\n<li style=\"font-weight: 400;\" aria-level=\"1\"><span style=\"font-weight: 400;\">Multitud de tarifas.<\/span><\/li>\n<li style=\"font-weight: 400;\" aria-level=\"1\"><span style=\"font-weight: 400;\">Posibilidad de gestionar varios almacenes<\/span><\/li>\n<li style=\"font-weight: 400;\" aria-level=\"1\"><span style=\"font-weight: 400;\">Stock con control de m\u00ednimos por almac\u00e9n y lote<\/span><\/li>\n<li style=\"font-weight: 400;\" aria-level=\"1\"><span style=\"font-weight: 400;\">Gesti\u00f3n de proveedores y clientes con multidud de direcciones, tipos de comunicaciones (tel\u00e9fonos, faxes, emails, etc.), cuentas bancarias y contactos. Estad\u00edsticas y gr\u00e1ficos de ventas y compras en la fichas correspondientes.<\/span><\/li>\n<li style=\"font-weight: 400;\" aria-level=\"1\"><span style=\"font-weight: 400;\">Gesti\u00f3n de representantes con porcentajes de comisi\u00f3n por tarifa e informe de liquidaci\u00f3n de comisiones.<\/span><\/li>\n<li style=\"font-weight: 400;\" aria-level=\"1\"><span style=\"font-weight: 400;\">Pedidos, albaranes, facturas de compra y generaci\u00f3n de pedidos autom\u00e1tica en funci\u00f3n del m\u00ednimo y m\u00e1ximo definido.<\/span><\/li>\n<li style=\"font-weight: 400;\" aria-level=\"1\"><span style=\"font-weight: 400;\">Presupuestos, pedidos, albaranes y facturas de venta. Posibilidad de pasar de presupuesto a pedido o\/a albar\u00e1n o\/a factura, de albar\u00e1n a factura \u00f3 facturar directamente.<\/span><\/li>\n<li style=\"font-weight: 400;\" aria-level=\"1\"><span style=\"font-weight: 400;\">Reimpresi\u00f3n de facturas por cliente, periodos o series.<\/span><\/li>\n<li style=\"font-weight: 400;\" aria-level=\"1\"><span style=\"font-weight: 400;\">Control de caja, opciones de apertura, cierre, arqueos, ingresos y retiradas de efectivos.<\/span><\/li>\n<li style=\"font-weight: 400;\" aria-level=\"1\"><span style=\"font-weight: 400;\">Ventas a trav\u00e9s de TPV con opci\u00f3n de lectura por c\u00f3digos de barras.<\/span><\/li>\n<li style=\"font-weight: 400;\" aria-level=\"1\"><span style=\"font-weight: 400;\">Impresi\u00f3n y edici\u00f3n de tickets regalo.<\/span><\/li>\n<li style=\"font-weight: 400;\" aria-level=\"1\"><span style=\"font-weight: 400;\">Conversi\u00f3n de tickets en albaranes de venta.<\/span><\/li>\n<li style=\"font-weight: 400;\" aria-level=\"1\"><span style=\"font-weight: 400;\">Control de pagos por factura de compra<\/span><\/li>\n<li style=\"font-weight: 400;\" aria-level=\"1\"><span style=\"font-weight: 400;\">Control de cobros por factura de venta.<\/span><\/li>\n<li style=\"font-weight: 400;\" aria-level=\"1\"><span style=\"font-weight: 400;\">Gesti\u00f3n de anticipos por cliente<\/span><\/li>\n<li style=\"font-weight: 400;\" aria-level=\"1\"><span style=\"font-weight: 400;\">Cartera de efectos.<\/span><\/li>\n<li style=\"font-weight: 400;\" aria-level=\"1\"><span style=\"font-weight: 400;\">Gesti\u00f3n de remesas. Prepare una remesa con los vencimientos pendientes, genere un archivo en norma 19 y s\u00fabala por internet a su banco. O si lo prefiere, imprima los recibos y los presenta en su oficina.<\/span><\/li>\n<li style=\"font-weight: 400;\" aria-level=\"1\"><span style=\"font-weight: 400;\">Adatpado a la normativa SEPA<\/span><\/li>\n<li style=\"font-weight: 400;\" aria-level=\"1\"><span style=\"font-weight: 400;\">Gesti\u00f3n de gastos.<\/span><\/li>\n<li style=\"font-weight: 400;\" aria-level=\"1\"><span style=\"font-weight: 400;\">Traspasos entre almacenes.<\/span><\/li>\n<li style=\"font-weight: 400;\" aria-level=\"1\"><span style=\"font-weight: 400;\">Realice directamente etiquetas para estanter\u00edas y productos.<\/span><\/li>\n<li style=\"font-weight: 400;\" aria-level=\"1\"><span style=\"font-weight: 400;\">Etiquetas postales para clientes y proveedores<\/span><\/li>\n<li style=\"font-weight: 400;\" aria-level=\"1\"><span style=\"font-weight: 400;\">Edici\u00f3n de los documentos generados por el programa como presupuestos, pedidios, albaranes, facturas\u2026.<\/span><\/li>\n<li style=\"font-weight: 400;\" aria-level=\"1\"><span style=\"font-weight: 400;\">Informes. En un momento podr\u00e1 ver el estado de su empresa. Informes de art\u00edculos, clientes, proveedores, empleados, ventas, compras y administraci\u00f3n con posibilidad de exportaci\u00f3n a excel.<\/span><\/li>\n<\/ul>\n","protected":false},"excerpt":{"rendered":"<p>iaGesti\u00f3n software de gesti\u00f3n para Pymes &nbsp; iaGesti\u00f3n es un software de gesti\u00f3n para Pymes que le permitir\u00e1 llevar la facturaci\u00f3n y el stock de su empresa de una forma f\u00e1cil e intuitiva.\u00a0 Tiene todo lo que necesita una empresa para controlar sus compras y ventas. iaGesti\u00f3n le permite gestionar a todos sus proveedores y [&hellip;]<\/p>\n","protected":false},"featured_media":3354,"template":"","meta":[],"product_brand":[],"product_cat":[51],"product_tag":[149,143,130,148,129],"class_list":{"0":"post-5365","1":"product","2":"type-product","3":"status-publish","4":"has-post-thumbnail","6":"product_cat-software-tpv-y-gestion","7":"product_tag-empresa","8":"product_tag-gestion","9":"product_tag-programa","10":"product_tag-pymes","11":"product_tag-software","13":"first","14":"instock","15":"taxable","16":"shipping-taxable","17":"purchasable","18":"product-type-simple"},"yoast_head":"<!-- This site is optimized with the Yoast SEO plugin v27.5 - https:\/\/yoast.com\/product\/yoast-seo-wordpress\/ -->\n<title>Software de Gesti\u00f3n para PYMES - TPV Tenerife<\/title>\n<meta name=\"description\" content=\"iaGesti\u00f3n es un software de gesti\u00f3n para Pymes que le permitir\u00e1 llevar la facturaci\u00f3n y el stock de su empresa de una forma f\u00e1cil e intuitiva.\u00a0 Tiene todo lo que necesita una empresa para controlar sus compras y ventas.\" \/>\n<meta name=\"robots\" content=\"index, follow, max-snippet:-1, max-image-preview:large, max-video-preview:-1\" \/>\n<link rel=\"canonical\" href=\"https:\/\/tpv-tenerife.com\/?product=software-de-gestion-para-pymes\" \/>\n<meta property=\"og:locale\" content=\"es_ES\" \/>\n<meta property=\"og:type\" content=\"article\" \/>\n<meta property=\"og:title\" content=\"Software de Gesti\u00f3n para PYMES - TPV Tenerife\" \/>\n<meta property=\"og:description\" content=\"iaGesti\u00f3n es un software de gesti\u00f3n para Pymes que le permitir\u00e1 llevar la facturaci\u00f3n y el stock de su empresa de una forma f\u00e1cil e intuitiva.\u00a0 Tiene todo lo que necesita una empresa para controlar sus compras y ventas.\" \/>\n<meta property=\"og:url\" content=\"https:\/\/tpv-tenerife.com\/?product=software-de-gestion-para-pymes\" \/>\n<meta property=\"og:site_name\" content=\"TPV Tenerife\" \/>\n<meta property=\"article:modified_time\" content=\"2023-09-27T18:52:21+00:00\" \/>\n<meta property=\"og:image\" content=\"https:\/\/tpv-tenerife.com\/wp-content\/uploads\/2023\/08\/backoffice-ordenador.webp\" \/>\n\t<meta property=\"og:image:width\" content=\"619\" \/>\n\t<meta property=\"og:image:height\" content=\"526\" \/>\n\t<meta property=\"og:image:type\" content=\"image\/webp\" \/>\n<meta name=\"twitter:card\" content=\"summary_large_image\" \/>\n<meta name=\"twitter:label1\" content=\"Tiempo de lectura\" \/>\n\t<meta name=\"twitter:data1\" content=\"3 minutos\" \/>\n<script type=\"application\/ld+json\" class=\"yoast-schema-graph\">{\"@context\":\"https:\\\/\\\/schema.org\",\"@graph\":[{\"@type\":\"WebPage\",\"@id\":\"https:\\\/\\\/tpv-tenerife.com\\\/?product=software-de-gestion-para-pymes\",\"url\":\"https:\\\/\\\/tpv-tenerife.com\\\/?product=software-de-gestion-para-pymes\",\"name\":\"Software de Gesti\u00f3n para PYMES - TPV Tenerife\",\"isPartOf\":{\"@id\":\"https:\\\/\\\/tpv-tenerife.com\\\/#website\"},\"primaryImageOfPage\":{\"@id\":\"https:\\\/\\\/tpv-tenerife.com\\\/?product=software-de-gestion-para-pymes#primaryimage\"},\"image\":{\"@id\":\"https:\\\/\\\/tpv-tenerife.com\\\/?product=software-de-gestion-para-pymes#primaryimage\"},\"thumbnailUrl\":\"https:\\\/\\\/tpv-tenerife.com\\\/wp-content\\\/uploads\\\/2023\\\/08\\\/backoffice-ordenador.webp\",\"datePublished\":\"2023-09-27T18:51:08+00:00\",\"dateModified\":\"2023-09-27T18:52:21+00:00\",\"description\":\"iaGesti\u00f3n es un software de gesti\u00f3n para Pymes que le permitir\u00e1 llevar la facturaci\u00f3n y el stock de su empresa de una forma f\u00e1cil e intuitiva.\u00a0 Tiene todo lo que necesita una empresa para controlar sus compras y ventas.\",\"breadcrumb\":{\"@id\":\"https:\\\/\\\/tpv-tenerife.com\\\/?product=software-de-gestion-para-pymes#breadcrumb\"},\"inLanguage\":\"es\",\"potentialAction\":[{\"@type\":\"ReadAction\",\"target\":[\"https:\\\/\\\/tpv-tenerife.com\\\/?product=software-de-gestion-para-pymes\"]}]},{\"@type\":\"ImageObject\",\"inLanguage\":\"es\",\"@id\":\"https:\\\/\\\/tpv-tenerife.com\\\/?product=software-de-gestion-para-pymes#primaryimage\",\"url\":\"https:\\\/\\\/tpv-tenerife.com\\\/wp-content\\\/uploads\\\/2023\\\/08\\\/backoffice-ordenador.webp\",\"contentUrl\":\"https:\\\/\\\/tpv-tenerife.com\\\/wp-content\\\/uploads\\\/2023\\\/08\\\/backoffice-ordenador.webp\",\"width\":619,\"height\":526,\"caption\":\"Gestiona tu negocio con nuestro software en la nube BackOffice\"},{\"@type\":\"BreadcrumbList\",\"@id\":\"https:\\\/\\\/tpv-tenerife.com\\\/?product=software-de-gestion-para-pymes#breadcrumb\",\"itemListElement\":[{\"@type\":\"ListItem\",\"position\":1,\"name\":\"Inicio\",\"item\":\"https:\\\/\\\/tpv-tenerife.com\\\/\"},{\"@type\":\"ListItem\",\"position\":2,\"name\":\"Tienda\",\"item\":\"https:\\\/\\\/tpv-tenerife.com\\\/?page_id=208\"},{\"@type\":\"ListItem\",\"position\":3,\"name\":\"Software de Gesti\u00f3n para PYMES\"}]},{\"@type\":\"WebSite\",\"@id\":\"https:\\\/\\\/tpv-tenerife.com\\\/#website\",\"url\":\"https:\\\/\\\/tpv-tenerife.com\\\/\",\"name\":\"TPV Tenerife\",\"description\":\"TPV Tenerife\",\"publisher\":{\"@id\":\"https:\\\/\\\/tpv-tenerife.com\\\/#organization\"},\"potentialAction\":[{\"@type\":\"SearchAction\",\"target\":{\"@type\":\"EntryPoint\",\"urlTemplate\":\"https:\\\/\\\/tpv-tenerife.com\\\/?s={search_term_string}\"},\"query-input\":{\"@type\":\"PropertyValueSpecification\",\"valueRequired\":true,\"valueName\":\"search_term_string\"}}],\"inLanguage\":\"es\"},{\"@type\":\"Organization\",\"@id\":\"https:\\\/\\\/tpv-tenerife.com\\\/#organization\",\"name\":\"TPV Tenerife\",\"alternateName\":\"Mega Ram - TPV Tenerife\",\"url\":\"https:\\\/\\\/tpv-tenerife.com\\\/\",\"logo\":{\"@type\":\"ImageObject\",\"inLanguage\":\"es\",\"@id\":\"https:\\\/\\\/tpv-tenerife.com\\\/#\\\/schema\\\/logo\\\/image\\\/\",\"url\":\"https:\\\/\\\/tpv-tenerife.com\\\/wp-content\\\/uploads\\\/2023\\\/07\\\/logo.webp\",\"contentUrl\":\"https:\\\/\\\/tpv-tenerife.com\\\/wp-content\\\/uploads\\\/2023\\\/07\\\/logo.webp\",\"width\":800,\"height\":247,\"caption\":\"TPV Tenerife\"},\"image\":{\"@id\":\"https:\\\/\\\/tpv-tenerife.com\\\/#\\\/schema\\\/logo\\\/image\\\/\"}}]}<\/script>\n<!-- \/ Yoast SEO plugin. -->","yoast_head_json":{"title":"Software de Gesti\u00f3n para PYMES - TPV Tenerife","description":"iaGesti\u00f3n es un software de gesti\u00f3n para Pymes que le permitir\u00e1 llevar la facturaci\u00f3n y el stock de su empresa de una forma f\u00e1cil e intuitiva.\u00a0 Tiene todo lo que necesita una empresa para controlar sus compras y ventas.","robots":{"index":"index","follow":"follow","max-snippet":"max-snippet:-1","max-image-preview":"max-image-preview:large","max-video-preview":"max-video-preview:-1"},"canonical":"https:\/\/tpv-tenerife.com\/?product=software-de-gestion-para-pymes","og_locale":"es_ES","og_type":"article","og_title":"Software de Gesti\u00f3n para PYMES - TPV Tenerife","og_description":"iaGesti\u00f3n es un software de gesti\u00f3n para Pymes que le permitir\u00e1 llevar la facturaci\u00f3n y el stock de su empresa de una forma f\u00e1cil e intuitiva.\u00a0 Tiene todo lo que necesita una empresa para controlar sus compras y ventas.","og_url":"https:\/\/tpv-tenerife.com\/?product=software-de-gestion-para-pymes","og_site_name":"TPV Tenerife","article_modified_time":"2023-09-27T18:52:21+00:00","og_image":[{"width":619,"height":526,"url":"https:\/\/tpv-tenerife.com\/wp-content\/uploads\/2023\/08\/backoffice-ordenador.webp","type":"image\/webp"}],"twitter_card":"summary_large_image","twitter_misc":{"Tiempo de lectura":"3 minutos"},"schema":{"@context":"https:\/\/schema.org","@graph":[{"@type":"WebPage","@id":"https:\/\/tpv-tenerife.com\/?product=software-de-gestion-para-pymes","url":"https:\/\/tpv-tenerife.com\/?product=software-de-gestion-para-pymes","name":"Software de Gesti\u00f3n para PYMES - TPV Tenerife","isPartOf":{"@id":"https:\/\/tpv-tenerife.com\/#website"},"primaryImageOfPage":{"@id":"https:\/\/tpv-tenerife.com\/?product=software-de-gestion-para-pymes#primaryimage"},"image":{"@id":"https:\/\/tpv-tenerife.com\/?product=software-de-gestion-para-pymes#primaryimage"},"thumbnailUrl":"https:\/\/tpv-tenerife.com\/wp-content\/uploads\/2023\/08\/backoffice-ordenador.webp","datePublished":"2023-09-27T18:51:08+00:00","dateModified":"2023-09-27T18:52:21+00:00","description":"iaGesti\u00f3n es un software de gesti\u00f3n para Pymes que le permitir\u00e1 llevar la facturaci\u00f3n y el stock de su empresa de una forma f\u00e1cil e intuitiva.\u00a0 Tiene todo lo que necesita una empresa para controlar sus compras y ventas.","breadcrumb":{"@id":"https:\/\/tpv-tenerife.com\/?product=software-de-gestion-para-pymes#breadcrumb"},"inLanguage":"es","potentialAction":[{"@type":"ReadAction","target":["https:\/\/tpv-tenerife.com\/?product=software-de-gestion-para-pymes"]}]},{"@type":"ImageObject","inLanguage":"es","@id":"https:\/\/tpv-tenerife.com\/?product=software-de-gestion-para-pymes#primaryimage","url":"https:\/\/tpv-tenerife.com\/wp-content\/uploads\/2023\/08\/backoffice-ordenador.webp","contentUrl":"https:\/\/tpv-tenerife.com\/wp-content\/uploads\/2023\/08\/backoffice-ordenador.webp","width":619,"height":526,"caption":"Gestiona tu negocio con nuestro software en la nube BackOffice"},{"@type":"BreadcrumbList","@id":"https:\/\/tpv-tenerife.com\/?product=software-de-gestion-para-pymes#breadcrumb","itemListElement":[{"@type":"ListItem","position":1,"name":"Inicio","item":"https:\/\/tpv-tenerife.com\/"},{"@type":"ListItem","position":2,"name":"Tienda","item":"https:\/\/tpv-tenerife.com\/?page_id=208"},{"@type":"ListItem","position":3,"name":"Software de Gesti\u00f3n para PYMES"}]},{"@type":"WebSite","@id":"https:\/\/tpv-tenerife.com\/#website","url":"https:\/\/tpv-tenerife.com\/","name":"TPV Tenerife","description":"TPV Tenerife","publisher":{"@id":"https:\/\/tpv-tenerife.com\/#organization"},"potentialAction":[{"@type":"SearchAction","target":{"@type":"EntryPoint","urlTemplate":"https:\/\/tpv-tenerife.com\/?s={search_term_string}"},"query-input":{"@type":"PropertyValueSpecification","valueRequired":true,"valueName":"search_term_string"}}],"inLanguage":"es"},{"@type":"Organization","@id":"https:\/\/tpv-tenerife.com\/#organization","name":"TPV Tenerife","alternateName":"Mega Ram - TPV Tenerife","url":"https:\/\/tpv-tenerife.com\/","logo":{"@type":"ImageObject","inLanguage":"es","@id":"https:\/\/tpv-tenerife.com\/#\/schema\/logo\/image\/","url":"https:\/\/tpv-tenerife.com\/wp-content\/uploads\/2023\/07\/logo.webp","contentUrl":"https:\/\/tpv-tenerife.com\/wp-content\/uploads\/2023\/07\/logo.webp","width":800,"height":247,"caption":"TPV Tenerife"},"image":{"@id":"https:\/\/tpv-tenerife.com\/#\/schema\/logo\/image\/"}}]}},"_links":{"self":[{"href":"https:\/\/tpv-tenerife.com\/index.php?rest_route=\/wp\/v2\/product\/5365","targetHints":{"allow":["GET"]}}],"collection":[{"href":"https:\/\/tpv-tenerife.com\/index.php?rest_route=\/wp\/v2\/product"}],"about":[{"href":"https:\/\/tpv-tenerife.com\/index.php?rest_route=\/wp\/v2\/types\/product"}],"wp:featuredmedia":[{"embeddable":true,"href":"https:\/\/tpv-tenerife.com\/index.php?rest_route=\/wp\/v2\/media\/3354"}],"wp:attachment":[{"href":"https:\/\/tpv-tenerife.com\/index.php?rest_route=%2Fwp%2Fv2%2Fmedia&parent=5365"}],"wp:term":[{"taxonomy":"product_brand","embeddable":true,"href":"https:\/\/tpv-tenerife.com\/index.php?rest_route=%2Fwp%2Fv2%2Fproduct_brand&post=5365"},{"taxonomy":"product_cat","embeddable":true,"href":"https:\/\/tpv-tenerife.com\/index.php?rest_route=%2Fwp%2Fv2%2Fproduct_cat&post=5365"},{"taxonomy":"product_tag","embeddable":true,"href":"https:\/\/tpv-tenerife.com\/index.php?rest_route=%2Fwp%2Fv2%2Fproduct_tag&post=5365"}],"curies":[{"name":"wp","href":"https:\/\/api.w.org\/{rel}","templated":true}]}}