{"id":5067,"date":"2023-09-22T20:46:04","date_gmt":"2023-09-22T20:46:04","guid":{"rendered":"https:\/\/tpv-tenerife.com\/?post_type=product&#038;p=5067"},"modified":"2023-10-03T22:03:47","modified_gmt":"2023-10-03T22:03:47","slug":"modulo-sincronizacion-tienda-online-y-tpv-comercio","status":"publish","type":"product","link":"https:\/\/tpv-tenerife.com\/?product=modulo-sincronizacion-tienda-online-y-tpv-comercio","title":{"rendered":"M\u00f3dulo Sincronizaci\u00f3n Tienda Online y TPV Comercio"},"content":{"rendered":"<p>&nbsp;<\/p>\n<h2>M\u00f3dulo Sincronizaci\u00f3n Tienda Online y TPV Comercio<\/h2>\n<p><span style=\"font-weight: 400;\"><br \/>\nCon el <\/span>m\u00f3dulo de sincronizaci\u00f3n de iaTPV COMERCIOS con Prestashop podr\u00e1s tener tu tienda online en muy poco tiempo, muy f\u00e1cil de gestionar y con el stock de tus productos actualizados en tu web sin tener que hacer nada.<\/p>\n<p>Si ya tienes tu p\u00e1gina web en Prestashop podemos ayudarte a sincronizar el inventario, precios, realizar rebajas y si a\u00fan no tienes tu tienda online, podemos dise\u00f1arla y sincronizarla con tu tienda f\u00edsica.<\/p>\n<p>Software TPV para gestionar el inventario de tu tienda online<\/p>\n<p>Si tienes una tienda online dise\u00f1ada con Prestashop ahorras much\u00edsimo tiempo en la creaci\u00f3n de caracter\u00edsticas, art\u00edculos, rebajas y sobre todo tendr\u00e1s el STOCK y el PRECIO de tu tienda online actualizado.<\/p>\n<p><strong>\u00bfC\u00f3mo funciona iaTPV comercios para sincronizar con Prestashop?<\/strong><\/p>\n<p>iaTPV Gesti\u00f3n para Comercios dispone de una opci\u00f3n en la que ir\u00e1s gestionando las categor\u00edas, art\u00edculos, rebajas y precios. Una vez habilitada la opci\u00f3n s\u00f3lo gestionaras tu Prestashop desde iaTPV sin necesidad de tener que aprender a usar el backoffice de Prestashop.<\/p>\n<p>El <a href=\"https:\/\/iatpv.es\/software-tpv-tienda-de-ropa\/\">software TPV para comercios<\/a> se encargar\u00e1 directamente de las siguientes tareas por ti :<\/p>\n<ul>\n<li style=\"font-weight: 400;\" aria-level=\"1\">\u2705 Gesti\u00f3n de atributos de los art\u00edculos, es decir, tallas y colores como casos m\u00e1s t\u00edpicos.<\/li>\n<li style=\"font-weight: 400;\" aria-level=\"1\">\u2705 Gesti\u00f3n de categor\u00edas o familias de productos con diferentes tipos de niveles.<\/li>\n<li style=\"font-weight: 400;\" aria-level=\"1\">\u2705 Gesti\u00f3n de caracter\u00edsticas de los art\u00edculos<\/li>\n<li style=\"font-weight: 400;\" aria-level=\"1\">\u2705 Gesti\u00f3n de art\u00edculos simples<\/li>\n<\/ul>\n<ul>\n<li style=\"font-weight: 400;\" aria-level=\"1\">\u2705 Gesti\u00f3n de art\u00edculos con combinaciones para tallas y colores<\/li>\n<li style=\"font-weight: 400;\" aria-level=\"1\">\u2705 Actualizaci\u00f3n de stock de los productos de tu tienda online con tu tienda f\u00edsica.<\/li>\n<li style=\"font-weight: 400;\" aria-level=\"1\">\u2705 Gesti\u00f3n de descuentos<\/li>\n<li style=\"font-weight: 400;\" aria-level=\"1\">\u2705 Actualizaci\u00f3n de precios<\/li>\n<\/ul>\n<p><strong><br \/>\n\u00bfPuedo gestionar los pedidos desde el Software TPV?<\/strong><\/p>\n<p>Una vez llegados a este punto tenemos la duda de \u00bfqu\u00e9 pasa con los pedidos online?, pues bien esos pedidos entrar\u00e1n directamente a la aplicaci\u00f3n iaTPV Comercios. S\u00f3lo te faltar\u00e1 realizar el cobro y env\u00edo de los productos a tu cliente.<\/p>\n<p><strong>\u00bfQu\u00e9 permite el Software TPV Comercio?<\/strong><\/p>\n<p>Te ayudar\u00e1 en la gesti\u00f3n de tu tienda tanto f\u00edsica como online<\/p>\n<ul>\n<li>\u2705 Gesti\u00f3n \u00e1gil de productos<\/li>\n<li style=\"font-weight: 400;\" aria-level=\"1\">\u2705 Pantalla t\u00e1ctil<\/li>\n<li style=\"font-weight: 400;\" aria-level=\"1\">\u2705 Lector de c\u00f3digo de barras<\/li>\n<li style=\"font-weight: 400;\" aria-level=\"1\">\u2705 Creaci\u00f3n de ofertas<\/li>\n<li style=\"font-weight: 400;\" aria-level=\"1\">\u2705 Integraci\u00f3n con cajones inteligentes<\/li>\n<li style=\"font-weight: 400;\" aria-level=\"1\">\u2705 Control de stock<\/li>\n<li style=\"font-weight: 400;\" aria-level=\"1\">\u2705 Actualizaci\u00f3n de precios<\/li>\n<li style=\"font-weight: 400;\" aria-level=\"1\">\u2705 Gesti\u00f3n de citas o agenda<\/li>\n<li style=\"font-weight: 400;\" aria-level=\"1\">\u2705 Control horario para fichaje<\/li>\n<li style=\"font-weight: 400;\" aria-level=\"1\">\u2705 Integraci\u00f3n con b\u00e1sculas de pesaje<\/li>\n<\/ul>\n<p>&nbsp;<\/p>\n","protected":false},"excerpt":{"rendered":"<p>&nbsp; M\u00f3dulo Sincronizaci\u00f3n Tienda Online y TPV Comercio Con el m\u00f3dulo de sincronizaci\u00f3n de iaTPV COMERCIOS con Prestashop podr\u00e1s tener tu tienda online en muy poco tiempo, muy f\u00e1cil de gestionar y con el stock de tus productos actualizados en tu web sin tener que hacer nada. Si ya tienes tu p\u00e1gina web en Prestashop [&hellip;]<\/p>\n","protected":false},"featured_media":5068,"template":"","meta":[],"product_brand":[],"product_cat":[51,39,35],"product_tag":[140,141,138,93,139],"class_list":{"0":"post-5067","1":"product","2":"type-product","3":"status-publish","4":"has-post-thumbnail","6":"product_cat-software-tpv-y-gestion","7":"product_cat-soluciones-online","8":"product_cat-tpv-comercios","9":"product_tag-sincroniza","10":"product_tag-soluciones","11":"product_tag-tienda-online","12":"product_tag-tpv-comercio","13":"product_tag-web","15":"first","16":"instock","17":"taxable","18":"shipping-taxable","19":"purchasable","20":"product-type-simple"},"yoast_head":"<!-- This site is optimized with the Yoast SEO plugin v27.5 - https:\/\/yoast.com\/product\/yoast-seo-wordpress\/ -->\n<title>M\u00f3dulo Sincronizaci\u00f3n Tienda Online y TPV Comercio - TPV Tenerife<\/title>\n<meta name=\"description\" content=\"M\u00f3dulo Sincronizaci\u00f3n Tienda Online y TPV Comercio, Con el m\u00f3dulo de sincronizaci\u00f3n de iaTPV COMERCIOS con Prestashop podr\u00e1s tener tu tienda online en muy poco tiempo, muy f\u00e1cil de gestionar y con el stock de tus productos actualizados en tu web sin tener que hacer nada. Si ya tienes tu p\u00e1gina web en Prestashop podemos ayudarte a sincronizar el inventario, precios, realizar rebajas y si a\u00fan no tienes tu tienda online, podemos dise\u00f1arla y sincronizarla con tu tienda f\u00edsica.\" \/>\n<meta name=\"robots\" content=\"index, follow, max-snippet:-1, max-image-preview:large, max-video-preview:-1\" \/>\n<link rel=\"canonical\" href=\"https:\/\/tpv-tenerife.com\/?product=modulo-sincronizacion-tienda-online-y-tpv-comercio\" \/>\n<meta property=\"og:locale\" content=\"es_ES\" \/>\n<meta property=\"og:type\" content=\"article\" \/>\n<meta property=\"og:title\" content=\"M\u00f3dulo Sincronizaci\u00f3n Tienda Online y TPV Comercio - TPV Tenerife\" \/>\n<meta property=\"og:description\" content=\"M\u00f3dulo Sincronizaci\u00f3n Tienda Online y TPV Comercio, Con el m\u00f3dulo de sincronizaci\u00f3n de iaTPV COMERCIOS con Prestashop podr\u00e1s tener tu tienda online en muy poco tiempo, muy f\u00e1cil de gestionar y con el stock de tus productos actualizados en tu web sin tener que hacer nada. Si ya tienes tu p\u00e1gina web en Prestashop podemos ayudarte a sincronizar el inventario, precios, realizar rebajas y si a\u00fan no tienes tu tienda online, podemos dise\u00f1arla y sincronizarla con tu tienda f\u00edsica.\" \/>\n<meta property=\"og:url\" content=\"https:\/\/tpv-tenerife.com\/?product=modulo-sincronizacion-tienda-online-y-tpv-comercio\" \/>\n<meta property=\"og:site_name\" content=\"TPV Tenerife\" \/>\n<meta property=\"article:modified_time\" content=\"2023-10-03T22:03:47+00:00\" \/>\n<meta property=\"og:image\" content=\"https:\/\/tpv-tenerife.com\/wp-content\/uploads\/2023\/09\/foto6.webp\" \/>\n\t<meta property=\"og:image:width\" content=\"1000\" \/>\n\t<meta property=\"og:image:height\" content=\"600\" \/>\n\t<meta property=\"og:image:type\" content=\"image\/webp\" \/>\n<meta name=\"twitter:card\" content=\"summary_large_image\" \/>\n<meta name=\"twitter:label1\" content=\"Tiempo de lectura\" \/>\n\t<meta name=\"twitter:data1\" content=\"2 minutos\" \/>\n<script type=\"application\/ld+json\" class=\"yoast-schema-graph\">{\"@context\":\"https:\\\/\\\/schema.org\",\"@graph\":[{\"@type\":\"WebPage\",\"@id\":\"https:\\\/\\\/tpv-tenerife.com\\\/?product=modulo-sincronizacion-tienda-online-y-tpv-comercio\",\"url\":\"https:\\\/\\\/tpv-tenerife.com\\\/?product=modulo-sincronizacion-tienda-online-y-tpv-comercio\",\"name\":\"M\u00f3dulo Sincronizaci\u00f3n Tienda Online y TPV Comercio - TPV Tenerife\",\"isPartOf\":{\"@id\":\"https:\\\/\\\/tpv-tenerife.com\\\/#website\"},\"primaryImageOfPage\":{\"@id\":\"https:\\\/\\\/tpv-tenerife.com\\\/?product=modulo-sincronizacion-tienda-online-y-tpv-comercio#primaryimage\"},\"image\":{\"@id\":\"https:\\\/\\\/tpv-tenerife.com\\\/?product=modulo-sincronizacion-tienda-online-y-tpv-comercio#primaryimage\"},\"thumbnailUrl\":\"https:\\\/\\\/tpv-tenerife.com\\\/wp-content\\\/uploads\\\/2023\\\/09\\\/foto6.webp\",\"datePublished\":\"2023-09-22T20:46:04+00:00\",\"dateModified\":\"2023-10-03T22:03:47+00:00\",\"description\":\"M\u00f3dulo Sincronizaci\u00f3n Tienda Online y TPV Comercio, Con el m\u00f3dulo de sincronizaci\u00f3n de iaTPV COMERCIOS con Prestashop podr\u00e1s tener tu tienda online en muy poco tiempo, muy f\u00e1cil de gestionar y con el stock de tus productos actualizados en tu web sin tener que hacer nada. Si ya tienes tu p\u00e1gina web en Prestashop podemos ayudarte a sincronizar el inventario, precios, realizar rebajas y si a\u00fan no tienes tu tienda online, podemos dise\u00f1arla y sincronizarla con tu tienda f\u00edsica.\",\"breadcrumb\":{\"@id\":\"https:\\\/\\\/tpv-tenerife.com\\\/?product=modulo-sincronizacion-tienda-online-y-tpv-comercio#breadcrumb\"},\"inLanguage\":\"es\",\"potentialAction\":[{\"@type\":\"ReadAction\",\"target\":[\"https:\\\/\\\/tpv-tenerife.com\\\/?product=modulo-sincronizacion-tienda-online-y-tpv-comercio\"]}]},{\"@type\":\"ImageObject\",\"inLanguage\":\"es\",\"@id\":\"https:\\\/\\\/tpv-tenerife.com\\\/?product=modulo-sincronizacion-tienda-online-y-tpv-comercio#primaryimage\",\"url\":\"https:\\\/\\\/tpv-tenerife.com\\\/wp-content\\\/uploads\\\/2023\\\/09\\\/foto6.webp\",\"contentUrl\":\"https:\\\/\\\/tpv-tenerife.com\\\/wp-content\\\/uploads\\\/2023\\\/09\\\/foto6.webp\",\"width\":1000,\"height\":600,\"caption\":\"M\u00f3dulo Sincronizaci\u00f3n Tienda Online y TPV Comercio\"},{\"@type\":\"BreadcrumbList\",\"@id\":\"https:\\\/\\\/tpv-tenerife.com\\\/?product=modulo-sincronizacion-tienda-online-y-tpv-comercio#breadcrumb\",\"itemListElement\":[{\"@type\":\"ListItem\",\"position\":1,\"name\":\"Inicio\",\"item\":\"https:\\\/\\\/tpv-tenerife.com\\\/\"},{\"@type\":\"ListItem\",\"position\":2,\"name\":\"Tienda\",\"item\":\"https:\\\/\\\/tpv-tenerife.com\\\/?page_id=208\"},{\"@type\":\"ListItem\",\"position\":3,\"name\":\"M\u00f3dulo Sincronizaci\u00f3n Tienda Online y TPV Comercio\"}]},{\"@type\":\"WebSite\",\"@id\":\"https:\\\/\\\/tpv-tenerife.com\\\/#website\",\"url\":\"https:\\\/\\\/tpv-tenerife.com\\\/\",\"name\":\"TPV Tenerife\",\"description\":\"TPV Tenerife\",\"publisher\":{\"@id\":\"https:\\\/\\\/tpv-tenerife.com\\\/#organization\"},\"potentialAction\":[{\"@type\":\"SearchAction\",\"target\":{\"@type\":\"EntryPoint\",\"urlTemplate\":\"https:\\\/\\\/tpv-tenerife.com\\\/?s={search_term_string}\"},\"query-input\":{\"@type\":\"PropertyValueSpecification\",\"valueRequired\":true,\"valueName\":\"search_term_string\"}}],\"inLanguage\":\"es\"},{\"@type\":\"Organization\",\"@id\":\"https:\\\/\\\/tpv-tenerife.com\\\/#organization\",\"name\":\"TPV Tenerife\",\"alternateName\":\"Mega Ram - TPV Tenerife\",\"url\":\"https:\\\/\\\/tpv-tenerife.com\\\/\",\"logo\":{\"@type\":\"ImageObject\",\"inLanguage\":\"es\",\"@id\":\"https:\\\/\\\/tpv-tenerife.com\\\/#\\\/schema\\\/logo\\\/image\\\/\",\"url\":\"https:\\\/\\\/tpv-tenerife.com\\\/wp-content\\\/uploads\\\/2023\\\/07\\\/logo.webp\",\"contentUrl\":\"https:\\\/\\\/tpv-tenerife.com\\\/wp-content\\\/uploads\\\/2023\\\/07\\\/logo.webp\",\"width\":800,\"height\":247,\"caption\":\"TPV Tenerife\"},\"image\":{\"@id\":\"https:\\\/\\\/tpv-tenerife.com\\\/#\\\/schema\\\/logo\\\/image\\\/\"}}]}<\/script>\n<!-- \/ Yoast SEO plugin. -->","yoast_head_json":{"title":"M\u00f3dulo Sincronizaci\u00f3n Tienda Online y TPV Comercio - TPV Tenerife","description":"M\u00f3dulo Sincronizaci\u00f3n Tienda Online y TPV Comercio, Con el m\u00f3dulo de sincronizaci\u00f3n de iaTPV COMERCIOS con Prestashop podr\u00e1s tener tu tienda online en muy poco tiempo, muy f\u00e1cil de gestionar y con el stock de tus productos actualizados en tu web sin tener que hacer nada. Si ya tienes tu p\u00e1gina web en Prestashop podemos ayudarte a sincronizar el inventario, precios, realizar rebajas y si a\u00fan no tienes tu tienda online, podemos dise\u00f1arla y sincronizarla con tu tienda f\u00edsica.","robots":{"index":"index","follow":"follow","max-snippet":"max-snippet:-1","max-image-preview":"max-image-preview:large","max-video-preview":"max-video-preview:-1"},"canonical":"https:\/\/tpv-tenerife.com\/?product=modulo-sincronizacion-tienda-online-y-tpv-comercio","og_locale":"es_ES","og_type":"article","og_title":"M\u00f3dulo Sincronizaci\u00f3n Tienda Online y TPV Comercio - TPV Tenerife","og_description":"M\u00f3dulo Sincronizaci\u00f3n Tienda Online y TPV Comercio, Con el m\u00f3dulo de sincronizaci\u00f3n de iaTPV COMERCIOS con Prestashop podr\u00e1s tener tu tienda online en muy poco tiempo, muy f\u00e1cil de gestionar y con el stock de tus productos actualizados en tu web sin tener que hacer nada. Si ya tienes tu p\u00e1gina web en Prestashop podemos ayudarte a sincronizar el inventario, precios, realizar rebajas y si a\u00fan no tienes tu tienda online, podemos dise\u00f1arla y sincronizarla con tu tienda f\u00edsica.","og_url":"https:\/\/tpv-tenerife.com\/?product=modulo-sincronizacion-tienda-online-y-tpv-comercio","og_site_name":"TPV Tenerife","article_modified_time":"2023-10-03T22:03:47+00:00","og_image":[{"width":1000,"height":600,"url":"https:\/\/tpv-tenerife.com\/wp-content\/uploads\/2023\/09\/foto6.webp","type":"image\/webp"}],"twitter_card":"summary_large_image","twitter_misc":{"Tiempo de lectura":"2 minutos"},"schema":{"@context":"https:\/\/schema.org","@graph":[{"@type":"WebPage","@id":"https:\/\/tpv-tenerife.com\/?product=modulo-sincronizacion-tienda-online-y-tpv-comercio","url":"https:\/\/tpv-tenerife.com\/?product=modulo-sincronizacion-tienda-online-y-tpv-comercio","name":"M\u00f3dulo Sincronizaci\u00f3n Tienda Online y TPV Comercio - TPV Tenerife","isPartOf":{"@id":"https:\/\/tpv-tenerife.com\/#website"},"primaryImageOfPage":{"@id":"https:\/\/tpv-tenerife.com\/?product=modulo-sincronizacion-tienda-online-y-tpv-comercio#primaryimage"},"image":{"@id":"https:\/\/tpv-tenerife.com\/?product=modulo-sincronizacion-tienda-online-y-tpv-comercio#primaryimage"},"thumbnailUrl":"https:\/\/tpv-tenerife.com\/wp-content\/uploads\/2023\/09\/foto6.webp","datePublished":"2023-09-22T20:46:04+00:00","dateModified":"2023-10-03T22:03:47+00:00","description":"M\u00f3dulo Sincronizaci\u00f3n Tienda Online y TPV Comercio, Con el m\u00f3dulo de sincronizaci\u00f3n de iaTPV COMERCIOS con Prestashop podr\u00e1s tener tu tienda online en muy poco tiempo, muy f\u00e1cil de gestionar y con el stock de tus productos actualizados en tu web sin tener que hacer nada. Si ya tienes tu p\u00e1gina web en Prestashop podemos ayudarte a sincronizar el inventario, precios, realizar rebajas y si a\u00fan no tienes tu tienda online, podemos dise\u00f1arla y sincronizarla con tu tienda f\u00edsica.","breadcrumb":{"@id":"https:\/\/tpv-tenerife.com\/?product=modulo-sincronizacion-tienda-online-y-tpv-comercio#breadcrumb"},"inLanguage":"es","potentialAction":[{"@type":"ReadAction","target":["https:\/\/tpv-tenerife.com\/?product=modulo-sincronizacion-tienda-online-y-tpv-comercio"]}]},{"@type":"ImageObject","inLanguage":"es","@id":"https:\/\/tpv-tenerife.com\/?product=modulo-sincronizacion-tienda-online-y-tpv-comercio#primaryimage","url":"https:\/\/tpv-tenerife.com\/wp-content\/uploads\/2023\/09\/foto6.webp","contentUrl":"https:\/\/tpv-tenerife.com\/wp-content\/uploads\/2023\/09\/foto6.webp","width":1000,"height":600,"caption":"M\u00f3dulo Sincronizaci\u00f3n Tienda Online y TPV Comercio"},{"@type":"BreadcrumbList","@id":"https:\/\/tpv-tenerife.com\/?product=modulo-sincronizacion-tienda-online-y-tpv-comercio#breadcrumb","itemListElement":[{"@type":"ListItem","position":1,"name":"Inicio","item":"https:\/\/tpv-tenerife.com\/"},{"@type":"ListItem","position":2,"name":"Tienda","item":"https:\/\/tpv-tenerife.com\/?page_id=208"},{"@type":"ListItem","position":3,"name":"M\u00f3dulo Sincronizaci\u00f3n Tienda Online y TPV Comercio"}]},{"@type":"WebSite","@id":"https:\/\/tpv-tenerife.com\/#website","url":"https:\/\/tpv-tenerife.com\/","name":"TPV Tenerife","description":"TPV Tenerife","publisher":{"@id":"https:\/\/tpv-tenerife.com\/#organization"},"potentialAction":[{"@type":"SearchAction","target":{"@type":"EntryPoint","urlTemplate":"https:\/\/tpv-tenerife.com\/?s={search_term_string}"},"query-input":{"@type":"PropertyValueSpecification","valueRequired":true,"valueName":"search_term_string"}}],"inLanguage":"es"},{"@type":"Organization","@id":"https:\/\/tpv-tenerife.com\/#organization","name":"TPV Tenerife","alternateName":"Mega Ram - TPV Tenerife","url":"https:\/\/tpv-tenerife.com\/","logo":{"@type":"ImageObject","inLanguage":"es","@id":"https:\/\/tpv-tenerife.com\/#\/schema\/logo\/image\/","url":"https:\/\/tpv-tenerife.com\/wp-content\/uploads\/2023\/07\/logo.webp","contentUrl":"https:\/\/tpv-tenerife.com\/wp-content\/uploads\/2023\/07\/logo.webp","width":800,"height":247,"caption":"TPV Tenerife"},"image":{"@id":"https:\/\/tpv-tenerife.com\/#\/schema\/logo\/image\/"}}]}},"_links":{"self":[{"href":"https:\/\/tpv-tenerife.com\/index.php?rest_route=\/wp\/v2\/product\/5067","targetHints":{"allow":["GET"]}}],"collection":[{"href":"https:\/\/tpv-tenerife.com\/index.php?rest_route=\/wp\/v2\/product"}],"about":[{"href":"https:\/\/tpv-tenerife.com\/index.php?rest_route=\/wp\/v2\/types\/product"}],"wp:featuredmedia":[{"embeddable":true,"href":"https:\/\/tpv-tenerife.com\/index.php?rest_route=\/wp\/v2\/media\/5068"}],"wp:attachment":[{"href":"https:\/\/tpv-tenerife.com\/index.php?rest_route=%2Fwp%2Fv2%2Fmedia&parent=5067"}],"wp:term":[{"taxonomy":"product_brand","embeddable":true,"href":"https:\/\/tpv-tenerife.com\/index.php?rest_route=%2Fwp%2Fv2%2Fproduct_brand&post=5067"},{"taxonomy":"product_cat","embeddable":true,"href":"https:\/\/tpv-tenerife.com\/index.php?rest_route=%2Fwp%2Fv2%2Fproduct_cat&post=5067"},{"taxonomy":"product_tag","embeddable":true,"href":"https:\/\/tpv-tenerife.com\/index.php?rest_route=%2Fwp%2Fv2%2Fproduct_tag&post=5067"}],"curies":[{"name":"wp","href":"https:\/\/api.w.org\/{rel}","templated":true}]}}