{"id":5061,"date":"2023-09-22T17:55:33","date_gmt":"2023-09-22T17:55:33","guid":{"rendered":"https:\/\/tpv-tenerife.com\/?post_type=product&#038;p=5061"},"modified":"2023-09-22T17:55:34","modified_gmt":"2023-09-22T17:55:34","slug":"programa-de-tpv-comercios","status":"publish","type":"product","link":"https:\/\/tpv-tenerife.com\/?product=programa-de-tpv-comercios","title":{"rendered":"Programa de TPV Comercios"},"content":{"rendered":"<p>&nbsp;<\/p>\n<h2><strong>Programa de TPV Comercios<\/strong><\/h2>\n<p><b><br \/>\nSoftware TPV para comercios como: <\/b><b>Comercios minoristas, peluquer\u00edas y est\u00e9tica, para supermercados, fruter\u00edas, ventas a granel, zapater\u00edas, tiendas de ropa y quioscos o prensa<\/b><span style=\"font-weight: 400;\">.<\/span><\/p>\n<p><b>iaTPV<\/b><span style=\"font-weight: 400;\"> Gesti\u00f3n para Comercios es el <\/span><b>software retail<\/b><span style=\"font-weight: 400;\"> ideal para negocios o establecimientos que est\u00e9n destinados a la venta de cualquier tipo de mercanc\u00eda. Caracteriz\u00e1ndose por su rapidez, agilidad y sobre todo sencillez.<\/span><\/p>\n<p><span style=\"font-weight: 400;\">El s<\/span><b>oftware TPV para comercios minoristas<\/b><span style=\"font-weight: 400;\"> dispone de dos modos de venta, el modo tradicional con teclado y rat\u00f3n, pensado para la forma de trabajo del <\/span><b>software supermercado<\/b><span style=\"font-weight: 400;\">, y el modo t\u00e1ctil para trabajar con <\/span><b>pantallas t\u00e1ctiles<\/b><span style=\"font-weight: 400;\">. En ambos casos puede usarse un <\/span><b>lector de c\u00f3digos de barras<\/b><span style=\"font-weight: 400;\">.<\/span><\/p>\n<p><span style=\"font-weight: 400;\">Sabemos que tu tiempo es importante y que debes destinarlo a realizar la venta y no a la realizaci\u00f3n del ticket de venta. Por esa raz\u00f3n hemos optimizado al m\u00e1ximo nuestro <\/span><b>software TPV para comercios<\/b><span style=\"font-weight: 400;\">, convirti\u00e9ndolo en el perfecto <\/span><b>punto de venta<\/b><span style=\"font-weight: 400;\">.<\/span><\/p>\n<h2><b><br \/>\nVentajas del software TPV comercios<\/b><\/h2>\n<p><span style=\"font-weight: 400;\"><br \/>\nEl <\/span><b>software de gesti\u00f3n para comercio<\/b><span style=\"font-weight: 400;\"> minorista te permite controlar los datos principales de cualquier tipo de establecimiento como son: los art\u00edculos, clientes, facturas, caja, proveedores, etc.<\/span><\/p>\n<p><span style=\"font-weight: 400;\">Esta flexibilidad le permite adaptarse a un gran n\u00famero de tipos de comercios como: peque\u00f1os comercios, supermercados, fruter\u00edas, peluquer\u00edas, ventas a granel, zapater\u00edas, tiendas de ropa, quioscos y prensa.<\/span><\/p>\n<p><span style=\"font-weight: 400;\">Adem\u00e1s con el <\/span><a href=\"https:\/\/iatpv.es\/backoffice-gestion-de-oficina\/\"><span style=\"font-weight: 400;\">Software de Gesti\u00f3n para oficinas<\/span><\/a><span style=\"font-weight: 400;\">, puedes gestionar varios negocios desde una aplicaci\u00f3n central, lo que facilita y agiliza todo el proceso de gesti\u00f3n de tu comercio minorista<\/span><\/p>\n<h3><b>Nuestro Software TPV Comercio es un software retail con una r\u00e1pida gesti\u00f3n de ventas e impresi\u00f3n de facturas simplificadas.<\/b><\/h3>\n<h2><b><br \/>\nFuncionalidades del Software de Gesti\u00f3n para Comercios<\/p>\n<p><\/b><\/h2>\n<p><span style=\"font-weight: 400;\">\u2705 Gesti\u00f3n \u00e1gil de productos.<\/span><\/p>\n<p><span style=\"font-weight: 400;\">\u2705 Pantalla t\u00e1ctil.<\/span><\/p>\n<p><span style=\"font-weight: 400;\">\u2705 Lector de c\u00f3digo de barras.<\/span><\/p>\n<p><span style=\"font-weight: 400;\">\u2705 Creaci\u00f3n de ofertas.<\/span><\/p>\n<p><span style=\"font-weight: 400;\">\u2705 Integraci\u00f3n con cajones inteligentes.<\/span><\/p>\n<p><span style=\"font-weight: 400;\">\u2705 Control de stock.<\/span><\/p>\n<p><span style=\"font-weight: 400;\">\u2705 Gesti\u00f3n de citas o agenda.<\/span><\/p>\n<p><span style=\"font-weight: 400;\">\u2705 Control horario para fichaje.<\/span><\/p>\n<p><span style=\"font-weight: 400;\">\u2705 Integraci\u00f3n con b\u00e1sculas de pesaje.<\/span><\/p>\n","protected":false},"excerpt":{"rendered":"<p>&nbsp; Programa de TPV Comercios Software TPV para comercios como: Comercios minoristas, peluquer\u00edas y est\u00e9tica, para supermercados, fruter\u00edas, ventas a granel, zapater\u00edas, tiendas de ropa y quioscos o prensa. iaTPV Gesti\u00f3n para Comercios es el software retail ideal para negocios o establecimientos que est\u00e9n destinados a la venta de cualquier tipo de mercanc\u00eda. Caracteriz\u00e1ndose por [&hellip;]<\/p>\n","protected":false},"featured_media":4921,"template":"","meta":[],"product_brand":[],"product_cat":[51],"product_tag":[136,137,130,129],"class_list":{"0":"post-5061","1":"product","2":"type-product","3":"status-publish","4":"has-post-thumbnail","6":"product_cat-software-tpv-y-gestion","7":"product_tag-comercio","8":"product_tag-licencia","9":"product_tag-programa","10":"product_tag-software","12":"first","13":"instock","14":"taxable","15":"shipping-taxable","16":"purchasable","17":"product-type-simple"},"yoast_head":"<!-- This site is optimized with the Yoast SEO plugin v27.5 - https:\/\/yoast.com\/product\/yoast-seo-wordpress\/ -->\n<title>Programa de TPV Comercios - TPV Tenerife<\/title>\n<meta name=\"description\" content=\"Programa de TPV Comercios, Software TPV para comercios como: Comercios minoristas, peluquer\u00edas y est\u00e9tica, para supermercados, fruter\u00edas, ventas a granel, zapater\u00edas, tiendas de ropa y quioscos o prensa. iaTPV Gesti\u00f3n para Comercios es el software retail ideal para negocios o establecimientos que est\u00e9n destinados a la venta de cualquier tipo de mercanc\u00eda. Caracteriz\u00e1ndose por su rapidez, agilidad y sobre todo sencillez.\" \/>\n<meta name=\"robots\" content=\"index, follow, max-snippet:-1, max-image-preview:large, max-video-preview:-1\" \/>\n<link rel=\"canonical\" href=\"https:\/\/tpv-tenerife.com\/?product=programa-de-tpv-comercios\" \/>\n<meta property=\"og:locale\" content=\"es_ES\" \/>\n<meta property=\"og:type\" content=\"article\" \/>\n<meta property=\"og:title\" content=\"Programa de TPV Comercios - TPV Tenerife\" \/>\n<meta property=\"og:description\" content=\"Programa de TPV Comercios, Software TPV para comercios como: Comercios minoristas, peluquer\u00edas y est\u00e9tica, para supermercados, fruter\u00edas, ventas a granel, zapater\u00edas, tiendas de ropa y quioscos o prensa. iaTPV Gesti\u00f3n para Comercios es el software retail ideal para negocios o establecimientos que est\u00e9n destinados a la venta de cualquier tipo de mercanc\u00eda. Caracteriz\u00e1ndose por su rapidez, agilidad y sobre todo sencillez.\" \/>\n<meta property=\"og:url\" content=\"https:\/\/tpv-tenerife.com\/?product=programa-de-tpv-comercios\" \/>\n<meta property=\"og:site_name\" content=\"TPV Tenerife\" \/>\n<meta property=\"article:modified_time\" content=\"2023-09-22T17:55:34+00:00\" \/>\n<meta property=\"og:image\" content=\"https:\/\/tpv-tenerife.com\/wp-content\/uploads\/2023\/09\/tpv-comercio-1.webp\" \/>\n\t<meta property=\"og:image:width\" content=\"1500\" \/>\n\t<meta property=\"og:image:height\" content=\"1197\" \/>\n\t<meta property=\"og:image:type\" content=\"image\/webp\" \/>\n<meta name=\"twitter:card\" content=\"summary_large_image\" \/>\n<meta name=\"twitter:label1\" content=\"Tiempo de lectura\" \/>\n\t<meta name=\"twitter:data1\" content=\"2 minutos\" \/>\n<script type=\"application\/ld+json\" class=\"yoast-schema-graph\">{\"@context\":\"https:\\\/\\\/schema.org\",\"@graph\":[{\"@type\":\"WebPage\",\"@id\":\"https:\\\/\\\/tpv-tenerife.com\\\/?product=programa-de-tpv-comercios\",\"url\":\"https:\\\/\\\/tpv-tenerife.com\\\/?product=programa-de-tpv-comercios\",\"name\":\"Programa de TPV Comercios - TPV Tenerife\",\"isPartOf\":{\"@id\":\"https:\\\/\\\/tpv-tenerife.com\\\/#website\"},\"primaryImageOfPage\":{\"@id\":\"https:\\\/\\\/tpv-tenerife.com\\\/?product=programa-de-tpv-comercios#primaryimage\"},\"image\":{\"@id\":\"https:\\\/\\\/tpv-tenerife.com\\\/?product=programa-de-tpv-comercios#primaryimage\"},\"thumbnailUrl\":\"https:\\\/\\\/tpv-tenerife.com\\\/wp-content\\\/uploads\\\/2023\\\/09\\\/tpv-comercio-1.webp\",\"datePublished\":\"2023-09-22T17:55:33+00:00\",\"dateModified\":\"2023-09-22T17:55:34+00:00\",\"description\":\"Programa de TPV Comercios, Software TPV para comercios como: Comercios minoristas, peluquer\u00edas y est\u00e9tica, para supermercados, fruter\u00edas, ventas a granel, zapater\u00edas, tiendas de ropa y quioscos o prensa. iaTPV Gesti\u00f3n para Comercios es el software retail ideal para negocios o establecimientos que est\u00e9n destinados a la venta de cualquier tipo de mercanc\u00eda. Caracteriz\u00e1ndose por su rapidez, agilidad y sobre todo sencillez.\",\"breadcrumb\":{\"@id\":\"https:\\\/\\\/tpv-tenerife.com\\\/?product=programa-de-tpv-comercios#breadcrumb\"},\"inLanguage\":\"es\",\"potentialAction\":[{\"@type\":\"ReadAction\",\"target\":[\"https:\\\/\\\/tpv-tenerife.com\\\/?product=programa-de-tpv-comercios\"]}]},{\"@type\":\"ImageObject\",\"inLanguage\":\"es\",\"@id\":\"https:\\\/\\\/tpv-tenerife.com\\\/?product=programa-de-tpv-comercios#primaryimage\",\"url\":\"https:\\\/\\\/tpv-tenerife.com\\\/wp-content\\\/uploads\\\/2023\\\/09\\\/tpv-comercio-1.webp\",\"contentUrl\":\"https:\\\/\\\/tpv-tenerife.com\\\/wp-content\\\/uploads\\\/2023\\\/09\\\/tpv-comercio-1.webp\",\"width\":1500,\"height\":1197,\"caption\":\"Pack Tpv Comercio\"},{\"@type\":\"BreadcrumbList\",\"@id\":\"https:\\\/\\\/tpv-tenerife.com\\\/?product=programa-de-tpv-comercios#breadcrumb\",\"itemListElement\":[{\"@type\":\"ListItem\",\"position\":1,\"name\":\"Inicio\",\"item\":\"https:\\\/\\\/tpv-tenerife.com\\\/\"},{\"@type\":\"ListItem\",\"position\":2,\"name\":\"Tienda\",\"item\":\"https:\\\/\\\/tpv-tenerife.com\\\/?page_id=208\"},{\"@type\":\"ListItem\",\"position\":3,\"name\":\"Programa de TPV Comercios\"}]},{\"@type\":\"WebSite\",\"@id\":\"https:\\\/\\\/tpv-tenerife.com\\\/#website\",\"url\":\"https:\\\/\\\/tpv-tenerife.com\\\/\",\"name\":\"TPV Tenerife\",\"description\":\"TPV Tenerife\",\"publisher\":{\"@id\":\"https:\\\/\\\/tpv-tenerife.com\\\/#organization\"},\"potentialAction\":[{\"@type\":\"SearchAction\",\"target\":{\"@type\":\"EntryPoint\",\"urlTemplate\":\"https:\\\/\\\/tpv-tenerife.com\\\/?s={search_term_string}\"},\"query-input\":{\"@type\":\"PropertyValueSpecification\",\"valueRequired\":true,\"valueName\":\"search_term_string\"}}],\"inLanguage\":\"es\"},{\"@type\":\"Organization\",\"@id\":\"https:\\\/\\\/tpv-tenerife.com\\\/#organization\",\"name\":\"TPV Tenerife\",\"alternateName\":\"Mega Ram - TPV Tenerife\",\"url\":\"https:\\\/\\\/tpv-tenerife.com\\\/\",\"logo\":{\"@type\":\"ImageObject\",\"inLanguage\":\"es\",\"@id\":\"https:\\\/\\\/tpv-tenerife.com\\\/#\\\/schema\\\/logo\\\/image\\\/\",\"url\":\"https:\\\/\\\/tpv-tenerife.com\\\/wp-content\\\/uploads\\\/2023\\\/07\\\/logo.webp\",\"contentUrl\":\"https:\\\/\\\/tpv-tenerife.com\\\/wp-content\\\/uploads\\\/2023\\\/07\\\/logo.webp\",\"width\":800,\"height\":247,\"caption\":\"TPV Tenerife\"},\"image\":{\"@id\":\"https:\\\/\\\/tpv-tenerife.com\\\/#\\\/schema\\\/logo\\\/image\\\/\"}}]}<\/script>\n<!-- \/ Yoast SEO plugin. -->","yoast_head_json":{"title":"Programa de TPV Comercios - TPV Tenerife","description":"Programa de TPV Comercios, Software TPV para comercios como: Comercios minoristas, peluquer\u00edas y est\u00e9tica, para supermercados, fruter\u00edas, ventas a granel, zapater\u00edas, tiendas de ropa y quioscos o prensa. iaTPV Gesti\u00f3n para Comercios es el software retail ideal para negocios o establecimientos que est\u00e9n destinados a la venta de cualquier tipo de mercanc\u00eda. Caracteriz\u00e1ndose por su rapidez, agilidad y sobre todo sencillez.","robots":{"index":"index","follow":"follow","max-snippet":"max-snippet:-1","max-image-preview":"max-image-preview:large","max-video-preview":"max-video-preview:-1"},"canonical":"https:\/\/tpv-tenerife.com\/?product=programa-de-tpv-comercios","og_locale":"es_ES","og_type":"article","og_title":"Programa de TPV Comercios - TPV Tenerife","og_description":"Programa de TPV Comercios, Software TPV para comercios como: Comercios minoristas, peluquer\u00edas y est\u00e9tica, para supermercados, fruter\u00edas, ventas a granel, zapater\u00edas, tiendas de ropa y quioscos o prensa. iaTPV Gesti\u00f3n para Comercios es el software retail ideal para negocios o establecimientos que est\u00e9n destinados a la venta de cualquier tipo de mercanc\u00eda. Caracteriz\u00e1ndose por su rapidez, agilidad y sobre todo sencillez.","og_url":"https:\/\/tpv-tenerife.com\/?product=programa-de-tpv-comercios","og_site_name":"TPV Tenerife","article_modified_time":"2023-09-22T17:55:34+00:00","og_image":[{"width":1500,"height":1197,"url":"https:\/\/tpv-tenerife.com\/wp-content\/uploads\/2023\/09\/tpv-comercio-1.webp","type":"image\/webp"}],"twitter_card":"summary_large_image","twitter_misc":{"Tiempo de lectura":"2 minutos"},"schema":{"@context":"https:\/\/schema.org","@graph":[{"@type":"WebPage","@id":"https:\/\/tpv-tenerife.com\/?product=programa-de-tpv-comercios","url":"https:\/\/tpv-tenerife.com\/?product=programa-de-tpv-comercios","name":"Programa de TPV Comercios - TPV Tenerife","isPartOf":{"@id":"https:\/\/tpv-tenerife.com\/#website"},"primaryImageOfPage":{"@id":"https:\/\/tpv-tenerife.com\/?product=programa-de-tpv-comercios#primaryimage"},"image":{"@id":"https:\/\/tpv-tenerife.com\/?product=programa-de-tpv-comercios#primaryimage"},"thumbnailUrl":"https:\/\/tpv-tenerife.com\/wp-content\/uploads\/2023\/09\/tpv-comercio-1.webp","datePublished":"2023-09-22T17:55:33+00:00","dateModified":"2023-09-22T17:55:34+00:00","description":"Programa de TPV Comercios, Software TPV para comercios como: Comercios minoristas, peluquer\u00edas y est\u00e9tica, para supermercados, fruter\u00edas, ventas a granel, zapater\u00edas, tiendas de ropa y quioscos o prensa. iaTPV Gesti\u00f3n para Comercios es el software retail ideal para negocios o establecimientos que est\u00e9n destinados a la venta de cualquier tipo de mercanc\u00eda. Caracteriz\u00e1ndose por su rapidez, agilidad y sobre todo sencillez.","breadcrumb":{"@id":"https:\/\/tpv-tenerife.com\/?product=programa-de-tpv-comercios#breadcrumb"},"inLanguage":"es","potentialAction":[{"@type":"ReadAction","target":["https:\/\/tpv-tenerife.com\/?product=programa-de-tpv-comercios"]}]},{"@type":"ImageObject","inLanguage":"es","@id":"https:\/\/tpv-tenerife.com\/?product=programa-de-tpv-comercios#primaryimage","url":"https:\/\/tpv-tenerife.com\/wp-content\/uploads\/2023\/09\/tpv-comercio-1.webp","contentUrl":"https:\/\/tpv-tenerife.com\/wp-content\/uploads\/2023\/09\/tpv-comercio-1.webp","width":1500,"height":1197,"caption":"Pack Tpv Comercio"},{"@type":"BreadcrumbList","@id":"https:\/\/tpv-tenerife.com\/?product=programa-de-tpv-comercios#breadcrumb","itemListElement":[{"@type":"ListItem","position":1,"name":"Inicio","item":"https:\/\/tpv-tenerife.com\/"},{"@type":"ListItem","position":2,"name":"Tienda","item":"https:\/\/tpv-tenerife.com\/?page_id=208"},{"@type":"ListItem","position":3,"name":"Programa de TPV Comercios"}]},{"@type":"WebSite","@id":"https:\/\/tpv-tenerife.com\/#website","url":"https:\/\/tpv-tenerife.com\/","name":"TPV Tenerife","description":"TPV Tenerife","publisher":{"@id":"https:\/\/tpv-tenerife.com\/#organization"},"potentialAction":[{"@type":"SearchAction","target":{"@type":"EntryPoint","urlTemplate":"https:\/\/tpv-tenerife.com\/?s={search_term_string}"},"query-input":{"@type":"PropertyValueSpecification","valueRequired":true,"valueName":"search_term_string"}}],"inLanguage":"es"},{"@type":"Organization","@id":"https:\/\/tpv-tenerife.com\/#organization","name":"TPV Tenerife","alternateName":"Mega Ram - TPV Tenerife","url":"https:\/\/tpv-tenerife.com\/","logo":{"@type":"ImageObject","inLanguage":"es","@id":"https:\/\/tpv-tenerife.com\/#\/schema\/logo\/image\/","url":"https:\/\/tpv-tenerife.com\/wp-content\/uploads\/2023\/07\/logo.webp","contentUrl":"https:\/\/tpv-tenerife.com\/wp-content\/uploads\/2023\/07\/logo.webp","width":800,"height":247,"caption":"TPV Tenerife"},"image":{"@id":"https:\/\/tpv-tenerife.com\/#\/schema\/logo\/image\/"}}]}},"_links":{"self":[{"href":"https:\/\/tpv-tenerife.com\/index.php?rest_route=\/wp\/v2\/product\/5061","targetHints":{"allow":["GET"]}}],"collection":[{"href":"https:\/\/tpv-tenerife.com\/index.php?rest_route=\/wp\/v2\/product"}],"about":[{"href":"https:\/\/tpv-tenerife.com\/index.php?rest_route=\/wp\/v2\/types\/product"}],"wp:featuredmedia":[{"embeddable":true,"href":"https:\/\/tpv-tenerife.com\/index.php?rest_route=\/wp\/v2\/media\/4921"}],"wp:attachment":[{"href":"https:\/\/tpv-tenerife.com\/index.php?rest_route=%2Fwp%2Fv2%2Fmedia&parent=5061"}],"wp:term":[{"taxonomy":"product_brand","embeddable":true,"href":"https:\/\/tpv-tenerife.com\/index.php?rest_route=%2Fwp%2Fv2%2Fproduct_brand&post=5061"},{"taxonomy":"product_cat","embeddable":true,"href":"https:\/\/tpv-tenerife.com\/index.php?rest_route=%2Fwp%2Fv2%2Fproduct_cat&post=5061"},{"taxonomy":"product_tag","embeddable":true,"href":"https:\/\/tpv-tenerife.com\/index.php?rest_route=%2Fwp%2Fv2%2Fproduct_tag&post=5061"}],"curies":[{"name":"wp","href":"https:\/\/api.w.org\/{rel}","templated":true}]}}