{"id":5055,"date":"2023-09-22T17:20:31","date_gmt":"2023-09-22T17:20:31","guid":{"rendered":"https:\/\/tpv-tenerife.com\/?post_type=product&#038;p=5055"},"modified":"2023-09-22T17:31:02","modified_gmt":"2023-09-22T17:31:02","slug":"programa-de-tpv-para-restaurantes","status":"publish","type":"product","link":"https:\/\/tpv-tenerife.com\/?product=programa-de-tpv-para-restaurantes","title":{"rendered":"Programa de TPV para Restaurantes"},"content":{"rendered":"<p>&nbsp;<\/p>\n<h2><b>Programa de TPV para Restaurantes<\/b><\/h2>\n<p>&nbsp;<\/p>\n<p><b>Nuestro TPV para restaurantes te ayudar\u00e1 a coordinar todo tu equipo de trabajo con funciones realmente \u00fatiles para un restaurante como:<\/b><\/p>\n<ol>\n<li style=\"font-weight: 400;\" aria-level=\"1\"><span style=\"font-weight: 400;\">Permitiendo a los camareros tomar comandas mediante PDA\u2019s.<\/span><\/li>\n<li style=\"font-weight: 400;\" aria-level=\"1\"><span style=\"font-weight: 400;\">En cocina pueden trabajar de 2 formas diferentes:<\/span>\n<ol>\n<li style=\"font-weight: 400;\" aria-level=\"3\"><span style=\"font-weight: 400;\">Con la comanda impresa por las impresoras de las secciones de preparaci\u00f3n asignadas a cada plato con las anotaciones y variaciones indicadas en el momento de tomar la comanda<\/span><\/li>\n<li style=\"font-weight: 400;\" aria-level=\"3\"><span style=\"font-weight: 400;\">Con el monitor de cocina que te permitir\u00e1 ir informando al camarero que tom\u00f3 la comanda del estado de la preparaci\u00f3n, imprimir tickets de plato o de comanda y saber las variaciones en las comandas.<\/span><\/li>\n<\/ol>\n<\/li>\n<\/ol>\n<p><span style=\"font-weight: 400;\">Esta forma de gestionar el negocio evita los \u201cpaseos\u201d del personal a la cocina simplemente para entregar la comanda. Adem\u00e1s, las comandas son mucho m\u00e1s claras y evita confusiones en las variaciones de los platos. As\u00ed que, este software para restaurantes, adem\u00e1s de \u00fatil, te ahorrar\u00e1 mucho dinero y tiempo a ti y a todo tu personal.<\/span><\/p>\n<p>&nbsp;<\/p>\n<p><b><br \/>\nEn el software TPV restaurante<\/b><span style=\"font-weight: 400;\"> podr\u00e1s definir los ingredientes que componen cada plato, las posibles variaciones en comanda y las notas de preparaci\u00f3n, esto permite informar a la cocina de las indicaciones realizadas por el cliente.<\/span><\/p>\n<p><span style=\"font-weight: 400;\">Podr\u00e1s cambiar el precio de un plato f\u00e1cilmente y programar ingredientes que suman o restan del precio original del art\u00edculo sin necesidad de correr hacia la cocina para informar de ello. Este tipo de trabajo es muy com\u00fan en restaurantes italianos, bocater\u00edas, hamburgueser\u00edas, pizzer\u00edas, etc. Restaurantes donde constantemente los clientes demandan quitar o agregar ingredientes.<\/span><\/p>\n<p><span style=\"font-weight: 400;\">La gesti\u00f3n de proporciones tanto en platos como en bebidas, permite a un mismo producto definir diferentes precios para una misma tarifa. Por ejemplo, media raci\u00f3n pvp 10\u20ac, raci\u00f3n completa pvp 18\u20ac.<\/span><\/p>\n<h2><b><br \/>\nGestionar los men\u00fas<\/b><\/h2>\n<p>&nbsp;<\/p>\n<p><span style=\"font-weight: 400;\">La gesti\u00f3n y definici\u00f3n de MEN\u00daS, otra de las grandes caracter\u00edsticas del <\/span><b>TPV restaurante de iAvanza<\/b><span style=\"font-weight: 400;\">. Puedes definir qu\u00e9 platos componen el men\u00fa y controlar la toma de comanda mediante un peque\u00f1o asistente que guiar\u00e1 al camarero.<\/span><\/p>\n<p><span style=\"font-weight: 400;\">Tambi\u00e9n ofrece la posibilidad de intercambiar el orden de preparaci\u00f3n. Puedes decidir qu\u00e9 platos deben salir primero y cu\u00e1les despu\u00e9s gracias a este software de restaurante.<\/span><\/p>\n<h2><b><br \/>\nCambios de comensales<\/b><\/h2>\n<p>&nbsp;<\/p>\n<p><span style=\"font-weight: 400;\">No ser\u00eda la primera vez que unos clientes se cambian de mesa. \u00a1O solo algunos de ellos! No hay problema, nuestro software<\/span><b> TPV para restaurantes<\/b><span style=\"font-weight: 400;\"> tiene la utilidad del cambio de mesa tanto total como parcial.<\/span><\/p>\n<p><span style=\"font-weight: 400;\">Tambi\u00e9n se puede controlar el n\u00famero de comensales de cada mesa para obtener el ticket medio por comensal, una ventaja para muchos clientes. Adem\u00e1s de impresi\u00f3n de pretickets, diferentes formas de gesti\u00f3n de cobro, etc<\/span><\/p>\n<p><span style=\"font-weight: 400;\">Estas son solo algunas de las ventajas que nos encontraremos disponibles en el propio panel de ventas. \u00a1Este software para restaurantes agilizar\u00e1 tu negocio y lo har\u00e1 mucho m\u00e1s rentable!<\/span><\/p>\n<h2><b><br \/>\n\u00bfPor qu\u00e9 usar un software para restaurantes<\/b><\/h2>\n<p>&nbsp;<\/p>\n<p><span style=\"font-weight: 400;\">La principal raz\u00f3n es porque te va a facilitar por completo la administraci\u00f3n de tu negocio. A trav\u00e9s de la gesti\u00f3n de ventas tendr\u00e1s un control total de las mesas abiertas, tickets generados, env\u00edo de comandas a cocina. Adem\u00e1s de ir generando la informaci\u00f3n fiscal necesaria. Tambi\u00e9n dispondr\u00e1 de herramientas o dispositivos complementarios al TPV que te permitir\u00e1n por ejemplo:<\/span><\/p>\n<ul>\n<li style=\"font-weight: 400;\" aria-level=\"1\">\u2705 Con el uso de telecomandas podr\u00e1 realizar un cambio de mesa, gestionar el cobro de una mesa, solicitar pretickets a barra, la gesti\u00f3n de men\u00fas o cambiar el orden de preparaci\u00f3n de men\u00fa, etc. Y, sobre todo, con la ventaja de que las pantallas son muy similares a las del TPV. Por lo que aprender\u00e1 muy r\u00e1pido a usar la PDA.<\/li>\n<li style=\"font-weight: 400;\" aria-level=\"1\">\u2705 El monitor de cocina, con una \u00fanica ventana de trabajo, puede dividir entre platos sin preparar y platos en preparaci\u00f3n. Esta es la nueva forma de gesti\u00f3n en cocina, que adem\u00e1s, es compatible con el uso de impresoras en cocina.<\/li>\n<\/ul>\n<ul>\n<li style=\"font-weight: 400;\" aria-level=\"1\">\u2705 La conectividad del software restaurante permite la integraci\u00f3n con las principales b\u00e1sculas del mercado.<\/li>\n<li style=\"font-weight: 400;\" aria-level=\"1\">\u2705 Tambi\u00e9n es posible conectar un caj\u00f3n inteligente para la gesti\u00f3n de efectivo y que no tengas que manipular el dinero. Al mismo tiempo, evita posibles errores en el cierre de caja, adem\u00e1s de detectar billetes falsos, etc. Por ello este sistema de ventas para restaurantes est\u00e1 integrado con Cashkeeper, Cashlogy, Cashguard, CashPhenix y TPV Cash.<\/li>\n<\/ul>\n<h2><b><br \/>\nAlgunos de los complementos del software para restaurantes TPV Restaurante<\/b><\/h2>\n<p><span style=\"font-weight: 400;\"><br \/>\nEste programa TPV para bar, tambi\u00e9n es apto para discotecas, pubs o establecimientos similares. Tiene funciones imprescindibles para el cobro r\u00e1pido y\/o el control de stock por botellas. Estas son algunas:<\/span><\/p>\n<h2><b><br \/>\nGesti\u00f3n de telecomandas<\/b><\/h2>\n<p><span style=\"font-weight: 400;\"><br \/>\niaPDA es tu soluci\u00f3n, se trata de un m\u00f3dulo con el que enviar comandas a cocina. Puede usar dispositivos m\u00f3viles como tablets, PDA, Smartphones, etc., con sistema operativo Android<\/span><\/p>\n<p><span style=\"font-weight: 400;\">Mejora la rapidez y el servicio a trav\u00e9s de nuestro software TPV t\u00e1ctil restaurante. Estas son algunas de sus caracter\u00edsticas m\u00e1s destacadas de la pda:<\/span><\/p>\n<ul>\n<li style=\"font-weight: 400;\" aria-level=\"1\">\u25b6\ufe0f Botones de f\u00e1cil acceso para el uso t\u00e1ctil<\/li>\n<li style=\"font-weight: 400;\" aria-level=\"1\">\u25b6\ufe0fEntorno com\u00fan al TPV que facilita el aprendizaje<\/li>\n<\/ul>\n<ul>\n<li style=\"font-weight: 400;\" aria-level=\"1\">\u25b6\ufe0f Posibilidad de gestionar cobros desde la Tablet<\/li>\n<li style=\"font-weight: 400;\" aria-level=\"1\">\u25b6\ufe0f Panel de familias y art\u00edculos definible por colores, im\u00e1genes o ambos<\/li>\n<\/ul>\n<h2><b><br \/>\nMonitor de cocina<\/b><\/h2>\n<p><span style=\"font-weight: 400;\"><br \/>\niaMonitor es el complemento ideal del software restaurante para cocinas que quieren estar en constante comunicaci\u00f3n con el resto de empleados. Funciona mediante avisos del estado de la preparaci\u00f3n de la comanda.<\/span><\/p>\n<p><span style=\"font-weight: 400;\">Con esta herramienta, podremos realizar un trabajo m\u00e1s ordenado y \u00e1gil en cocina. Los errores t\u00edpicos de las comandas escritas a boli quedaron muy atr\u00e1s.<\/span><\/p>\n<p><span style=\"font-weight: 400;\">Estas son algunas de las herramientas del monitor de cocina:<\/span><\/p>\n<ul>\n<li style=\"font-weight: 400;\" aria-level=\"1\">\u25b6\ufe0f Configurable por zona\/s de preparaci\u00f3n<\/li>\n<li style=\"font-weight: 400;\" aria-level=\"1\">\u25b6\ufe0f Gesti\u00f3n de fases de preparaci\u00f3n de plato<\/li>\n<li style=\"font-weight: 400;\" aria-level=\"1\">\u25b6\ufe0f Notificaciones de finalizaciones de platos en cocina<\/li>\n<\/ul>\n<ul>\n<li style=\"font-weight: 400;\" aria-level=\"1\">\u25b6\ufe0f Aviso de ingredientes diferentes a los habituales<\/li>\n<li style=\"font-weight: 400;\" aria-level=\"1\">\u25b6\ufe0f N\u00famero de monitores ilimitados<\/li>\n<li style=\"font-weight: 400;\" aria-level=\"1\">\u25b6\ufe0f Impresi\u00f3n de tickets por comanda o plato preparado<\/li>\n<\/ul>\n<h2><b><br \/>\nM\u00e1s ventajas del software para restaurantes<\/b><\/h2>\n<p>&nbsp;<\/p>\n<p><span style=\"font-weight: 400;\">\u2714\ufe0fEste software TPV para restaurantes dispone de asistentes para el camarero en el momento de la toma de comandas<\/span><\/p>\n<p><span style=\"font-weight: 400;\">\u2714\ufe0fEl programa ayuda a coordinar el trabajo entre los camareros y cocina<\/span><\/p>\n<p><span style=\"font-weight: 400;\">\u2714\ufe0fIntegraci\u00f3n con dispositivos como b\u00e1sculas y cajones inteligentes est\u00e1n incluidas en la aplicaci\u00f3n<\/span><\/p>\n<p><span style=\"font-weight: 400;\">\u2714\ufe0fAdi\u00f3s a los temidos descuadres de caja en hosteler\u00eda (siempre que se use correctamente la aplicaci\u00f3n)<\/span><\/p>\n<p><span style=\"font-weight: 400;\">\u2714\ufe0fControl de acceso de los camareros a las distintas opciones de la aplicaci\u00f3n<\/span><\/p>\n<p><span style=\"font-weight: 400;\">\u2714\ufe0fNo hay limitaciones de impresoras de cocina permitiendo una misma comanda enviarla a varias impresoras a la vez<\/span><\/p>\n<p><span style=\"font-weight: 400;\">\u2714\ufe0fEl monitor de cocina avisa visualmente de cambios en los ingredientes originales de cada plato por lo que hace el trabajo en cocina m\u00e1s f\u00e1cil<\/span><\/p>\n<p><span style=\"font-weight: 400;\">\u2714\ufe0fR\u00e1pido aprendizaje en el uso de la pda al tener una interfaz com\u00fan con el tpv<\/span><\/p>\n<p><span style=\"font-weight: 400;\">\u2714\ufe0fPuede disponer de familias y art\u00edculos diferentes en cada terminal<\/span><\/p>\n<p><span style=\"font-weight: 400;\">\u2714\ufe0fGesti\u00f3n del control horario de los trabajadores<\/span><\/p>\n","protected":false},"excerpt":{"rendered":"<p>&nbsp; Programa de TPV para Restaurantes &nbsp; Nuestro TPV para restaurantes te ayudar\u00e1 a coordinar todo tu equipo de trabajo con funciones realmente \u00fatiles para un restaurante como: Permitiendo a los camareros tomar comandas mediante PDA\u2019s. En cocina pueden trabajar de 2 formas diferentes: Con la comanda impresa por las impresoras de las secciones de [&hellip;]<\/p>\n","protected":false},"featured_media":4849,"template":"","meta":[],"product_brand":[],"product_cat":[51],"product_tag":[130,132,131,129],"class_list":{"0":"post-5055","1":"product","2":"type-product","3":"status-publish","4":"has-post-thumbnail","6":"product_cat-software-tpv-y-gestion","7":"product_tag-programa","8":"product_tag-restaurante","9":"product_tag-softw","10":"product_tag-software","12":"first","13":"instock","14":"taxable","15":"shipping-taxable","16":"purchasable","17":"product-type-simple"},"yoast_head":"<!-- This site is optimized with the Yoast SEO plugin v27.5 - https:\/\/yoast.com\/product\/yoast-seo-wordpress\/ -->\n<title>Programa de TPV para Restaurantes - TPV Tenerife<\/title>\n<meta name=\"description\" content=\"Programa de TPV para Restaurantes, Nuestro TPV para restaurantes te ayudar\u00e1 a coordinar todo tu equipo de trabajo con funciones realmente \u00fatiles para un restaurante como: Permitiendo a los camareros tomar comandas mediante PDA\u2019s. En cocina pueden trabajar de 2 formas diferentes...\" \/>\n<meta name=\"robots\" content=\"index, follow, max-snippet:-1, max-image-preview:large, max-video-preview:-1\" \/>\n<link rel=\"canonical\" href=\"https:\/\/tpv-tenerife.com\/?product=programa-de-tpv-para-restaurantes\" \/>\n<meta property=\"og:locale\" content=\"es_ES\" \/>\n<meta property=\"og:type\" content=\"article\" \/>\n<meta property=\"og:title\" content=\"Programa de TPV para Restaurantes - TPV Tenerife\" \/>\n<meta property=\"og:description\" content=\"Programa de TPV para Restaurantes, Nuestro TPV para restaurantes te ayudar\u00e1 a coordinar todo tu equipo de trabajo con funciones realmente \u00fatiles para un restaurante como: Permitiendo a los camareros tomar comandas mediante PDA\u2019s. En cocina pueden trabajar de 2 formas diferentes...\" \/>\n<meta property=\"og:url\" content=\"https:\/\/tpv-tenerife.com\/?product=programa-de-tpv-para-restaurantes\" \/>\n<meta property=\"og:site_name\" content=\"TPV Tenerife\" \/>\n<meta property=\"article:modified_time\" content=\"2023-09-22T17:31:02+00:00\" \/>\n<meta property=\"og:image\" content=\"https:\/\/tpv-tenerife.com\/wp-content\/uploads\/2023\/09\/tpv-hosteleria-avanzado.webp\" \/>\n\t<meta property=\"og:image:width\" content=\"800\" \/>\n\t<meta property=\"og:image:height\" content=\"800\" \/>\n\t<meta property=\"og:image:type\" content=\"image\/webp\" \/>\n<meta name=\"twitter:card\" content=\"summary_large_image\" \/>\n<meta name=\"twitter:label1\" content=\"Tiempo de lectura\" \/>\n\t<meta name=\"twitter:data1\" content=\"6 minutos\" \/>\n<script type=\"application\/ld+json\" class=\"yoast-schema-graph\">{\"@context\":\"https:\\\/\\\/schema.org\",\"@graph\":[{\"@type\":\"WebPage\",\"@id\":\"https:\\\/\\\/tpv-tenerife.com\\\/?product=programa-de-tpv-para-restaurantes\",\"url\":\"https:\\\/\\\/tpv-tenerife.com\\\/?product=programa-de-tpv-para-restaurantes\",\"name\":\"Programa de TPV para Restaurantes - TPV Tenerife\",\"isPartOf\":{\"@id\":\"https:\\\/\\\/tpv-tenerife.com\\\/#website\"},\"primaryImageOfPage\":{\"@id\":\"https:\\\/\\\/tpv-tenerife.com\\\/?product=programa-de-tpv-para-restaurantes#primaryimage\"},\"image\":{\"@id\":\"https:\\\/\\\/tpv-tenerife.com\\\/?product=programa-de-tpv-para-restaurantes#primaryimage\"},\"thumbnailUrl\":\"https:\\\/\\\/tpv-tenerife.com\\\/wp-content\\\/uploads\\\/2023\\\/09\\\/tpv-hosteleria-avanzado.webp\",\"datePublished\":\"2023-09-22T17:20:31+00:00\",\"dateModified\":\"2023-09-22T17:31:02+00:00\",\"description\":\"Programa de TPV para Restaurantes, Nuestro TPV para restaurantes te ayudar\u00e1 a coordinar todo tu equipo de trabajo con funciones realmente \u00fatiles para un restaurante como: Permitiendo a los camareros tomar comandas mediante PDA\u2019s. En cocina pueden trabajar de 2 formas diferentes...\",\"breadcrumb\":{\"@id\":\"https:\\\/\\\/tpv-tenerife.com\\\/?product=programa-de-tpv-para-restaurantes#breadcrumb\"},\"inLanguage\":\"es\",\"potentialAction\":[{\"@type\":\"ReadAction\",\"target\":[\"https:\\\/\\\/tpv-tenerife.com\\\/?product=programa-de-tpv-para-restaurantes\"]}]},{\"@type\":\"ImageObject\",\"inLanguage\":\"es\",\"@id\":\"https:\\\/\\\/tpv-tenerife.com\\\/?product=programa-de-tpv-para-restaurantes#primaryimage\",\"url\":\"https:\\\/\\\/tpv-tenerife.com\\\/wp-content\\\/uploads\\\/2023\\\/09\\\/tpv-hosteleria-avanzado.webp\",\"contentUrl\":\"https:\\\/\\\/tpv-tenerife.com\\\/wp-content\\\/uploads\\\/2023\\\/09\\\/tpv-hosteleria-avanzado.webp\",\"width\":800,\"height\":800,\"caption\":\"Pack TPV Hosteler\u00eda Avanzado para Restaurantes\"},{\"@type\":\"BreadcrumbList\",\"@id\":\"https:\\\/\\\/tpv-tenerife.com\\\/?product=programa-de-tpv-para-restaurantes#breadcrumb\",\"itemListElement\":[{\"@type\":\"ListItem\",\"position\":1,\"name\":\"Inicio\",\"item\":\"https:\\\/\\\/tpv-tenerife.com\\\/\"},{\"@type\":\"ListItem\",\"position\":2,\"name\":\"Tienda\",\"item\":\"https:\\\/\\\/tpv-tenerife.com\\\/?page_id=208\"},{\"@type\":\"ListItem\",\"position\":3,\"name\":\"Programa de TPV para Restaurantes\"}]},{\"@type\":\"WebSite\",\"@id\":\"https:\\\/\\\/tpv-tenerife.com\\\/#website\",\"url\":\"https:\\\/\\\/tpv-tenerife.com\\\/\",\"name\":\"TPV Tenerife\",\"description\":\"TPV Tenerife\",\"publisher\":{\"@id\":\"https:\\\/\\\/tpv-tenerife.com\\\/#organization\"},\"potentialAction\":[{\"@type\":\"SearchAction\",\"target\":{\"@type\":\"EntryPoint\",\"urlTemplate\":\"https:\\\/\\\/tpv-tenerife.com\\\/?s={search_term_string}\"},\"query-input\":{\"@type\":\"PropertyValueSpecification\",\"valueRequired\":true,\"valueName\":\"search_term_string\"}}],\"inLanguage\":\"es\"},{\"@type\":\"Organization\",\"@id\":\"https:\\\/\\\/tpv-tenerife.com\\\/#organization\",\"name\":\"TPV Tenerife\",\"alternateName\":\"Mega Ram - TPV Tenerife\",\"url\":\"https:\\\/\\\/tpv-tenerife.com\\\/\",\"logo\":{\"@type\":\"ImageObject\",\"inLanguage\":\"es\",\"@id\":\"https:\\\/\\\/tpv-tenerife.com\\\/#\\\/schema\\\/logo\\\/image\\\/\",\"url\":\"https:\\\/\\\/tpv-tenerife.com\\\/wp-content\\\/uploads\\\/2023\\\/07\\\/logo.webp\",\"contentUrl\":\"https:\\\/\\\/tpv-tenerife.com\\\/wp-content\\\/uploads\\\/2023\\\/07\\\/logo.webp\",\"width\":800,\"height\":247,\"caption\":\"TPV Tenerife\"},\"image\":{\"@id\":\"https:\\\/\\\/tpv-tenerife.com\\\/#\\\/schema\\\/logo\\\/image\\\/\"}}]}<\/script>\n<!-- \/ Yoast SEO plugin. -->","yoast_head_json":{"title":"Programa de TPV para Restaurantes - TPV Tenerife","description":"Programa de TPV para Restaurantes, Nuestro TPV para restaurantes te ayudar\u00e1 a coordinar todo tu equipo de trabajo con funciones realmente \u00fatiles para un restaurante como: Permitiendo a los camareros tomar comandas mediante PDA\u2019s. En cocina pueden trabajar de 2 formas diferentes...","robots":{"index":"index","follow":"follow","max-snippet":"max-snippet:-1","max-image-preview":"max-image-preview:large","max-video-preview":"max-video-preview:-1"},"canonical":"https:\/\/tpv-tenerife.com\/?product=programa-de-tpv-para-restaurantes","og_locale":"es_ES","og_type":"article","og_title":"Programa de TPV para Restaurantes - TPV Tenerife","og_description":"Programa de TPV para Restaurantes, Nuestro TPV para restaurantes te ayudar\u00e1 a coordinar todo tu equipo de trabajo con funciones realmente \u00fatiles para un restaurante como: Permitiendo a los camareros tomar comandas mediante PDA\u2019s. En cocina pueden trabajar de 2 formas diferentes...","og_url":"https:\/\/tpv-tenerife.com\/?product=programa-de-tpv-para-restaurantes","og_site_name":"TPV Tenerife","article_modified_time":"2023-09-22T17:31:02+00:00","og_image":[{"width":800,"height":800,"url":"https:\/\/tpv-tenerife.com\/wp-content\/uploads\/2023\/09\/tpv-hosteleria-avanzado.webp","type":"image\/webp"}],"twitter_card":"summary_large_image","twitter_misc":{"Tiempo de lectura":"6 minutos"},"schema":{"@context":"https:\/\/schema.org","@graph":[{"@type":"WebPage","@id":"https:\/\/tpv-tenerife.com\/?product=programa-de-tpv-para-restaurantes","url":"https:\/\/tpv-tenerife.com\/?product=programa-de-tpv-para-restaurantes","name":"Programa de TPV para Restaurantes - TPV Tenerife","isPartOf":{"@id":"https:\/\/tpv-tenerife.com\/#website"},"primaryImageOfPage":{"@id":"https:\/\/tpv-tenerife.com\/?product=programa-de-tpv-para-restaurantes#primaryimage"},"image":{"@id":"https:\/\/tpv-tenerife.com\/?product=programa-de-tpv-para-restaurantes#primaryimage"},"thumbnailUrl":"https:\/\/tpv-tenerife.com\/wp-content\/uploads\/2023\/09\/tpv-hosteleria-avanzado.webp","datePublished":"2023-09-22T17:20:31+00:00","dateModified":"2023-09-22T17:31:02+00:00","description":"Programa de TPV para Restaurantes, Nuestro TPV para restaurantes te ayudar\u00e1 a coordinar todo tu equipo de trabajo con funciones realmente \u00fatiles para un restaurante como: Permitiendo a los camareros tomar comandas mediante PDA\u2019s. En cocina pueden trabajar de 2 formas diferentes...","breadcrumb":{"@id":"https:\/\/tpv-tenerife.com\/?product=programa-de-tpv-para-restaurantes#breadcrumb"},"inLanguage":"es","potentialAction":[{"@type":"ReadAction","target":["https:\/\/tpv-tenerife.com\/?product=programa-de-tpv-para-restaurantes"]}]},{"@type":"ImageObject","inLanguage":"es","@id":"https:\/\/tpv-tenerife.com\/?product=programa-de-tpv-para-restaurantes#primaryimage","url":"https:\/\/tpv-tenerife.com\/wp-content\/uploads\/2023\/09\/tpv-hosteleria-avanzado.webp","contentUrl":"https:\/\/tpv-tenerife.com\/wp-content\/uploads\/2023\/09\/tpv-hosteleria-avanzado.webp","width":800,"height":800,"caption":"Pack TPV Hosteler\u00eda Avanzado para Restaurantes"},{"@type":"BreadcrumbList","@id":"https:\/\/tpv-tenerife.com\/?product=programa-de-tpv-para-restaurantes#breadcrumb","itemListElement":[{"@type":"ListItem","position":1,"name":"Inicio","item":"https:\/\/tpv-tenerife.com\/"},{"@type":"ListItem","position":2,"name":"Tienda","item":"https:\/\/tpv-tenerife.com\/?page_id=208"},{"@type":"ListItem","position":3,"name":"Programa de TPV para Restaurantes"}]},{"@type":"WebSite","@id":"https:\/\/tpv-tenerife.com\/#website","url":"https:\/\/tpv-tenerife.com\/","name":"TPV Tenerife","description":"TPV Tenerife","publisher":{"@id":"https:\/\/tpv-tenerife.com\/#organization"},"potentialAction":[{"@type":"SearchAction","target":{"@type":"EntryPoint","urlTemplate":"https:\/\/tpv-tenerife.com\/?s={search_term_string}"},"query-input":{"@type":"PropertyValueSpecification","valueRequired":true,"valueName":"search_term_string"}}],"inLanguage":"es"},{"@type":"Organization","@id":"https:\/\/tpv-tenerife.com\/#organization","name":"TPV Tenerife","alternateName":"Mega Ram - TPV Tenerife","url":"https:\/\/tpv-tenerife.com\/","logo":{"@type":"ImageObject","inLanguage":"es","@id":"https:\/\/tpv-tenerife.com\/#\/schema\/logo\/image\/","url":"https:\/\/tpv-tenerife.com\/wp-content\/uploads\/2023\/07\/logo.webp","contentUrl":"https:\/\/tpv-tenerife.com\/wp-content\/uploads\/2023\/07\/logo.webp","width":800,"height":247,"caption":"TPV Tenerife"},"image":{"@id":"https:\/\/tpv-tenerife.com\/#\/schema\/logo\/image\/"}}]}},"_links":{"self":[{"href":"https:\/\/tpv-tenerife.com\/index.php?rest_route=\/wp\/v2\/product\/5055","targetHints":{"allow":["GET"]}}],"collection":[{"href":"https:\/\/tpv-tenerife.com\/index.php?rest_route=\/wp\/v2\/product"}],"about":[{"href":"https:\/\/tpv-tenerife.com\/index.php?rest_route=\/wp\/v2\/types\/product"}],"wp:featuredmedia":[{"embeddable":true,"href":"https:\/\/tpv-tenerife.com\/index.php?rest_route=\/wp\/v2\/media\/4849"}],"wp:attachment":[{"href":"https:\/\/tpv-tenerife.com\/index.php?rest_route=%2Fwp%2Fv2%2Fmedia&parent=5055"}],"wp:term":[{"taxonomy":"product_brand","embeddable":true,"href":"https:\/\/tpv-tenerife.com\/index.php?rest_route=%2Fwp%2Fv2%2Fproduct_brand&post=5055"},{"taxonomy":"product_cat","embeddable":true,"href":"https:\/\/tpv-tenerife.com\/index.php?rest_route=%2Fwp%2Fv2%2Fproduct_cat&post=5055"},{"taxonomy":"product_tag","embeddable":true,"href":"https:\/\/tpv-tenerife.com\/index.php?rest_route=%2Fwp%2Fv2%2Fproduct_tag&post=5055"}],"curies":[{"name":"wp","href":"https:\/\/api.w.org\/{rel}","templated":true}]}}