{"id":5049,"date":"2023-09-22T16:52:26","date_gmt":"2023-09-22T16:52:26","guid":{"rendered":"https:\/\/tpv-tenerife.com\/?post_type=product&#038;p=5049"},"modified":"2023-09-22T17:19:31","modified_gmt":"2023-09-22T17:19:31","slug":"programa-de-tpv-para-bares-y-cafeterias","status":"publish","type":"product","link":"https:\/\/tpv-tenerife.com\/?product=programa-de-tpv-para-bares-y-cafeterias","title":{"rendered":"Programa de TPV para Bares y Cafeter\u00edas"},"content":{"rendered":"<p>&nbsp;<\/p>\n<h2><b>Programa de TPV para Bares y Cafeter\u00edas<\/b><\/h2>\n<p>&nbsp;<\/p>\n<p><span style=\"font-weight: 400;\">Se trata de un <\/span><b>programa TPV <\/b><span style=\"font-weight: 400;\">dise\u00f1ado especialmente para <\/span><b>bares<\/b><span style=\"font-weight: 400;\"> y que se adapta a todo tipo de negocios del sector de la hosteler\u00eda.<\/span><\/p>\n<p><span style=\"font-weight: 400;\">Nuestro <\/span><b>tpv para bar<\/b><span style=\"font-weight: 400;\"> se adapta a la perfecci\u00f3n a cafeter\u00edas, pubs, helader\u00edas, etc.. Te facilitar\u00e1 enormemente la gesti\u00f3n de tu negocio a todos los niveles.<\/span><\/p>\n<p><span style=\"font-weight: 400;\">Este software TPV es la herramienta ideal para peque\u00f1os establecimientos hosteleros, especialmente bares, pubs y cafeter\u00edas, que simplemente quieren gestionar sus ventas de una forma sencilla en sustituci\u00f3n de una m\u00e1quina registradora. Un bar normalmente demanda un TPV t\u00e1ctil en versi\u00f3n B\u00e1sica de iaTPV que le permitir\u00e1 realizar facturas simplificadas, gestionar el stock o la informaci\u00f3n fiscal del negocio.<\/span><\/p>\n<p><span style=\"font-weight: 400;\">Nuestro <\/span><b>TPV para bares<\/b><span style=\"font-weight: 400;\"> se adaptar\u00e1 a la perfecci\u00f3n a su negocio. Siempre ser\u00e1 una opci\u00f3n migrar desde la versi\u00f3n b\u00e1sica a la avanzada en funci\u00f3n de las necesidades de su negocio. Crecemos conforme avanzan sus exigencias, nos adaptamos de forma sencilla y conservando todos sus datos.<\/span><\/p>\n<p><span style=\"font-weight: 400;\">Contrata uno de los <\/span><b>software tpv para bar<\/b><span style=\"font-weight: 400;\"> m\u00e1s sencillo de usar y sin necesidad de renunciar a una herramienta potente.<\/span><\/p>\n<h2><b>Algunas de las caracter\u00edsticas<\/b> del<b> Software TPV para bar<\/b><\/h2>\n<p><span style=\"font-weight: 400;\"><br \/>\nNuestro Software TPV est\u00e1 dise\u00f1ado para adaptarse a las caracter\u00edsticas de establecimientos en los que se sirven desayunos, tapas o raciones. Se suelen usar las siguientes funciones, para las cuales, nuestro TPV para bares est\u00e1 preparado.<\/span><\/p>\n<ul>\n<li style=\"font-weight: 400;\" aria-level=\"1\"><span style=\"font-weight: 400;\">\u2705 <\/span><b>Art\u00edculos frecuentes<\/b><\/li>\n<li style=\"font-weight: 400;\" aria-level=\"1\"><span style=\"font-weight: 400;\">\u2705 <\/span><b>Definici\u00f3n de proporciones para desayunos, tapas, raciones<\/b><\/li>\n<li style=\"font-weight: 400;\" aria-level=\"1\"><span style=\"font-weight: 400;\">\u2705 <\/span><b>Cobro r\u00e1pido<\/b><\/li>\n<li style=\"font-weight: 400;\" aria-level=\"1\"><span style=\"font-weight: 400;\">\u2705 <\/span><b>Gesti\u00f3n y definici\u00f3n de permisos por camareros<\/b><\/li>\n<li style=\"font-weight: 400;\" aria-level=\"1\"><span style=\"font-weight: 400;\">\u2705 <\/span><b>Zona de servicio especial SIN MESA<\/b><\/li>\n<\/ul>\n<h2><\/h2>\n<h2><\/h2>\n<h2><b><br \/>\nSoftware TPV para discotecas y pubs<\/b><\/h2>\n<p>&nbsp;<\/p>\n<p><span style=\"font-weight: 400;\">Este programa TPV para bar, tambi\u00e9n es apto para discotecas, pubs o establecimientos similares. Tiene funciones imprescindibles para el cobro r\u00e1pido y\/o el control de stock por botellas. Estas son algunas:<\/span><\/p>\n<ul>\n<li style=\"font-weight: 400;\" aria-level=\"1\"><span style=\"font-weight: 400;\">\u25b6\ufe0f <\/span><b>Cobro r\u00e1pido de consumiciones<\/b><\/li>\n<li style=\"font-weight: 400;\" aria-level=\"1\"><span style=\"font-weight: 400;\">\u25b6\ufe0f<\/span><b>Definici\u00f3n simple de combinados y chupitos<\/b><\/li>\n<li style=\"font-weight: 400;\" aria-level=\"1\"><span style=\"font-weight: 400;\">\u25b6\ufe0f <\/span><b>Stock de copas y chupitos sobre botellas o barriles<\/b><\/li>\n<\/ul>\n<ul>\n<li style=\"font-weight: 400;\" aria-level=\"1\"><span style=\"font-weight: 400;\">\u25b6\ufe0f <\/span><b>C\u00f3cteles por escandallo o al gusto<\/b><\/li>\n<li style=\"font-weight: 400;\" aria-level=\"1\"><span style=\"font-weight: 400;\">\u25b6\ufe0f <\/span><b>Cobro r\u00e1pido de consumiciones<\/b><\/li>\n<\/ul>\n<h2><\/h2>\n<h2><\/h2>\n<h2><b><br \/>\nVentajas del software TPV para bar<\/b><\/h2>\n<p>&nbsp;<\/p>\n<p><span style=\"font-weight: 400;\">Este potente software TPV para bar est\u00e1 pensado para facilitar el d\u00eda a d\u00eda de propietarios y trabajadores de la hosteler\u00eda. Sus funciones son claras y precisas, una m\u00e1s de sus ventajas. \u00a1Aqu\u00ed tienes muchas m\u00e1s.<\/span><\/p>\n<ul>\n<li style=\"font-weight: 400;\" aria-level=\"1\"><span style=\"font-weight: 400;\">\u2714\ufe0fEs un software econ\u00f3mico<\/span><\/li>\n<li style=\"font-weight: 400;\" aria-level=\"1\"><span style=\"font-weight: 400;\">\u2714\ufe0fSin m\u00f3dulos adicionales<\/span><\/li>\n<li style=\"font-weight: 400;\" aria-level=\"1\"><span style=\"font-weight: 400;\">\u2714\ufe0fPuede escalar en cualquier momento a versi\u00f3n avanzada sin perder datos<\/span><\/li>\n<li style=\"font-weight: 400;\" aria-level=\"1\"><span style=\"font-weight: 400;\">\u2714\ufe0fMuy f\u00e1cil de usar y con una configuraci\u00f3n de arranque m\u00ednima<\/span><\/li>\n<li style=\"font-weight: 400;\" aria-level=\"1\"><span style=\"font-weight: 400;\">\u2714\ufe0fDir\u00e1s adi\u00f3s a los descuadres de caja (siempre que se use correctamente la aplicaci\u00f3n)<\/span><\/li>\n<li style=\"font-weight: 400;\" aria-level=\"1\"><span style=\"font-weight: 400;\">\u2714\ufe0fPermite asignar fotograf\u00edas o colores al art\u00edculo para que el usuario identifique f\u00e1cilmente los productos de forma visual<\/span><\/li>\n<li style=\"font-weight: 400;\" aria-level=\"1\"><span style=\"font-weight: 400;\">\u2714\ufe0fGesti\u00f3n del control horario de los trabajadores<\/span><\/li>\n<\/ul>\n","protected":false},"excerpt":{"rendered":"<p>&nbsp; Programa de TPV para Bares y Cafeter\u00edas &nbsp; Se trata de un programa TPV dise\u00f1ado especialmente para bares y que se adapta a todo tipo de negocios del sector de la hosteler\u00eda. Nuestro tpv para bar se adapta a la perfecci\u00f3n a cafeter\u00edas, pubs, helader\u00edas, etc.. Te facilitar\u00e1 enormemente la gesti\u00f3n de tu negocio [&hellip;]<\/p>\n","protected":false},"featured_media":5053,"template":"","meta":[],"product_brand":[],"product_cat":[51],"product_tag":[130,129],"class_list":{"0":"post-5049","1":"product","2":"type-product","3":"status-publish","4":"has-post-thumbnail","6":"product_cat-software-tpv-y-gestion","7":"product_tag-programa","8":"product_tag-software","10":"first","11":"instock","12":"taxable","13":"shipping-taxable","14":"purchasable","15":"product-type-simple"},"yoast_head":"<!-- This site is optimized with the Yoast SEO plugin v27.5 - https:\/\/yoast.com\/product\/yoast-seo-wordpress\/ -->\n<title>Programa de TPV para Bares y Cafeter\u00edas - TPV Tenerife<\/title>\n<meta name=\"description\" content=\"Programa de TPV para Bares y Cafeter\u00edas, Se trata de un programa TPV dise\u00f1ado especialmente para bares y que se adapta a todo tipo de negocios del sector de la hosteler\u00eda.Nuestro tpv para bar se adapta a la perfecci\u00f3n a cafeter\u00edas, pubs, helader\u00edas, etc..\" \/>\n<meta name=\"robots\" content=\"index, follow, max-snippet:-1, max-image-preview:large, max-video-preview:-1\" \/>\n<link rel=\"canonical\" href=\"https:\/\/tpv-tenerife.com\/?product=programa-de-tpv-para-bares-y-cafeterias\" \/>\n<meta property=\"og:locale\" content=\"es_ES\" \/>\n<meta property=\"og:type\" content=\"article\" \/>\n<meta property=\"og:title\" content=\"Programa de TPV para Bares y Cafeter\u00edas - TPV Tenerife\" \/>\n<meta property=\"og:description\" content=\"Programa de TPV para Bares y Cafeter\u00edas, Se trata de un programa TPV dise\u00f1ado especialmente para bares y que se adapta a todo tipo de negocios del sector de la hosteler\u00eda.Nuestro tpv para bar se adapta a la perfecci\u00f3n a cafeter\u00edas, pubs, helader\u00edas, etc..\" \/>\n<meta property=\"og:url\" content=\"https:\/\/tpv-tenerife.com\/?product=programa-de-tpv-para-bares-y-cafeterias\" \/>\n<meta property=\"og:site_name\" content=\"TPV Tenerife\" \/>\n<meta property=\"article:modified_time\" content=\"2023-09-22T17:19:31+00:00\" \/>\n<meta property=\"og:image\" content=\"https:\/\/tpv-tenerife.com\/wp-content\/uploads\/2023\/09\/tpv-hosteleria-basico.jpg\" \/>\n\t<meta property=\"og:image:width\" content=\"490\" \/>\n\t<meta property=\"og:image:height\" content=\"433\" \/>\n\t<meta property=\"og:image:type\" content=\"image\/jpeg\" \/>\n<meta name=\"twitter:card\" content=\"summary_large_image\" \/>\n<meta name=\"twitter:label1\" content=\"Tiempo de lectura\" \/>\n\t<meta name=\"twitter:data1\" content=\"3 minutos\" \/>\n<script type=\"application\/ld+json\" class=\"yoast-schema-graph\">{\"@context\":\"https:\\\/\\\/schema.org\",\"@graph\":[{\"@type\":\"WebPage\",\"@id\":\"https:\\\/\\\/tpv-tenerife.com\\\/?product=programa-de-tpv-para-bares-y-cafeterias\",\"url\":\"https:\\\/\\\/tpv-tenerife.com\\\/?product=programa-de-tpv-para-bares-y-cafeterias\",\"name\":\"Programa de TPV para Bares y Cafeter\u00edas - TPV Tenerife\",\"isPartOf\":{\"@id\":\"https:\\\/\\\/tpv-tenerife.com\\\/#website\"},\"primaryImageOfPage\":{\"@id\":\"https:\\\/\\\/tpv-tenerife.com\\\/?product=programa-de-tpv-para-bares-y-cafeterias#primaryimage\"},\"image\":{\"@id\":\"https:\\\/\\\/tpv-tenerife.com\\\/?product=programa-de-tpv-para-bares-y-cafeterias#primaryimage\"},\"thumbnailUrl\":\"https:\\\/\\\/tpv-tenerife.com\\\/wp-content\\\/uploads\\\/2023\\\/09\\\/tpv-hosteleria-basico.jpg\",\"datePublished\":\"2023-09-22T16:52:26+00:00\",\"dateModified\":\"2023-09-22T17:19:31+00:00\",\"description\":\"Programa de TPV para Bares y Cafeter\u00edas, Se trata de un programa TPV dise\u00f1ado especialmente para bares y que se adapta a todo tipo de negocios del sector de la hosteler\u00eda.Nuestro tpv para bar se adapta a la perfecci\u00f3n a cafeter\u00edas, pubs, helader\u00edas, etc..\",\"breadcrumb\":{\"@id\":\"https:\\\/\\\/tpv-tenerife.com\\\/?product=programa-de-tpv-para-bares-y-cafeterias#breadcrumb\"},\"inLanguage\":\"es\",\"potentialAction\":[{\"@type\":\"ReadAction\",\"target\":[\"https:\\\/\\\/tpv-tenerife.com\\\/?product=programa-de-tpv-para-bares-y-cafeterias\"]}]},{\"@type\":\"ImageObject\",\"inLanguage\":\"es\",\"@id\":\"https:\\\/\\\/tpv-tenerife.com\\\/?product=programa-de-tpv-para-bares-y-cafeterias#primaryimage\",\"url\":\"https:\\\/\\\/tpv-tenerife.com\\\/wp-content\\\/uploads\\\/2023\\\/09\\\/tpv-hosteleria-basico.jpg\",\"contentUrl\":\"https:\\\/\\\/tpv-tenerife.com\\\/wp-content\\\/uploads\\\/2023\\\/09\\\/tpv-hosteleria-basico.jpg\",\"width\":490,\"height\":433,\"caption\":\"Programa de TPV para Bares y Cafeter\u00edas\"},{\"@type\":\"BreadcrumbList\",\"@id\":\"https:\\\/\\\/tpv-tenerife.com\\\/?product=programa-de-tpv-para-bares-y-cafeterias#breadcrumb\",\"itemListElement\":[{\"@type\":\"ListItem\",\"position\":1,\"name\":\"Inicio\",\"item\":\"https:\\\/\\\/tpv-tenerife.com\\\/\"},{\"@type\":\"ListItem\",\"position\":2,\"name\":\"Tienda\",\"item\":\"https:\\\/\\\/tpv-tenerife.com\\\/?page_id=208\"},{\"@type\":\"ListItem\",\"position\":3,\"name\":\"Programa de TPV para Bares y Cafeter\u00edas\"}]},{\"@type\":\"WebSite\",\"@id\":\"https:\\\/\\\/tpv-tenerife.com\\\/#website\",\"url\":\"https:\\\/\\\/tpv-tenerife.com\\\/\",\"name\":\"TPV Tenerife\",\"description\":\"TPV Tenerife\",\"publisher\":{\"@id\":\"https:\\\/\\\/tpv-tenerife.com\\\/#organization\"},\"potentialAction\":[{\"@type\":\"SearchAction\",\"target\":{\"@type\":\"EntryPoint\",\"urlTemplate\":\"https:\\\/\\\/tpv-tenerife.com\\\/?s={search_term_string}\"},\"query-input\":{\"@type\":\"PropertyValueSpecification\",\"valueRequired\":true,\"valueName\":\"search_term_string\"}}],\"inLanguage\":\"es\"},{\"@type\":\"Organization\",\"@id\":\"https:\\\/\\\/tpv-tenerife.com\\\/#organization\",\"name\":\"TPV Tenerife\",\"alternateName\":\"Mega Ram - TPV Tenerife\",\"url\":\"https:\\\/\\\/tpv-tenerife.com\\\/\",\"logo\":{\"@type\":\"ImageObject\",\"inLanguage\":\"es\",\"@id\":\"https:\\\/\\\/tpv-tenerife.com\\\/#\\\/schema\\\/logo\\\/image\\\/\",\"url\":\"https:\\\/\\\/tpv-tenerife.com\\\/wp-content\\\/uploads\\\/2023\\\/07\\\/logo.webp\",\"contentUrl\":\"https:\\\/\\\/tpv-tenerife.com\\\/wp-content\\\/uploads\\\/2023\\\/07\\\/logo.webp\",\"width\":800,\"height\":247,\"caption\":\"TPV Tenerife\"},\"image\":{\"@id\":\"https:\\\/\\\/tpv-tenerife.com\\\/#\\\/schema\\\/logo\\\/image\\\/\"}}]}<\/script>\n<!-- \/ Yoast SEO plugin. -->","yoast_head_json":{"title":"Programa de TPV para Bares y Cafeter\u00edas - TPV Tenerife","description":"Programa de TPV para Bares y Cafeter\u00edas, Se trata de un programa TPV dise\u00f1ado especialmente para bares y que se adapta a todo tipo de negocios del sector de la hosteler\u00eda.Nuestro tpv para bar se adapta a la perfecci\u00f3n a cafeter\u00edas, pubs, helader\u00edas, etc..","robots":{"index":"index","follow":"follow","max-snippet":"max-snippet:-1","max-image-preview":"max-image-preview:large","max-video-preview":"max-video-preview:-1"},"canonical":"https:\/\/tpv-tenerife.com\/?product=programa-de-tpv-para-bares-y-cafeterias","og_locale":"es_ES","og_type":"article","og_title":"Programa de TPV para Bares y Cafeter\u00edas - TPV Tenerife","og_description":"Programa de TPV para Bares y Cafeter\u00edas, Se trata de un programa TPV dise\u00f1ado especialmente para bares y que se adapta a todo tipo de negocios del sector de la hosteler\u00eda.Nuestro tpv para bar se adapta a la perfecci\u00f3n a cafeter\u00edas, pubs, helader\u00edas, etc..","og_url":"https:\/\/tpv-tenerife.com\/?product=programa-de-tpv-para-bares-y-cafeterias","og_site_name":"TPV Tenerife","article_modified_time":"2023-09-22T17:19:31+00:00","og_image":[{"width":490,"height":433,"url":"https:\/\/tpv-tenerife.com\/wp-content\/uploads\/2023\/09\/tpv-hosteleria-basico.jpg","type":"image\/jpeg"}],"twitter_card":"summary_large_image","twitter_misc":{"Tiempo de lectura":"3 minutos"},"schema":{"@context":"https:\/\/schema.org","@graph":[{"@type":"WebPage","@id":"https:\/\/tpv-tenerife.com\/?product=programa-de-tpv-para-bares-y-cafeterias","url":"https:\/\/tpv-tenerife.com\/?product=programa-de-tpv-para-bares-y-cafeterias","name":"Programa de TPV para Bares y Cafeter\u00edas - TPV Tenerife","isPartOf":{"@id":"https:\/\/tpv-tenerife.com\/#website"},"primaryImageOfPage":{"@id":"https:\/\/tpv-tenerife.com\/?product=programa-de-tpv-para-bares-y-cafeterias#primaryimage"},"image":{"@id":"https:\/\/tpv-tenerife.com\/?product=programa-de-tpv-para-bares-y-cafeterias#primaryimage"},"thumbnailUrl":"https:\/\/tpv-tenerife.com\/wp-content\/uploads\/2023\/09\/tpv-hosteleria-basico.jpg","datePublished":"2023-09-22T16:52:26+00:00","dateModified":"2023-09-22T17:19:31+00:00","description":"Programa de TPV para Bares y Cafeter\u00edas, Se trata de un programa TPV dise\u00f1ado especialmente para bares y que se adapta a todo tipo de negocios del sector de la hosteler\u00eda.Nuestro tpv para bar se adapta a la perfecci\u00f3n a cafeter\u00edas, pubs, helader\u00edas, etc..","breadcrumb":{"@id":"https:\/\/tpv-tenerife.com\/?product=programa-de-tpv-para-bares-y-cafeterias#breadcrumb"},"inLanguage":"es","potentialAction":[{"@type":"ReadAction","target":["https:\/\/tpv-tenerife.com\/?product=programa-de-tpv-para-bares-y-cafeterias"]}]},{"@type":"ImageObject","inLanguage":"es","@id":"https:\/\/tpv-tenerife.com\/?product=programa-de-tpv-para-bares-y-cafeterias#primaryimage","url":"https:\/\/tpv-tenerife.com\/wp-content\/uploads\/2023\/09\/tpv-hosteleria-basico.jpg","contentUrl":"https:\/\/tpv-tenerife.com\/wp-content\/uploads\/2023\/09\/tpv-hosteleria-basico.jpg","width":490,"height":433,"caption":"Programa de TPV para Bares y Cafeter\u00edas"},{"@type":"BreadcrumbList","@id":"https:\/\/tpv-tenerife.com\/?product=programa-de-tpv-para-bares-y-cafeterias#breadcrumb","itemListElement":[{"@type":"ListItem","position":1,"name":"Inicio","item":"https:\/\/tpv-tenerife.com\/"},{"@type":"ListItem","position":2,"name":"Tienda","item":"https:\/\/tpv-tenerife.com\/?page_id=208"},{"@type":"ListItem","position":3,"name":"Programa de TPV para Bares y Cafeter\u00edas"}]},{"@type":"WebSite","@id":"https:\/\/tpv-tenerife.com\/#website","url":"https:\/\/tpv-tenerife.com\/","name":"TPV Tenerife","description":"TPV Tenerife","publisher":{"@id":"https:\/\/tpv-tenerife.com\/#organization"},"potentialAction":[{"@type":"SearchAction","target":{"@type":"EntryPoint","urlTemplate":"https:\/\/tpv-tenerife.com\/?s={search_term_string}"},"query-input":{"@type":"PropertyValueSpecification","valueRequired":true,"valueName":"search_term_string"}}],"inLanguage":"es"},{"@type":"Organization","@id":"https:\/\/tpv-tenerife.com\/#organization","name":"TPV Tenerife","alternateName":"Mega Ram - TPV Tenerife","url":"https:\/\/tpv-tenerife.com\/","logo":{"@type":"ImageObject","inLanguage":"es","@id":"https:\/\/tpv-tenerife.com\/#\/schema\/logo\/image\/","url":"https:\/\/tpv-tenerife.com\/wp-content\/uploads\/2023\/07\/logo.webp","contentUrl":"https:\/\/tpv-tenerife.com\/wp-content\/uploads\/2023\/07\/logo.webp","width":800,"height":247,"caption":"TPV Tenerife"},"image":{"@id":"https:\/\/tpv-tenerife.com\/#\/schema\/logo\/image\/"}}]}},"_links":{"self":[{"href":"https:\/\/tpv-tenerife.com\/index.php?rest_route=\/wp\/v2\/product\/5049","targetHints":{"allow":["GET"]}}],"collection":[{"href":"https:\/\/tpv-tenerife.com\/index.php?rest_route=\/wp\/v2\/product"}],"about":[{"href":"https:\/\/tpv-tenerife.com\/index.php?rest_route=\/wp\/v2\/types\/product"}],"wp:featuredmedia":[{"embeddable":true,"href":"https:\/\/tpv-tenerife.com\/index.php?rest_route=\/wp\/v2\/media\/5053"}],"wp:attachment":[{"href":"https:\/\/tpv-tenerife.com\/index.php?rest_route=%2Fwp%2Fv2%2Fmedia&parent=5049"}],"wp:term":[{"taxonomy":"product_brand","embeddable":true,"href":"https:\/\/tpv-tenerife.com\/index.php?rest_route=%2Fwp%2Fv2%2Fproduct_brand&post=5049"},{"taxonomy":"product_cat","embeddable":true,"href":"https:\/\/tpv-tenerife.com\/index.php?rest_route=%2Fwp%2Fv2%2Fproduct_cat&post=5049"},{"taxonomy":"product_tag","embeddable":true,"href":"https:\/\/tpv-tenerife.com\/index.php?rest_route=%2Fwp%2Fv2%2Fproduct_tag&post=5049"}],"curies":[{"name":"wp","href":"https:\/\/api.w.org\/{rel}","templated":true}]}}