{"id":5044,"date":"2023-09-22T16:30:34","date_gmt":"2023-09-22T16:30:34","guid":{"rendered":"https:\/\/tpv-tenerife.com\/?post_type=product&#038;p=5044"},"modified":"2023-09-22T16:37:39","modified_gmt":"2023-09-22T16:37:39","slug":"cinta-generica-22205-continua-de-papel-termico-blanca","status":"publish","type":"product","link":"https:\/\/tpv-tenerife.com\/?product=cinta-generica-22205-continua-de-papel-termico-blanca","title":{"rendered":"Cinta Gen\u00e9rica 22205 continua de papel t\u00e9rmico (blanca)"},"content":{"rendered":"<p>&nbsp;<\/p>\n<p>Cinta Gen\u00e9rica 22205 continua de papel t\u00e9rmico (blanca)<\/p>\n<p>Rollo para crear etiquetas adhesivas de tama\u00f1o personalizado.<\/p>\n<p>Ancho: 62 mm. Longitud: 30,48 m<\/p>\n<p>Concentraci\u00f3n de bisfenol A inferior al 0,02% en peso (en cumplimiento con la normativa vigente).<\/p>\n<p>&nbsp;<\/p>\n<p>La cinta continua 22205 (texto negro sobre fondo blanco) permite crear etiquetas con tama\u00f1os personalizados. Si la longitud de informaci\u00f3n que debe ir en las etiquetas var\u00eda, las cintas continuas son la mejor opci\u00f3n. Puedes incorporar de forma r\u00e1pida y sencilla: im\u00e1genes, logotipos, c\u00f3digos de barras, fechas o cualquier otra informaci\u00f3n.<\/p>\n","protected":false},"excerpt":{"rendered":"<p>&nbsp; Cinta Gen\u00e9rica 22205 continua de papel t\u00e9rmico (blanca) Rollo para crear etiquetas adhesivas de tama\u00f1o personalizado. Ancho: 62 mm. Longitud: 30,48 m Concentraci\u00f3n de bisfenol A inferior al 0,02% en peso (en cumplimiento con la normativa vigente). &nbsp; La cinta continua 22205 (texto negro sobre fondo blanco) permite crear etiquetas con tama\u00f1os personalizados. Si [&hellip;]<\/p>\n","protected":false},"featured_media":5045,"template":"","meta":[],"product_brand":[],"product_cat":[124],"product_tag":[128,122,125],"class_list":{"0":"post-5044","1":"product","2":"type-product","3":"status-publish","4":"has-post-thumbnail","6":"product_cat-consumibles","7":"product_tag-etiqueta","8":"product_tag-impresora","9":"product_tag-papel","11":"first","12":"instock","13":"taxable","14":"shipping-taxable","15":"purchasable","16":"product-type-simple"},"yoast_head":"<!-- This site is optimized with the Yoast SEO plugin v27.5 - https:\/\/yoast.com\/product\/yoast-seo-wordpress\/ -->\n<title>Cinta Gen\u00e9rica 22205 continua de papel t\u00e9rmico (blanca) - TPV Tenerife<\/title>\n<meta name=\"description\" content=\"Cinta Gen\u00e9rica 22205 continua de papel t\u00e9rmico (blanca), (texto negro sobre fondo blanco) permite crear etiquetas con tama\u00f1os personalizados. Si la longitud de informaci\u00f3n que debe ir en las etiquetas var\u00eda, las cintas continuas son la mejor opci\u00f3n. Puedes incorporar de forma r\u00e1pida y sencilla: im\u00e1genes, logotipos, c\u00f3digos de barras, fechas o cualquier otra informaci\u00f3n.\" \/>\n<meta name=\"robots\" content=\"index, follow, max-snippet:-1, max-image-preview:large, max-video-preview:-1\" \/>\n<link rel=\"canonical\" href=\"https:\/\/tpv-tenerife.com\/?product=cinta-generica-22205-continua-de-papel-termico-blanca\" \/>\n<meta property=\"og:locale\" content=\"es_ES\" \/>\n<meta property=\"og:type\" content=\"article\" \/>\n<meta property=\"og:title\" content=\"Cinta Gen\u00e9rica 22205 continua de papel t\u00e9rmico (blanca) - TPV Tenerife\" \/>\n<meta property=\"og:description\" content=\"Cinta Gen\u00e9rica 22205 continua de papel t\u00e9rmico (blanca), (texto negro sobre fondo blanco) permite crear etiquetas con tama\u00f1os personalizados. Si la longitud de informaci\u00f3n que debe ir en las etiquetas var\u00eda, las cintas continuas son la mejor opci\u00f3n. Puedes incorporar de forma r\u00e1pida y sencilla: im\u00e1genes, logotipos, c\u00f3digos de barras, fechas o cualquier otra informaci\u00f3n.\" \/>\n<meta property=\"og:url\" content=\"https:\/\/tpv-tenerife.com\/?product=cinta-generica-22205-continua-de-papel-termico-blanca\" \/>\n<meta property=\"og:site_name\" content=\"TPV Tenerife\" \/>\n<meta property=\"article:modified_time\" content=\"2023-09-22T16:37:39+00:00\" \/>\n<meta property=\"og:image\" content=\"https:\/\/tpv-tenerife.com\/wp-content\/uploads\/2023\/09\/22210-comp-2.webp\" \/>\n\t<meta property=\"og:image:width\" content=\"898\" \/>\n\t<meta property=\"og:image:height\" content=\"892\" \/>\n\t<meta property=\"og:image:type\" content=\"image\/webp\" \/>\n<meta name=\"twitter:card\" content=\"summary_large_image\" \/>\n<meta name=\"twitter:label1\" content=\"Tiempo de lectura\" \/>\n\t<meta name=\"twitter:data1\" content=\"1 minuto\" \/>\n<script type=\"application\/ld+json\" class=\"yoast-schema-graph\">{\"@context\":\"https:\\\/\\\/schema.org\",\"@graph\":[{\"@type\":\"WebPage\",\"@id\":\"https:\\\/\\\/tpv-tenerife.com\\\/?product=cinta-generica-22205-continua-de-papel-termico-blanca\",\"url\":\"https:\\\/\\\/tpv-tenerife.com\\\/?product=cinta-generica-22205-continua-de-papel-termico-blanca\",\"name\":\"Cinta Gen\u00e9rica 22205 continua de papel t\u00e9rmico (blanca) - TPV Tenerife\",\"isPartOf\":{\"@id\":\"https:\\\/\\\/tpv-tenerife.com\\\/#website\"},\"primaryImageOfPage\":{\"@id\":\"https:\\\/\\\/tpv-tenerife.com\\\/?product=cinta-generica-22205-continua-de-papel-termico-blanca#primaryimage\"},\"image\":{\"@id\":\"https:\\\/\\\/tpv-tenerife.com\\\/?product=cinta-generica-22205-continua-de-papel-termico-blanca#primaryimage\"},\"thumbnailUrl\":\"https:\\\/\\\/tpv-tenerife.com\\\/wp-content\\\/uploads\\\/2023\\\/09\\\/22210-comp-2.webp\",\"datePublished\":\"2023-09-22T16:30:34+00:00\",\"dateModified\":\"2023-09-22T16:37:39+00:00\",\"description\":\"Cinta Gen\u00e9rica 22205 continua de papel t\u00e9rmico (blanca), (texto negro sobre fondo blanco) permite crear etiquetas con tama\u00f1os personalizados. Si la longitud de informaci\u00f3n que debe ir en las etiquetas var\u00eda, las cintas continuas son la mejor opci\u00f3n. Puedes incorporar de forma r\u00e1pida y sencilla: im\u00e1genes, logotipos, c\u00f3digos de barras, fechas o cualquier otra informaci\u00f3n.\",\"breadcrumb\":{\"@id\":\"https:\\\/\\\/tpv-tenerife.com\\\/?product=cinta-generica-22205-continua-de-papel-termico-blanca#breadcrumb\"},\"inLanguage\":\"es\",\"potentialAction\":[{\"@type\":\"ReadAction\",\"target\":[\"https:\\\/\\\/tpv-tenerife.com\\\/?product=cinta-generica-22205-continua-de-papel-termico-blanca\"]}]},{\"@type\":\"ImageObject\",\"inLanguage\":\"es\",\"@id\":\"https:\\\/\\\/tpv-tenerife.com\\\/?product=cinta-generica-22205-continua-de-papel-termico-blanca#primaryimage\",\"url\":\"https:\\\/\\\/tpv-tenerife.com\\\/wp-content\\\/uploads\\\/2023\\\/09\\\/22210-comp-2.webp\",\"contentUrl\":\"https:\\\/\\\/tpv-tenerife.com\\\/wp-content\\\/uploads\\\/2023\\\/09\\\/22210-comp-2.webp\",\"width\":898,\"height\":892,\"caption\":\"Cinta Gen\u00e9rica 22205 continua de papel t\u00e9rmico (blanca)\"},{\"@type\":\"BreadcrumbList\",\"@id\":\"https:\\\/\\\/tpv-tenerife.com\\\/?product=cinta-generica-22205-continua-de-papel-termico-blanca#breadcrumb\",\"itemListElement\":[{\"@type\":\"ListItem\",\"position\":1,\"name\":\"Inicio\",\"item\":\"https:\\\/\\\/tpv-tenerife.com\\\/\"},{\"@type\":\"ListItem\",\"position\":2,\"name\":\"Tienda\",\"item\":\"https:\\\/\\\/tpv-tenerife.com\\\/?page_id=208\"},{\"@type\":\"ListItem\",\"position\":3,\"name\":\"Cinta Gen\u00e9rica 22205 continua de papel t\u00e9rmico (blanca)\"}]},{\"@type\":\"WebSite\",\"@id\":\"https:\\\/\\\/tpv-tenerife.com\\\/#website\",\"url\":\"https:\\\/\\\/tpv-tenerife.com\\\/\",\"name\":\"TPV Tenerife\",\"description\":\"TPV Tenerife\",\"publisher\":{\"@id\":\"https:\\\/\\\/tpv-tenerife.com\\\/#organization\"},\"potentialAction\":[{\"@type\":\"SearchAction\",\"target\":{\"@type\":\"EntryPoint\",\"urlTemplate\":\"https:\\\/\\\/tpv-tenerife.com\\\/?s={search_term_string}\"},\"query-input\":{\"@type\":\"PropertyValueSpecification\",\"valueRequired\":true,\"valueName\":\"search_term_string\"}}],\"inLanguage\":\"es\"},{\"@type\":\"Organization\",\"@id\":\"https:\\\/\\\/tpv-tenerife.com\\\/#organization\",\"name\":\"TPV Tenerife\",\"alternateName\":\"Mega Ram - TPV Tenerife\",\"url\":\"https:\\\/\\\/tpv-tenerife.com\\\/\",\"logo\":{\"@type\":\"ImageObject\",\"inLanguage\":\"es\",\"@id\":\"https:\\\/\\\/tpv-tenerife.com\\\/#\\\/schema\\\/logo\\\/image\\\/\",\"url\":\"https:\\\/\\\/tpv-tenerife.com\\\/wp-content\\\/uploads\\\/2023\\\/07\\\/logo.webp\",\"contentUrl\":\"https:\\\/\\\/tpv-tenerife.com\\\/wp-content\\\/uploads\\\/2023\\\/07\\\/logo.webp\",\"width\":800,\"height\":247,\"caption\":\"TPV Tenerife\"},\"image\":{\"@id\":\"https:\\\/\\\/tpv-tenerife.com\\\/#\\\/schema\\\/logo\\\/image\\\/\"}}]}<\/script>\n<!-- \/ Yoast SEO plugin. -->","yoast_head_json":{"title":"Cinta Gen\u00e9rica 22205 continua de papel t\u00e9rmico (blanca) - TPV Tenerife","description":"Cinta Gen\u00e9rica 22205 continua de papel t\u00e9rmico (blanca), (texto negro sobre fondo blanco) permite crear etiquetas con tama\u00f1os personalizados. Si la longitud de informaci\u00f3n que debe ir en las etiquetas var\u00eda, las cintas continuas son la mejor opci\u00f3n. Puedes incorporar de forma r\u00e1pida y sencilla: im\u00e1genes, logotipos, c\u00f3digos de barras, fechas o cualquier otra informaci\u00f3n.","robots":{"index":"index","follow":"follow","max-snippet":"max-snippet:-1","max-image-preview":"max-image-preview:large","max-video-preview":"max-video-preview:-1"},"canonical":"https:\/\/tpv-tenerife.com\/?product=cinta-generica-22205-continua-de-papel-termico-blanca","og_locale":"es_ES","og_type":"article","og_title":"Cinta Gen\u00e9rica 22205 continua de papel t\u00e9rmico (blanca) - TPV Tenerife","og_description":"Cinta Gen\u00e9rica 22205 continua de papel t\u00e9rmico (blanca), (texto negro sobre fondo blanco) permite crear etiquetas con tama\u00f1os personalizados. Si la longitud de informaci\u00f3n que debe ir en las etiquetas var\u00eda, las cintas continuas son la mejor opci\u00f3n. Puedes incorporar de forma r\u00e1pida y sencilla: im\u00e1genes, logotipos, c\u00f3digos de barras, fechas o cualquier otra informaci\u00f3n.","og_url":"https:\/\/tpv-tenerife.com\/?product=cinta-generica-22205-continua-de-papel-termico-blanca","og_site_name":"TPV Tenerife","article_modified_time":"2023-09-22T16:37:39+00:00","og_image":[{"width":898,"height":892,"url":"https:\/\/tpv-tenerife.com\/wp-content\/uploads\/2023\/09\/22210-comp-2.webp","type":"image\/webp"}],"twitter_card":"summary_large_image","twitter_misc":{"Tiempo de lectura":"1 minuto"},"schema":{"@context":"https:\/\/schema.org","@graph":[{"@type":"WebPage","@id":"https:\/\/tpv-tenerife.com\/?product=cinta-generica-22205-continua-de-papel-termico-blanca","url":"https:\/\/tpv-tenerife.com\/?product=cinta-generica-22205-continua-de-papel-termico-blanca","name":"Cinta Gen\u00e9rica 22205 continua de papel t\u00e9rmico (blanca) - TPV Tenerife","isPartOf":{"@id":"https:\/\/tpv-tenerife.com\/#website"},"primaryImageOfPage":{"@id":"https:\/\/tpv-tenerife.com\/?product=cinta-generica-22205-continua-de-papel-termico-blanca#primaryimage"},"image":{"@id":"https:\/\/tpv-tenerife.com\/?product=cinta-generica-22205-continua-de-papel-termico-blanca#primaryimage"},"thumbnailUrl":"https:\/\/tpv-tenerife.com\/wp-content\/uploads\/2023\/09\/22210-comp-2.webp","datePublished":"2023-09-22T16:30:34+00:00","dateModified":"2023-09-22T16:37:39+00:00","description":"Cinta Gen\u00e9rica 22205 continua de papel t\u00e9rmico (blanca), (texto negro sobre fondo blanco) permite crear etiquetas con tama\u00f1os personalizados. Si la longitud de informaci\u00f3n que debe ir en las etiquetas var\u00eda, las cintas continuas son la mejor opci\u00f3n. Puedes incorporar de forma r\u00e1pida y sencilla: im\u00e1genes, logotipos, c\u00f3digos de barras, fechas o cualquier otra informaci\u00f3n.","breadcrumb":{"@id":"https:\/\/tpv-tenerife.com\/?product=cinta-generica-22205-continua-de-papel-termico-blanca#breadcrumb"},"inLanguage":"es","potentialAction":[{"@type":"ReadAction","target":["https:\/\/tpv-tenerife.com\/?product=cinta-generica-22205-continua-de-papel-termico-blanca"]}]},{"@type":"ImageObject","inLanguage":"es","@id":"https:\/\/tpv-tenerife.com\/?product=cinta-generica-22205-continua-de-papel-termico-blanca#primaryimage","url":"https:\/\/tpv-tenerife.com\/wp-content\/uploads\/2023\/09\/22210-comp-2.webp","contentUrl":"https:\/\/tpv-tenerife.com\/wp-content\/uploads\/2023\/09\/22210-comp-2.webp","width":898,"height":892,"caption":"Cinta Gen\u00e9rica 22205 continua de papel t\u00e9rmico (blanca)"},{"@type":"BreadcrumbList","@id":"https:\/\/tpv-tenerife.com\/?product=cinta-generica-22205-continua-de-papel-termico-blanca#breadcrumb","itemListElement":[{"@type":"ListItem","position":1,"name":"Inicio","item":"https:\/\/tpv-tenerife.com\/"},{"@type":"ListItem","position":2,"name":"Tienda","item":"https:\/\/tpv-tenerife.com\/?page_id=208"},{"@type":"ListItem","position":3,"name":"Cinta Gen\u00e9rica 22205 continua de papel t\u00e9rmico (blanca)"}]},{"@type":"WebSite","@id":"https:\/\/tpv-tenerife.com\/#website","url":"https:\/\/tpv-tenerife.com\/","name":"TPV Tenerife","description":"TPV Tenerife","publisher":{"@id":"https:\/\/tpv-tenerife.com\/#organization"},"potentialAction":[{"@type":"SearchAction","target":{"@type":"EntryPoint","urlTemplate":"https:\/\/tpv-tenerife.com\/?s={search_term_string}"},"query-input":{"@type":"PropertyValueSpecification","valueRequired":true,"valueName":"search_term_string"}}],"inLanguage":"es"},{"@type":"Organization","@id":"https:\/\/tpv-tenerife.com\/#organization","name":"TPV Tenerife","alternateName":"Mega Ram - TPV Tenerife","url":"https:\/\/tpv-tenerife.com\/","logo":{"@type":"ImageObject","inLanguage":"es","@id":"https:\/\/tpv-tenerife.com\/#\/schema\/logo\/image\/","url":"https:\/\/tpv-tenerife.com\/wp-content\/uploads\/2023\/07\/logo.webp","contentUrl":"https:\/\/tpv-tenerife.com\/wp-content\/uploads\/2023\/07\/logo.webp","width":800,"height":247,"caption":"TPV Tenerife"},"image":{"@id":"https:\/\/tpv-tenerife.com\/#\/schema\/logo\/image\/"}}]}},"_links":{"self":[{"href":"https:\/\/tpv-tenerife.com\/index.php?rest_route=\/wp\/v2\/product\/5044","targetHints":{"allow":["GET"]}}],"collection":[{"href":"https:\/\/tpv-tenerife.com\/index.php?rest_route=\/wp\/v2\/product"}],"about":[{"href":"https:\/\/tpv-tenerife.com\/index.php?rest_route=\/wp\/v2\/types\/product"}],"wp:featuredmedia":[{"embeddable":true,"href":"https:\/\/tpv-tenerife.com\/index.php?rest_route=\/wp\/v2\/media\/5045"}],"wp:attachment":[{"href":"https:\/\/tpv-tenerife.com\/index.php?rest_route=%2Fwp%2Fv2%2Fmedia&parent=5044"}],"wp:term":[{"taxonomy":"product_brand","embeddable":true,"href":"https:\/\/tpv-tenerife.com\/index.php?rest_route=%2Fwp%2Fv2%2Fproduct_brand&post=5044"},{"taxonomy":"product_cat","embeddable":true,"href":"https:\/\/tpv-tenerife.com\/index.php?rest_route=%2Fwp%2Fv2%2Fproduct_cat&post=5044"},{"taxonomy":"product_tag","embeddable":true,"href":"https:\/\/tpv-tenerife.com\/index.php?rest_route=%2Fwp%2Fv2%2Fproduct_tag&post=5044"}],"curies":[{"name":"wp","href":"https:\/\/api.w.org\/{rel}","templated":true}]}}