{"id":5027,"date":"2023-09-21T21:06:23","date_gmt":"2023-09-21T21:06:23","guid":{"rendered":"https:\/\/tpv-tenerife.com\/?post_type=product&#038;p=5027"},"modified":"2023-11-27T15:32:43","modified_gmt":"2023-11-27T15:32:43","slug":"cajon-de-cobro-automatico-cashlogy-pos-1500-euro-bp","status":"publish","type":"product","link":"https:\/\/tpv-tenerife.com\/?product=cajon-de-cobro-automatico-cashlogy-pos-1500-euro-bp","title":{"rendered":"Caj\u00f3n de cobro Autom\u00e1tico Cashlogy Pos 1500 EURO BP"},"content":{"rendered":"<p>&nbsp;<\/p>\n<p>Caj\u00f3n de cobro Autom\u00e1tico Cashlogy Pos 1500 EURO BP<\/p>\n<h2><strong>Hardware y conectividad<\/strong><\/h2>\n<p>La soluci\u00f3n m\u00e1s compacta del mercado<\/p>\n<p>Gracias a su dise\u00f1o horizontal, la serie Cashlogy POS 1500 disminuye el impacto visual en el mostrador y crea un entorno m\u00e1s agradable para el cliente.<\/p>\n<p>Dise\u00f1ado para m\u00e1xima accesibilidad<\/p>\n<p>&#8211; M\u00f3dulo de billetes abatible<\/p>\n<p>&#8211; M\u00f3dulo de monedad extra\u00edble<\/p>\n<p>Seguridad<\/p>\n<p>2 niveles de acceso: recaudaci\u00f3n y mantenimiento. Llave adicional para el stacker de billetes.<\/p>\n<p>Inteface<\/p>\n<p>USB \/ RS232.<\/p>\n<p>Conexi\u00f3n<\/p>\n<p>110-240v AC 50-60Hz.<\/p>\n<p>F\u00e1cil integraci\u00f3n con tu software de comercio<\/p>\n<p>&#8211; POS 1500 para Windows.<\/p>\n<p>&#8211; POS 1500X para todos los sistemas operativos (Linux, Android, iOS, Windows, etc).<\/p>\n<p>&#8211; Cashlogy ticket para todos los software de TPV (Windows).<\/p>\n<p>&#8211; Cashlogy ticket No integraci\u00f3n es compatible con todos los sistema de TPV. (Windows) (sin necesidad de colaboraci\u00f3n con la casa de software).<\/p>\n<h3>Reciclado de monedas<\/h3>\n<p>Denominaci\u00f3n moneda<\/p>\n<p>Euro. Para otras denominaciones solicita informaci\u00f3n.<\/p>\n<p>Aceptaci\u00f3n<\/p>\n<p>Granel, hasta 50 monedas mezcladas.<\/p>\n<p>Validaci\u00f3n<\/p>\n<p>Desde 1 c\u00e9nt. hasta 2 euros.<\/p>\n<p>Capacidad<\/p>\n<p>2 \u20ac: 120 uds.<\/p>\n<p>1 \u20ac: 150 uds.<\/p>\n<p>0,50 \u20ac: 135 uds.<\/p>\n<p>0,20 \u20ac: 190 uds.<\/p>\n<p>0,10 \u20ac: 245 uds.<\/p>\n<p>0,05 \u20ac: 245 uds.<\/p>\n<p>0,02\u20ac: 310 uds.<\/p>\n<p>0,01 \u20ac: 390 uds.<\/p>\n<p>Velocidad validaci\u00f3n<\/p>\n<p>3,5 monedas\/segundo.<\/p>\n<p>Velocidad devoluci\u00f3n<\/p>\n<p>Hasta 30 monedas\/segundo<\/p>\n<h3>Reciclado de billetes<\/h3>\n<p>Aceptaci\u00f3n<\/p>\n<p>Unitaria.<\/p>\n<p>Validaci\u00f3n<\/p>\n<p>Desde 5 euros hasta 500.<\/p>\n<p>Capacidad<\/p>\n<p>3 unidades recicladoras de 47 billetes cada una. Unidad no recicladora de hasta 500 billetes de 5\u20ac a 500\u20ac (solo recaudaci\u00f3n).<\/p>\n<p>Velocidad validaci\u00f3n<\/p>\n<p>1 billete\/segundo.<\/p>\n<p>Velocidad devoluci\u00f3n<\/p>\n<p>1 billete\/segundo.<\/p>\n","protected":false},"excerpt":{"rendered":"<p>&nbsp; Caj\u00f3n de cobro Autom\u00e1tico Cashlogy Pos 1500 EURO BP Hardware y conectividad La soluci\u00f3n m\u00e1s compacta del mercado Gracias a su dise\u00f1o horizontal, la serie Cashlogy POS 1500 disminuye el impacto visual en el mostrador y crea un entorno m\u00e1s agradable para el cliente. Dise\u00f1ado para m\u00e1xima accesibilidad &#8211; M\u00f3dulo de billetes abatible &#8211; [&hellip;]<\/p>\n","protected":false},"featured_media":5028,"template":"","meta":[],"product_brand":[],"product_cat":[43],"product_tag":[121,120,91],"class_list":{"0":"post-5027","1":"product","2":"type-product","3":"status-publish","4":"has-post-thumbnail","6":"product_cat-cajones-de-cobro-automatico","7":"product_tag-automatico","8":"product_tag-cajon","9":"product_tag-cajon-monedas","11":"first","12":"instock","13":"taxable","14":"shipping-taxable","15":"purchasable","16":"product-type-simple"},"yoast_head":"<!-- This site is optimized with the Yoast SEO plugin v27.5 - https:\/\/yoast.com\/product\/yoast-seo-wordpress\/ -->\n<title>Caj\u00f3n de cobro Autom\u00e1tico Cashlogy Pos 1500 EURO BP - TPV Tenerife<\/title>\n<meta name=\"description\" content=\"Caj\u00f3n de cobro Autom\u00e1tico Cashlogy Pos 1500 EURO BP Hardware y conectividad La soluci\u00f3n m\u00e1s compacta del mercado Gracias a su dise\u00f1o horizontal, la serie Cashlogy POS 1500 disminuye el impacto visual en el mostrador y crea un entorno m\u00e1s agradable para el cliente. Dise\u00f1ado para m\u00e1xima accesibilidad- M\u00f3dulo de billetes abatible- M\u00f3dulo de monedad extra\u00edble\" \/>\n<meta name=\"robots\" content=\"index, follow, max-snippet:-1, max-image-preview:large, max-video-preview:-1\" \/>\n<link rel=\"canonical\" href=\"https:\/\/tpv-tenerife.com\/?product=cajon-de-cobro-automatico-cashlogy-pos-1500-euro-bp\" \/>\n<meta property=\"og:locale\" content=\"es_ES\" \/>\n<meta property=\"og:type\" content=\"article\" \/>\n<meta property=\"og:title\" content=\"Caj\u00f3n de cobro Autom\u00e1tico Cashlogy Pos 1500 EURO BP - TPV Tenerife\" \/>\n<meta property=\"og:description\" content=\"Caj\u00f3n de cobro Autom\u00e1tico Cashlogy Pos 1500 EURO BP Hardware y conectividad La soluci\u00f3n m\u00e1s compacta del mercado Gracias a su dise\u00f1o horizontal, la serie Cashlogy POS 1500 disminuye el impacto visual en el mostrador y crea un entorno m\u00e1s agradable para el cliente. Dise\u00f1ado para m\u00e1xima accesibilidad- M\u00f3dulo de billetes abatible- M\u00f3dulo de monedad extra\u00edble\" \/>\n<meta property=\"og:url\" content=\"https:\/\/tpv-tenerife.com\/?product=cajon-de-cobro-automatico-cashlogy-pos-1500-euro-bp\" \/>\n<meta property=\"og:site_name\" content=\"TPV Tenerife\" \/>\n<meta property=\"article:modified_time\" content=\"2023-11-27T15:32:43+00:00\" \/>\n<meta property=\"og:image\" content=\"https:\/\/tpv-tenerife.com\/wp-content\/uploads\/2023\/09\/dedb3f35a9024537b3bcb3da36268803.webp\" \/>\n\t<meta property=\"og:image:width\" content=\"1070\" \/>\n\t<meta property=\"og:image:height\" content=\"793\" \/>\n\t<meta property=\"og:image:type\" content=\"image\/webp\" \/>\n<meta name=\"twitter:card\" content=\"summary_large_image\" \/>\n<meta name=\"twitter:label1\" content=\"Tiempo de lectura\" \/>\n\t<meta name=\"twitter:data1\" content=\"2 minutos\" \/>\n<script type=\"application\/ld+json\" class=\"yoast-schema-graph\">{\"@context\":\"https:\\\/\\\/schema.org\",\"@graph\":[{\"@type\":\"WebPage\",\"@id\":\"https:\\\/\\\/tpv-tenerife.com\\\/?product=cajon-de-cobro-automatico-cashlogy-pos-1500-euro-bp\",\"url\":\"https:\\\/\\\/tpv-tenerife.com\\\/?product=cajon-de-cobro-automatico-cashlogy-pos-1500-euro-bp\",\"name\":\"Caj\u00f3n de cobro Autom\u00e1tico Cashlogy Pos 1500 EURO BP - TPV Tenerife\",\"isPartOf\":{\"@id\":\"https:\\\/\\\/tpv-tenerife.com\\\/#website\"},\"primaryImageOfPage\":{\"@id\":\"https:\\\/\\\/tpv-tenerife.com\\\/?product=cajon-de-cobro-automatico-cashlogy-pos-1500-euro-bp#primaryimage\"},\"image\":{\"@id\":\"https:\\\/\\\/tpv-tenerife.com\\\/?product=cajon-de-cobro-automatico-cashlogy-pos-1500-euro-bp#primaryimage\"},\"thumbnailUrl\":\"https:\\\/\\\/tpv-tenerife.com\\\/wp-content\\\/uploads\\\/2023\\\/09\\\/dedb3f35a9024537b3bcb3da36268803.webp\",\"datePublished\":\"2023-09-21T21:06:23+00:00\",\"dateModified\":\"2023-11-27T15:32:43+00:00\",\"description\":\"Caj\u00f3n de cobro Autom\u00e1tico Cashlogy Pos 1500 EURO BP Hardware y conectividad La soluci\u00f3n m\u00e1s compacta del mercado Gracias a su dise\u00f1o horizontal, la serie Cashlogy POS 1500 disminuye el impacto visual en el mostrador y crea un entorno m\u00e1s agradable para el cliente. Dise\u00f1ado para m\u00e1xima accesibilidad- M\u00f3dulo de billetes abatible- M\u00f3dulo de monedad extra\u00edble\",\"breadcrumb\":{\"@id\":\"https:\\\/\\\/tpv-tenerife.com\\\/?product=cajon-de-cobro-automatico-cashlogy-pos-1500-euro-bp#breadcrumb\"},\"inLanguage\":\"es\",\"potentialAction\":[{\"@type\":\"ReadAction\",\"target\":[\"https:\\\/\\\/tpv-tenerife.com\\\/?product=cajon-de-cobro-automatico-cashlogy-pos-1500-euro-bp\"]}]},{\"@type\":\"ImageObject\",\"inLanguage\":\"es\",\"@id\":\"https:\\\/\\\/tpv-tenerife.com\\\/?product=cajon-de-cobro-automatico-cashlogy-pos-1500-euro-bp#primaryimage\",\"url\":\"https:\\\/\\\/tpv-tenerife.com\\\/wp-content\\\/uploads\\\/2023\\\/09\\\/dedb3f35a9024537b3bcb3da36268803.webp\",\"contentUrl\":\"https:\\\/\\\/tpv-tenerife.com\\\/wp-content\\\/uploads\\\/2023\\\/09\\\/dedb3f35a9024537b3bcb3da36268803.webp\",\"width\":1070,\"height\":793,\"caption\":\"Caj\u00f3n de cobro Autom\u00e1tico Cashlogy Pos 1500 EURO BP\"},{\"@type\":\"BreadcrumbList\",\"@id\":\"https:\\\/\\\/tpv-tenerife.com\\\/?product=cajon-de-cobro-automatico-cashlogy-pos-1500-euro-bp#breadcrumb\",\"itemListElement\":[{\"@type\":\"ListItem\",\"position\":1,\"name\":\"Inicio\",\"item\":\"https:\\\/\\\/tpv-tenerife.com\\\/\"},{\"@type\":\"ListItem\",\"position\":2,\"name\":\"Tienda\",\"item\":\"https:\\\/\\\/tpv-tenerife.com\\\/?page_id=208\"},{\"@type\":\"ListItem\",\"position\":3,\"name\":\"Caj\u00f3n de cobro Autom\u00e1tico Cashlogy Pos 1500 EURO BP\"}]},{\"@type\":\"WebSite\",\"@id\":\"https:\\\/\\\/tpv-tenerife.com\\\/#website\",\"url\":\"https:\\\/\\\/tpv-tenerife.com\\\/\",\"name\":\"TPV Tenerife\",\"description\":\"TPV Tenerife\",\"publisher\":{\"@id\":\"https:\\\/\\\/tpv-tenerife.com\\\/#organization\"},\"potentialAction\":[{\"@type\":\"SearchAction\",\"target\":{\"@type\":\"EntryPoint\",\"urlTemplate\":\"https:\\\/\\\/tpv-tenerife.com\\\/?s={search_term_string}\"},\"query-input\":{\"@type\":\"PropertyValueSpecification\",\"valueRequired\":true,\"valueName\":\"search_term_string\"}}],\"inLanguage\":\"es\"},{\"@type\":\"Organization\",\"@id\":\"https:\\\/\\\/tpv-tenerife.com\\\/#organization\",\"name\":\"TPV Tenerife\",\"alternateName\":\"Mega Ram - TPV Tenerife\",\"url\":\"https:\\\/\\\/tpv-tenerife.com\\\/\",\"logo\":{\"@type\":\"ImageObject\",\"inLanguage\":\"es\",\"@id\":\"https:\\\/\\\/tpv-tenerife.com\\\/#\\\/schema\\\/logo\\\/image\\\/\",\"url\":\"https:\\\/\\\/tpv-tenerife.com\\\/wp-content\\\/uploads\\\/2023\\\/07\\\/logo.webp\",\"contentUrl\":\"https:\\\/\\\/tpv-tenerife.com\\\/wp-content\\\/uploads\\\/2023\\\/07\\\/logo.webp\",\"width\":800,\"height\":247,\"caption\":\"TPV Tenerife\"},\"image\":{\"@id\":\"https:\\\/\\\/tpv-tenerife.com\\\/#\\\/schema\\\/logo\\\/image\\\/\"}}]}<\/script>\n<!-- \/ Yoast SEO plugin. -->","yoast_head_json":{"title":"Caj\u00f3n de cobro Autom\u00e1tico Cashlogy Pos 1500 EURO BP - TPV Tenerife","description":"Caj\u00f3n de cobro Autom\u00e1tico Cashlogy Pos 1500 EURO BP Hardware y conectividad La soluci\u00f3n m\u00e1s compacta del mercado Gracias a su dise\u00f1o horizontal, la serie Cashlogy POS 1500 disminuye el impacto visual en el mostrador y crea un entorno m\u00e1s agradable para el cliente. Dise\u00f1ado para m\u00e1xima accesibilidad- M\u00f3dulo de billetes abatible- M\u00f3dulo de monedad extra\u00edble","robots":{"index":"index","follow":"follow","max-snippet":"max-snippet:-1","max-image-preview":"max-image-preview:large","max-video-preview":"max-video-preview:-1"},"canonical":"https:\/\/tpv-tenerife.com\/?product=cajon-de-cobro-automatico-cashlogy-pos-1500-euro-bp","og_locale":"es_ES","og_type":"article","og_title":"Caj\u00f3n de cobro Autom\u00e1tico Cashlogy Pos 1500 EURO BP - TPV Tenerife","og_description":"Caj\u00f3n de cobro Autom\u00e1tico Cashlogy Pos 1500 EURO BP Hardware y conectividad La soluci\u00f3n m\u00e1s compacta del mercado Gracias a su dise\u00f1o horizontal, la serie Cashlogy POS 1500 disminuye el impacto visual en el mostrador y crea un entorno m\u00e1s agradable para el cliente. Dise\u00f1ado para m\u00e1xima accesibilidad- M\u00f3dulo de billetes abatible- M\u00f3dulo de monedad extra\u00edble","og_url":"https:\/\/tpv-tenerife.com\/?product=cajon-de-cobro-automatico-cashlogy-pos-1500-euro-bp","og_site_name":"TPV Tenerife","article_modified_time":"2023-11-27T15:32:43+00:00","og_image":[{"width":1070,"height":793,"url":"https:\/\/tpv-tenerife.com\/wp-content\/uploads\/2023\/09\/dedb3f35a9024537b3bcb3da36268803.webp","type":"image\/webp"}],"twitter_card":"summary_large_image","twitter_misc":{"Tiempo de lectura":"2 minutos"},"schema":{"@context":"https:\/\/schema.org","@graph":[{"@type":"WebPage","@id":"https:\/\/tpv-tenerife.com\/?product=cajon-de-cobro-automatico-cashlogy-pos-1500-euro-bp","url":"https:\/\/tpv-tenerife.com\/?product=cajon-de-cobro-automatico-cashlogy-pos-1500-euro-bp","name":"Caj\u00f3n de cobro Autom\u00e1tico Cashlogy Pos 1500 EURO BP - TPV Tenerife","isPartOf":{"@id":"https:\/\/tpv-tenerife.com\/#website"},"primaryImageOfPage":{"@id":"https:\/\/tpv-tenerife.com\/?product=cajon-de-cobro-automatico-cashlogy-pos-1500-euro-bp#primaryimage"},"image":{"@id":"https:\/\/tpv-tenerife.com\/?product=cajon-de-cobro-automatico-cashlogy-pos-1500-euro-bp#primaryimage"},"thumbnailUrl":"https:\/\/tpv-tenerife.com\/wp-content\/uploads\/2023\/09\/dedb3f35a9024537b3bcb3da36268803.webp","datePublished":"2023-09-21T21:06:23+00:00","dateModified":"2023-11-27T15:32:43+00:00","description":"Caj\u00f3n de cobro Autom\u00e1tico Cashlogy Pos 1500 EURO BP Hardware y conectividad La soluci\u00f3n m\u00e1s compacta del mercado Gracias a su dise\u00f1o horizontal, la serie Cashlogy POS 1500 disminuye el impacto visual en el mostrador y crea un entorno m\u00e1s agradable para el cliente. Dise\u00f1ado para m\u00e1xima accesibilidad- M\u00f3dulo de billetes abatible- M\u00f3dulo de monedad extra\u00edble","breadcrumb":{"@id":"https:\/\/tpv-tenerife.com\/?product=cajon-de-cobro-automatico-cashlogy-pos-1500-euro-bp#breadcrumb"},"inLanguage":"es","potentialAction":[{"@type":"ReadAction","target":["https:\/\/tpv-tenerife.com\/?product=cajon-de-cobro-automatico-cashlogy-pos-1500-euro-bp"]}]},{"@type":"ImageObject","inLanguage":"es","@id":"https:\/\/tpv-tenerife.com\/?product=cajon-de-cobro-automatico-cashlogy-pos-1500-euro-bp#primaryimage","url":"https:\/\/tpv-tenerife.com\/wp-content\/uploads\/2023\/09\/dedb3f35a9024537b3bcb3da36268803.webp","contentUrl":"https:\/\/tpv-tenerife.com\/wp-content\/uploads\/2023\/09\/dedb3f35a9024537b3bcb3da36268803.webp","width":1070,"height":793,"caption":"Caj\u00f3n de cobro Autom\u00e1tico Cashlogy Pos 1500 EURO BP"},{"@type":"BreadcrumbList","@id":"https:\/\/tpv-tenerife.com\/?product=cajon-de-cobro-automatico-cashlogy-pos-1500-euro-bp#breadcrumb","itemListElement":[{"@type":"ListItem","position":1,"name":"Inicio","item":"https:\/\/tpv-tenerife.com\/"},{"@type":"ListItem","position":2,"name":"Tienda","item":"https:\/\/tpv-tenerife.com\/?page_id=208"},{"@type":"ListItem","position":3,"name":"Caj\u00f3n de cobro Autom\u00e1tico Cashlogy Pos 1500 EURO BP"}]},{"@type":"WebSite","@id":"https:\/\/tpv-tenerife.com\/#website","url":"https:\/\/tpv-tenerife.com\/","name":"TPV Tenerife","description":"TPV Tenerife","publisher":{"@id":"https:\/\/tpv-tenerife.com\/#organization"},"potentialAction":[{"@type":"SearchAction","target":{"@type":"EntryPoint","urlTemplate":"https:\/\/tpv-tenerife.com\/?s={search_term_string}"},"query-input":{"@type":"PropertyValueSpecification","valueRequired":true,"valueName":"search_term_string"}}],"inLanguage":"es"},{"@type":"Organization","@id":"https:\/\/tpv-tenerife.com\/#organization","name":"TPV Tenerife","alternateName":"Mega Ram - TPV Tenerife","url":"https:\/\/tpv-tenerife.com\/","logo":{"@type":"ImageObject","inLanguage":"es","@id":"https:\/\/tpv-tenerife.com\/#\/schema\/logo\/image\/","url":"https:\/\/tpv-tenerife.com\/wp-content\/uploads\/2023\/07\/logo.webp","contentUrl":"https:\/\/tpv-tenerife.com\/wp-content\/uploads\/2023\/07\/logo.webp","width":800,"height":247,"caption":"TPV Tenerife"},"image":{"@id":"https:\/\/tpv-tenerife.com\/#\/schema\/logo\/image\/"}}]}},"_links":{"self":[{"href":"https:\/\/tpv-tenerife.com\/index.php?rest_route=\/wp\/v2\/product\/5027","targetHints":{"allow":["GET"]}}],"collection":[{"href":"https:\/\/tpv-tenerife.com\/index.php?rest_route=\/wp\/v2\/product"}],"about":[{"href":"https:\/\/tpv-tenerife.com\/index.php?rest_route=\/wp\/v2\/types\/product"}],"wp:featuredmedia":[{"embeddable":true,"href":"https:\/\/tpv-tenerife.com\/index.php?rest_route=\/wp\/v2\/media\/5028"}],"wp:attachment":[{"href":"https:\/\/tpv-tenerife.com\/index.php?rest_route=%2Fwp%2Fv2%2Fmedia&parent=5027"}],"wp:term":[{"taxonomy":"product_brand","embeddable":true,"href":"https:\/\/tpv-tenerife.com\/index.php?rest_route=%2Fwp%2Fv2%2Fproduct_brand&post=5027"},{"taxonomy":"product_cat","embeddable":true,"href":"https:\/\/tpv-tenerife.com\/index.php?rest_route=%2Fwp%2Fv2%2Fproduct_cat&post=5027"},{"taxonomy":"product_tag","embeddable":true,"href":"https:\/\/tpv-tenerife.com\/index.php?rest_route=%2Fwp%2Fv2%2Fproduct_tag&post=5027"}],"curies":[{"name":"wp","href":"https:\/\/api.w.org\/{rel}","templated":true}]}}