{"id":5018,"date":"2023-09-21T20:42:54","date_gmt":"2023-09-21T20:42:54","guid":{"rendered":"https:\/\/tpv-tenerife.com\/?post_type=product&#038;p=5018"},"modified":"2023-09-21T20:48:02","modified_gmt":"2023-09-21T20:48:02","slug":"camara-ip-wifi-de-seguridad-para-exteriores-tapo-tc65","status":"publish","type":"product","link":"https:\/\/tpv-tenerife.com\/?product=camara-ip-wifi-de-seguridad-para-exteriores-tapo-tc65","title":{"rendered":"C\u00e1mara IP Wifi de Seguridad para Exteriores Tapo TC65"},"content":{"rendered":"<p>&nbsp;<\/p>\n<div class=\"box title\">\n<h1>C\u00e1mara Wi-Fi de vigilancia inteligente exterior<\/h1>\n<p>C\u00e1mara IP Wifi de Seguridad para Exteriores Tapo TC65<\/p>\n<\/div>\n<div class=\"box highlights\">\n<ul>\n<li><strong>V\u00eddeos de alta definici\u00f3n<\/strong>. Graba im\u00e1genes n\u00edtidas con una resoluci\u00f3n de 3 MP.<\/li>\n<li><strong>Conexi\u00f3n por cable o Wi-Fi<\/strong>. Conecta la c\u00e1mara a la red a trav\u00e9s de cable Ethernet o Wi-Fi.<\/li>\n<li><strong>Visi\u00f3n nocturna<\/strong>. Incluso de noche alcanza una distancia visual de hasta 30\u00a0metros.<\/li>\n<li><strong>Detecci\u00f3n de movimiento y notificaciones<\/strong>. La c\u00e1mara manda una notificaci\u00f3n al m\u00f3vil al detectar un movimiento sospechoso.<\/li>\n<li><strong>Alarma con luz y sonido<\/strong>. Vigilancia activa. Si la c\u00e1mara detecta un comportamiento extra\u00f1o activa la alarma de luz y sonido para disuadir la amenaza<\/li>\n<li><strong>Sonido bidireccional<\/strong>. Permite la comunicaci\u00f3n a trav\u00e9s del micr\u00f3fono y altavoz integrados en la c\u00e1mara<\/li>\n<li><strong>Almacenamiento seguro<\/strong>. Guarda los v\u00eddeos en una tarjeta microSD de hasta 128\u00a0GB.<\/li>\n<li><strong>Control por voz<\/strong>. F\u00e1cil y sencillo control con Asistente de Google y Amazon Alexa.<\/li>\n<\/ul>\n<\/div>\n","protected":false},"excerpt":{"rendered":"<p>&nbsp; C\u00e1mara Wi-Fi de vigilancia inteligente exterior C\u00e1mara IP Wifi de Seguridad para Exteriores Tapo TC65 V\u00eddeos de alta definici\u00f3n. Graba im\u00e1genes n\u00edtidas con una resoluci\u00f3n de 3 MP. Conexi\u00f3n por cable o Wi-Fi. Conecta la c\u00e1mara a la red a trav\u00e9s de cable Ethernet o Wi-Fi. Visi\u00f3n nocturna. Incluso de noche alcanza una distancia [&hellip;]<\/p>\n","protected":false},"featured_media":5020,"template":"","meta":[],"product_brand":[],"product_cat":[42],"product_tag":[117,119,118],"class_list":{"0":"post-5018","1":"product","2":"type-product","3":"status-publish","4":"has-post-thumbnail","6":"product_cat-videovigilancia","7":"product_tag-camara","8":"product_tag-seguridad","9":"product_tag-videovigilancia","11":"first","12":"instock","13":"taxable","14":"shipping-taxable","15":"purchasable","16":"product-type-simple"},"yoast_head":"<!-- This site is optimized with the Yoast SEO plugin v27.5 - https:\/\/yoast.com\/product\/yoast-seo-wordpress\/ -->\n<title>C\u00e1mara IP Wifi de Seguridad para Exteriores Tapo TC65 - TPV Tenerife<\/title>\n<meta name=\"description\" content=\"C\u00e1mara IP Wifi de Seguridad para Exteriores Tapo TC65, V\u00eddeos de alta definici\u00f3n. Graba im\u00e1genes n\u00edtidas con una resoluci\u00f3n de 3 MP. Conexi\u00f3n por cable o Wi-Fi. Conecta la c\u00e1mara a la red a trav\u00e9s de cable Ethernet o Wi-Fi. Visi\u00f3n nocturna. Incluso de noche alcanza una distancia visual de hasta 30\u00a0metros.\" \/>\n<meta name=\"robots\" content=\"index, follow, max-snippet:-1, max-image-preview:large, max-video-preview:-1\" \/>\n<link rel=\"canonical\" href=\"https:\/\/tpv-tenerife.com\/?product=camara-ip-wifi-de-seguridad-para-exteriores-tapo-tc65\" \/>\n<meta property=\"og:locale\" content=\"es_ES\" \/>\n<meta property=\"og:type\" content=\"article\" \/>\n<meta property=\"og:title\" content=\"C\u00e1mara IP Wifi de Seguridad para Exteriores Tapo TC65 - TPV Tenerife\" \/>\n<meta property=\"og:description\" content=\"C\u00e1mara IP Wifi de Seguridad para Exteriores Tapo TC65, V\u00eddeos de alta definici\u00f3n. Graba im\u00e1genes n\u00edtidas con una resoluci\u00f3n de 3 MP. Conexi\u00f3n por cable o Wi-Fi. Conecta la c\u00e1mara a la red a trav\u00e9s de cable Ethernet o Wi-Fi. Visi\u00f3n nocturna. Incluso de noche alcanza una distancia visual de hasta 30\u00a0metros.\" \/>\n<meta property=\"og:url\" content=\"https:\/\/tpv-tenerife.com\/?product=camara-ip-wifi-de-seguridad-para-exteriores-tapo-tc65\" \/>\n<meta property=\"og:site_name\" content=\"TPV Tenerife\" \/>\n<meta property=\"article:modified_time\" content=\"2023-09-21T20:48:02+00:00\" \/>\n<meta property=\"og:image\" content=\"https:\/\/tpv-tenerife.com\/wp-content\/uploads\/2023\/09\/4_normal_1599194441148o.webp\" \/>\n\t<meta property=\"og:image:width\" content=\"590\" \/>\n\t<meta property=\"og:image:height\" content=\"590\" \/>\n\t<meta property=\"og:image:type\" content=\"image\/webp\" \/>\n<meta name=\"twitter:card\" content=\"summary_large_image\" \/>\n<meta name=\"twitter:label1\" content=\"Tiempo de lectura\" \/>\n\t<meta name=\"twitter:data1\" content=\"1 minuto\" \/>\n<script type=\"application\/ld+json\" class=\"yoast-schema-graph\">{\"@context\":\"https:\\\/\\\/schema.org\",\"@graph\":[{\"@type\":\"WebPage\",\"@id\":\"https:\\\/\\\/tpv-tenerife.com\\\/?product=camara-ip-wifi-de-seguridad-para-exteriores-tapo-tc65\",\"url\":\"https:\\\/\\\/tpv-tenerife.com\\\/?product=camara-ip-wifi-de-seguridad-para-exteriores-tapo-tc65\",\"name\":\"C\u00e1mara IP Wifi de Seguridad para Exteriores Tapo TC65 - TPV Tenerife\",\"isPartOf\":{\"@id\":\"https:\\\/\\\/tpv-tenerife.com\\\/#website\"},\"primaryImageOfPage\":{\"@id\":\"https:\\\/\\\/tpv-tenerife.com\\\/?product=camara-ip-wifi-de-seguridad-para-exteriores-tapo-tc65#primaryimage\"},\"image\":{\"@id\":\"https:\\\/\\\/tpv-tenerife.com\\\/?product=camara-ip-wifi-de-seguridad-para-exteriores-tapo-tc65#primaryimage\"},\"thumbnailUrl\":\"https:\\\/\\\/tpv-tenerife.com\\\/wp-content\\\/uploads\\\/2023\\\/09\\\/4_normal_1599194441148o.webp\",\"datePublished\":\"2023-09-21T20:42:54+00:00\",\"dateModified\":\"2023-09-21T20:48:02+00:00\",\"description\":\"C\u00e1mara IP Wifi de Seguridad para Exteriores Tapo TC65, V\u00eddeos de alta definici\u00f3n. Graba im\u00e1genes n\u00edtidas con una resoluci\u00f3n de 3 MP. Conexi\u00f3n por cable o Wi-Fi. Conecta la c\u00e1mara a la red a trav\u00e9s de cable Ethernet o Wi-Fi. Visi\u00f3n nocturna. Incluso de noche alcanza una distancia visual de hasta 30\u00a0metros.\",\"breadcrumb\":{\"@id\":\"https:\\\/\\\/tpv-tenerife.com\\\/?product=camara-ip-wifi-de-seguridad-para-exteriores-tapo-tc65#breadcrumb\"},\"inLanguage\":\"es\",\"potentialAction\":[{\"@type\":\"ReadAction\",\"target\":[\"https:\\\/\\\/tpv-tenerife.com\\\/?product=camara-ip-wifi-de-seguridad-para-exteriores-tapo-tc65\"]}]},{\"@type\":\"ImageObject\",\"inLanguage\":\"es\",\"@id\":\"https:\\\/\\\/tpv-tenerife.com\\\/?product=camara-ip-wifi-de-seguridad-para-exteriores-tapo-tc65#primaryimage\",\"url\":\"https:\\\/\\\/tpv-tenerife.com\\\/wp-content\\\/uploads\\\/2023\\\/09\\\/4_normal_1599194441148o.webp\",\"contentUrl\":\"https:\\\/\\\/tpv-tenerife.com\\\/wp-content\\\/uploads\\\/2023\\\/09\\\/4_normal_1599194441148o.webp\",\"width\":590,\"height\":590,\"caption\":\"C\u00e1mara IP Wifi de Seguridad para Exteriores Tapo TC65\"},{\"@type\":\"BreadcrumbList\",\"@id\":\"https:\\\/\\\/tpv-tenerife.com\\\/?product=camara-ip-wifi-de-seguridad-para-exteriores-tapo-tc65#breadcrumb\",\"itemListElement\":[{\"@type\":\"ListItem\",\"position\":1,\"name\":\"Inicio\",\"item\":\"https:\\\/\\\/tpv-tenerife.com\\\/\"},{\"@type\":\"ListItem\",\"position\":2,\"name\":\"Tienda\",\"item\":\"https:\\\/\\\/tpv-tenerife.com\\\/?page_id=208\"},{\"@type\":\"ListItem\",\"position\":3,\"name\":\"C\u00e1mara IP Wifi de Seguridad para Exteriores Tapo TC65\"}]},{\"@type\":\"WebSite\",\"@id\":\"https:\\\/\\\/tpv-tenerife.com\\\/#website\",\"url\":\"https:\\\/\\\/tpv-tenerife.com\\\/\",\"name\":\"TPV Tenerife\",\"description\":\"TPV Tenerife\",\"publisher\":{\"@id\":\"https:\\\/\\\/tpv-tenerife.com\\\/#organization\"},\"potentialAction\":[{\"@type\":\"SearchAction\",\"target\":{\"@type\":\"EntryPoint\",\"urlTemplate\":\"https:\\\/\\\/tpv-tenerife.com\\\/?s={search_term_string}\"},\"query-input\":{\"@type\":\"PropertyValueSpecification\",\"valueRequired\":true,\"valueName\":\"search_term_string\"}}],\"inLanguage\":\"es\"},{\"@type\":\"Organization\",\"@id\":\"https:\\\/\\\/tpv-tenerife.com\\\/#organization\",\"name\":\"TPV Tenerife\",\"alternateName\":\"Mega Ram - TPV Tenerife\",\"url\":\"https:\\\/\\\/tpv-tenerife.com\\\/\",\"logo\":{\"@type\":\"ImageObject\",\"inLanguage\":\"es\",\"@id\":\"https:\\\/\\\/tpv-tenerife.com\\\/#\\\/schema\\\/logo\\\/image\\\/\",\"url\":\"https:\\\/\\\/tpv-tenerife.com\\\/wp-content\\\/uploads\\\/2023\\\/07\\\/logo.webp\",\"contentUrl\":\"https:\\\/\\\/tpv-tenerife.com\\\/wp-content\\\/uploads\\\/2023\\\/07\\\/logo.webp\",\"width\":800,\"height\":247,\"caption\":\"TPV Tenerife\"},\"image\":{\"@id\":\"https:\\\/\\\/tpv-tenerife.com\\\/#\\\/schema\\\/logo\\\/image\\\/\"}}]}<\/script>\n<!-- \/ Yoast SEO plugin. -->","yoast_head_json":{"title":"C\u00e1mara IP Wifi de Seguridad para Exteriores Tapo TC65 - TPV Tenerife","description":"C\u00e1mara IP Wifi de Seguridad para Exteriores Tapo TC65, V\u00eddeos de alta definici\u00f3n. Graba im\u00e1genes n\u00edtidas con una resoluci\u00f3n de 3 MP. Conexi\u00f3n por cable o Wi-Fi. Conecta la c\u00e1mara a la red a trav\u00e9s de cable Ethernet o Wi-Fi. Visi\u00f3n nocturna. Incluso de noche alcanza una distancia visual de hasta 30\u00a0metros.","robots":{"index":"index","follow":"follow","max-snippet":"max-snippet:-1","max-image-preview":"max-image-preview:large","max-video-preview":"max-video-preview:-1"},"canonical":"https:\/\/tpv-tenerife.com\/?product=camara-ip-wifi-de-seguridad-para-exteriores-tapo-tc65","og_locale":"es_ES","og_type":"article","og_title":"C\u00e1mara IP Wifi de Seguridad para Exteriores Tapo TC65 - TPV Tenerife","og_description":"C\u00e1mara IP Wifi de Seguridad para Exteriores Tapo TC65, V\u00eddeos de alta definici\u00f3n. Graba im\u00e1genes n\u00edtidas con una resoluci\u00f3n de 3 MP. Conexi\u00f3n por cable o Wi-Fi. Conecta la c\u00e1mara a la red a trav\u00e9s de cable Ethernet o Wi-Fi. Visi\u00f3n nocturna. Incluso de noche alcanza una distancia visual de hasta 30\u00a0metros.","og_url":"https:\/\/tpv-tenerife.com\/?product=camara-ip-wifi-de-seguridad-para-exteriores-tapo-tc65","og_site_name":"TPV Tenerife","article_modified_time":"2023-09-21T20:48:02+00:00","og_image":[{"width":590,"height":590,"url":"https:\/\/tpv-tenerife.com\/wp-content\/uploads\/2023\/09\/4_normal_1599194441148o.webp","type":"image\/webp"}],"twitter_card":"summary_large_image","twitter_misc":{"Tiempo de lectura":"1 minuto"},"schema":{"@context":"https:\/\/schema.org","@graph":[{"@type":"WebPage","@id":"https:\/\/tpv-tenerife.com\/?product=camara-ip-wifi-de-seguridad-para-exteriores-tapo-tc65","url":"https:\/\/tpv-tenerife.com\/?product=camara-ip-wifi-de-seguridad-para-exteriores-tapo-tc65","name":"C\u00e1mara IP Wifi de Seguridad para Exteriores Tapo TC65 - TPV Tenerife","isPartOf":{"@id":"https:\/\/tpv-tenerife.com\/#website"},"primaryImageOfPage":{"@id":"https:\/\/tpv-tenerife.com\/?product=camara-ip-wifi-de-seguridad-para-exteriores-tapo-tc65#primaryimage"},"image":{"@id":"https:\/\/tpv-tenerife.com\/?product=camara-ip-wifi-de-seguridad-para-exteriores-tapo-tc65#primaryimage"},"thumbnailUrl":"https:\/\/tpv-tenerife.com\/wp-content\/uploads\/2023\/09\/4_normal_1599194441148o.webp","datePublished":"2023-09-21T20:42:54+00:00","dateModified":"2023-09-21T20:48:02+00:00","description":"C\u00e1mara IP Wifi de Seguridad para Exteriores Tapo TC65, V\u00eddeos de alta definici\u00f3n. Graba im\u00e1genes n\u00edtidas con una resoluci\u00f3n de 3 MP. Conexi\u00f3n por cable o Wi-Fi. Conecta la c\u00e1mara a la red a trav\u00e9s de cable Ethernet o Wi-Fi. Visi\u00f3n nocturna. Incluso de noche alcanza una distancia visual de hasta 30\u00a0metros.","breadcrumb":{"@id":"https:\/\/tpv-tenerife.com\/?product=camara-ip-wifi-de-seguridad-para-exteriores-tapo-tc65#breadcrumb"},"inLanguage":"es","potentialAction":[{"@type":"ReadAction","target":["https:\/\/tpv-tenerife.com\/?product=camara-ip-wifi-de-seguridad-para-exteriores-tapo-tc65"]}]},{"@type":"ImageObject","inLanguage":"es","@id":"https:\/\/tpv-tenerife.com\/?product=camara-ip-wifi-de-seguridad-para-exteriores-tapo-tc65#primaryimage","url":"https:\/\/tpv-tenerife.com\/wp-content\/uploads\/2023\/09\/4_normal_1599194441148o.webp","contentUrl":"https:\/\/tpv-tenerife.com\/wp-content\/uploads\/2023\/09\/4_normal_1599194441148o.webp","width":590,"height":590,"caption":"C\u00e1mara IP Wifi de Seguridad para Exteriores Tapo TC65"},{"@type":"BreadcrumbList","@id":"https:\/\/tpv-tenerife.com\/?product=camara-ip-wifi-de-seguridad-para-exteriores-tapo-tc65#breadcrumb","itemListElement":[{"@type":"ListItem","position":1,"name":"Inicio","item":"https:\/\/tpv-tenerife.com\/"},{"@type":"ListItem","position":2,"name":"Tienda","item":"https:\/\/tpv-tenerife.com\/?page_id=208"},{"@type":"ListItem","position":3,"name":"C\u00e1mara IP Wifi de Seguridad para Exteriores Tapo TC65"}]},{"@type":"WebSite","@id":"https:\/\/tpv-tenerife.com\/#website","url":"https:\/\/tpv-tenerife.com\/","name":"TPV Tenerife","description":"TPV Tenerife","publisher":{"@id":"https:\/\/tpv-tenerife.com\/#organization"},"potentialAction":[{"@type":"SearchAction","target":{"@type":"EntryPoint","urlTemplate":"https:\/\/tpv-tenerife.com\/?s={search_term_string}"},"query-input":{"@type":"PropertyValueSpecification","valueRequired":true,"valueName":"search_term_string"}}],"inLanguage":"es"},{"@type":"Organization","@id":"https:\/\/tpv-tenerife.com\/#organization","name":"TPV Tenerife","alternateName":"Mega Ram - TPV Tenerife","url":"https:\/\/tpv-tenerife.com\/","logo":{"@type":"ImageObject","inLanguage":"es","@id":"https:\/\/tpv-tenerife.com\/#\/schema\/logo\/image\/","url":"https:\/\/tpv-tenerife.com\/wp-content\/uploads\/2023\/07\/logo.webp","contentUrl":"https:\/\/tpv-tenerife.com\/wp-content\/uploads\/2023\/07\/logo.webp","width":800,"height":247,"caption":"TPV Tenerife"},"image":{"@id":"https:\/\/tpv-tenerife.com\/#\/schema\/logo\/image\/"}}]}},"_links":{"self":[{"href":"https:\/\/tpv-tenerife.com\/index.php?rest_route=\/wp\/v2\/product\/5018","targetHints":{"allow":["GET"]}}],"collection":[{"href":"https:\/\/tpv-tenerife.com\/index.php?rest_route=\/wp\/v2\/product"}],"about":[{"href":"https:\/\/tpv-tenerife.com\/index.php?rest_route=\/wp\/v2\/types\/product"}],"wp:featuredmedia":[{"embeddable":true,"href":"https:\/\/tpv-tenerife.com\/index.php?rest_route=\/wp\/v2\/media\/5020"}],"wp:attachment":[{"href":"https:\/\/tpv-tenerife.com\/index.php?rest_route=%2Fwp%2Fv2%2Fmedia&parent=5018"}],"wp:term":[{"taxonomy":"product_brand","embeddable":true,"href":"https:\/\/tpv-tenerife.com\/index.php?rest_route=%2Fwp%2Fv2%2Fproduct_brand&post=5018"},{"taxonomy":"product_cat","embeddable":true,"href":"https:\/\/tpv-tenerife.com\/index.php?rest_route=%2Fwp%2Fv2%2Fproduct_cat&post=5018"},{"taxonomy":"product_tag","embeddable":true,"href":"https:\/\/tpv-tenerife.com\/index.php?rest_route=%2Fwp%2Fv2%2Fproduct_tag&post=5018"}],"curies":[{"name":"wp","href":"https:\/\/api.w.org\/{rel}","templated":true}]}}