{"id":5013,"date":"2023-09-21T20:42:00","date_gmt":"2023-09-21T20:42:00","guid":{"rendered":"https:\/\/tpv-tenerife.com\/?post_type=product&#038;p=5013"},"modified":"2023-09-21T20:48:24","modified_gmt":"2023-09-21T20:48:24","slug":"camara-ip-wifi-rotatoria-de-seguridad-para-casa-tapo-c210","status":"publish","type":"product","link":"https:\/\/tpv-tenerife.com\/?product=camara-ip-wifi-rotatoria-de-seguridad-para-casa-tapo-c210","title":{"rendered":"C\u00e1mara IP Wifi Rotatoria de Seguridad para Casa Tapo C210"},"content":{"rendered":"<p>&nbsp;<\/p>\n<div class=\"box title\">\n<h1>C\u00e1mara Wi-Fi vigilancia 360\u00ba<\/h1>\n<p>C\u00e1mara IP Wifi Rotatoria de Seguridad para Casa Tapo C210<\/p>\n<\/div>\n<div class=\"box highlights\">\n<ul>\n<li><strong>Grabaci\u00f3n de V\u00eddeo 2K<\/strong>.\u00a0Videos n\u00edtidos en calidad 2K con resoluci\u00f3n 3MP<\/li>\n<li><strong>Visi\u00f3n Panor\u00e1mica 360\u00ba<\/strong>. La c\u00e1mara se mueve vertical y horizontalmente para grabar todos los detalles<\/li>\n<li><strong>Visi\u00f3n nocturna<\/strong>.\u00a0Calidad de imagen n\u00edtido hasta 9 metros de distancia<\/li>\n<li><strong>Detecci\u00f3n de movimiento y notificaciones.\u00a0<\/strong>Si\u00a0la c\u00e1mara detecta movimiento env\u00eda notificaci\u00f3n para estar alerta<\/li>\n<li><strong>Alarma con luz y sonido.<\/strong>\u00a0SI la c\u00e1mara detecta un comportamiento sospechoso se activa a larma de luz y sonido<\/li>\n<li><strong>Audio bidireccional<\/strong>. Permite la comunicaci\u00f3n a trav\u00e9s del\u00a0micr\u00f3fono y altavoz integrados en la c\u00e1mara<\/li>\n<li><strong>Almacenamiento seguro<\/strong>. Guarda hasta 256 GB en tarjeta microSD, equivalente a hasta 512 horas \/ 21 d\u00edas de grabaci\u00f3n<\/li>\n<li><strong>Control por voz<\/strong>. F\u00e1cil y sencillo control con\u00a0Asistente de Google y Amazon Alexa.<\/li>\n<\/ul>\n<\/div>\n","protected":false},"excerpt":{"rendered":"<p>&nbsp; C\u00e1mara Wi-Fi vigilancia 360\u00ba C\u00e1mara IP Wifi Rotatoria de Seguridad para Casa Tapo C210 Grabaci\u00f3n de V\u00eddeo 2K.\u00a0Videos n\u00edtidos en calidad 2K con resoluci\u00f3n 3MP Visi\u00f3n Panor\u00e1mica 360\u00ba. La c\u00e1mara se mueve vertical y horizontalmente para grabar todos los detalles Visi\u00f3n nocturna.\u00a0Calidad de imagen n\u00edtido hasta 9 metros de distancia Detecci\u00f3n de movimiento y [&hellip;]<\/p>\n","protected":false},"featured_media":5014,"template":"","meta":[],"product_brand":[],"product_cat":[42],"product_tag":[117,119,118],"class_list":{"0":"post-5013","1":"product","2":"type-product","3":"status-publish","4":"has-post-thumbnail","6":"product_cat-videovigilancia","7":"product_tag-camara","8":"product_tag-seguridad","9":"product_tag-videovigilancia","11":"first","12":"instock","13":"taxable","14":"shipping-taxable","15":"purchasable","16":"product-type-simple"},"yoast_head":"<!-- This site is optimized with the Yoast SEO plugin v27.5 - https:\/\/yoast.com\/product\/yoast-seo-wordpress\/ -->\n<title>C\u00e1mara IP Wifi Rotatoria de Seguridad para Casa Tapo C210 - TPV Tenerife<\/title>\n<meta name=\"description\" content=\"C\u00e1mara IP Wifi Rotatoria de Seguridad para Casa Tapo C210, Grabaci\u00f3n de V\u00eddeo 2K.\u00a0Videos n\u00edtidos en calidad 2K con resoluci\u00f3n 3MPVisi\u00f3n Panor\u00e1mica 360\u00ba. La c\u00e1mara se mueve vertical y horizontalmente para grabar todos los detallesVisi\u00f3n nocturna.\u00a0Calidad de imagen n\u00edtido hasta 9 metros de distancia\u00a0\" \/>\n<meta name=\"robots\" content=\"index, follow, max-snippet:-1, max-image-preview:large, max-video-preview:-1\" \/>\n<link rel=\"canonical\" href=\"https:\/\/tpv-tenerife.com\/?product=camara-ip-wifi-rotatoria-de-seguridad-para-casa-tapo-c210\" \/>\n<meta property=\"og:locale\" content=\"es_ES\" \/>\n<meta property=\"og:type\" content=\"article\" \/>\n<meta property=\"og:title\" content=\"C\u00e1mara IP Wifi Rotatoria de Seguridad para Casa Tapo C210 - TPV Tenerife\" \/>\n<meta property=\"og:description\" content=\"C\u00e1mara IP Wifi Rotatoria de Seguridad para Casa Tapo C210, Grabaci\u00f3n de V\u00eddeo 2K.\u00a0Videos n\u00edtidos en calidad 2K con resoluci\u00f3n 3MPVisi\u00f3n Panor\u00e1mica 360\u00ba. La c\u00e1mara se mueve vertical y horizontalmente para grabar todos los detallesVisi\u00f3n nocturna.\u00a0Calidad de imagen n\u00edtido hasta 9 metros de distancia\u00a0\" \/>\n<meta property=\"og:url\" content=\"https:\/\/tpv-tenerife.com\/?product=camara-ip-wifi-rotatoria-de-seguridad-para-casa-tapo-c210\" \/>\n<meta property=\"og:site_name\" content=\"TPV Tenerife\" \/>\n<meta property=\"article:modified_time\" content=\"2023-09-21T20:48:24+00:00\" \/>\n<meta property=\"og:image\" content=\"https:\/\/tpv-tenerife.com\/wp-content\/uploads\/2023\/09\/1_normal_1616234980592x.webp\" \/>\n\t<meta property=\"og:image:width\" content=\"590\" \/>\n\t<meta property=\"og:image:height\" content=\"590\" \/>\n\t<meta property=\"og:image:type\" content=\"image\/webp\" \/>\n<meta name=\"twitter:card\" content=\"summary_large_image\" \/>\n<meta name=\"twitter:label1\" content=\"Tiempo de lectura\" \/>\n\t<meta name=\"twitter:data1\" content=\"1 minuto\" \/>\n<script type=\"application\/ld+json\" class=\"yoast-schema-graph\">{\"@context\":\"https:\\\/\\\/schema.org\",\"@graph\":[{\"@type\":\"WebPage\",\"@id\":\"https:\\\/\\\/tpv-tenerife.com\\\/?product=camara-ip-wifi-rotatoria-de-seguridad-para-casa-tapo-c210\",\"url\":\"https:\\\/\\\/tpv-tenerife.com\\\/?product=camara-ip-wifi-rotatoria-de-seguridad-para-casa-tapo-c210\",\"name\":\"C\u00e1mara IP Wifi Rotatoria de Seguridad para Casa Tapo C210 - TPV Tenerife\",\"isPartOf\":{\"@id\":\"https:\\\/\\\/tpv-tenerife.com\\\/#website\"},\"primaryImageOfPage\":{\"@id\":\"https:\\\/\\\/tpv-tenerife.com\\\/?product=camara-ip-wifi-rotatoria-de-seguridad-para-casa-tapo-c210#primaryimage\"},\"image\":{\"@id\":\"https:\\\/\\\/tpv-tenerife.com\\\/?product=camara-ip-wifi-rotatoria-de-seguridad-para-casa-tapo-c210#primaryimage\"},\"thumbnailUrl\":\"https:\\\/\\\/tpv-tenerife.com\\\/wp-content\\\/uploads\\\/2023\\\/09\\\/1_normal_1616234980592x.webp\",\"datePublished\":\"2023-09-21T20:42:00+00:00\",\"dateModified\":\"2023-09-21T20:48:24+00:00\",\"description\":\"C\u00e1mara IP Wifi Rotatoria de Seguridad para Casa Tapo C210, Grabaci\u00f3n de V\u00eddeo 2K.\u00a0Videos n\u00edtidos en calidad 2K con resoluci\u00f3n 3MPVisi\u00f3n Panor\u00e1mica 360\u00ba. La c\u00e1mara se mueve vertical y horizontalmente para grabar todos los detallesVisi\u00f3n nocturna.\u00a0Calidad de imagen n\u00edtido hasta 9 metros de distancia\u00a0\",\"breadcrumb\":{\"@id\":\"https:\\\/\\\/tpv-tenerife.com\\\/?product=camara-ip-wifi-rotatoria-de-seguridad-para-casa-tapo-c210#breadcrumb\"},\"inLanguage\":\"es\",\"potentialAction\":[{\"@type\":\"ReadAction\",\"target\":[\"https:\\\/\\\/tpv-tenerife.com\\\/?product=camara-ip-wifi-rotatoria-de-seguridad-para-casa-tapo-c210\"]}]},{\"@type\":\"ImageObject\",\"inLanguage\":\"es\",\"@id\":\"https:\\\/\\\/tpv-tenerife.com\\\/?product=camara-ip-wifi-rotatoria-de-seguridad-para-casa-tapo-c210#primaryimage\",\"url\":\"https:\\\/\\\/tpv-tenerife.com\\\/wp-content\\\/uploads\\\/2023\\\/09\\\/1_normal_1616234980592x.webp\",\"contentUrl\":\"https:\\\/\\\/tpv-tenerife.com\\\/wp-content\\\/uploads\\\/2023\\\/09\\\/1_normal_1616234980592x.webp\",\"width\":590,\"height\":590,\"caption\":\"C\u00e1mara IP Wifi Rotatoria de Seguridad para Casa Tapo C210\"},{\"@type\":\"BreadcrumbList\",\"@id\":\"https:\\\/\\\/tpv-tenerife.com\\\/?product=camara-ip-wifi-rotatoria-de-seguridad-para-casa-tapo-c210#breadcrumb\",\"itemListElement\":[{\"@type\":\"ListItem\",\"position\":1,\"name\":\"Inicio\",\"item\":\"https:\\\/\\\/tpv-tenerife.com\\\/\"},{\"@type\":\"ListItem\",\"position\":2,\"name\":\"Tienda\",\"item\":\"https:\\\/\\\/tpv-tenerife.com\\\/?page_id=208\"},{\"@type\":\"ListItem\",\"position\":3,\"name\":\"C\u00e1mara IP Wifi Rotatoria de Seguridad para Casa Tapo C210\"}]},{\"@type\":\"WebSite\",\"@id\":\"https:\\\/\\\/tpv-tenerife.com\\\/#website\",\"url\":\"https:\\\/\\\/tpv-tenerife.com\\\/\",\"name\":\"TPV Tenerife\",\"description\":\"TPV Tenerife\",\"publisher\":{\"@id\":\"https:\\\/\\\/tpv-tenerife.com\\\/#organization\"},\"potentialAction\":[{\"@type\":\"SearchAction\",\"target\":{\"@type\":\"EntryPoint\",\"urlTemplate\":\"https:\\\/\\\/tpv-tenerife.com\\\/?s={search_term_string}\"},\"query-input\":{\"@type\":\"PropertyValueSpecification\",\"valueRequired\":true,\"valueName\":\"search_term_string\"}}],\"inLanguage\":\"es\"},{\"@type\":\"Organization\",\"@id\":\"https:\\\/\\\/tpv-tenerife.com\\\/#organization\",\"name\":\"TPV Tenerife\",\"alternateName\":\"Mega Ram - TPV Tenerife\",\"url\":\"https:\\\/\\\/tpv-tenerife.com\\\/\",\"logo\":{\"@type\":\"ImageObject\",\"inLanguage\":\"es\",\"@id\":\"https:\\\/\\\/tpv-tenerife.com\\\/#\\\/schema\\\/logo\\\/image\\\/\",\"url\":\"https:\\\/\\\/tpv-tenerife.com\\\/wp-content\\\/uploads\\\/2023\\\/07\\\/logo.webp\",\"contentUrl\":\"https:\\\/\\\/tpv-tenerife.com\\\/wp-content\\\/uploads\\\/2023\\\/07\\\/logo.webp\",\"width\":800,\"height\":247,\"caption\":\"TPV Tenerife\"},\"image\":{\"@id\":\"https:\\\/\\\/tpv-tenerife.com\\\/#\\\/schema\\\/logo\\\/image\\\/\"}}]}<\/script>\n<!-- \/ Yoast SEO plugin. -->","yoast_head_json":{"title":"C\u00e1mara IP Wifi Rotatoria de Seguridad para Casa Tapo C210 - TPV Tenerife","description":"C\u00e1mara IP Wifi Rotatoria de Seguridad para Casa Tapo C210, Grabaci\u00f3n de V\u00eddeo 2K.\u00a0Videos n\u00edtidos en calidad 2K con resoluci\u00f3n 3MPVisi\u00f3n Panor\u00e1mica 360\u00ba. La c\u00e1mara se mueve vertical y horizontalmente para grabar todos los detallesVisi\u00f3n nocturna.\u00a0Calidad de imagen n\u00edtido hasta 9 metros de distancia\u00a0","robots":{"index":"index","follow":"follow","max-snippet":"max-snippet:-1","max-image-preview":"max-image-preview:large","max-video-preview":"max-video-preview:-1"},"canonical":"https:\/\/tpv-tenerife.com\/?product=camara-ip-wifi-rotatoria-de-seguridad-para-casa-tapo-c210","og_locale":"es_ES","og_type":"article","og_title":"C\u00e1mara IP Wifi Rotatoria de Seguridad para Casa Tapo C210 - TPV Tenerife","og_description":"C\u00e1mara IP Wifi Rotatoria de Seguridad para Casa Tapo C210, Grabaci\u00f3n de V\u00eddeo 2K.\u00a0Videos n\u00edtidos en calidad 2K con resoluci\u00f3n 3MPVisi\u00f3n Panor\u00e1mica 360\u00ba. La c\u00e1mara se mueve vertical y horizontalmente para grabar todos los detallesVisi\u00f3n nocturna.\u00a0Calidad de imagen n\u00edtido hasta 9 metros de distancia\u00a0","og_url":"https:\/\/tpv-tenerife.com\/?product=camara-ip-wifi-rotatoria-de-seguridad-para-casa-tapo-c210","og_site_name":"TPV Tenerife","article_modified_time":"2023-09-21T20:48:24+00:00","og_image":[{"width":590,"height":590,"url":"https:\/\/tpv-tenerife.com\/wp-content\/uploads\/2023\/09\/1_normal_1616234980592x.webp","type":"image\/webp"}],"twitter_card":"summary_large_image","twitter_misc":{"Tiempo de lectura":"1 minuto"},"schema":{"@context":"https:\/\/schema.org","@graph":[{"@type":"WebPage","@id":"https:\/\/tpv-tenerife.com\/?product=camara-ip-wifi-rotatoria-de-seguridad-para-casa-tapo-c210","url":"https:\/\/tpv-tenerife.com\/?product=camara-ip-wifi-rotatoria-de-seguridad-para-casa-tapo-c210","name":"C\u00e1mara IP Wifi Rotatoria de Seguridad para Casa Tapo C210 - TPV Tenerife","isPartOf":{"@id":"https:\/\/tpv-tenerife.com\/#website"},"primaryImageOfPage":{"@id":"https:\/\/tpv-tenerife.com\/?product=camara-ip-wifi-rotatoria-de-seguridad-para-casa-tapo-c210#primaryimage"},"image":{"@id":"https:\/\/tpv-tenerife.com\/?product=camara-ip-wifi-rotatoria-de-seguridad-para-casa-tapo-c210#primaryimage"},"thumbnailUrl":"https:\/\/tpv-tenerife.com\/wp-content\/uploads\/2023\/09\/1_normal_1616234980592x.webp","datePublished":"2023-09-21T20:42:00+00:00","dateModified":"2023-09-21T20:48:24+00:00","description":"C\u00e1mara IP Wifi Rotatoria de Seguridad para Casa Tapo C210, Grabaci\u00f3n de V\u00eddeo 2K.\u00a0Videos n\u00edtidos en calidad 2K con resoluci\u00f3n 3MPVisi\u00f3n Panor\u00e1mica 360\u00ba. La c\u00e1mara se mueve vertical y horizontalmente para grabar todos los detallesVisi\u00f3n nocturna.\u00a0Calidad de imagen n\u00edtido hasta 9 metros de distancia\u00a0","breadcrumb":{"@id":"https:\/\/tpv-tenerife.com\/?product=camara-ip-wifi-rotatoria-de-seguridad-para-casa-tapo-c210#breadcrumb"},"inLanguage":"es","potentialAction":[{"@type":"ReadAction","target":["https:\/\/tpv-tenerife.com\/?product=camara-ip-wifi-rotatoria-de-seguridad-para-casa-tapo-c210"]}]},{"@type":"ImageObject","inLanguage":"es","@id":"https:\/\/tpv-tenerife.com\/?product=camara-ip-wifi-rotatoria-de-seguridad-para-casa-tapo-c210#primaryimage","url":"https:\/\/tpv-tenerife.com\/wp-content\/uploads\/2023\/09\/1_normal_1616234980592x.webp","contentUrl":"https:\/\/tpv-tenerife.com\/wp-content\/uploads\/2023\/09\/1_normal_1616234980592x.webp","width":590,"height":590,"caption":"C\u00e1mara IP Wifi Rotatoria de Seguridad para Casa Tapo C210"},{"@type":"BreadcrumbList","@id":"https:\/\/tpv-tenerife.com\/?product=camara-ip-wifi-rotatoria-de-seguridad-para-casa-tapo-c210#breadcrumb","itemListElement":[{"@type":"ListItem","position":1,"name":"Inicio","item":"https:\/\/tpv-tenerife.com\/"},{"@type":"ListItem","position":2,"name":"Tienda","item":"https:\/\/tpv-tenerife.com\/?page_id=208"},{"@type":"ListItem","position":3,"name":"C\u00e1mara IP Wifi Rotatoria de Seguridad para Casa Tapo C210"}]},{"@type":"WebSite","@id":"https:\/\/tpv-tenerife.com\/#website","url":"https:\/\/tpv-tenerife.com\/","name":"TPV Tenerife","description":"TPV Tenerife","publisher":{"@id":"https:\/\/tpv-tenerife.com\/#organization"},"potentialAction":[{"@type":"SearchAction","target":{"@type":"EntryPoint","urlTemplate":"https:\/\/tpv-tenerife.com\/?s={search_term_string}"},"query-input":{"@type":"PropertyValueSpecification","valueRequired":true,"valueName":"search_term_string"}}],"inLanguage":"es"},{"@type":"Organization","@id":"https:\/\/tpv-tenerife.com\/#organization","name":"TPV Tenerife","alternateName":"Mega Ram - TPV Tenerife","url":"https:\/\/tpv-tenerife.com\/","logo":{"@type":"ImageObject","inLanguage":"es","@id":"https:\/\/tpv-tenerife.com\/#\/schema\/logo\/image\/","url":"https:\/\/tpv-tenerife.com\/wp-content\/uploads\/2023\/07\/logo.webp","contentUrl":"https:\/\/tpv-tenerife.com\/wp-content\/uploads\/2023\/07\/logo.webp","width":800,"height":247,"caption":"TPV Tenerife"},"image":{"@id":"https:\/\/tpv-tenerife.com\/#\/schema\/logo\/image\/"}}]}},"_links":{"self":[{"href":"https:\/\/tpv-tenerife.com\/index.php?rest_route=\/wp\/v2\/product\/5013","targetHints":{"allow":["GET"]}}],"collection":[{"href":"https:\/\/tpv-tenerife.com\/index.php?rest_route=\/wp\/v2\/product"}],"about":[{"href":"https:\/\/tpv-tenerife.com\/index.php?rest_route=\/wp\/v2\/types\/product"}],"wp:featuredmedia":[{"embeddable":true,"href":"https:\/\/tpv-tenerife.com\/index.php?rest_route=\/wp\/v2\/media\/5014"}],"wp:attachment":[{"href":"https:\/\/tpv-tenerife.com\/index.php?rest_route=%2Fwp%2Fv2%2Fmedia&parent=5013"}],"wp:term":[{"taxonomy":"product_brand","embeddable":true,"href":"https:\/\/tpv-tenerife.com\/index.php?rest_route=%2Fwp%2Fv2%2Fproduct_brand&post=5013"},{"taxonomy":"product_cat","embeddable":true,"href":"https:\/\/tpv-tenerife.com\/index.php?rest_route=%2Fwp%2Fv2%2Fproduct_cat&post=5013"},{"taxonomy":"product_tag","embeddable":true,"href":"https:\/\/tpv-tenerife.com\/index.php?rest_route=%2Fwp%2Fv2%2Fproduct_tag&post=5013"}],"curies":[{"name":"wp","href":"https:\/\/api.w.org\/{rel}","templated":true}]}}