{"id":5007,"date":"2023-09-21T20:26:15","date_gmt":"2023-09-21T20:26:15","guid":{"rendered":"https:\/\/tpv-tenerife.com\/?post_type=product&#038;p=5007"},"modified":"2023-09-21T20:26:16","modified_gmt":"2023-09-21T20:26:16","slug":"pack-sistema-videovigilancia-2-camaras","status":"publish","type":"product","link":"https:\/\/tpv-tenerife.com\/?product=pack-sistema-videovigilancia-2-camaras","title":{"rendered":"Pack Sistema VideoVigilancia 2 c\u00e1maras"},"content":{"rendered":"<p>&nbsp;<\/p>\n<p>El Pack Sistema VideoVigilancia 2 c\u00e1maras\u00a0se compone de lo siguiente:<\/p>\n<p>Grabador HD con disco duro de 1000Gb (1TB).<br \/>\n2 C\u00e1maras HD.<br \/>\n5 metros de Cable Combi por c\u00e1mara.<br \/>\nPlaca Amarilla CCTV Homologada<br \/>\nInstalaci\u00f3n.<br \/>\nConfiguraci\u00f3n de sistema en Smartphone\/Tablet\/PC<\/p>\n<p>\u00a1SIN CUOTAS MENSUALES!<\/p>\n","protected":false},"excerpt":{"rendered":"<p>&nbsp; El Pack Sistema VideoVigilancia 2 c\u00e1maras\u00a0se compone de lo siguiente: Grabador HD con disco duro de 1000Gb (1TB). 2 C\u00e1maras HD. 5 metros de Cable Combi por c\u00e1mara. Placa Amarilla CCTV Homologada Instalaci\u00f3n. Configuraci\u00f3n de sistema en Smartphone\/Tablet\/PC \u00a1SIN CUOTAS MENSUALES!<\/p>\n","protected":false},"featured_media":5008,"template":"","meta":[],"product_brand":[],"product_cat":[42],"product_tag":[117,119,118],"class_list":{"0":"post-5007","1":"product","2":"type-product","3":"status-publish","4":"has-post-thumbnail","6":"product_cat-videovigilancia","7":"product_tag-camara","8":"product_tag-seguridad","9":"product_tag-videovigilancia","11":"first","12":"instock","13":"taxable","14":"shipping-taxable","15":"purchasable","16":"product-type-simple"},"yoast_head":"<!-- This site is optimized with the Yoast SEO plugin v27.5 - https:\/\/yoast.com\/product\/yoast-seo-wordpress\/ -->\n<title>Pack Sistema VideoVigilancia 2 c\u00e1maras - TPV Tenerife<\/title>\n<meta name=\"description\" content=\"El Pack Sistema VideoVigilancia 2 c\u00e1maras se compone de lo siguiente: Grabador HD con disco duro de 1000Gb (1TB).2 C\u00e1maras HD.5 metros de Cable Combi por c\u00e1mara.Placa Amarilla CCTV HomologadaInstalaci\u00f3n.Configuraci\u00f3n de sistema en Smartphone\/Tablet\/PC\" \/>\n<meta name=\"robots\" content=\"index, follow, max-snippet:-1, max-image-preview:large, max-video-preview:-1\" \/>\n<link rel=\"canonical\" href=\"https:\/\/tpv-tenerife.com\/?product=pack-sistema-videovigilancia-2-camaras\" \/>\n<meta property=\"og:locale\" content=\"es_ES\" \/>\n<meta property=\"og:type\" content=\"article\" \/>\n<meta property=\"og:title\" content=\"Pack Sistema VideoVigilancia 2 c\u00e1maras - TPV Tenerife\" \/>\n<meta property=\"og:description\" content=\"El Pack Sistema VideoVigilancia 2 c\u00e1maras se compone de lo siguiente: Grabador HD con disco duro de 1000Gb (1TB).2 C\u00e1maras HD.5 metros de Cable Combi por c\u00e1mara.Placa Amarilla CCTV HomologadaInstalaci\u00f3n.Configuraci\u00f3n de sistema en Smartphone\/Tablet\/PC\" \/>\n<meta property=\"og:url\" content=\"https:\/\/tpv-tenerife.com\/?product=pack-sistema-videovigilancia-2-camaras\" \/>\n<meta property=\"og:site_name\" content=\"TPV Tenerife\" \/>\n<meta property=\"article:modified_time\" content=\"2023-09-21T20:26:16+00:00\" \/>\n<meta property=\"og:image\" content=\"https:\/\/tpv-tenerife.com\/wp-content\/uploads\/2023\/09\/7108ee1a61aa4cfeb33ad570f1f06c50.webp\" \/>\n\t<meta property=\"og:image:width\" content=\"590\" \/>\n\t<meta property=\"og:image:height\" content=\"590\" \/>\n\t<meta property=\"og:image:type\" content=\"image\/webp\" \/>\n<meta name=\"twitter:card\" content=\"summary_large_image\" \/>\n<meta name=\"twitter:label1\" content=\"Tiempo de lectura\" \/>\n\t<meta name=\"twitter:data1\" content=\"1 minuto\" \/>\n<script type=\"application\/ld+json\" class=\"yoast-schema-graph\">{\"@context\":\"https:\\\/\\\/schema.org\",\"@graph\":[{\"@type\":\"WebPage\",\"@id\":\"https:\\\/\\\/tpv-tenerife.com\\\/?product=pack-sistema-videovigilancia-2-camaras\",\"url\":\"https:\\\/\\\/tpv-tenerife.com\\\/?product=pack-sistema-videovigilancia-2-camaras\",\"name\":\"Pack Sistema VideoVigilancia 2 c\u00e1maras - TPV Tenerife\",\"isPartOf\":{\"@id\":\"https:\\\/\\\/tpv-tenerife.com\\\/#website\"},\"primaryImageOfPage\":{\"@id\":\"https:\\\/\\\/tpv-tenerife.com\\\/?product=pack-sistema-videovigilancia-2-camaras#primaryimage\"},\"image\":{\"@id\":\"https:\\\/\\\/tpv-tenerife.com\\\/?product=pack-sistema-videovigilancia-2-camaras#primaryimage\"},\"thumbnailUrl\":\"https:\\\/\\\/tpv-tenerife.com\\\/wp-content\\\/uploads\\\/2023\\\/09\\\/7108ee1a61aa4cfeb33ad570f1f06c50.webp\",\"datePublished\":\"2023-09-21T20:26:15+00:00\",\"dateModified\":\"2023-09-21T20:26:16+00:00\",\"description\":\"El Pack Sistema VideoVigilancia 2 c\u00e1maras se compone de lo siguiente: Grabador HD con disco duro de 1000Gb (1TB).2 C\u00e1maras HD.5 metros de Cable Combi por c\u00e1mara.Placa Amarilla CCTV HomologadaInstalaci\u00f3n.Configuraci\u00f3n de sistema en Smartphone\\\/Tablet\\\/PC\",\"breadcrumb\":{\"@id\":\"https:\\\/\\\/tpv-tenerife.com\\\/?product=pack-sistema-videovigilancia-2-camaras#breadcrumb\"},\"inLanguage\":\"es\",\"potentialAction\":[{\"@type\":\"ReadAction\",\"target\":[\"https:\\\/\\\/tpv-tenerife.com\\\/?product=pack-sistema-videovigilancia-2-camaras\"]}]},{\"@type\":\"ImageObject\",\"inLanguage\":\"es\",\"@id\":\"https:\\\/\\\/tpv-tenerife.com\\\/?product=pack-sistema-videovigilancia-2-camaras#primaryimage\",\"url\":\"https:\\\/\\\/tpv-tenerife.com\\\/wp-content\\\/uploads\\\/2023\\\/09\\\/7108ee1a61aa4cfeb33ad570f1f06c50.webp\",\"contentUrl\":\"https:\\\/\\\/tpv-tenerife.com\\\/wp-content\\\/uploads\\\/2023\\\/09\\\/7108ee1a61aa4cfeb33ad570f1f06c50.webp\",\"width\":590,\"height\":590,\"caption\":\"Pack Sistema VideoVigilancia 2 c\u00e1maras\"},{\"@type\":\"BreadcrumbList\",\"@id\":\"https:\\\/\\\/tpv-tenerife.com\\\/?product=pack-sistema-videovigilancia-2-camaras#breadcrumb\",\"itemListElement\":[{\"@type\":\"ListItem\",\"position\":1,\"name\":\"Inicio\",\"item\":\"https:\\\/\\\/tpv-tenerife.com\\\/\"},{\"@type\":\"ListItem\",\"position\":2,\"name\":\"Tienda\",\"item\":\"https:\\\/\\\/tpv-tenerife.com\\\/?page_id=208\"},{\"@type\":\"ListItem\",\"position\":3,\"name\":\"Pack Sistema VideoVigilancia 2 c\u00e1maras\"}]},{\"@type\":\"WebSite\",\"@id\":\"https:\\\/\\\/tpv-tenerife.com\\\/#website\",\"url\":\"https:\\\/\\\/tpv-tenerife.com\\\/\",\"name\":\"TPV Tenerife\",\"description\":\"TPV Tenerife\",\"publisher\":{\"@id\":\"https:\\\/\\\/tpv-tenerife.com\\\/#organization\"},\"potentialAction\":[{\"@type\":\"SearchAction\",\"target\":{\"@type\":\"EntryPoint\",\"urlTemplate\":\"https:\\\/\\\/tpv-tenerife.com\\\/?s={search_term_string}\"},\"query-input\":{\"@type\":\"PropertyValueSpecification\",\"valueRequired\":true,\"valueName\":\"search_term_string\"}}],\"inLanguage\":\"es\"},{\"@type\":\"Organization\",\"@id\":\"https:\\\/\\\/tpv-tenerife.com\\\/#organization\",\"name\":\"TPV Tenerife\",\"alternateName\":\"Mega Ram - TPV Tenerife\",\"url\":\"https:\\\/\\\/tpv-tenerife.com\\\/\",\"logo\":{\"@type\":\"ImageObject\",\"inLanguage\":\"es\",\"@id\":\"https:\\\/\\\/tpv-tenerife.com\\\/#\\\/schema\\\/logo\\\/image\\\/\",\"url\":\"https:\\\/\\\/tpv-tenerife.com\\\/wp-content\\\/uploads\\\/2023\\\/07\\\/logo.webp\",\"contentUrl\":\"https:\\\/\\\/tpv-tenerife.com\\\/wp-content\\\/uploads\\\/2023\\\/07\\\/logo.webp\",\"width\":800,\"height\":247,\"caption\":\"TPV Tenerife\"},\"image\":{\"@id\":\"https:\\\/\\\/tpv-tenerife.com\\\/#\\\/schema\\\/logo\\\/image\\\/\"}}]}<\/script>\n<!-- \/ Yoast SEO plugin. -->","yoast_head_json":{"title":"Pack Sistema VideoVigilancia 2 c\u00e1maras - TPV Tenerife","description":"El Pack Sistema VideoVigilancia 2 c\u00e1maras se compone de lo siguiente: Grabador HD con disco duro de 1000Gb (1TB).2 C\u00e1maras HD.5 metros de Cable Combi por c\u00e1mara.Placa Amarilla CCTV HomologadaInstalaci\u00f3n.Configuraci\u00f3n de sistema en Smartphone\/Tablet\/PC","robots":{"index":"index","follow":"follow","max-snippet":"max-snippet:-1","max-image-preview":"max-image-preview:large","max-video-preview":"max-video-preview:-1"},"canonical":"https:\/\/tpv-tenerife.com\/?product=pack-sistema-videovigilancia-2-camaras","og_locale":"es_ES","og_type":"article","og_title":"Pack Sistema VideoVigilancia 2 c\u00e1maras - TPV Tenerife","og_description":"El Pack Sistema VideoVigilancia 2 c\u00e1maras se compone de lo siguiente: Grabador HD con disco duro de 1000Gb (1TB).2 C\u00e1maras HD.5 metros de Cable Combi por c\u00e1mara.Placa Amarilla CCTV HomologadaInstalaci\u00f3n.Configuraci\u00f3n de sistema en Smartphone\/Tablet\/PC","og_url":"https:\/\/tpv-tenerife.com\/?product=pack-sistema-videovigilancia-2-camaras","og_site_name":"TPV Tenerife","article_modified_time":"2023-09-21T20:26:16+00:00","og_image":[{"width":590,"height":590,"url":"https:\/\/tpv-tenerife.com\/wp-content\/uploads\/2023\/09\/7108ee1a61aa4cfeb33ad570f1f06c50.webp","type":"image\/webp"}],"twitter_card":"summary_large_image","twitter_misc":{"Tiempo de lectura":"1 minuto"},"schema":{"@context":"https:\/\/schema.org","@graph":[{"@type":"WebPage","@id":"https:\/\/tpv-tenerife.com\/?product=pack-sistema-videovigilancia-2-camaras","url":"https:\/\/tpv-tenerife.com\/?product=pack-sistema-videovigilancia-2-camaras","name":"Pack Sistema VideoVigilancia 2 c\u00e1maras - TPV Tenerife","isPartOf":{"@id":"https:\/\/tpv-tenerife.com\/#website"},"primaryImageOfPage":{"@id":"https:\/\/tpv-tenerife.com\/?product=pack-sistema-videovigilancia-2-camaras#primaryimage"},"image":{"@id":"https:\/\/tpv-tenerife.com\/?product=pack-sistema-videovigilancia-2-camaras#primaryimage"},"thumbnailUrl":"https:\/\/tpv-tenerife.com\/wp-content\/uploads\/2023\/09\/7108ee1a61aa4cfeb33ad570f1f06c50.webp","datePublished":"2023-09-21T20:26:15+00:00","dateModified":"2023-09-21T20:26:16+00:00","description":"El Pack Sistema VideoVigilancia 2 c\u00e1maras se compone de lo siguiente: Grabador HD con disco duro de 1000Gb (1TB).2 C\u00e1maras HD.5 metros de Cable Combi por c\u00e1mara.Placa Amarilla CCTV HomologadaInstalaci\u00f3n.Configuraci\u00f3n de sistema en Smartphone\/Tablet\/PC","breadcrumb":{"@id":"https:\/\/tpv-tenerife.com\/?product=pack-sistema-videovigilancia-2-camaras#breadcrumb"},"inLanguage":"es","potentialAction":[{"@type":"ReadAction","target":["https:\/\/tpv-tenerife.com\/?product=pack-sistema-videovigilancia-2-camaras"]}]},{"@type":"ImageObject","inLanguage":"es","@id":"https:\/\/tpv-tenerife.com\/?product=pack-sistema-videovigilancia-2-camaras#primaryimage","url":"https:\/\/tpv-tenerife.com\/wp-content\/uploads\/2023\/09\/7108ee1a61aa4cfeb33ad570f1f06c50.webp","contentUrl":"https:\/\/tpv-tenerife.com\/wp-content\/uploads\/2023\/09\/7108ee1a61aa4cfeb33ad570f1f06c50.webp","width":590,"height":590,"caption":"Pack Sistema VideoVigilancia 2 c\u00e1maras"},{"@type":"BreadcrumbList","@id":"https:\/\/tpv-tenerife.com\/?product=pack-sistema-videovigilancia-2-camaras#breadcrumb","itemListElement":[{"@type":"ListItem","position":1,"name":"Inicio","item":"https:\/\/tpv-tenerife.com\/"},{"@type":"ListItem","position":2,"name":"Tienda","item":"https:\/\/tpv-tenerife.com\/?page_id=208"},{"@type":"ListItem","position":3,"name":"Pack Sistema VideoVigilancia 2 c\u00e1maras"}]},{"@type":"WebSite","@id":"https:\/\/tpv-tenerife.com\/#website","url":"https:\/\/tpv-tenerife.com\/","name":"TPV Tenerife","description":"TPV Tenerife","publisher":{"@id":"https:\/\/tpv-tenerife.com\/#organization"},"potentialAction":[{"@type":"SearchAction","target":{"@type":"EntryPoint","urlTemplate":"https:\/\/tpv-tenerife.com\/?s={search_term_string}"},"query-input":{"@type":"PropertyValueSpecification","valueRequired":true,"valueName":"search_term_string"}}],"inLanguage":"es"},{"@type":"Organization","@id":"https:\/\/tpv-tenerife.com\/#organization","name":"TPV Tenerife","alternateName":"Mega Ram - TPV Tenerife","url":"https:\/\/tpv-tenerife.com\/","logo":{"@type":"ImageObject","inLanguage":"es","@id":"https:\/\/tpv-tenerife.com\/#\/schema\/logo\/image\/","url":"https:\/\/tpv-tenerife.com\/wp-content\/uploads\/2023\/07\/logo.webp","contentUrl":"https:\/\/tpv-tenerife.com\/wp-content\/uploads\/2023\/07\/logo.webp","width":800,"height":247,"caption":"TPV Tenerife"},"image":{"@id":"https:\/\/tpv-tenerife.com\/#\/schema\/logo\/image\/"}}]}},"_links":{"self":[{"href":"https:\/\/tpv-tenerife.com\/index.php?rest_route=\/wp\/v2\/product\/5007","targetHints":{"allow":["GET"]}}],"collection":[{"href":"https:\/\/tpv-tenerife.com\/index.php?rest_route=\/wp\/v2\/product"}],"about":[{"href":"https:\/\/tpv-tenerife.com\/index.php?rest_route=\/wp\/v2\/types\/product"}],"wp:featuredmedia":[{"embeddable":true,"href":"https:\/\/tpv-tenerife.com\/index.php?rest_route=\/wp\/v2\/media\/5008"}],"wp:attachment":[{"href":"https:\/\/tpv-tenerife.com\/index.php?rest_route=%2Fwp%2Fv2%2Fmedia&parent=5007"}],"wp:term":[{"taxonomy":"product_brand","embeddable":true,"href":"https:\/\/tpv-tenerife.com\/index.php?rest_route=%2Fwp%2Fv2%2Fproduct_brand&post=5007"},{"taxonomy":"product_cat","embeddable":true,"href":"https:\/\/tpv-tenerife.com\/index.php?rest_route=%2Fwp%2Fv2%2Fproduct_cat&post=5007"},{"taxonomy":"product_tag","embeddable":true,"href":"https:\/\/tpv-tenerife.com\/index.php?rest_route=%2Fwp%2Fv2%2Fproduct_tag&post=5007"}],"curies":[{"name":"wp","href":"https:\/\/api.w.org\/{rel}","templated":true}]}}