{"id":5005,"date":"2023-09-21T17:27:21","date_gmt":"2023-09-21T17:27:21","guid":{"rendered":"https:\/\/tpv-tenerife.com\/?post_type=product&#038;p=5005"},"modified":"2023-09-21T17:27:22","modified_gmt":"2023-09-21T17:27:22","slug":"contador-detector-de-billetes-falsos-avpos-dtc100","status":"publish","type":"product","link":"https:\/\/tpv-tenerife.com\/?product=contador-detector-de-billetes-falsos-avpos-dtc100","title":{"rendered":"Contador\/Detector de billetes falsos AVPos DTC100"},"content":{"rendered":"<p>&nbsp;<\/p>\n<p>Caracter\u00edsticas del Contador\/Detector de billetes falsos AVPos DTC100<\/p>\n<p>Conteo y detecci\u00f3n de billetes falsos a alta velocidad.<\/p>\n<p>Cuenta la cantidad de billetes y el valor total de estos.<\/p>\n<p>Pantalla de d\u00edgitos con tecnolog\u00eda LED.<\/p>\n<p>Muestra informaci\u00f3n de los diferentes billetes.<\/p>\n<p>&nbsp;<\/p>\n<table class=\"alignleft\" border=\"-50\" width=\"676\" cellspacing=\"-150\" cellpadding=\"-150\">\n<tbody>\n<tr>\n<td><strong>Sistema de alimentaci\u00f3n<\/strong><\/td>\n<td>Rodillos de fricci\u00f3n<\/td>\n<\/tr>\n<tr>\n<td><strong>Capacidad de Tolva<\/strong><\/td>\n<td>120 ~ 200 billetes<\/td>\n<\/tr>\n<tr>\n<td><strong>Velocidad<\/strong><\/td>\n<td>1000 Billetes\/Minuto<\/td>\n<\/tr>\n<tr>\n<td><strong>Tama\u00f1o de billetes<\/strong><\/td>\n<td>40 x 110 (mm) ~ 100 x 185 (mm)<\/td>\n<\/tr>\n<tr>\n<td><strong>Grosor de billetes<\/strong><\/td>\n<td>0.06 (mm) ~ 0.15 (mm)<\/td>\n<\/tr>\n<tr>\n<td><strong>Display num\u00e9rico de Valor<\/strong><\/td>\n<td>3 d\u00edgitos LED<\/td>\n<\/tr>\n<tr>\n<td><strong>Display num\u00e9rico de Contador<\/strong><\/td>\n<td>4 d\u00edgitos LED<\/td>\n<\/tr>\n<tr>\n<td><strong>Dimensiones<\/strong><\/td>\n<td>310*310*310 (mm)<\/td>\n<\/tr>\n<tr>\n<td><strong>Temperatura de Funcionamiento<\/strong><\/td>\n<td>0\u00baC ~ 40\u00baC<\/td>\n<\/tr>\n<tr>\n<td><strong>Peso<\/strong><\/td>\n<td>6.3\u00a0 Kg.<\/td>\n<\/tr>\n<tr>\n<td><strong>Caracter\u00edsticas<\/strong><\/td>\n<td>Desglose del valor de los diferentes billetes<\/td>\n<\/tr>\n<tr>\n<td><strong>Certificados<\/strong><\/td>\n<td>ECB aprobado por el Banco Central Europeo, CE, RoHS<\/td>\n<\/tr>\n<\/tbody>\n<\/table>\n","protected":false},"excerpt":{"rendered":"<p>&nbsp; Caracter\u00edsticas del Contador\/Detector de billetes falsos AVPos DTC100 Conteo y detecci\u00f3n de billetes falsos a alta velocidad. Cuenta la cantidad de billetes y el valor total de estos. Pantalla de d\u00edgitos con tecnolog\u00eda LED. Muestra informaci\u00f3n de los diferentes billetes. &nbsp; Sistema de alimentaci\u00f3n Rodillos de fricci\u00f3n Capacidad de Tolva 120 ~ 200 billetes [&hellip;]<\/p>\n","protected":false},"featured_media":5006,"template":"","meta":[],"product_brand":[],"product_cat":[49],"product_tag":[115,116],"class_list":{"0":"post-5005","1":"product","2":"type-product","3":"status-publish","4":"has-post-thumbnail","6":"product_cat-contador-billetes-y-monedas","7":"product_tag-billetes","8":"product_tag-contador","10":"first","11":"instock","12":"taxable","13":"shipping-taxable","14":"purchasable","15":"product-type-simple"},"yoast_head":"<!-- This site is optimized with the Yoast SEO plugin v27.5 - https:\/\/yoast.com\/product\/yoast-seo-wordpress\/ -->\n<title>Contador\/Detector de billetes falsos AVPos DTC100 - TPV Tenerife<\/title>\n<meta name=\"description\" content=\"Contador\/Detector de billetes falsos AVPos DTC100. Conteo y detecci\u00f3n de billetes falsos a alta velocidad.Cuenta la cantidad de billetes y el valor total de estos.Pantalla de d\u00edgitos con tecnolog\u00eda LED.Muestra informaci\u00f3n de los diferentes billetes.\" \/>\n<meta name=\"robots\" content=\"index, follow, max-snippet:-1, max-image-preview:large, max-video-preview:-1\" \/>\n<link rel=\"canonical\" href=\"https:\/\/tpv-tenerife.com\/?product=contador-detector-de-billetes-falsos-avpos-dtc100\" \/>\n<meta property=\"og:locale\" content=\"es_ES\" \/>\n<meta property=\"og:type\" content=\"article\" \/>\n<meta property=\"og:title\" content=\"Contador\/Detector de billetes falsos AVPos DTC100 - TPV Tenerife\" \/>\n<meta property=\"og:description\" content=\"Contador\/Detector de billetes falsos AVPos DTC100. Conteo y detecci\u00f3n de billetes falsos a alta velocidad.Cuenta la cantidad de billetes y el valor total de estos.Pantalla de d\u00edgitos con tecnolog\u00eda LED.Muestra informaci\u00f3n de los diferentes billetes.\" \/>\n<meta property=\"og:url\" content=\"https:\/\/tpv-tenerife.com\/?product=contador-detector-de-billetes-falsos-avpos-dtc100\" \/>\n<meta property=\"og:site_name\" content=\"TPV Tenerife\" \/>\n<meta property=\"article:modified_time\" content=\"2023-09-21T17:27:22+00:00\" \/>\n<meta property=\"og:image\" content=\"https:\/\/tpv-tenerife.com\/wp-content\/uploads\/2023\/09\/DTC100.webp\" \/>\n\t<meta property=\"og:image:width\" content=\"800\" \/>\n\t<meta property=\"og:image:height\" content=\"800\" \/>\n\t<meta property=\"og:image:type\" content=\"image\/webp\" \/>\n<meta name=\"twitter:card\" content=\"summary_large_image\" \/>\n<meta name=\"twitter:label1\" content=\"Tiempo de lectura\" \/>\n\t<meta name=\"twitter:data1\" content=\"1 minuto\" \/>\n<script type=\"application\/ld+json\" class=\"yoast-schema-graph\">{\"@context\":\"https:\\\/\\\/schema.org\",\"@graph\":[{\"@type\":\"WebPage\",\"@id\":\"https:\\\/\\\/tpv-tenerife.com\\\/?product=contador-detector-de-billetes-falsos-avpos-dtc100\",\"url\":\"https:\\\/\\\/tpv-tenerife.com\\\/?product=contador-detector-de-billetes-falsos-avpos-dtc100\",\"name\":\"Contador\\\/Detector de billetes falsos AVPos DTC100 - TPV Tenerife\",\"isPartOf\":{\"@id\":\"https:\\\/\\\/tpv-tenerife.com\\\/#website\"},\"primaryImageOfPage\":{\"@id\":\"https:\\\/\\\/tpv-tenerife.com\\\/?product=contador-detector-de-billetes-falsos-avpos-dtc100#primaryimage\"},\"image\":{\"@id\":\"https:\\\/\\\/tpv-tenerife.com\\\/?product=contador-detector-de-billetes-falsos-avpos-dtc100#primaryimage\"},\"thumbnailUrl\":\"https:\\\/\\\/tpv-tenerife.com\\\/wp-content\\\/uploads\\\/2023\\\/09\\\/DTC100.webp\",\"datePublished\":\"2023-09-21T17:27:21+00:00\",\"dateModified\":\"2023-09-21T17:27:22+00:00\",\"description\":\"Contador\\\/Detector de billetes falsos AVPos DTC100. Conteo y detecci\u00f3n de billetes falsos a alta velocidad.Cuenta la cantidad de billetes y el valor total de estos.Pantalla de d\u00edgitos con tecnolog\u00eda LED.Muestra informaci\u00f3n de los diferentes billetes.\",\"breadcrumb\":{\"@id\":\"https:\\\/\\\/tpv-tenerife.com\\\/?product=contador-detector-de-billetes-falsos-avpos-dtc100#breadcrumb\"},\"inLanguage\":\"es\",\"potentialAction\":[{\"@type\":\"ReadAction\",\"target\":[\"https:\\\/\\\/tpv-tenerife.com\\\/?product=contador-detector-de-billetes-falsos-avpos-dtc100\"]}]},{\"@type\":\"ImageObject\",\"inLanguage\":\"es\",\"@id\":\"https:\\\/\\\/tpv-tenerife.com\\\/?product=contador-detector-de-billetes-falsos-avpos-dtc100#primaryimage\",\"url\":\"https:\\\/\\\/tpv-tenerife.com\\\/wp-content\\\/uploads\\\/2023\\\/09\\\/DTC100.webp\",\"contentUrl\":\"https:\\\/\\\/tpv-tenerife.com\\\/wp-content\\\/uploads\\\/2023\\\/09\\\/DTC100.webp\",\"width\":800,\"height\":800,\"caption\":\"Contador\\\/Detector de billetes falsos AVPos DTC100\"},{\"@type\":\"BreadcrumbList\",\"@id\":\"https:\\\/\\\/tpv-tenerife.com\\\/?product=contador-detector-de-billetes-falsos-avpos-dtc100#breadcrumb\",\"itemListElement\":[{\"@type\":\"ListItem\",\"position\":1,\"name\":\"Inicio\",\"item\":\"https:\\\/\\\/tpv-tenerife.com\\\/\"},{\"@type\":\"ListItem\",\"position\":2,\"name\":\"Tienda\",\"item\":\"https:\\\/\\\/tpv-tenerife.com\\\/?page_id=208\"},{\"@type\":\"ListItem\",\"position\":3,\"name\":\"Contador\\\/Detector de billetes falsos AVPos DTC100\"}]},{\"@type\":\"WebSite\",\"@id\":\"https:\\\/\\\/tpv-tenerife.com\\\/#website\",\"url\":\"https:\\\/\\\/tpv-tenerife.com\\\/\",\"name\":\"TPV Tenerife\",\"description\":\"TPV Tenerife\",\"publisher\":{\"@id\":\"https:\\\/\\\/tpv-tenerife.com\\\/#organization\"},\"potentialAction\":[{\"@type\":\"SearchAction\",\"target\":{\"@type\":\"EntryPoint\",\"urlTemplate\":\"https:\\\/\\\/tpv-tenerife.com\\\/?s={search_term_string}\"},\"query-input\":{\"@type\":\"PropertyValueSpecification\",\"valueRequired\":true,\"valueName\":\"search_term_string\"}}],\"inLanguage\":\"es\"},{\"@type\":\"Organization\",\"@id\":\"https:\\\/\\\/tpv-tenerife.com\\\/#organization\",\"name\":\"TPV Tenerife\",\"alternateName\":\"Mega Ram - TPV Tenerife\",\"url\":\"https:\\\/\\\/tpv-tenerife.com\\\/\",\"logo\":{\"@type\":\"ImageObject\",\"inLanguage\":\"es\",\"@id\":\"https:\\\/\\\/tpv-tenerife.com\\\/#\\\/schema\\\/logo\\\/image\\\/\",\"url\":\"https:\\\/\\\/tpv-tenerife.com\\\/wp-content\\\/uploads\\\/2023\\\/07\\\/logo.webp\",\"contentUrl\":\"https:\\\/\\\/tpv-tenerife.com\\\/wp-content\\\/uploads\\\/2023\\\/07\\\/logo.webp\",\"width\":800,\"height\":247,\"caption\":\"TPV Tenerife\"},\"image\":{\"@id\":\"https:\\\/\\\/tpv-tenerife.com\\\/#\\\/schema\\\/logo\\\/image\\\/\"}}]}<\/script>\n<!-- \/ Yoast SEO plugin. -->","yoast_head_json":{"title":"Contador\/Detector de billetes falsos AVPos DTC100 - TPV Tenerife","description":"Contador\/Detector de billetes falsos AVPos DTC100. Conteo y detecci\u00f3n de billetes falsos a alta velocidad.Cuenta la cantidad de billetes y el valor total de estos.Pantalla de d\u00edgitos con tecnolog\u00eda LED.Muestra informaci\u00f3n de los diferentes billetes.","robots":{"index":"index","follow":"follow","max-snippet":"max-snippet:-1","max-image-preview":"max-image-preview:large","max-video-preview":"max-video-preview:-1"},"canonical":"https:\/\/tpv-tenerife.com\/?product=contador-detector-de-billetes-falsos-avpos-dtc100","og_locale":"es_ES","og_type":"article","og_title":"Contador\/Detector de billetes falsos AVPos DTC100 - TPV Tenerife","og_description":"Contador\/Detector de billetes falsos AVPos DTC100. Conteo y detecci\u00f3n de billetes falsos a alta velocidad.Cuenta la cantidad de billetes y el valor total de estos.Pantalla de d\u00edgitos con tecnolog\u00eda LED.Muestra informaci\u00f3n de los diferentes billetes.","og_url":"https:\/\/tpv-tenerife.com\/?product=contador-detector-de-billetes-falsos-avpos-dtc100","og_site_name":"TPV Tenerife","article_modified_time":"2023-09-21T17:27:22+00:00","og_image":[{"width":800,"height":800,"url":"https:\/\/tpv-tenerife.com\/wp-content\/uploads\/2023\/09\/DTC100.webp","type":"image\/webp"}],"twitter_card":"summary_large_image","twitter_misc":{"Tiempo de lectura":"1 minuto"},"schema":{"@context":"https:\/\/schema.org","@graph":[{"@type":"WebPage","@id":"https:\/\/tpv-tenerife.com\/?product=contador-detector-de-billetes-falsos-avpos-dtc100","url":"https:\/\/tpv-tenerife.com\/?product=contador-detector-de-billetes-falsos-avpos-dtc100","name":"Contador\/Detector de billetes falsos AVPos DTC100 - TPV Tenerife","isPartOf":{"@id":"https:\/\/tpv-tenerife.com\/#website"},"primaryImageOfPage":{"@id":"https:\/\/tpv-tenerife.com\/?product=contador-detector-de-billetes-falsos-avpos-dtc100#primaryimage"},"image":{"@id":"https:\/\/tpv-tenerife.com\/?product=contador-detector-de-billetes-falsos-avpos-dtc100#primaryimage"},"thumbnailUrl":"https:\/\/tpv-tenerife.com\/wp-content\/uploads\/2023\/09\/DTC100.webp","datePublished":"2023-09-21T17:27:21+00:00","dateModified":"2023-09-21T17:27:22+00:00","description":"Contador\/Detector de billetes falsos AVPos DTC100. Conteo y detecci\u00f3n de billetes falsos a alta velocidad.Cuenta la cantidad de billetes y el valor total de estos.Pantalla de d\u00edgitos con tecnolog\u00eda LED.Muestra informaci\u00f3n de los diferentes billetes.","breadcrumb":{"@id":"https:\/\/tpv-tenerife.com\/?product=contador-detector-de-billetes-falsos-avpos-dtc100#breadcrumb"},"inLanguage":"es","potentialAction":[{"@type":"ReadAction","target":["https:\/\/tpv-tenerife.com\/?product=contador-detector-de-billetes-falsos-avpos-dtc100"]}]},{"@type":"ImageObject","inLanguage":"es","@id":"https:\/\/tpv-tenerife.com\/?product=contador-detector-de-billetes-falsos-avpos-dtc100#primaryimage","url":"https:\/\/tpv-tenerife.com\/wp-content\/uploads\/2023\/09\/DTC100.webp","contentUrl":"https:\/\/tpv-tenerife.com\/wp-content\/uploads\/2023\/09\/DTC100.webp","width":800,"height":800,"caption":"Contador\/Detector de billetes falsos AVPos DTC100"},{"@type":"BreadcrumbList","@id":"https:\/\/tpv-tenerife.com\/?product=contador-detector-de-billetes-falsos-avpos-dtc100#breadcrumb","itemListElement":[{"@type":"ListItem","position":1,"name":"Inicio","item":"https:\/\/tpv-tenerife.com\/"},{"@type":"ListItem","position":2,"name":"Tienda","item":"https:\/\/tpv-tenerife.com\/?page_id=208"},{"@type":"ListItem","position":3,"name":"Contador\/Detector de billetes falsos AVPos DTC100"}]},{"@type":"WebSite","@id":"https:\/\/tpv-tenerife.com\/#website","url":"https:\/\/tpv-tenerife.com\/","name":"TPV Tenerife","description":"TPV Tenerife","publisher":{"@id":"https:\/\/tpv-tenerife.com\/#organization"},"potentialAction":[{"@type":"SearchAction","target":{"@type":"EntryPoint","urlTemplate":"https:\/\/tpv-tenerife.com\/?s={search_term_string}"},"query-input":{"@type":"PropertyValueSpecification","valueRequired":true,"valueName":"search_term_string"}}],"inLanguage":"es"},{"@type":"Organization","@id":"https:\/\/tpv-tenerife.com\/#organization","name":"TPV Tenerife","alternateName":"Mega Ram - TPV Tenerife","url":"https:\/\/tpv-tenerife.com\/","logo":{"@type":"ImageObject","inLanguage":"es","@id":"https:\/\/tpv-tenerife.com\/#\/schema\/logo\/image\/","url":"https:\/\/tpv-tenerife.com\/wp-content\/uploads\/2023\/07\/logo.webp","contentUrl":"https:\/\/tpv-tenerife.com\/wp-content\/uploads\/2023\/07\/logo.webp","width":800,"height":247,"caption":"TPV Tenerife"},"image":{"@id":"https:\/\/tpv-tenerife.com\/#\/schema\/logo\/image\/"}}]}},"_links":{"self":[{"href":"https:\/\/tpv-tenerife.com\/index.php?rest_route=\/wp\/v2\/product\/5005","targetHints":{"allow":["GET"]}}],"collection":[{"href":"https:\/\/tpv-tenerife.com\/index.php?rest_route=\/wp\/v2\/product"}],"about":[{"href":"https:\/\/tpv-tenerife.com\/index.php?rest_route=\/wp\/v2\/types\/product"}],"wp:featuredmedia":[{"embeddable":true,"href":"https:\/\/tpv-tenerife.com\/index.php?rest_route=\/wp\/v2\/media\/5006"}],"wp:attachment":[{"href":"https:\/\/tpv-tenerife.com\/index.php?rest_route=%2Fwp%2Fv2%2Fmedia&parent=5005"}],"wp:term":[{"taxonomy":"product_brand","embeddable":true,"href":"https:\/\/tpv-tenerife.com\/index.php?rest_route=%2Fwp%2Fv2%2Fproduct_brand&post=5005"},{"taxonomy":"product_cat","embeddable":true,"href":"https:\/\/tpv-tenerife.com\/index.php?rest_route=%2Fwp%2Fv2%2Fproduct_cat&post=5005"},{"taxonomy":"product_tag","embeddable":true,"href":"https:\/\/tpv-tenerife.com\/index.php?rest_route=%2Fwp%2Fv2%2Fproduct_tag&post=5005"}],"curies":[{"name":"wp","href":"https:\/\/api.w.org\/{rel}","templated":true}]}}