{"id":5000,"date":"2023-09-21T17:20:33","date_gmt":"2023-09-21T17:20:33","guid":{"rendered":"https:\/\/tpv-tenerife.com\/?post_type=product&#038;p=5000"},"modified":"2023-09-27T18:39:24","modified_gmt":"2023-09-27T18:39:24","slug":"contador-clasificador-de-monedas-avpos-ccm6","status":"publish","type":"product","link":"https:\/\/tpv-tenerife.com\/?product=contador-clasificador-de-monedas-avpos-ccm6","title":{"rendered":"Contador\/clasificador de monedas AVPos CCM6"},"content":{"rendered":"<p>&nbsp;<\/p>\n<p>El Contador\/clasificador de monedas AVPos CCM6 cuenta y clasifica monedas desde 1 c\u00e9ntimo hasta 2 euros.<\/p>\n<p>Pantalla de d\u00edgitos con tecnolog\u00eda LED.<\/p>\n<p>Tolva de alta capacidad<\/p>\n<p>&nbsp;<\/p>\n<table class=\"alignleft\" border=\"-50\" width=\"676\" cellspacing=\"-150\" cellpadding=\"-150\">\n<tbody>\n<tr>\n<td><strong>Capacidad de Tolva<\/strong><\/td>\n<td>300 \u2013 500 Monedas<\/td>\n<\/tr>\n<tr>\n<td><strong>Velocidad<\/strong><\/td>\n<td>216 Monedas\/Minuto<\/td>\n<\/tr>\n<tr>\n<td><strong>Display num\u00e9rico valor<\/strong><\/td>\n<td>3 D\u00edgitos LED<\/td>\n<\/tr>\n<tr>\n<td><strong>Display num\u00e9rico contador<\/strong><\/td>\n<td>4 D\u00edgitos LED<\/td>\n<\/tr>\n<tr>\n<td><strong>Dimensiones<\/strong><\/td>\n<td>355 x 330 x 266 (mm)<\/td>\n<\/tr>\n<tr>\n<td><strong>Temperatura de funcionamiento<\/strong><\/td>\n<td>0\u00baC \u2013 40\u00baC<\/td>\n<\/tr>\n<tr>\n<td><strong>Peso<\/strong><\/td>\n<td>4.5 Kg<\/td>\n<\/tr>\n<tr>\n<td><strong>Certificaci\u00f3n<\/strong><\/td>\n<td>ECB Aprobado por el Banco Central Europeo, CE, RoHS<\/td>\n<\/tr>\n<\/tbody>\n<\/table>\n","protected":false},"excerpt":{"rendered":"<p>&nbsp; El Contador\/clasificador de monedas AVPos CCM6 cuenta y clasifica monedas desde 1 c\u00e9ntimo hasta 2 euros. Pantalla de d\u00edgitos con tecnolog\u00eda LED. Tolva de alta capacidad &nbsp; Capacidad de Tolva 300 \u2013 500 Monedas Velocidad 216 Monedas\/Minuto Display num\u00e9rico valor 3 D\u00edgitos LED Display num\u00e9rico contador 4 D\u00edgitos LED Dimensiones 355 x 330 x [&hellip;]<\/p>\n","protected":false},"featured_media":5004,"template":"","meta":[],"product_brand":[],"product_cat":[49],"product_tag":[147,116,146],"class_list":{"0":"post-5000","1":"product","2":"type-product","3":"status-publish","4":"has-post-thumbnail","6":"product_cat-contador-billetes-y-monedas","7":"product_tag-clasificador","8":"product_tag-contador","9":"product_tag-moneda","11":"first","12":"instock","13":"taxable","14":"shipping-taxable","15":"purchasable","16":"product-type-simple"},"yoast_head":"<!-- This site is optimized with the Yoast SEO plugin v27.5 - https:\/\/yoast.com\/product\/yoast-seo-wordpress\/ -->\n<title>Contador\/clasificador de monedas AVPos CCM6 - TPV Tenerife<\/title>\n<meta name=\"description\" content=\"El Contador\/clasificador de monedas AVPos CCM6 cuenta y clasifica monedas desde 1 c\u00e9ntimo hasta 2 euros.Pantalla de d\u00edgitos con tecnolog\u00eda LED.Tolva de alta capacidad\" \/>\n<meta name=\"robots\" content=\"index, follow, max-snippet:-1, max-image-preview:large, max-video-preview:-1\" \/>\n<link rel=\"canonical\" href=\"https:\/\/tpv-tenerife.com\/?product=contador-clasificador-de-monedas-avpos-ccm6\" \/>\n<meta property=\"og:locale\" content=\"es_ES\" \/>\n<meta property=\"og:type\" content=\"article\" \/>\n<meta property=\"og:title\" content=\"Contador\/clasificador de monedas AVPos CCM6 - TPV Tenerife\" \/>\n<meta property=\"og:description\" content=\"El Contador\/clasificador de monedas AVPos CCM6 cuenta y clasifica monedas desde 1 c\u00e9ntimo hasta 2 euros.Pantalla de d\u00edgitos con tecnolog\u00eda LED.Tolva de alta capacidad\" \/>\n<meta property=\"og:url\" content=\"https:\/\/tpv-tenerife.com\/?product=contador-clasificador-de-monedas-avpos-ccm6\" \/>\n<meta property=\"og:site_name\" content=\"TPV Tenerife\" \/>\n<meta property=\"article:modified_time\" content=\"2023-09-27T18:39:24+00:00\" \/>\n<meta property=\"og:image\" content=\"https:\/\/tpv-tenerife.com\/wp-content\/uploads\/2023\/09\/1-1-600x522-1.webp\" \/>\n\t<meta property=\"og:image:width\" content=\"600\" \/>\n\t<meta property=\"og:image:height\" content=\"522\" \/>\n\t<meta property=\"og:image:type\" content=\"image\/webp\" \/>\n<meta name=\"twitter:card\" content=\"summary_large_image\" \/>\n<meta name=\"twitter:label1\" content=\"Tiempo de lectura\" \/>\n\t<meta name=\"twitter:data1\" content=\"1 minuto\" \/>\n<script type=\"application\/ld+json\" class=\"yoast-schema-graph\">{\"@context\":\"https:\\\/\\\/schema.org\",\"@graph\":[{\"@type\":\"WebPage\",\"@id\":\"https:\\\/\\\/tpv-tenerife.com\\\/?product=contador-clasificador-de-monedas-avpos-ccm6\",\"url\":\"https:\\\/\\\/tpv-tenerife.com\\\/?product=contador-clasificador-de-monedas-avpos-ccm6\",\"name\":\"Contador\\\/clasificador de monedas AVPos CCM6 - TPV Tenerife\",\"isPartOf\":{\"@id\":\"https:\\\/\\\/tpv-tenerife.com\\\/#website\"},\"primaryImageOfPage\":{\"@id\":\"https:\\\/\\\/tpv-tenerife.com\\\/?product=contador-clasificador-de-monedas-avpos-ccm6#primaryimage\"},\"image\":{\"@id\":\"https:\\\/\\\/tpv-tenerife.com\\\/?product=contador-clasificador-de-monedas-avpos-ccm6#primaryimage\"},\"thumbnailUrl\":\"https:\\\/\\\/tpv-tenerife.com\\\/wp-content\\\/uploads\\\/2023\\\/09\\\/1-1-600x522-1.webp\",\"datePublished\":\"2023-09-21T17:20:33+00:00\",\"dateModified\":\"2023-09-27T18:39:24+00:00\",\"description\":\"El Contador\\\/clasificador de monedas AVPos CCM6 cuenta y clasifica monedas desde 1 c\u00e9ntimo hasta 2 euros.Pantalla de d\u00edgitos con tecnolog\u00eda LED.Tolva de alta capacidad\",\"breadcrumb\":{\"@id\":\"https:\\\/\\\/tpv-tenerife.com\\\/?product=contador-clasificador-de-monedas-avpos-ccm6#breadcrumb\"},\"inLanguage\":\"es\",\"potentialAction\":[{\"@type\":\"ReadAction\",\"target\":[\"https:\\\/\\\/tpv-tenerife.com\\\/?product=contador-clasificador-de-monedas-avpos-ccm6\"]}]},{\"@type\":\"ImageObject\",\"inLanguage\":\"es\",\"@id\":\"https:\\\/\\\/tpv-tenerife.com\\\/?product=contador-clasificador-de-monedas-avpos-ccm6#primaryimage\",\"url\":\"https:\\\/\\\/tpv-tenerife.com\\\/wp-content\\\/uploads\\\/2023\\\/09\\\/1-1-600x522-1.webp\",\"contentUrl\":\"https:\\\/\\\/tpv-tenerife.com\\\/wp-content\\\/uploads\\\/2023\\\/09\\\/1-1-600x522-1.webp\",\"width\":600,\"height\":522,\"caption\":\"Contador\\\/clasificador de monedas AVPos CCM6\"},{\"@type\":\"BreadcrumbList\",\"@id\":\"https:\\\/\\\/tpv-tenerife.com\\\/?product=contador-clasificador-de-monedas-avpos-ccm6#breadcrumb\",\"itemListElement\":[{\"@type\":\"ListItem\",\"position\":1,\"name\":\"Inicio\",\"item\":\"https:\\\/\\\/tpv-tenerife.com\\\/\"},{\"@type\":\"ListItem\",\"position\":2,\"name\":\"Tienda\",\"item\":\"https:\\\/\\\/tpv-tenerife.com\\\/?page_id=208\"},{\"@type\":\"ListItem\",\"position\":3,\"name\":\"Contador\\\/clasificador de monedas AVPos CCM6\"}]},{\"@type\":\"WebSite\",\"@id\":\"https:\\\/\\\/tpv-tenerife.com\\\/#website\",\"url\":\"https:\\\/\\\/tpv-tenerife.com\\\/\",\"name\":\"TPV Tenerife\",\"description\":\"TPV Tenerife\",\"publisher\":{\"@id\":\"https:\\\/\\\/tpv-tenerife.com\\\/#organization\"},\"potentialAction\":[{\"@type\":\"SearchAction\",\"target\":{\"@type\":\"EntryPoint\",\"urlTemplate\":\"https:\\\/\\\/tpv-tenerife.com\\\/?s={search_term_string}\"},\"query-input\":{\"@type\":\"PropertyValueSpecification\",\"valueRequired\":true,\"valueName\":\"search_term_string\"}}],\"inLanguage\":\"es\"},{\"@type\":\"Organization\",\"@id\":\"https:\\\/\\\/tpv-tenerife.com\\\/#organization\",\"name\":\"TPV Tenerife\",\"alternateName\":\"Mega Ram - TPV Tenerife\",\"url\":\"https:\\\/\\\/tpv-tenerife.com\\\/\",\"logo\":{\"@type\":\"ImageObject\",\"inLanguage\":\"es\",\"@id\":\"https:\\\/\\\/tpv-tenerife.com\\\/#\\\/schema\\\/logo\\\/image\\\/\",\"url\":\"https:\\\/\\\/tpv-tenerife.com\\\/wp-content\\\/uploads\\\/2023\\\/07\\\/logo.webp\",\"contentUrl\":\"https:\\\/\\\/tpv-tenerife.com\\\/wp-content\\\/uploads\\\/2023\\\/07\\\/logo.webp\",\"width\":800,\"height\":247,\"caption\":\"TPV Tenerife\"},\"image\":{\"@id\":\"https:\\\/\\\/tpv-tenerife.com\\\/#\\\/schema\\\/logo\\\/image\\\/\"}}]}<\/script>\n<!-- \/ Yoast SEO plugin. -->","yoast_head_json":{"title":"Contador\/clasificador de monedas AVPos CCM6 - TPV Tenerife","description":"El Contador\/clasificador de monedas AVPos CCM6 cuenta y clasifica monedas desde 1 c\u00e9ntimo hasta 2 euros.Pantalla de d\u00edgitos con tecnolog\u00eda LED.Tolva de alta capacidad","robots":{"index":"index","follow":"follow","max-snippet":"max-snippet:-1","max-image-preview":"max-image-preview:large","max-video-preview":"max-video-preview:-1"},"canonical":"https:\/\/tpv-tenerife.com\/?product=contador-clasificador-de-monedas-avpos-ccm6","og_locale":"es_ES","og_type":"article","og_title":"Contador\/clasificador de monedas AVPos CCM6 - TPV Tenerife","og_description":"El Contador\/clasificador de monedas AVPos CCM6 cuenta y clasifica monedas desde 1 c\u00e9ntimo hasta 2 euros.Pantalla de d\u00edgitos con tecnolog\u00eda LED.Tolva de alta capacidad","og_url":"https:\/\/tpv-tenerife.com\/?product=contador-clasificador-de-monedas-avpos-ccm6","og_site_name":"TPV Tenerife","article_modified_time":"2023-09-27T18:39:24+00:00","og_image":[{"width":600,"height":522,"url":"https:\/\/tpv-tenerife.com\/wp-content\/uploads\/2023\/09\/1-1-600x522-1.webp","type":"image\/webp"}],"twitter_card":"summary_large_image","twitter_misc":{"Tiempo de lectura":"1 minuto"},"schema":{"@context":"https:\/\/schema.org","@graph":[{"@type":"WebPage","@id":"https:\/\/tpv-tenerife.com\/?product=contador-clasificador-de-monedas-avpos-ccm6","url":"https:\/\/tpv-tenerife.com\/?product=contador-clasificador-de-monedas-avpos-ccm6","name":"Contador\/clasificador de monedas AVPos CCM6 - TPV Tenerife","isPartOf":{"@id":"https:\/\/tpv-tenerife.com\/#website"},"primaryImageOfPage":{"@id":"https:\/\/tpv-tenerife.com\/?product=contador-clasificador-de-monedas-avpos-ccm6#primaryimage"},"image":{"@id":"https:\/\/tpv-tenerife.com\/?product=contador-clasificador-de-monedas-avpos-ccm6#primaryimage"},"thumbnailUrl":"https:\/\/tpv-tenerife.com\/wp-content\/uploads\/2023\/09\/1-1-600x522-1.webp","datePublished":"2023-09-21T17:20:33+00:00","dateModified":"2023-09-27T18:39:24+00:00","description":"El Contador\/clasificador de monedas AVPos CCM6 cuenta y clasifica monedas desde 1 c\u00e9ntimo hasta 2 euros.Pantalla de d\u00edgitos con tecnolog\u00eda LED.Tolva de alta capacidad","breadcrumb":{"@id":"https:\/\/tpv-tenerife.com\/?product=contador-clasificador-de-monedas-avpos-ccm6#breadcrumb"},"inLanguage":"es","potentialAction":[{"@type":"ReadAction","target":["https:\/\/tpv-tenerife.com\/?product=contador-clasificador-de-monedas-avpos-ccm6"]}]},{"@type":"ImageObject","inLanguage":"es","@id":"https:\/\/tpv-tenerife.com\/?product=contador-clasificador-de-monedas-avpos-ccm6#primaryimage","url":"https:\/\/tpv-tenerife.com\/wp-content\/uploads\/2023\/09\/1-1-600x522-1.webp","contentUrl":"https:\/\/tpv-tenerife.com\/wp-content\/uploads\/2023\/09\/1-1-600x522-1.webp","width":600,"height":522,"caption":"Contador\/clasificador de monedas AVPos CCM6"},{"@type":"BreadcrumbList","@id":"https:\/\/tpv-tenerife.com\/?product=contador-clasificador-de-monedas-avpos-ccm6#breadcrumb","itemListElement":[{"@type":"ListItem","position":1,"name":"Inicio","item":"https:\/\/tpv-tenerife.com\/"},{"@type":"ListItem","position":2,"name":"Tienda","item":"https:\/\/tpv-tenerife.com\/?page_id=208"},{"@type":"ListItem","position":3,"name":"Contador\/clasificador de monedas AVPos CCM6"}]},{"@type":"WebSite","@id":"https:\/\/tpv-tenerife.com\/#website","url":"https:\/\/tpv-tenerife.com\/","name":"TPV Tenerife","description":"TPV Tenerife","publisher":{"@id":"https:\/\/tpv-tenerife.com\/#organization"},"potentialAction":[{"@type":"SearchAction","target":{"@type":"EntryPoint","urlTemplate":"https:\/\/tpv-tenerife.com\/?s={search_term_string}"},"query-input":{"@type":"PropertyValueSpecification","valueRequired":true,"valueName":"search_term_string"}}],"inLanguage":"es"},{"@type":"Organization","@id":"https:\/\/tpv-tenerife.com\/#organization","name":"TPV Tenerife","alternateName":"Mega Ram - TPV Tenerife","url":"https:\/\/tpv-tenerife.com\/","logo":{"@type":"ImageObject","inLanguage":"es","@id":"https:\/\/tpv-tenerife.com\/#\/schema\/logo\/image\/","url":"https:\/\/tpv-tenerife.com\/wp-content\/uploads\/2023\/07\/logo.webp","contentUrl":"https:\/\/tpv-tenerife.com\/wp-content\/uploads\/2023\/07\/logo.webp","width":800,"height":247,"caption":"TPV Tenerife"},"image":{"@id":"https:\/\/tpv-tenerife.com\/#\/schema\/logo\/image\/"}}]}},"_links":{"self":[{"href":"https:\/\/tpv-tenerife.com\/index.php?rest_route=\/wp\/v2\/product\/5000","targetHints":{"allow":["GET"]}}],"collection":[{"href":"https:\/\/tpv-tenerife.com\/index.php?rest_route=\/wp\/v2\/product"}],"about":[{"href":"https:\/\/tpv-tenerife.com\/index.php?rest_route=\/wp\/v2\/types\/product"}],"wp:featuredmedia":[{"embeddable":true,"href":"https:\/\/tpv-tenerife.com\/index.php?rest_route=\/wp\/v2\/media\/5004"}],"wp:attachment":[{"href":"https:\/\/tpv-tenerife.com\/index.php?rest_route=%2Fwp%2Fv2%2Fmedia&parent=5000"}],"wp:term":[{"taxonomy":"product_brand","embeddable":true,"href":"https:\/\/tpv-tenerife.com\/index.php?rest_route=%2Fwp%2Fv2%2Fproduct_brand&post=5000"},{"taxonomy":"product_cat","embeddable":true,"href":"https:\/\/tpv-tenerife.com\/index.php?rest_route=%2Fwp%2Fv2%2Fproduct_cat&post=5000"},{"taxonomy":"product_tag","embeddable":true,"href":"https:\/\/tpv-tenerife.com\/index.php?rest_route=%2Fwp%2Fv2%2Fproduct_tag&post=5000"}],"curies":[{"name":"wp","href":"https:\/\/api.w.org\/{rel}","templated":true}]}}