{"id":4975,"date":"2023-09-20T17:00:25","date_gmt":"2023-09-20T17:00:25","guid":{"rendered":"https:\/\/tpv-tenerife.com\/?post_type=product&#038;p=4975"},"modified":"2023-09-20T17:00:26","modified_gmt":"2023-09-20T17:00:26","slug":"lector-de-codigos-de-barras-2d-avpos-630-2d-sobremesa","status":"publish","type":"product","link":"https:\/\/tpv-tenerife.com\/?product=lector-de-codigos-de-barras-2d-avpos-630-2d-sobremesa","title":{"rendered":"Lector de C\u00f3digos de barras 2D AVPos 630-2D Sobremesa"},"content":{"rendered":"<p>El Lector de C\u00f3digos de barras 2D AVPos 630-2D Sobremesa, un lector compacto y de excelente rendimiento que escanea c\u00f3digos 2D para agilizar el trabajo con velocidad y precisi\u00f3n. Debido al auge de estos c\u00f3digos en AVPos hemos desarrollado este lector con la m\u00e1s alta tecnolog\u00eda sin resultar por ello un lector de precio alto.<\/p>\n<p>&nbsp;<\/p>\n<table class=\"alignleft\" border=\"-50\" width=\"676\" cellspacing=\"-150\" cellpadding=\"-150\">\n<tbody>\n<tr>\n<td colspan=\"2\"><strong>Par\u00e1metros de rendimiento<\/strong><\/td>\n<\/tr>\n<tr>\n<td><strong>Dimensiones<\/strong><\/td>\n<td>98.5*98.5*148.6mm<\/td>\n<\/tr>\n<tr>\n<td><strong>Lectura<\/strong><\/td>\n<td>Impresi\u00f3n de c\u00f3digos 1D y 2D en papel y pantallas<\/td>\n<\/tr>\n<tr>\n<td><strong>Sensor<\/strong><\/td>\n<td>640*480 CMOS<\/td>\n<\/tr>\n<tr>\n<td><strong>Modo de Escaner<br \/>\n<\/strong><\/td>\n<td>Escaneo Autom\u00e1tico<\/td>\n<\/tr>\n<tr>\n<td><strong>Peso<\/strong><\/td>\n<td>370g<\/td>\n<\/tr>\n<tr>\n<td><strong>Velocidad de escaneo<\/strong><\/td>\n<td>30 Fps<\/td>\n<\/tr>\n<tr>\n<td><strong>Soporte OS<\/strong><\/td>\n<td>Linux\u3001Android\u3001Windows XP\u30017\u30018\u300110\u3001MACOS<\/td>\n<\/tr>\n<tr>\n<td><strong>Contraste m\u00ednimo<\/strong><\/td>\n<td>20%<\/td>\n<\/tr>\n<tr>\n<td><strong>Escaner<\/strong><\/td>\n<td>Esc\u00e1ner de im\u00e1genes 1D + 2D<\/td>\n<\/tr>\n<tr>\n<td><strong>\u00c1ngulo de escaneo<\/strong><\/td>\n<td>Horizontal : \u00b170\u00b0 Vertical\uff1a\u00b160\u00b0 Rotaci\u00f3n: \u00b1360\u00b0<\/td>\n<\/tr>\n<tr>\n<td><strong>Nivel Rugerizado<br \/>\n<\/strong><\/td>\n<td>Dise\u00f1ado para soportar ca\u00eddas de 1,5 M sobre el hormig\u00f3n 3 veces<\/td>\n<\/tr>\n<tr>\n<td><em><strong>Temperatura de funcionamiento<\/strong><\/em><\/td>\n<td>0-60\u2103<\/td>\n<\/tr>\n<tr>\n<td><em><strong>Formato de C\u00f3digo<\/strong><\/em><\/td>\n<td>EAN-8\u3001EAN-13\u3001EAN-13\u00a02\u00a0add-on\u3001\u00a0EAN-13\u00a05\u00a0add-on\u3001ISBN\u3001UPC-A\u3001UPC-E\u3001Code\u00a039\u3001Code 39 FullASCII\u3001Code\u00a093\u3001Code\u00a0128\u3001Codabar\u3001Industrial\u00a02\u00a0of\u00a05\u3001Interleaved\u00a02\u00a0of\u00a05\u3001Matrix\u00a02\u00a0of\u00a05\u3001GS1-128\u3001GS1 DataBar\uff08RSS14\uff09(Stacked)\u3001GS1\u00a0DataBar\u00a0Limited\u3001Standard 25\u3001GS1\u00a0DataBar\u00a0Expanded<\/td>\n<\/tr>\n<tr>\n<td><strong>Formato de imagen 2D<\/strong><\/td>\n<td>PDF417\u3001MicroPDF417\u3001MicroQR\u3001\u00a0Data\u00a0Matrix\u3001QR Code<\/td>\n<\/tr>\n<tr>\n<td><strong>Idiomas soportados<\/strong><\/td>\n<td>American-English, French, Italian, German, Spanish, Turkish Q,\u00a0 Belgian (French),Portuguese (Brazil),Portuguese (Portugal)<\/td>\n<\/tr>\n<tr>\n<td><strong>Certificaci\u00f3n<\/strong><\/td>\n<td>CE, RoHS Y FCC<\/td>\n<\/tr>\n<\/tbody>\n<\/table>\n","protected":false},"excerpt":{"rendered":"<p>El Lector de C\u00f3digos de barras 2D AVPos 630-2D Sobremesa, un lector compacto y de excelente rendimiento que escanea c\u00f3digos 2D para agilizar el trabajo con velocidad y precisi\u00f3n. Debido al auge de estos c\u00f3digos en AVPos hemos desarrollado este lector con la m\u00e1s alta tecnolog\u00eda sin resultar por ello un lector de precio alto. [&hellip;]<\/p>\n","protected":false},"featured_media":4981,"template":"","meta":[],"product_brand":[],"product_cat":[41],"product_tag":[112,111],"class_list":{"0":"post-4975","1":"product","2":"type-product","3":"status-publish","4":"has-post-thumbnail","6":"product_cat-lectores-de-codigo","7":"product_tag-codigos","8":"product_tag-lector","10":"first","11":"instock","12":"taxable","13":"shipping-taxable","14":"purchasable","15":"product-type-simple"},"yoast_head":"<!-- This site is optimized with the Yoast SEO plugin v27.5 - https:\/\/yoast.com\/product\/yoast-seo-wordpress\/ -->\n<title>Lector de C\u00f3digos de barras 2D AVPos 630-2D Sobremesa - TPV Tenerife<\/title>\n<meta name=\"description\" content=\"El Lector de C\u00f3digos de barras 2D AVPos 630-2D Sobremesa, un lector compacto y de excelente rendimiento que escanea c\u00f3digos 2D para agilizar el trabajo con velocidad y precisi\u00f3n. Debido al auge de estos c\u00f3digos en AVPos hemos desarrollado este lector con la m\u00e1s alta tecnolog\u00eda sin resultar por ello un lector de precio alto.\" \/>\n<meta name=\"robots\" content=\"index, follow, max-snippet:-1, max-image-preview:large, max-video-preview:-1\" \/>\n<link rel=\"canonical\" href=\"https:\/\/tpv-tenerife.com\/?product=lector-de-codigos-de-barras-2d-avpos-630-2d-sobremesa\" \/>\n<meta property=\"og:locale\" content=\"es_ES\" \/>\n<meta property=\"og:type\" content=\"article\" \/>\n<meta property=\"og:title\" content=\"Lector de C\u00f3digos de barras 2D AVPos 630-2D Sobremesa - TPV Tenerife\" \/>\n<meta property=\"og:description\" content=\"El Lector de C\u00f3digos de barras 2D AVPos 630-2D Sobremesa, un lector compacto y de excelente rendimiento que escanea c\u00f3digos 2D para agilizar el trabajo con velocidad y precisi\u00f3n. Debido al auge de estos c\u00f3digos en AVPos hemos desarrollado este lector con la m\u00e1s alta tecnolog\u00eda sin resultar por ello un lector de precio alto.\" \/>\n<meta property=\"og:url\" content=\"https:\/\/tpv-tenerife.com\/?product=lector-de-codigos-de-barras-2d-avpos-630-2d-sobremesa\" \/>\n<meta property=\"og:site_name\" content=\"TPV Tenerife\" \/>\n<meta property=\"article:modified_time\" content=\"2023-09-20T17:00:26+00:00\" \/>\n<meta property=\"og:image\" content=\"https:\/\/tpv-tenerife.com\/wp-content\/uploads\/2023\/09\/630-2D-1.webp\" \/>\n\t<meta property=\"og:image:width\" content=\"800\" \/>\n\t<meta property=\"og:image:height\" content=\"800\" \/>\n\t<meta property=\"og:image:type\" content=\"image\/webp\" \/>\n<meta name=\"twitter:card\" content=\"summary_large_image\" \/>\n<meta name=\"twitter:label1\" content=\"Tiempo de lectura\" \/>\n\t<meta name=\"twitter:data1\" content=\"1 minuto\" \/>\n<script type=\"application\/ld+json\" class=\"yoast-schema-graph\">{\"@context\":\"https:\\\/\\\/schema.org\",\"@graph\":[{\"@type\":\"WebPage\",\"@id\":\"https:\\\/\\\/tpv-tenerife.com\\\/?product=lector-de-codigos-de-barras-2d-avpos-630-2d-sobremesa\",\"url\":\"https:\\\/\\\/tpv-tenerife.com\\\/?product=lector-de-codigos-de-barras-2d-avpos-630-2d-sobremesa\",\"name\":\"Lector de C\u00f3digos de barras 2D AVPos 630-2D Sobremesa - TPV Tenerife\",\"isPartOf\":{\"@id\":\"https:\\\/\\\/tpv-tenerife.com\\\/#website\"},\"primaryImageOfPage\":{\"@id\":\"https:\\\/\\\/tpv-tenerife.com\\\/?product=lector-de-codigos-de-barras-2d-avpos-630-2d-sobremesa#primaryimage\"},\"image\":{\"@id\":\"https:\\\/\\\/tpv-tenerife.com\\\/?product=lector-de-codigos-de-barras-2d-avpos-630-2d-sobremesa#primaryimage\"},\"thumbnailUrl\":\"https:\\\/\\\/tpv-tenerife.com\\\/wp-content\\\/uploads\\\/2023\\\/09\\\/630-2D-1.webp\",\"datePublished\":\"2023-09-20T17:00:25+00:00\",\"dateModified\":\"2023-09-20T17:00:26+00:00\",\"description\":\"El Lector de C\u00f3digos de barras 2D AVPos 630-2D Sobremesa, un lector compacto y de excelente rendimiento que escanea c\u00f3digos 2D para agilizar el trabajo con velocidad y precisi\u00f3n. Debido al auge de estos c\u00f3digos en AVPos hemos desarrollado este lector con la m\u00e1s alta tecnolog\u00eda sin resultar por ello un lector de precio alto.\",\"breadcrumb\":{\"@id\":\"https:\\\/\\\/tpv-tenerife.com\\\/?product=lector-de-codigos-de-barras-2d-avpos-630-2d-sobremesa#breadcrumb\"},\"inLanguage\":\"es\",\"potentialAction\":[{\"@type\":\"ReadAction\",\"target\":[\"https:\\\/\\\/tpv-tenerife.com\\\/?product=lector-de-codigos-de-barras-2d-avpos-630-2d-sobremesa\"]}]},{\"@type\":\"ImageObject\",\"inLanguage\":\"es\",\"@id\":\"https:\\\/\\\/tpv-tenerife.com\\\/?product=lector-de-codigos-de-barras-2d-avpos-630-2d-sobremesa#primaryimage\",\"url\":\"https:\\\/\\\/tpv-tenerife.com\\\/wp-content\\\/uploads\\\/2023\\\/09\\\/630-2D-1.webp\",\"contentUrl\":\"https:\\\/\\\/tpv-tenerife.com\\\/wp-content\\\/uploads\\\/2023\\\/09\\\/630-2D-1.webp\",\"width\":800,\"height\":800,\"caption\":\"Lector de C\u00f3digos de barras 2D AVPos 630-2D\"},{\"@type\":\"BreadcrumbList\",\"@id\":\"https:\\\/\\\/tpv-tenerife.com\\\/?product=lector-de-codigos-de-barras-2d-avpos-630-2d-sobremesa#breadcrumb\",\"itemListElement\":[{\"@type\":\"ListItem\",\"position\":1,\"name\":\"Inicio\",\"item\":\"https:\\\/\\\/tpv-tenerife.com\\\/\"},{\"@type\":\"ListItem\",\"position\":2,\"name\":\"Tienda\",\"item\":\"https:\\\/\\\/tpv-tenerife.com\\\/?page_id=208\"},{\"@type\":\"ListItem\",\"position\":3,\"name\":\"Lector de C\u00f3digos de barras 2D AVPos 630-2D Sobremesa\"}]},{\"@type\":\"WebSite\",\"@id\":\"https:\\\/\\\/tpv-tenerife.com\\\/#website\",\"url\":\"https:\\\/\\\/tpv-tenerife.com\\\/\",\"name\":\"TPV Tenerife\",\"description\":\"TPV Tenerife\",\"publisher\":{\"@id\":\"https:\\\/\\\/tpv-tenerife.com\\\/#organization\"},\"potentialAction\":[{\"@type\":\"SearchAction\",\"target\":{\"@type\":\"EntryPoint\",\"urlTemplate\":\"https:\\\/\\\/tpv-tenerife.com\\\/?s={search_term_string}\"},\"query-input\":{\"@type\":\"PropertyValueSpecification\",\"valueRequired\":true,\"valueName\":\"search_term_string\"}}],\"inLanguage\":\"es\"},{\"@type\":\"Organization\",\"@id\":\"https:\\\/\\\/tpv-tenerife.com\\\/#organization\",\"name\":\"TPV Tenerife\",\"alternateName\":\"Mega Ram - TPV Tenerife\",\"url\":\"https:\\\/\\\/tpv-tenerife.com\\\/\",\"logo\":{\"@type\":\"ImageObject\",\"inLanguage\":\"es\",\"@id\":\"https:\\\/\\\/tpv-tenerife.com\\\/#\\\/schema\\\/logo\\\/image\\\/\",\"url\":\"https:\\\/\\\/tpv-tenerife.com\\\/wp-content\\\/uploads\\\/2023\\\/07\\\/logo.webp\",\"contentUrl\":\"https:\\\/\\\/tpv-tenerife.com\\\/wp-content\\\/uploads\\\/2023\\\/07\\\/logo.webp\",\"width\":800,\"height\":247,\"caption\":\"TPV Tenerife\"},\"image\":{\"@id\":\"https:\\\/\\\/tpv-tenerife.com\\\/#\\\/schema\\\/logo\\\/image\\\/\"}}]}<\/script>\n<!-- \/ Yoast SEO plugin. -->","yoast_head_json":{"title":"Lector de C\u00f3digos de barras 2D AVPos 630-2D Sobremesa - TPV Tenerife","description":"El Lector de C\u00f3digos de barras 2D AVPos 630-2D Sobremesa, un lector compacto y de excelente rendimiento que escanea c\u00f3digos 2D para agilizar el trabajo con velocidad y precisi\u00f3n. Debido al auge de estos c\u00f3digos en AVPos hemos desarrollado este lector con la m\u00e1s alta tecnolog\u00eda sin resultar por ello un lector de precio alto.","robots":{"index":"index","follow":"follow","max-snippet":"max-snippet:-1","max-image-preview":"max-image-preview:large","max-video-preview":"max-video-preview:-1"},"canonical":"https:\/\/tpv-tenerife.com\/?product=lector-de-codigos-de-barras-2d-avpos-630-2d-sobremesa","og_locale":"es_ES","og_type":"article","og_title":"Lector de C\u00f3digos de barras 2D AVPos 630-2D Sobremesa - TPV Tenerife","og_description":"El Lector de C\u00f3digos de barras 2D AVPos 630-2D Sobremesa, un lector compacto y de excelente rendimiento que escanea c\u00f3digos 2D para agilizar el trabajo con velocidad y precisi\u00f3n. Debido al auge de estos c\u00f3digos en AVPos hemos desarrollado este lector con la m\u00e1s alta tecnolog\u00eda sin resultar por ello un lector de precio alto.","og_url":"https:\/\/tpv-tenerife.com\/?product=lector-de-codigos-de-barras-2d-avpos-630-2d-sobremesa","og_site_name":"TPV Tenerife","article_modified_time":"2023-09-20T17:00:26+00:00","og_image":[{"width":800,"height":800,"url":"https:\/\/tpv-tenerife.com\/wp-content\/uploads\/2023\/09\/630-2D-1.webp","type":"image\/webp"}],"twitter_card":"summary_large_image","twitter_misc":{"Tiempo de lectura":"1 minuto"},"schema":{"@context":"https:\/\/schema.org","@graph":[{"@type":"WebPage","@id":"https:\/\/tpv-tenerife.com\/?product=lector-de-codigos-de-barras-2d-avpos-630-2d-sobremesa","url":"https:\/\/tpv-tenerife.com\/?product=lector-de-codigos-de-barras-2d-avpos-630-2d-sobremesa","name":"Lector de C\u00f3digos de barras 2D AVPos 630-2D Sobremesa - TPV Tenerife","isPartOf":{"@id":"https:\/\/tpv-tenerife.com\/#website"},"primaryImageOfPage":{"@id":"https:\/\/tpv-tenerife.com\/?product=lector-de-codigos-de-barras-2d-avpos-630-2d-sobremesa#primaryimage"},"image":{"@id":"https:\/\/tpv-tenerife.com\/?product=lector-de-codigos-de-barras-2d-avpos-630-2d-sobremesa#primaryimage"},"thumbnailUrl":"https:\/\/tpv-tenerife.com\/wp-content\/uploads\/2023\/09\/630-2D-1.webp","datePublished":"2023-09-20T17:00:25+00:00","dateModified":"2023-09-20T17:00:26+00:00","description":"El Lector de C\u00f3digos de barras 2D AVPos 630-2D Sobremesa, un lector compacto y de excelente rendimiento que escanea c\u00f3digos 2D para agilizar el trabajo con velocidad y precisi\u00f3n. Debido al auge de estos c\u00f3digos en AVPos hemos desarrollado este lector con la m\u00e1s alta tecnolog\u00eda sin resultar por ello un lector de precio alto.","breadcrumb":{"@id":"https:\/\/tpv-tenerife.com\/?product=lector-de-codigos-de-barras-2d-avpos-630-2d-sobremesa#breadcrumb"},"inLanguage":"es","potentialAction":[{"@type":"ReadAction","target":["https:\/\/tpv-tenerife.com\/?product=lector-de-codigos-de-barras-2d-avpos-630-2d-sobremesa"]}]},{"@type":"ImageObject","inLanguage":"es","@id":"https:\/\/tpv-tenerife.com\/?product=lector-de-codigos-de-barras-2d-avpos-630-2d-sobremesa#primaryimage","url":"https:\/\/tpv-tenerife.com\/wp-content\/uploads\/2023\/09\/630-2D-1.webp","contentUrl":"https:\/\/tpv-tenerife.com\/wp-content\/uploads\/2023\/09\/630-2D-1.webp","width":800,"height":800,"caption":"Lector de C\u00f3digos de barras 2D AVPos 630-2D"},{"@type":"BreadcrumbList","@id":"https:\/\/tpv-tenerife.com\/?product=lector-de-codigos-de-barras-2d-avpos-630-2d-sobremesa#breadcrumb","itemListElement":[{"@type":"ListItem","position":1,"name":"Inicio","item":"https:\/\/tpv-tenerife.com\/"},{"@type":"ListItem","position":2,"name":"Tienda","item":"https:\/\/tpv-tenerife.com\/?page_id=208"},{"@type":"ListItem","position":3,"name":"Lector de C\u00f3digos de barras 2D AVPos 630-2D Sobremesa"}]},{"@type":"WebSite","@id":"https:\/\/tpv-tenerife.com\/#website","url":"https:\/\/tpv-tenerife.com\/","name":"TPV Tenerife","description":"TPV Tenerife","publisher":{"@id":"https:\/\/tpv-tenerife.com\/#organization"},"potentialAction":[{"@type":"SearchAction","target":{"@type":"EntryPoint","urlTemplate":"https:\/\/tpv-tenerife.com\/?s={search_term_string}"},"query-input":{"@type":"PropertyValueSpecification","valueRequired":true,"valueName":"search_term_string"}}],"inLanguage":"es"},{"@type":"Organization","@id":"https:\/\/tpv-tenerife.com\/#organization","name":"TPV Tenerife","alternateName":"Mega Ram - TPV Tenerife","url":"https:\/\/tpv-tenerife.com\/","logo":{"@type":"ImageObject","inLanguage":"es","@id":"https:\/\/tpv-tenerife.com\/#\/schema\/logo\/image\/","url":"https:\/\/tpv-tenerife.com\/wp-content\/uploads\/2023\/07\/logo.webp","contentUrl":"https:\/\/tpv-tenerife.com\/wp-content\/uploads\/2023\/07\/logo.webp","width":800,"height":247,"caption":"TPV Tenerife"},"image":{"@id":"https:\/\/tpv-tenerife.com\/#\/schema\/logo\/image\/"}}]}},"_links":{"self":[{"href":"https:\/\/tpv-tenerife.com\/index.php?rest_route=\/wp\/v2\/product\/4975","targetHints":{"allow":["GET"]}}],"collection":[{"href":"https:\/\/tpv-tenerife.com\/index.php?rest_route=\/wp\/v2\/product"}],"about":[{"href":"https:\/\/tpv-tenerife.com\/index.php?rest_route=\/wp\/v2\/types\/product"}],"wp:featuredmedia":[{"embeddable":true,"href":"https:\/\/tpv-tenerife.com\/index.php?rest_route=\/wp\/v2\/media\/4981"}],"wp:attachment":[{"href":"https:\/\/tpv-tenerife.com\/index.php?rest_route=%2Fwp%2Fv2%2Fmedia&parent=4975"}],"wp:term":[{"taxonomy":"product_brand","embeddable":true,"href":"https:\/\/tpv-tenerife.com\/index.php?rest_route=%2Fwp%2Fv2%2Fproduct_brand&post=4975"},{"taxonomy":"product_cat","embeddable":true,"href":"https:\/\/tpv-tenerife.com\/index.php?rest_route=%2Fwp%2Fv2%2Fproduct_cat&post=4975"},{"taxonomy":"product_tag","embeddable":true,"href":"https:\/\/tpv-tenerife.com\/index.php?rest_route=%2Fwp%2Fv2%2Fproduct_tag&post=4975"}],"curies":[{"name":"wp","href":"https:\/\/api.w.org\/{rel}","templated":true}]}}