{"id":4972,"date":"2023-09-20T16:50:12","date_gmt":"2023-09-20T16:50:12","guid":{"rendered":"https:\/\/tpv-tenerife.com\/?post_type=product&#038;p=4972"},"modified":"2023-09-20T16:50:13","modified_gmt":"2023-09-20T16:50:13","slug":"lector-de-codigos-de-barras-10pos-ls-270un","status":"publish","type":"product","link":"https:\/\/tpv-tenerife.com\/?product=lector-de-codigos-de-barras-10pos-ls-270un","title":{"rendered":"Lector de c\u00f3digos de barras 10Pos LS-270UN"},"content":{"rendered":"<p>Lector de c\u00f3digos de barras 10Pos LS-270UN, capaz de leer todos los tipos de c\u00f3digo 1D est\u00e1ndar del mercado, con un precio muy competitivo. Carcasa con dise\u00f1o ergon\u00f3mico para un uso continuo y con sellado IP64. El scanner ofrece auto discriminaci\u00f3n de c\u00f3digos, alta capacidad de decodificaci\u00f3n y de lectura y un reducido consumo de energ\u00eda, as\u00ed como modo de lectura autom\u00e1tica. Su programaci\u00f3n es tambi\u00e9n muy sencilla, a partir de c\u00f3digos de barras incluidos en el manual. Interface: USB.<\/p>\n<pre>\r\nModelo LS-270UN\r\nConexi\u00f3n - Interface: USB\r\nOtras caracter\u00edsticas\r\n- Fuente de luz: L\u00e1ser visible (650mm)\r\n- M\u00e9todo de uso: Manual o sobremesa.\r\n- Lectura autom\u00e1tica o con pulsador.\r\n- Velocidad: Hasta 200 lecturas por segundo.\r\n- Simbolog\u00edas: EAN-8, EAN-13, UPC-A, UPC-E,\r\nCode 39, Code 93, Code 128, EAN128, Codabar,\r\nindustrial 2 of 5, Interleave 2 of 5, Matrix 2 of 5,\r\nMSI, EMS code\r\n- Elevaci\u00f3n lectura: 82\u00ba\r\n- Inclinaci\u00f3n lectura: 72\u00ba\r\n- Seguridad: Producto laser Clase 1, EN60825\r\n- Sellado: IP64\r\n- Intensidad: 450cd\r\n- Color: Negro\r\n- Peso: 130 g (Sin soporte)\r\n- Medidas: 163*69*103mm (sin soporte)\r\n- Temp. trabajo: 0 - 50\u00baC\r\n- Temp.Almac\u00e9n: -40 - 60\u00baC\r\n- Humedad: 5% a 92% (No condensada)\r\n- Voltaje: +5V +\/- 5%\r\n- Consumo: 65mA (en Stand By: 30mA)\r\n- Soporte: Incluido<\/pre>\n","protected":false},"excerpt":{"rendered":"<p>Lector de c\u00f3digos de barras 10Pos LS-270UN, capaz de leer todos los tipos de c\u00f3digo 1D est\u00e1ndar del mercado, con un precio muy competitivo. Carcasa con dise\u00f1o ergon\u00f3mico para un uso continuo y con sellado IP64. El scanner ofrece auto discriminaci\u00f3n de c\u00f3digos, alta capacidad de decodificaci\u00f3n y de lectura y un reducido consumo de [&hellip;]<\/p>\n","protected":false},"featured_media":4974,"template":"","meta":[],"product_brand":[],"product_cat":[41],"product_tag":[112,111],"class_list":{"0":"post-4972","1":"product","2":"type-product","3":"status-publish","4":"has-post-thumbnail","6":"product_cat-lectores-de-codigo","7":"product_tag-codigos","8":"product_tag-lector","10":"first","11":"instock","12":"taxable","13":"shipping-taxable","14":"purchasable","15":"product-type-simple"},"yoast_head":"<!-- This site is optimized with the Yoast SEO plugin v27.5 - https:\/\/yoast.com\/product\/yoast-seo-wordpress\/ -->\n<title>Lector de c\u00f3digos de barras 10Pos LS-270UN - TPV Tenerife<\/title>\n<meta name=\"description\" content=\"Lector de Lector de c\u00f3digos de barras 10Pos LS-270UN, capaz de leer todos los tipos de c\u00f3digo 1D est\u00e1ndar del mercado, con un precio muy competitivo.Carcasa con dise\u00f1o ergon\u00f3mico para un uso continuo y con sellado IP64\" \/>\n<meta name=\"robots\" content=\"index, follow, max-snippet:-1, max-image-preview:large, max-video-preview:-1\" \/>\n<link rel=\"canonical\" href=\"https:\/\/tpv-tenerife.com\/?product=lector-de-codigos-de-barras-10pos-ls-270un\" \/>\n<meta property=\"og:locale\" content=\"es_ES\" \/>\n<meta property=\"og:type\" content=\"article\" \/>\n<meta property=\"og:title\" content=\"Lector de c\u00f3digos de barras 10Pos LS-270UN - TPV Tenerife\" \/>\n<meta property=\"og:description\" content=\"Lector de Lector de c\u00f3digos de barras 10Pos LS-270UN, capaz de leer todos los tipos de c\u00f3digo 1D est\u00e1ndar del mercado, con un precio muy competitivo.Carcasa con dise\u00f1o ergon\u00f3mico para un uso continuo y con sellado IP64\" \/>\n<meta property=\"og:url\" content=\"https:\/\/tpv-tenerife.com\/?product=lector-de-codigos-de-barras-10pos-ls-270un\" \/>\n<meta property=\"og:site_name\" content=\"TPV Tenerife\" \/>\n<meta property=\"article:modified_time\" content=\"2023-09-20T16:50:13+00:00\" \/>\n<meta property=\"og:image\" content=\"https:\/\/tpv-tenerife.com\/wp-content\/uploads\/2023\/09\/Lector-de-codigos-de-barras-10Pos-LS-270UN.webp\" \/>\n\t<meta property=\"og:image:width\" content=\"530\" \/>\n\t<meta property=\"og:image:height\" content=\"530\" \/>\n\t<meta property=\"og:image:type\" content=\"image\/webp\" \/>\n<meta name=\"twitter:card\" content=\"summary_large_image\" \/>\n<meta name=\"twitter:label1\" content=\"Tiempo de lectura\" \/>\n\t<meta name=\"twitter:data1\" content=\"1 minuto\" \/>\n<script type=\"application\/ld+json\" class=\"yoast-schema-graph\">{\"@context\":\"https:\\\/\\\/schema.org\",\"@graph\":[{\"@type\":\"WebPage\",\"@id\":\"https:\\\/\\\/tpv-tenerife.com\\\/?product=lector-de-codigos-de-barras-10pos-ls-270un\",\"url\":\"https:\\\/\\\/tpv-tenerife.com\\\/?product=lector-de-codigos-de-barras-10pos-ls-270un\",\"name\":\"Lector de c\u00f3digos de barras 10Pos LS-270UN - TPV Tenerife\",\"isPartOf\":{\"@id\":\"https:\\\/\\\/tpv-tenerife.com\\\/#website\"},\"primaryImageOfPage\":{\"@id\":\"https:\\\/\\\/tpv-tenerife.com\\\/?product=lector-de-codigos-de-barras-10pos-ls-270un#primaryimage\"},\"image\":{\"@id\":\"https:\\\/\\\/tpv-tenerife.com\\\/?product=lector-de-codigos-de-barras-10pos-ls-270un#primaryimage\"},\"thumbnailUrl\":\"https:\\\/\\\/tpv-tenerife.com\\\/wp-content\\\/uploads\\\/2023\\\/09\\\/Lector-de-codigos-de-barras-10Pos-LS-270UN.webp\",\"datePublished\":\"2023-09-20T16:50:12+00:00\",\"dateModified\":\"2023-09-20T16:50:13+00:00\",\"description\":\"Lector de Lector de c\u00f3digos de barras 10Pos LS-270UN, capaz de leer todos los tipos de c\u00f3digo 1D est\u00e1ndar del mercado, con un precio muy competitivo.Carcasa con dise\u00f1o ergon\u00f3mico para un uso continuo y con sellado IP64\",\"breadcrumb\":{\"@id\":\"https:\\\/\\\/tpv-tenerife.com\\\/?product=lector-de-codigos-de-barras-10pos-ls-270un#breadcrumb\"},\"inLanguage\":\"es\",\"potentialAction\":[{\"@type\":\"ReadAction\",\"target\":[\"https:\\\/\\\/tpv-tenerife.com\\\/?product=lector-de-codigos-de-barras-10pos-ls-270un\"]}]},{\"@type\":\"ImageObject\",\"inLanguage\":\"es\",\"@id\":\"https:\\\/\\\/tpv-tenerife.com\\\/?product=lector-de-codigos-de-barras-10pos-ls-270un#primaryimage\",\"url\":\"https:\\\/\\\/tpv-tenerife.com\\\/wp-content\\\/uploads\\\/2023\\\/09\\\/Lector-de-codigos-de-barras-10Pos-LS-270UN.webp\",\"contentUrl\":\"https:\\\/\\\/tpv-tenerife.com\\\/wp-content\\\/uploads\\\/2023\\\/09\\\/Lector-de-codigos-de-barras-10Pos-LS-270UN.webp\",\"width\":530,\"height\":530,\"caption\":\"Lector de c\u00f3digos de barras 10Pos LS-270UN\"},{\"@type\":\"BreadcrumbList\",\"@id\":\"https:\\\/\\\/tpv-tenerife.com\\\/?product=lector-de-codigos-de-barras-10pos-ls-270un#breadcrumb\",\"itemListElement\":[{\"@type\":\"ListItem\",\"position\":1,\"name\":\"Inicio\",\"item\":\"https:\\\/\\\/tpv-tenerife.com\\\/\"},{\"@type\":\"ListItem\",\"position\":2,\"name\":\"Tienda\",\"item\":\"https:\\\/\\\/tpv-tenerife.com\\\/?page_id=208\"},{\"@type\":\"ListItem\",\"position\":3,\"name\":\"Lector de c\u00f3digos de barras 10Pos LS-270UN\"}]},{\"@type\":\"WebSite\",\"@id\":\"https:\\\/\\\/tpv-tenerife.com\\\/#website\",\"url\":\"https:\\\/\\\/tpv-tenerife.com\\\/\",\"name\":\"TPV Tenerife\",\"description\":\"TPV Tenerife\",\"publisher\":{\"@id\":\"https:\\\/\\\/tpv-tenerife.com\\\/#organization\"},\"potentialAction\":[{\"@type\":\"SearchAction\",\"target\":{\"@type\":\"EntryPoint\",\"urlTemplate\":\"https:\\\/\\\/tpv-tenerife.com\\\/?s={search_term_string}\"},\"query-input\":{\"@type\":\"PropertyValueSpecification\",\"valueRequired\":true,\"valueName\":\"search_term_string\"}}],\"inLanguage\":\"es\"},{\"@type\":\"Organization\",\"@id\":\"https:\\\/\\\/tpv-tenerife.com\\\/#organization\",\"name\":\"TPV Tenerife\",\"alternateName\":\"Mega Ram - TPV Tenerife\",\"url\":\"https:\\\/\\\/tpv-tenerife.com\\\/\",\"logo\":{\"@type\":\"ImageObject\",\"inLanguage\":\"es\",\"@id\":\"https:\\\/\\\/tpv-tenerife.com\\\/#\\\/schema\\\/logo\\\/image\\\/\",\"url\":\"https:\\\/\\\/tpv-tenerife.com\\\/wp-content\\\/uploads\\\/2023\\\/07\\\/logo.webp\",\"contentUrl\":\"https:\\\/\\\/tpv-tenerife.com\\\/wp-content\\\/uploads\\\/2023\\\/07\\\/logo.webp\",\"width\":800,\"height\":247,\"caption\":\"TPV Tenerife\"},\"image\":{\"@id\":\"https:\\\/\\\/tpv-tenerife.com\\\/#\\\/schema\\\/logo\\\/image\\\/\"}}]}<\/script>\n<!-- \/ Yoast SEO plugin. -->","yoast_head_json":{"title":"Lector de c\u00f3digos de barras 10Pos LS-270UN - TPV Tenerife","description":"Lector de Lector de c\u00f3digos de barras 10Pos LS-270UN, capaz de leer todos los tipos de c\u00f3digo 1D est\u00e1ndar del mercado, con un precio muy competitivo.Carcasa con dise\u00f1o ergon\u00f3mico para un uso continuo y con sellado IP64","robots":{"index":"index","follow":"follow","max-snippet":"max-snippet:-1","max-image-preview":"max-image-preview:large","max-video-preview":"max-video-preview:-1"},"canonical":"https:\/\/tpv-tenerife.com\/?product=lector-de-codigos-de-barras-10pos-ls-270un","og_locale":"es_ES","og_type":"article","og_title":"Lector de c\u00f3digos de barras 10Pos LS-270UN - TPV Tenerife","og_description":"Lector de Lector de c\u00f3digos de barras 10Pos LS-270UN, capaz de leer todos los tipos de c\u00f3digo 1D est\u00e1ndar del mercado, con un precio muy competitivo.Carcasa con dise\u00f1o ergon\u00f3mico para un uso continuo y con sellado IP64","og_url":"https:\/\/tpv-tenerife.com\/?product=lector-de-codigos-de-barras-10pos-ls-270un","og_site_name":"TPV Tenerife","article_modified_time":"2023-09-20T16:50:13+00:00","og_image":[{"width":530,"height":530,"url":"https:\/\/tpv-tenerife.com\/wp-content\/uploads\/2023\/09\/Lector-de-codigos-de-barras-10Pos-LS-270UN.webp","type":"image\/webp"}],"twitter_card":"summary_large_image","twitter_misc":{"Tiempo de lectura":"1 minuto"},"schema":{"@context":"https:\/\/schema.org","@graph":[{"@type":"WebPage","@id":"https:\/\/tpv-tenerife.com\/?product=lector-de-codigos-de-barras-10pos-ls-270un","url":"https:\/\/tpv-tenerife.com\/?product=lector-de-codigos-de-barras-10pos-ls-270un","name":"Lector de c\u00f3digos de barras 10Pos LS-270UN - TPV Tenerife","isPartOf":{"@id":"https:\/\/tpv-tenerife.com\/#website"},"primaryImageOfPage":{"@id":"https:\/\/tpv-tenerife.com\/?product=lector-de-codigos-de-barras-10pos-ls-270un#primaryimage"},"image":{"@id":"https:\/\/tpv-tenerife.com\/?product=lector-de-codigos-de-barras-10pos-ls-270un#primaryimage"},"thumbnailUrl":"https:\/\/tpv-tenerife.com\/wp-content\/uploads\/2023\/09\/Lector-de-codigos-de-barras-10Pos-LS-270UN.webp","datePublished":"2023-09-20T16:50:12+00:00","dateModified":"2023-09-20T16:50:13+00:00","description":"Lector de Lector de c\u00f3digos de barras 10Pos LS-270UN, capaz de leer todos los tipos de c\u00f3digo 1D est\u00e1ndar del mercado, con un precio muy competitivo.Carcasa con dise\u00f1o ergon\u00f3mico para un uso continuo y con sellado IP64","breadcrumb":{"@id":"https:\/\/tpv-tenerife.com\/?product=lector-de-codigos-de-barras-10pos-ls-270un#breadcrumb"},"inLanguage":"es","potentialAction":[{"@type":"ReadAction","target":["https:\/\/tpv-tenerife.com\/?product=lector-de-codigos-de-barras-10pos-ls-270un"]}]},{"@type":"ImageObject","inLanguage":"es","@id":"https:\/\/tpv-tenerife.com\/?product=lector-de-codigos-de-barras-10pos-ls-270un#primaryimage","url":"https:\/\/tpv-tenerife.com\/wp-content\/uploads\/2023\/09\/Lector-de-codigos-de-barras-10Pos-LS-270UN.webp","contentUrl":"https:\/\/tpv-tenerife.com\/wp-content\/uploads\/2023\/09\/Lector-de-codigos-de-barras-10Pos-LS-270UN.webp","width":530,"height":530,"caption":"Lector de c\u00f3digos de barras 10Pos LS-270UN"},{"@type":"BreadcrumbList","@id":"https:\/\/tpv-tenerife.com\/?product=lector-de-codigos-de-barras-10pos-ls-270un#breadcrumb","itemListElement":[{"@type":"ListItem","position":1,"name":"Inicio","item":"https:\/\/tpv-tenerife.com\/"},{"@type":"ListItem","position":2,"name":"Tienda","item":"https:\/\/tpv-tenerife.com\/?page_id=208"},{"@type":"ListItem","position":3,"name":"Lector de c\u00f3digos de barras 10Pos LS-270UN"}]},{"@type":"WebSite","@id":"https:\/\/tpv-tenerife.com\/#website","url":"https:\/\/tpv-tenerife.com\/","name":"TPV Tenerife","description":"TPV Tenerife","publisher":{"@id":"https:\/\/tpv-tenerife.com\/#organization"},"potentialAction":[{"@type":"SearchAction","target":{"@type":"EntryPoint","urlTemplate":"https:\/\/tpv-tenerife.com\/?s={search_term_string}"},"query-input":{"@type":"PropertyValueSpecification","valueRequired":true,"valueName":"search_term_string"}}],"inLanguage":"es"},{"@type":"Organization","@id":"https:\/\/tpv-tenerife.com\/#organization","name":"TPV Tenerife","alternateName":"Mega Ram - TPV Tenerife","url":"https:\/\/tpv-tenerife.com\/","logo":{"@type":"ImageObject","inLanguage":"es","@id":"https:\/\/tpv-tenerife.com\/#\/schema\/logo\/image\/","url":"https:\/\/tpv-tenerife.com\/wp-content\/uploads\/2023\/07\/logo.webp","contentUrl":"https:\/\/tpv-tenerife.com\/wp-content\/uploads\/2023\/07\/logo.webp","width":800,"height":247,"caption":"TPV Tenerife"},"image":{"@id":"https:\/\/tpv-tenerife.com\/#\/schema\/logo\/image\/"}}]}},"_links":{"self":[{"href":"https:\/\/tpv-tenerife.com\/index.php?rest_route=\/wp\/v2\/product\/4972","targetHints":{"allow":["GET"]}}],"collection":[{"href":"https:\/\/tpv-tenerife.com\/index.php?rest_route=\/wp\/v2\/product"}],"about":[{"href":"https:\/\/tpv-tenerife.com\/index.php?rest_route=\/wp\/v2\/types\/product"}],"wp:featuredmedia":[{"embeddable":true,"href":"https:\/\/tpv-tenerife.com\/index.php?rest_route=\/wp\/v2\/media\/4974"}],"wp:attachment":[{"href":"https:\/\/tpv-tenerife.com\/index.php?rest_route=%2Fwp%2Fv2%2Fmedia&parent=4972"}],"wp:term":[{"taxonomy":"product_brand","embeddable":true,"href":"https:\/\/tpv-tenerife.com\/index.php?rest_route=%2Fwp%2Fv2%2Fproduct_brand&post=4972"},{"taxonomy":"product_cat","embeddable":true,"href":"https:\/\/tpv-tenerife.com\/index.php?rest_route=%2Fwp%2Fv2%2Fproduct_cat&post=4972"},{"taxonomy":"product_tag","embeddable":true,"href":"https:\/\/tpv-tenerife.com\/index.php?rest_route=%2Fwp%2Fv2%2Fproduct_tag&post=4972"}],"curies":[{"name":"wp","href":"https:\/\/api.w.org\/{rel}","templated":true}]}}