{"id":4966,"date":"2023-09-20T16:30:44","date_gmt":"2023-09-20T16:30:44","guid":{"rendered":"https:\/\/tpv-tenerife.com\/?post_type=product&#038;p=4966"},"modified":"2023-09-20T16:30:44","modified_gmt":"2023-09-20T16:30:44","slug":"lector-de-codigos-de-barras-avpos-bt31-rugerizado-bluetooth","status":"publish","type":"product","link":"https:\/\/tpv-tenerife.com\/?product=lector-de-codigos-de-barras-avpos-bt31-rugerizado-bluetooth","title":{"rendered":"Lector de c\u00f3digos de barras AVPos BT31 Rugerizado Bluetooth"},"content":{"rendered":"<p>&nbsp;<\/p>\n<p>Dispositivo rugerizado con tecnolog\u00eda 2D mejorada y comunicaciones bluetooth.. Dise\u00f1o ergon\u00f3mico y muy funcional, capaz de adaptarse a una amplia variedad de negocios y aplicaciones. El BT31 es una opci\u00f3n asequible para aquellos que desean reemplazar sus lectores actuales por dispositivos de alta calidad y una fuerte protecci\u00f3n sin necesidad de realizar grandes inversiones.<\/p>\n<p>&nbsp;<\/p>\n<table class=\"alignleft\" border=\"-50\" width=\"676\" cellspacing=\"-150\" cellpadding=\"-150\">\n<tbody>\n<tr>\n<td colspan=\"2\"><strong>Par\u00e1metros de rendimiento<\/strong><\/td>\n<\/tr>\n<tr>\n<td><strong>Dimensiones<\/strong><\/td>\n<td>180*110*80mm<\/td>\n<\/tr>\n<tr>\n<td><strong>Lectura<\/strong><\/td>\n<td>1D + 2D Estandar + pantallas m\u00f3viles<\/td>\n<\/tr>\n<tr>\n<td><strong>Motor de escaneo<\/strong><\/td>\n<td>Zebra 4750 2D<\/td>\n<\/tr>\n<tr>\n<td><strong>Nivel de robustez<\/strong><\/td>\n<td>IP68, prueba de ca\u00edda 3M<\/td>\n<\/tr>\n<tr>\n<td><strong>Peso<\/strong><\/td>\n<td>460g (incluido el cargador base)<\/td>\n<\/tr>\n<tr>\n<td><strong>Distancia de funcionamiento<br \/>\n<\/strong><\/td>\n<td>20-50 metros (distancia visual)<\/td>\n<\/tr>\n<tr>\n<td><strong>Bluetooth<\/strong><\/td>\n<td>Bluetooth 4.0<\/td>\n<\/tr>\n<tr>\n<td><strong>Soporte OS<\/strong><\/td>\n<td>Android\/iOS\/Windows<\/td>\n<\/tr>\n<tr>\n<td><strong>Memoria<\/strong><\/td>\n<td>16MB (almacena alrededor de 1 mill\u00f3n de c\u00f3digos de 10 digitos)<\/td>\n<\/tr>\n<tr>\n<td><strong>Escaner<\/strong><\/td>\n<td>Esc\u00e1ner de im\u00e1genes 1d + 2D<\/td>\n<\/tr>\n<tr>\n<td><strong>Iluminaci\u00f3n<\/strong><\/td>\n<td>Luz blanca LED\/ LED infravalorada<\/td>\n<\/tr>\n<tr>\n<td><strong>Bater\u00eda<\/strong><\/td>\n<td>Bater\u00eda de litio recargable de 2000mAh<\/td>\n<\/tr>\n<tr>\n<td><strong>Tiempo de trabajo<\/strong><\/td>\n<td>15 horas despu\u00e9s de carga completa<\/td>\n<\/tr>\n<tr>\n<td><em><strong>Carga<\/strong><\/em><\/td>\n<td>USB 5V<\/td>\n<\/tr>\n<tr>\n<td><em><strong>Formato de C\u00f3digo<br \/>\n<\/strong><\/em><\/td>\n<td>UPC-A,UPA-E,UPC-E1,EAN-13,EAN-8,ISBN.ISSN.Code39, code39(ASCLL full), Interleavd 2 of 5, Industrial 2 of 5, Matrix 25,Codebar(NW7),Code 128.<\/td>\n<\/tr>\n<tr>\n<td><strong>Formato de imagen 2D<\/strong><\/td>\n<td>QR Code, Data Matrix,PDF417,UPC-A,UPC-E,EAN-8,EAN-13,ISBN,Code 128, GS1 128,ISBT 128,Code 39,Code 11,Interleaved 2 of 5,Industrial 2 of 5.<\/td>\n<\/tr>\n<tr>\n<td><strong>Accesorios<\/strong><\/td>\n<td>Cable USB, manual de usuario, cargador de base.<\/td>\n<\/tr>\n<tr>\n<td><strong>Certificaci\u00f3n<\/strong><\/td>\n<td>CE, RoHS Y FCC<\/td>\n<\/tr>\n<\/tbody>\n<\/table>\n","protected":false},"excerpt":{"rendered":"<p>&nbsp; Dispositivo rugerizado con tecnolog\u00eda 2D mejorada y comunicaciones bluetooth.. Dise\u00f1o ergon\u00f3mico y muy funcional, capaz de adaptarse a una amplia variedad de negocios y aplicaciones. El BT31 es una opci\u00f3n asequible para aquellos que desean reemplazar sus lectores actuales por dispositivos de alta calidad y una fuerte protecci\u00f3n sin necesidad de realizar grandes inversiones. [&hellip;]<\/p>\n","protected":false},"featured_media":4970,"template":"","meta":[],"product_brand":[],"product_cat":[41],"product_tag":[112,111],"class_list":{"0":"post-4966","1":"product","2":"type-product","3":"status-publish","4":"has-post-thumbnail","6":"product_cat-lectores-de-codigo","7":"product_tag-codigos","8":"product_tag-lector","10":"first","11":"instock","12":"taxable","13":"shipping-taxable","14":"purchasable","15":"product-type-simple"},"yoast_head":"<!-- This site is optimized with the Yoast SEO plugin v27.5 - https:\/\/yoast.com\/product\/yoast-seo-wordpress\/ -->\n<title>Lector de c\u00f3digos de barras AVPos BT31 Rugerizado Bluetooth - TPV Tenerife<\/title>\n<meta name=\"description\" content=\"Dispositivo rugerizado con tecnolog\u00eda 2D mejorada y comunicaciones bluetooth.. Dise\u00f1o ergon\u00f3mico y muy funcional, capaz de adaptarse a una amplia variedad de negocios y aplicaciones.\" \/>\n<meta name=\"robots\" content=\"index, follow, max-snippet:-1, max-image-preview:large, max-video-preview:-1\" \/>\n<link rel=\"canonical\" href=\"https:\/\/tpv-tenerife.com\/?product=lector-de-codigos-de-barras-avpos-bt31-rugerizado-bluetooth\" \/>\n<meta property=\"og:locale\" content=\"es_ES\" \/>\n<meta property=\"og:type\" content=\"article\" \/>\n<meta property=\"og:title\" content=\"Lector de c\u00f3digos de barras AVPos BT31 Rugerizado Bluetooth - TPV Tenerife\" \/>\n<meta property=\"og:description\" content=\"Dispositivo rugerizado con tecnolog\u00eda 2D mejorada y comunicaciones bluetooth.. Dise\u00f1o ergon\u00f3mico y muy funcional, capaz de adaptarse a una amplia variedad de negocios y aplicaciones.\" \/>\n<meta property=\"og:url\" content=\"https:\/\/tpv-tenerife.com\/?product=lector-de-codigos-de-barras-avpos-bt31-rugerizado-bluetooth\" \/>\n<meta property=\"og:site_name\" content=\"TPV Tenerife\" \/>\n<meta property=\"og:image\" content=\"https:\/\/tpv-tenerife.com\/wp-content\/uploads\/2023\/09\/4X-avpos.webp\" \/>\n\t<meta property=\"og:image:width\" content=\"800\" \/>\n\t<meta property=\"og:image:height\" content=\"800\" \/>\n\t<meta property=\"og:image:type\" content=\"image\/webp\" \/>\n<meta name=\"twitter:card\" content=\"summary_large_image\" \/>\n<meta name=\"twitter:label1\" content=\"Tiempo de lectura\" \/>\n\t<meta name=\"twitter:data1\" content=\"1 minuto\" \/>\n<script type=\"application\/ld+json\" class=\"yoast-schema-graph\">{\"@context\":\"https:\\\/\\\/schema.org\",\"@graph\":[{\"@type\":\"WebPage\",\"@id\":\"https:\\\/\\\/tpv-tenerife.com\\\/?product=lector-de-codigos-de-barras-avpos-bt31-rugerizado-bluetooth\",\"url\":\"https:\\\/\\\/tpv-tenerife.com\\\/?product=lector-de-codigos-de-barras-avpos-bt31-rugerizado-bluetooth\",\"name\":\"Lector de c\u00f3digos de barras AVPos BT31 Rugerizado Bluetooth - TPV Tenerife\",\"isPartOf\":{\"@id\":\"https:\\\/\\\/tpv-tenerife.com\\\/#website\"},\"primaryImageOfPage\":{\"@id\":\"https:\\\/\\\/tpv-tenerife.com\\\/?product=lector-de-codigos-de-barras-avpos-bt31-rugerizado-bluetooth#primaryimage\"},\"image\":{\"@id\":\"https:\\\/\\\/tpv-tenerife.com\\\/?product=lector-de-codigos-de-barras-avpos-bt31-rugerizado-bluetooth#primaryimage\"},\"thumbnailUrl\":\"https:\\\/\\\/tpv-tenerife.com\\\/wp-content\\\/uploads\\\/2023\\\/09\\\/4X-avpos.webp\",\"datePublished\":\"2023-09-20T16:30:44+00:00\",\"description\":\"Dispositivo rugerizado con tecnolog\u00eda 2D mejorada y comunicaciones bluetooth.. Dise\u00f1o ergon\u00f3mico y muy funcional, capaz de adaptarse a una amplia variedad de negocios y aplicaciones.\",\"breadcrumb\":{\"@id\":\"https:\\\/\\\/tpv-tenerife.com\\\/?product=lector-de-codigos-de-barras-avpos-bt31-rugerizado-bluetooth#breadcrumb\"},\"inLanguage\":\"es\",\"potentialAction\":[{\"@type\":\"ReadAction\",\"target\":[\"https:\\\/\\\/tpv-tenerife.com\\\/?product=lector-de-codigos-de-barras-avpos-bt31-rugerizado-bluetooth\"]}]},{\"@type\":\"ImageObject\",\"inLanguage\":\"es\",\"@id\":\"https:\\\/\\\/tpv-tenerife.com\\\/?product=lector-de-codigos-de-barras-avpos-bt31-rugerizado-bluetooth#primaryimage\",\"url\":\"https:\\\/\\\/tpv-tenerife.com\\\/wp-content\\\/uploads\\\/2023\\\/09\\\/4X-avpos.webp\",\"contentUrl\":\"https:\\\/\\\/tpv-tenerife.com\\\/wp-content\\\/uploads\\\/2023\\\/09\\\/4X-avpos.webp\",\"width\":800,\"height\":800,\"caption\":\"Lector de c\u00f3digos de barras AVPos BT31 Rugerizado\"},{\"@type\":\"BreadcrumbList\",\"@id\":\"https:\\\/\\\/tpv-tenerife.com\\\/?product=lector-de-codigos-de-barras-avpos-bt31-rugerizado-bluetooth#breadcrumb\",\"itemListElement\":[{\"@type\":\"ListItem\",\"position\":1,\"name\":\"Inicio\",\"item\":\"https:\\\/\\\/tpv-tenerife.com\\\/\"},{\"@type\":\"ListItem\",\"position\":2,\"name\":\"Tienda\",\"item\":\"https:\\\/\\\/tpv-tenerife.com\\\/?page_id=208\"},{\"@type\":\"ListItem\",\"position\":3,\"name\":\"Lector de c\u00f3digos de barras AVPos BT31 Rugerizado Bluetooth\"}]},{\"@type\":\"WebSite\",\"@id\":\"https:\\\/\\\/tpv-tenerife.com\\\/#website\",\"url\":\"https:\\\/\\\/tpv-tenerife.com\\\/\",\"name\":\"TPV Tenerife\",\"description\":\"TPV Tenerife\",\"publisher\":{\"@id\":\"https:\\\/\\\/tpv-tenerife.com\\\/#organization\"},\"potentialAction\":[{\"@type\":\"SearchAction\",\"target\":{\"@type\":\"EntryPoint\",\"urlTemplate\":\"https:\\\/\\\/tpv-tenerife.com\\\/?s={search_term_string}\"},\"query-input\":{\"@type\":\"PropertyValueSpecification\",\"valueRequired\":true,\"valueName\":\"search_term_string\"}}],\"inLanguage\":\"es\"},{\"@type\":\"Organization\",\"@id\":\"https:\\\/\\\/tpv-tenerife.com\\\/#organization\",\"name\":\"TPV Tenerife\",\"alternateName\":\"Mega Ram - TPV Tenerife\",\"url\":\"https:\\\/\\\/tpv-tenerife.com\\\/\",\"logo\":{\"@type\":\"ImageObject\",\"inLanguage\":\"es\",\"@id\":\"https:\\\/\\\/tpv-tenerife.com\\\/#\\\/schema\\\/logo\\\/image\\\/\",\"url\":\"https:\\\/\\\/tpv-tenerife.com\\\/wp-content\\\/uploads\\\/2023\\\/07\\\/logo.webp\",\"contentUrl\":\"https:\\\/\\\/tpv-tenerife.com\\\/wp-content\\\/uploads\\\/2023\\\/07\\\/logo.webp\",\"width\":800,\"height\":247,\"caption\":\"TPV Tenerife\"},\"image\":{\"@id\":\"https:\\\/\\\/tpv-tenerife.com\\\/#\\\/schema\\\/logo\\\/image\\\/\"}}]}<\/script>\n<!-- \/ Yoast SEO plugin. -->","yoast_head_json":{"title":"Lector de c\u00f3digos de barras AVPos BT31 Rugerizado Bluetooth - TPV Tenerife","description":"Dispositivo rugerizado con tecnolog\u00eda 2D mejorada y comunicaciones bluetooth.. Dise\u00f1o ergon\u00f3mico y muy funcional, capaz de adaptarse a una amplia variedad de negocios y aplicaciones.","robots":{"index":"index","follow":"follow","max-snippet":"max-snippet:-1","max-image-preview":"max-image-preview:large","max-video-preview":"max-video-preview:-1"},"canonical":"https:\/\/tpv-tenerife.com\/?product=lector-de-codigos-de-barras-avpos-bt31-rugerizado-bluetooth","og_locale":"es_ES","og_type":"article","og_title":"Lector de c\u00f3digos de barras AVPos BT31 Rugerizado Bluetooth - TPV Tenerife","og_description":"Dispositivo rugerizado con tecnolog\u00eda 2D mejorada y comunicaciones bluetooth.. Dise\u00f1o ergon\u00f3mico y muy funcional, capaz de adaptarse a una amplia variedad de negocios y aplicaciones.","og_url":"https:\/\/tpv-tenerife.com\/?product=lector-de-codigos-de-barras-avpos-bt31-rugerizado-bluetooth","og_site_name":"TPV Tenerife","og_image":[{"width":800,"height":800,"url":"https:\/\/tpv-tenerife.com\/wp-content\/uploads\/2023\/09\/4X-avpos.webp","type":"image\/webp"}],"twitter_card":"summary_large_image","twitter_misc":{"Tiempo de lectura":"1 minuto"},"schema":{"@context":"https:\/\/schema.org","@graph":[{"@type":"WebPage","@id":"https:\/\/tpv-tenerife.com\/?product=lector-de-codigos-de-barras-avpos-bt31-rugerizado-bluetooth","url":"https:\/\/tpv-tenerife.com\/?product=lector-de-codigos-de-barras-avpos-bt31-rugerizado-bluetooth","name":"Lector de c\u00f3digos de barras AVPos BT31 Rugerizado Bluetooth - TPV Tenerife","isPartOf":{"@id":"https:\/\/tpv-tenerife.com\/#website"},"primaryImageOfPage":{"@id":"https:\/\/tpv-tenerife.com\/?product=lector-de-codigos-de-barras-avpos-bt31-rugerizado-bluetooth#primaryimage"},"image":{"@id":"https:\/\/tpv-tenerife.com\/?product=lector-de-codigos-de-barras-avpos-bt31-rugerizado-bluetooth#primaryimage"},"thumbnailUrl":"https:\/\/tpv-tenerife.com\/wp-content\/uploads\/2023\/09\/4X-avpos.webp","datePublished":"2023-09-20T16:30:44+00:00","description":"Dispositivo rugerizado con tecnolog\u00eda 2D mejorada y comunicaciones bluetooth.. Dise\u00f1o ergon\u00f3mico y muy funcional, capaz de adaptarse a una amplia variedad de negocios y aplicaciones.","breadcrumb":{"@id":"https:\/\/tpv-tenerife.com\/?product=lector-de-codigos-de-barras-avpos-bt31-rugerizado-bluetooth#breadcrumb"},"inLanguage":"es","potentialAction":[{"@type":"ReadAction","target":["https:\/\/tpv-tenerife.com\/?product=lector-de-codigos-de-barras-avpos-bt31-rugerizado-bluetooth"]}]},{"@type":"ImageObject","inLanguage":"es","@id":"https:\/\/tpv-tenerife.com\/?product=lector-de-codigos-de-barras-avpos-bt31-rugerizado-bluetooth#primaryimage","url":"https:\/\/tpv-tenerife.com\/wp-content\/uploads\/2023\/09\/4X-avpos.webp","contentUrl":"https:\/\/tpv-tenerife.com\/wp-content\/uploads\/2023\/09\/4X-avpos.webp","width":800,"height":800,"caption":"Lector de c\u00f3digos de barras AVPos BT31 Rugerizado"},{"@type":"BreadcrumbList","@id":"https:\/\/tpv-tenerife.com\/?product=lector-de-codigos-de-barras-avpos-bt31-rugerizado-bluetooth#breadcrumb","itemListElement":[{"@type":"ListItem","position":1,"name":"Inicio","item":"https:\/\/tpv-tenerife.com\/"},{"@type":"ListItem","position":2,"name":"Tienda","item":"https:\/\/tpv-tenerife.com\/?page_id=208"},{"@type":"ListItem","position":3,"name":"Lector de c\u00f3digos de barras AVPos BT31 Rugerizado Bluetooth"}]},{"@type":"WebSite","@id":"https:\/\/tpv-tenerife.com\/#website","url":"https:\/\/tpv-tenerife.com\/","name":"TPV Tenerife","description":"TPV Tenerife","publisher":{"@id":"https:\/\/tpv-tenerife.com\/#organization"},"potentialAction":[{"@type":"SearchAction","target":{"@type":"EntryPoint","urlTemplate":"https:\/\/tpv-tenerife.com\/?s={search_term_string}"},"query-input":{"@type":"PropertyValueSpecification","valueRequired":true,"valueName":"search_term_string"}}],"inLanguage":"es"},{"@type":"Organization","@id":"https:\/\/tpv-tenerife.com\/#organization","name":"TPV Tenerife","alternateName":"Mega Ram - TPV Tenerife","url":"https:\/\/tpv-tenerife.com\/","logo":{"@type":"ImageObject","inLanguage":"es","@id":"https:\/\/tpv-tenerife.com\/#\/schema\/logo\/image\/","url":"https:\/\/tpv-tenerife.com\/wp-content\/uploads\/2023\/07\/logo.webp","contentUrl":"https:\/\/tpv-tenerife.com\/wp-content\/uploads\/2023\/07\/logo.webp","width":800,"height":247,"caption":"TPV Tenerife"},"image":{"@id":"https:\/\/tpv-tenerife.com\/#\/schema\/logo\/image\/"}}]}},"_links":{"self":[{"href":"https:\/\/tpv-tenerife.com\/index.php?rest_route=\/wp\/v2\/product\/4966","targetHints":{"allow":["GET"]}}],"collection":[{"href":"https:\/\/tpv-tenerife.com\/index.php?rest_route=\/wp\/v2\/product"}],"about":[{"href":"https:\/\/tpv-tenerife.com\/index.php?rest_route=\/wp\/v2\/types\/product"}],"wp:featuredmedia":[{"embeddable":true,"href":"https:\/\/tpv-tenerife.com\/index.php?rest_route=\/wp\/v2\/media\/4970"}],"wp:attachment":[{"href":"https:\/\/tpv-tenerife.com\/index.php?rest_route=%2Fwp%2Fv2%2Fmedia&parent=4966"}],"wp:term":[{"taxonomy":"product_brand","embeddable":true,"href":"https:\/\/tpv-tenerife.com\/index.php?rest_route=%2Fwp%2Fv2%2Fproduct_brand&post=4966"},{"taxonomy":"product_cat","embeddable":true,"href":"https:\/\/tpv-tenerife.com\/index.php?rest_route=%2Fwp%2Fv2%2Fproduct_cat&post=4966"},{"taxonomy":"product_tag","embeddable":true,"href":"https:\/\/tpv-tenerife.com\/index.php?rest_route=%2Fwp%2Fv2%2Fproduct_tag&post=4966"}],"curies":[{"name":"wp","href":"https:\/\/api.w.org\/{rel}","templated":true}]}}