{"id":4958,"date":"2023-09-20T16:24:25","date_gmt":"2023-09-20T16:24:25","guid":{"rendered":"https:\/\/tpv-tenerife.com\/?post_type=product&#038;p=4958"},"modified":"2023-09-20T16:51:14","modified_gmt":"2023-09-20T16:51:14","slug":"lector-de-codigos-de-barras-avpos-930-2d","status":"publish","type":"product","link":"https:\/\/tpv-tenerife.com\/?product=lector-de-codigos-de-barras-avpos-930-2d","title":{"rendered":"Lector de C\u00f3digos de Barras AVPos 930 2D"},"content":{"rendered":"<p>&nbsp;<\/p>\n<p>El lector de c\u00f3digo de barras\u00a0<strong>AVPos 930 2D<\/strong>\u00a0es una soluci\u00f3n avanzada que mejora la productividad en cualquier entorno comercial. Con una lectura r\u00e1pida y precisa, este lector evita errores manuales y mantiene altos niveles de productividad. Su dise\u00f1o ergon\u00f3mico y moderno garantiza comodidad y durabilidad durante todo el d\u00eda de trabajo. Adem\u00e1s, reduce el mantenimiento y los costos de servicio para un rendimiento fiable y a largo plazo. Con interfaces USB o RS-232, el AVPos 930 2D es una soluci\u00f3n completa y confiable para tus necesidades de lectura de c\u00f3digo de barras.<\/p>\n<p>&nbsp;<\/p>\n<table class=\"alignleft\" border=\"-50\" width=\"676\" cellspacing=\"-150\" cellpadding=\"-150\">\n<tbody>\n<tr>\n<td colspan=\"2\"><strong>Par\u00e1metros de rendimiento<\/strong><\/td>\n<\/tr>\n<tr>\n<td><strong>Dimensiones<\/strong><\/td>\n<td>165mm* 86mm*66mm<\/td>\n<\/tr>\n<tr>\n<td><strong>Lectura<\/strong><\/td>\n<td>Impresi\u00f3n de c\u00f3digos 1D y 2D en papel y pantallas<\/td>\n<\/tr>\n<tr>\n<td><strong>Sensor<\/strong><\/td>\n<td>640*480 CMOS<\/td>\n<\/tr>\n<tr>\n<td><strong>Modo de Escaner<\/strong><\/td>\n<td>Escaneo de gatillo \/ escaneo autom\u00e1tico \/ escaneo continuo<\/td>\n<\/tr>\n<tr>\n<td><strong>Peso<\/strong><\/td>\n<td>173g<\/td>\n<\/tr>\n<tr>\n<td><strong>Distancia de funcionamiento<\/strong><\/td>\n<td>80 metros (distancia visual)<\/td>\n<\/tr>\n<tr>\n<td><strong>Tolerancia al movimiento<\/strong><\/td>\n<td>1.8 m\/s<\/td>\n<\/tr>\n<tr>\n<td><strong>Soporte OS<\/strong><\/td>\n<td>Android, Windows XP\/ 7\/8\/10\/11, MACOS, Linux<\/td>\n<\/tr>\n<tr>\n<td><strong>Contraste m\u00ednimo<\/strong><\/td>\n<td>25%<\/td>\n<\/tr>\n<tr>\n<td><strong>Escaner<\/strong><\/td>\n<td>Esc\u00e1ner de im\u00e1genes 1D + 2D<\/td>\n<\/tr>\n<tr>\n<td><strong>Inal\u00e1mbrico<\/strong><\/td>\n<td>No<\/td>\n<\/tr>\n<tr>\n<td><strong>Conexi\u00f3n<\/strong><\/td>\n<td>USB + Serial RS232<\/td>\n<\/tr>\n<tr>\n<td><strong>Nivel Rugerizado<\/strong><\/td>\n<td>Dise\u00f1ado para soportar ca\u00eddas de 1,5 M sobre el hormig\u00f3n 5 veces<\/td>\n<\/tr>\n<tr>\n<td><em><strong>Temperatura de funcionamiento<\/strong><\/em><\/td>\n<td>0-60\u2103<\/td>\n<\/tr>\n<tr>\n<td><em><strong>Formato de C\u00f3digo<\/strong><\/em><\/td>\n<td>Airline 2 of 5, Codaba, Codablock A, Code 128, Code 11, Code 32, Code 39, Code93, EAN\/UPC, EAN-8, EAN-8 885 EAN-13, EAN-13, Full SACII Code39, GS1DataBar Expanded, GS1DataBar Limited, GS1DataBar Omnidirectional, Hongkong 2 of 5 (China post) , Interleaved 2 of 5, RSS-14, RSS-LIMITED, RSS-EXPANDED, Straight 2 of 5 Industrial, Telepen, Trioptic Code, UPC-A, UPC-E, UPCE, MSI, Pharmacode, Matrix 2 of 5, Codablock F<\/td>\n<\/tr>\n<tr>\n<td><strong>Formato de imagen 2D<\/strong><\/td>\n<td>Data Matrix Code, HANXIN, Maxicode, MicroPDF417, QR Code, Aztec Code, Composite, DOT_CODE<\/td>\n<\/tr>\n<tr>\n<td><strong>Idiomas soportados<\/strong><\/td>\n<td>Italy, Germany, Spain, Japan, Russia, Sierra Leone, Turkey Q, Hungary, Russian (Russ.), Belgium, Singapore, El Salvador, France, UK, USA, Thai<\/td>\n<\/tr>\n<tr>\n<td><strong>Certificaci\u00f3n<\/strong><\/td>\n<td>CE, RoHS Y FCC<\/td>\n<\/tr>\n<\/tbody>\n<\/table>\n<p>&nbsp;<\/p>\n<p>&nbsp;<\/p>\n","protected":false},"excerpt":{"rendered":"<p>&nbsp; El lector de c\u00f3digo de barras\u00a0AVPos 930 2D\u00a0es una soluci\u00f3n avanzada que mejora la productividad en cualquier entorno comercial. Con una lectura r\u00e1pida y precisa, este lector evita errores manuales y mantiene altos niveles de productividad. Su dise\u00f1o ergon\u00f3mico y moderno garantiza comodidad y durabilidad durante todo el d\u00eda de trabajo. Adem\u00e1s, reduce el [&hellip;]<\/p>\n","protected":false},"featured_media":4964,"template":"","meta":[],"product_brand":[],"product_cat":[41],"product_tag":[112,111],"class_list":{"0":"post-4958","1":"product","2":"type-product","3":"status-publish","4":"has-post-thumbnail","6":"product_cat-lectores-de-codigo","7":"product_tag-codigos","8":"product_tag-lector","10":"first","11":"instock","12":"taxable","13":"shipping-taxable","14":"purchasable","15":"product-type-simple"},"yoast_head":"<!-- This site is optimized with the Yoast SEO plugin v27.5 - https:\/\/yoast.com\/product\/yoast-seo-wordpress\/ -->\n<title>Lector de C\u00f3digos de Barras AVPos 930 2D - TPV Tenerife<\/title>\n<meta name=\"description\" content=\"El lector de c\u00f3digo de barras AVPos 930 2D es una soluci\u00f3n avanzada que mejora la productividad en cualquier entorno comercial. Con una lectura r\u00e1pida y precisa, este lector evita errores manuales y mantiene altos niveles de productividad. Su dise\u00f1o ergon\u00f3mico y moderno garantiza comodidad y durabilidad durante todo el d\u00eda de trabajo.\" \/>\n<meta name=\"robots\" content=\"index, follow, max-snippet:-1, max-image-preview:large, max-video-preview:-1\" \/>\n<link rel=\"canonical\" href=\"https:\/\/tpv-tenerife.com\/?product=lector-de-codigos-de-barras-avpos-930-2d\" \/>\n<meta property=\"og:locale\" content=\"es_ES\" \/>\n<meta property=\"og:type\" content=\"article\" \/>\n<meta property=\"og:title\" content=\"Lector de C\u00f3digos de Barras AVPos 930 2D - TPV Tenerife\" \/>\n<meta property=\"og:description\" content=\"El lector de c\u00f3digo de barras AVPos 930 2D es una soluci\u00f3n avanzada que mejora la productividad en cualquier entorno comercial. Con una lectura r\u00e1pida y precisa, este lector evita errores manuales y mantiene altos niveles de productividad. Su dise\u00f1o ergon\u00f3mico y moderno garantiza comodidad y durabilidad durante todo el d\u00eda de trabajo.\" \/>\n<meta property=\"og:url\" content=\"https:\/\/tpv-tenerife.com\/?product=lector-de-codigos-de-barras-avpos-930-2d\" \/>\n<meta property=\"og:site_name\" content=\"TPV Tenerife\" \/>\n<meta property=\"article:modified_time\" content=\"2023-09-20T16:51:14+00:00\" \/>\n<meta property=\"og:image\" content=\"https:\/\/tpv-tenerife.com\/wp-content\/uploads\/2023\/09\/AVPOS-930-13-3.webp\" \/>\n\t<meta property=\"og:image:width\" content=\"800\" \/>\n\t<meta property=\"og:image:height\" content=\"800\" \/>\n\t<meta property=\"og:image:type\" content=\"image\/webp\" \/>\n<meta name=\"twitter:card\" content=\"summary_large_image\" \/>\n<meta name=\"twitter:label1\" content=\"Tiempo de lectura\" \/>\n\t<meta name=\"twitter:data1\" content=\"2 minutos\" \/>\n<script type=\"application\/ld+json\" class=\"yoast-schema-graph\">{\"@context\":\"https:\\\/\\\/schema.org\",\"@graph\":[{\"@type\":\"WebPage\",\"@id\":\"https:\\\/\\\/tpv-tenerife.com\\\/?product=lector-de-codigos-de-barras-avpos-930-2d\",\"url\":\"https:\\\/\\\/tpv-tenerife.com\\\/?product=lector-de-codigos-de-barras-avpos-930-2d\",\"name\":\"Lector de C\u00f3digos de Barras AVPos 930 2D - TPV Tenerife\",\"isPartOf\":{\"@id\":\"https:\\\/\\\/tpv-tenerife.com\\\/#website\"},\"primaryImageOfPage\":{\"@id\":\"https:\\\/\\\/tpv-tenerife.com\\\/?product=lector-de-codigos-de-barras-avpos-930-2d#primaryimage\"},\"image\":{\"@id\":\"https:\\\/\\\/tpv-tenerife.com\\\/?product=lector-de-codigos-de-barras-avpos-930-2d#primaryimage\"},\"thumbnailUrl\":\"https:\\\/\\\/tpv-tenerife.com\\\/wp-content\\\/uploads\\\/2023\\\/09\\\/AVPOS-930-13-3.webp\",\"datePublished\":\"2023-09-20T16:24:25+00:00\",\"dateModified\":\"2023-09-20T16:51:14+00:00\",\"description\":\"El lector de c\u00f3digo de barras AVPos 930 2D es una soluci\u00f3n avanzada que mejora la productividad en cualquier entorno comercial. Con una lectura r\u00e1pida y precisa, este lector evita errores manuales y mantiene altos niveles de productividad. Su dise\u00f1o ergon\u00f3mico y moderno garantiza comodidad y durabilidad durante todo el d\u00eda de trabajo.\",\"breadcrumb\":{\"@id\":\"https:\\\/\\\/tpv-tenerife.com\\\/?product=lector-de-codigos-de-barras-avpos-930-2d#breadcrumb\"},\"inLanguage\":\"es\",\"potentialAction\":[{\"@type\":\"ReadAction\",\"target\":[\"https:\\\/\\\/tpv-tenerife.com\\\/?product=lector-de-codigos-de-barras-avpos-930-2d\"]}]},{\"@type\":\"ImageObject\",\"inLanguage\":\"es\",\"@id\":\"https:\\\/\\\/tpv-tenerife.com\\\/?product=lector-de-codigos-de-barras-avpos-930-2d#primaryimage\",\"url\":\"https:\\\/\\\/tpv-tenerife.com\\\/wp-content\\\/uploads\\\/2023\\\/09\\\/AVPOS-930-13-3.webp\",\"contentUrl\":\"https:\\\/\\\/tpv-tenerife.com\\\/wp-content\\\/uploads\\\/2023\\\/09\\\/AVPOS-930-13-3.webp\",\"width\":800,\"height\":800,\"caption\":\"Lector de C\u00f3digos de Barras AVPos 930 2D\"},{\"@type\":\"BreadcrumbList\",\"@id\":\"https:\\\/\\\/tpv-tenerife.com\\\/?product=lector-de-codigos-de-barras-avpos-930-2d#breadcrumb\",\"itemListElement\":[{\"@type\":\"ListItem\",\"position\":1,\"name\":\"Inicio\",\"item\":\"https:\\\/\\\/tpv-tenerife.com\\\/\"},{\"@type\":\"ListItem\",\"position\":2,\"name\":\"Tienda\",\"item\":\"https:\\\/\\\/tpv-tenerife.com\\\/?page_id=208\"},{\"@type\":\"ListItem\",\"position\":3,\"name\":\"Lector de C\u00f3digos de Barras AVPos 930 2D\"}]},{\"@type\":\"WebSite\",\"@id\":\"https:\\\/\\\/tpv-tenerife.com\\\/#website\",\"url\":\"https:\\\/\\\/tpv-tenerife.com\\\/\",\"name\":\"TPV Tenerife\",\"description\":\"TPV Tenerife\",\"publisher\":{\"@id\":\"https:\\\/\\\/tpv-tenerife.com\\\/#organization\"},\"potentialAction\":[{\"@type\":\"SearchAction\",\"target\":{\"@type\":\"EntryPoint\",\"urlTemplate\":\"https:\\\/\\\/tpv-tenerife.com\\\/?s={search_term_string}\"},\"query-input\":{\"@type\":\"PropertyValueSpecification\",\"valueRequired\":true,\"valueName\":\"search_term_string\"}}],\"inLanguage\":\"es\"},{\"@type\":\"Organization\",\"@id\":\"https:\\\/\\\/tpv-tenerife.com\\\/#organization\",\"name\":\"TPV Tenerife\",\"alternateName\":\"Mega Ram - TPV Tenerife\",\"url\":\"https:\\\/\\\/tpv-tenerife.com\\\/\",\"logo\":{\"@type\":\"ImageObject\",\"inLanguage\":\"es\",\"@id\":\"https:\\\/\\\/tpv-tenerife.com\\\/#\\\/schema\\\/logo\\\/image\\\/\",\"url\":\"https:\\\/\\\/tpv-tenerife.com\\\/wp-content\\\/uploads\\\/2023\\\/07\\\/logo.webp\",\"contentUrl\":\"https:\\\/\\\/tpv-tenerife.com\\\/wp-content\\\/uploads\\\/2023\\\/07\\\/logo.webp\",\"width\":800,\"height\":247,\"caption\":\"TPV Tenerife\"},\"image\":{\"@id\":\"https:\\\/\\\/tpv-tenerife.com\\\/#\\\/schema\\\/logo\\\/image\\\/\"}}]}<\/script>\n<!-- \/ Yoast SEO plugin. -->","yoast_head_json":{"title":"Lector de C\u00f3digos de Barras AVPos 930 2D - TPV Tenerife","description":"El lector de c\u00f3digo de barras AVPos 930 2D es una soluci\u00f3n avanzada que mejora la productividad en cualquier entorno comercial. Con una lectura r\u00e1pida y precisa, este lector evita errores manuales y mantiene altos niveles de productividad. Su dise\u00f1o ergon\u00f3mico y moderno garantiza comodidad y durabilidad durante todo el d\u00eda de trabajo.","robots":{"index":"index","follow":"follow","max-snippet":"max-snippet:-1","max-image-preview":"max-image-preview:large","max-video-preview":"max-video-preview:-1"},"canonical":"https:\/\/tpv-tenerife.com\/?product=lector-de-codigos-de-barras-avpos-930-2d","og_locale":"es_ES","og_type":"article","og_title":"Lector de C\u00f3digos de Barras AVPos 930 2D - TPV Tenerife","og_description":"El lector de c\u00f3digo de barras AVPos 930 2D es una soluci\u00f3n avanzada que mejora la productividad en cualquier entorno comercial. Con una lectura r\u00e1pida y precisa, este lector evita errores manuales y mantiene altos niveles de productividad. Su dise\u00f1o ergon\u00f3mico y moderno garantiza comodidad y durabilidad durante todo el d\u00eda de trabajo.","og_url":"https:\/\/tpv-tenerife.com\/?product=lector-de-codigos-de-barras-avpos-930-2d","og_site_name":"TPV Tenerife","article_modified_time":"2023-09-20T16:51:14+00:00","og_image":[{"width":800,"height":800,"url":"https:\/\/tpv-tenerife.com\/wp-content\/uploads\/2023\/09\/AVPOS-930-13-3.webp","type":"image\/webp"}],"twitter_card":"summary_large_image","twitter_misc":{"Tiempo de lectura":"2 minutos"},"schema":{"@context":"https:\/\/schema.org","@graph":[{"@type":"WebPage","@id":"https:\/\/tpv-tenerife.com\/?product=lector-de-codigos-de-barras-avpos-930-2d","url":"https:\/\/tpv-tenerife.com\/?product=lector-de-codigos-de-barras-avpos-930-2d","name":"Lector de C\u00f3digos de Barras AVPos 930 2D - TPV Tenerife","isPartOf":{"@id":"https:\/\/tpv-tenerife.com\/#website"},"primaryImageOfPage":{"@id":"https:\/\/tpv-tenerife.com\/?product=lector-de-codigos-de-barras-avpos-930-2d#primaryimage"},"image":{"@id":"https:\/\/tpv-tenerife.com\/?product=lector-de-codigos-de-barras-avpos-930-2d#primaryimage"},"thumbnailUrl":"https:\/\/tpv-tenerife.com\/wp-content\/uploads\/2023\/09\/AVPOS-930-13-3.webp","datePublished":"2023-09-20T16:24:25+00:00","dateModified":"2023-09-20T16:51:14+00:00","description":"El lector de c\u00f3digo de barras AVPos 930 2D es una soluci\u00f3n avanzada que mejora la productividad en cualquier entorno comercial. Con una lectura r\u00e1pida y precisa, este lector evita errores manuales y mantiene altos niveles de productividad. Su dise\u00f1o ergon\u00f3mico y moderno garantiza comodidad y durabilidad durante todo el d\u00eda de trabajo.","breadcrumb":{"@id":"https:\/\/tpv-tenerife.com\/?product=lector-de-codigos-de-barras-avpos-930-2d#breadcrumb"},"inLanguage":"es","potentialAction":[{"@type":"ReadAction","target":["https:\/\/tpv-tenerife.com\/?product=lector-de-codigos-de-barras-avpos-930-2d"]}]},{"@type":"ImageObject","inLanguage":"es","@id":"https:\/\/tpv-tenerife.com\/?product=lector-de-codigos-de-barras-avpos-930-2d#primaryimage","url":"https:\/\/tpv-tenerife.com\/wp-content\/uploads\/2023\/09\/AVPOS-930-13-3.webp","contentUrl":"https:\/\/tpv-tenerife.com\/wp-content\/uploads\/2023\/09\/AVPOS-930-13-3.webp","width":800,"height":800,"caption":"Lector de C\u00f3digos de Barras AVPos 930 2D"},{"@type":"BreadcrumbList","@id":"https:\/\/tpv-tenerife.com\/?product=lector-de-codigos-de-barras-avpos-930-2d#breadcrumb","itemListElement":[{"@type":"ListItem","position":1,"name":"Inicio","item":"https:\/\/tpv-tenerife.com\/"},{"@type":"ListItem","position":2,"name":"Tienda","item":"https:\/\/tpv-tenerife.com\/?page_id=208"},{"@type":"ListItem","position":3,"name":"Lector de C\u00f3digos de Barras AVPos 930 2D"}]},{"@type":"WebSite","@id":"https:\/\/tpv-tenerife.com\/#website","url":"https:\/\/tpv-tenerife.com\/","name":"TPV Tenerife","description":"TPV Tenerife","publisher":{"@id":"https:\/\/tpv-tenerife.com\/#organization"},"potentialAction":[{"@type":"SearchAction","target":{"@type":"EntryPoint","urlTemplate":"https:\/\/tpv-tenerife.com\/?s={search_term_string}"},"query-input":{"@type":"PropertyValueSpecification","valueRequired":true,"valueName":"search_term_string"}}],"inLanguage":"es"},{"@type":"Organization","@id":"https:\/\/tpv-tenerife.com\/#organization","name":"TPV Tenerife","alternateName":"Mega Ram - TPV Tenerife","url":"https:\/\/tpv-tenerife.com\/","logo":{"@type":"ImageObject","inLanguage":"es","@id":"https:\/\/tpv-tenerife.com\/#\/schema\/logo\/image\/","url":"https:\/\/tpv-tenerife.com\/wp-content\/uploads\/2023\/07\/logo.webp","contentUrl":"https:\/\/tpv-tenerife.com\/wp-content\/uploads\/2023\/07\/logo.webp","width":800,"height":247,"caption":"TPV Tenerife"},"image":{"@id":"https:\/\/tpv-tenerife.com\/#\/schema\/logo\/image\/"}}]}},"_links":{"self":[{"href":"https:\/\/tpv-tenerife.com\/index.php?rest_route=\/wp\/v2\/product\/4958","targetHints":{"allow":["GET"]}}],"collection":[{"href":"https:\/\/tpv-tenerife.com\/index.php?rest_route=\/wp\/v2\/product"}],"about":[{"href":"https:\/\/tpv-tenerife.com\/index.php?rest_route=\/wp\/v2\/types\/product"}],"wp:featuredmedia":[{"embeddable":true,"href":"https:\/\/tpv-tenerife.com\/index.php?rest_route=\/wp\/v2\/media\/4964"}],"wp:attachment":[{"href":"https:\/\/tpv-tenerife.com\/index.php?rest_route=%2Fwp%2Fv2%2Fmedia&parent=4958"}],"wp:term":[{"taxonomy":"product_brand","embeddable":true,"href":"https:\/\/tpv-tenerife.com\/index.php?rest_route=%2Fwp%2Fv2%2Fproduct_brand&post=4958"},{"taxonomy":"product_cat","embeddable":true,"href":"https:\/\/tpv-tenerife.com\/index.php?rest_route=%2Fwp%2Fv2%2Fproduct_cat&post=4958"},{"taxonomy":"product_tag","embeddable":true,"href":"https:\/\/tpv-tenerife.com\/index.php?rest_route=%2Fwp%2Fv2%2Fproduct_tag&post=4958"}],"curies":[{"name":"wp","href":"https:\/\/api.w.org\/{rel}","templated":true}]}}