{"id":4848,"date":"2023-09-14T18:27:59","date_gmt":"2023-09-14T18:27:59","guid":{"rendered":"https:\/\/tpv-tenerife.com\/?post_type=product&#038;p=4848"},"modified":"2026-03-16T12:27:43","modified_gmt":"2026-03-16T12:27:43","slug":"pack-tpv-hosteleria-avanzado-para-restaurantes","status":"publish","type":"product","link":"https:\/\/tpv-tenerife.com\/?product=pack-tpv-hosteleria-avanzado-para-restaurantes","title":{"rendered":"Pack TPV Hosteler\u00eda Avanzado para Restaurantes"},"content":{"rendered":"<p><span style=\"font-weight: 300;\">El Pack Hosteler\u00eda Avanzado se compone de los siguientes componentes:\u00a0<\/span><\/p>\n<p><span style=\"font-weight: 300;\">\u00a0<\/span><\/p>\n<p><span style=\"font-weight: 300;\">\u2705 TPV T\u00e1ctil Aluminio, Pantalla: True Flat Capacitivo 15 \u00abLED Resoluci\u00f3n: 1024 X 768, Memoria RAM 4GB (Ampliable 8GB), Disco SSD 64 GB MSATA (Ampliable 128GB) <\/span><span style=\"font-weight: 300;\"><br \/>\n<\/span><span style=\"font-weight: 300;\">\u2705 Caj\u00f3n portamonedas<\/span><span style=\"font-weight: 300;\"><br \/>\n<\/span><span style=\"font-weight: 300;\">\u2705 Impresora de tickets USB <\/span><span style=\"font-weight: 300;\"><br \/>\n<\/span><span style=\"font-weight: 300;\">\u2705 Licencia de Windows<\/span><span style=\"font-weight: 300;\"><br \/>\n<\/span><span style=\"font-weight: 300;\">\u2705 Licencia de Programa de Gesti\u00f3n Hosteler\u00eda Avanzado\u00a0<\/span><\/p>\n<p><span style=\"font-weight: 300;\">\u00a0<\/span><\/p>\n<p><span style=\"font-weight: 300;\">y de los siguientes servicios:\u00a0<\/span><\/p>\n<p><span style=\"font-weight: 300;\">\u00a0<\/span><\/p>\n<p><span style=\"font-weight: 300;\">\u2705 Instalaci\u00f3n y configuraci\u00f3n (creaci\u00f3n de carta de productos con im\u00e1genes, precios,&#8230;.) <\/span><span style=\"font-weight: 300;\"><br \/>\n<\/span><span style=\"font-weight: 300;\">\u2705 Formaci\u00f3n del programa (100% del programa) <\/span><span style=\"font-weight: 300;\"><br \/>\n<\/span><span style=\"font-weight: 300;\">\u2705 Apoyo inicial de 30 d\u00edas para ayudarte en todo lo que necesites.\u00a0<\/span><\/p>\n<p><span style=\"font-weight: 300;\">\u00a0<\/span><\/p>\n<p><span style=\"font-weight: 300;\">Disponible en 2 modalidades de compra:\u00a0<\/span><\/p>\n<p><span style=\"font-weight: 300;\">\u00a0<\/span><\/p>\n<p><span style=\"font-weight: 300;\">\u2611\ufe0f Pack sin soporte t\u00e9cnico: \u20ac\u00a0<\/span><\/p>\n<p><span style=\"font-weight: 300;\">\u2611\ufe0f Pack + Soporte T\u00e9cnico + Actualizaciones: \u20ac\u00a0<\/span><\/p>\n<p><span style=\"font-weight: 300;\">\u00a0<\/span><\/p>\n<p><span style=\"font-weight: 300;\">\ud83d\udd1c A destacar que nuestro programa de gesti\u00f3n cumple con la nueva ley de hacienda \u00abLEY ANTIFRAUDE 11\/2021\u00bb, indispensable para cumplir con la nueva normativa.<\/span><\/p>\n<p><span style=\"font-weight: 300;\">\u00a0<\/span><\/p>\n<h2><b>Ventajas del TPV Restaurante, un software para restaurantes muy efectivo<\/b><\/h2>\n<p><span style=\"font-weight: 300;\">Este software para restaurantes no solo es pr\u00e1ctico y efectivo, sino que aporta una serie de ventajas que debes conocer. Estas son algunas:<\/span><\/p>\n<h2><span style=\"font-weight: 400;\">Cambiar lo que quieras en los platos<\/span><\/h2>\n<p><span style=\"font-weight: 400;\">En el software TPV restaurante<\/span><span style=\"font-weight: 300;\"> podr\u00e1s definir los ingredientes que componen cada plato, las posibles variaciones en comanda y las notas de preparaci\u00f3n, esto permite informar a la cocina de las indicaciones realizadas por el cliente.<\/span><\/p>\n<p><span style=\"font-weight: 300;\">Podr\u00e1s cambiar el precio de un plato f\u00e1cilmente y programar ingredientes que suman o restan del precio original del art\u00edculo sin necesidad de correr hacia la cocina para informar de ello. Este tipo de trabajo es muy com\u00fan en restaurantes italianos, bocater\u00edas, hamburgueser\u00edas, pizzer\u00edas, etc. Restaurantes donde constantemente los clientes demandan quitar o agregar ingredientes.<\/span><\/p>\n<p><span style=\"font-weight: 300;\">La gesti\u00f3n de proporciones tanto en platos como en bebidas, permite a un mismo producto definir diferentes precios para una misma tarifa. Por ejemplo, media raci\u00f3n pvp 10\u20ac, raci\u00f3n completa pvp 18\u20ac.<\/span><\/p>\n<h2><span style=\"font-weight: 400;\">Gestionar los men\u00fas<\/span><\/h2>\n<p><span style=\"font-weight: 300;\">La gesti\u00f3n y definici\u00f3n de MEN\u00daS, otra de las grandes caracter\u00edsticas del <\/span><span style=\"font-weight: 400;\">TPV restaurante de iAvanza<\/span><span style=\"font-weight: 300;\">. Puedes definir qu\u00e9 platos componen el men\u00fa y controlar la toma de comanda mediante un peque\u00f1o asistente que guiar\u00e1 al camarero.<\/span><\/p>\n<p><span style=\"font-weight: 300;\">Tambi\u00e9n ofrece la posibilidad de intercambiar el orden de preparaci\u00f3n. Puedes decidir qu\u00e9 platos deben salir primero y cu\u00e1les despu\u00e9s gracias a este software de restaurante.<\/span><\/p>\n<h2><span style=\"font-weight: 400;\">Cambios de comensales<\/span><\/h2>\n<p><span style=\"font-weight: 300;\">No ser\u00eda la primera vez que unos clientes se cambian de mesa. \u00a1O solo algunos de ellos! No hay problema, nuestro software<\/span><span style=\"font-weight: 400;\"> TPV para restaurantes<\/span><span style=\"font-weight: 300;\"> tiene la utilidad del cambio de mesa tanto total como parcial.<\/span><\/p>\n<p><span style=\"font-weight: 300;\">Tambi\u00e9n se puede controlar el n\u00famero de comensales de cada mesa para obtener el ticket medio por comensal, una ventaja para muchos clientes. Adem\u00e1s de impresi\u00f3n de pretickets, diferentes formas de gesti\u00f3n de cobro, etc<\/span><\/p>\n<p><span style=\"font-weight: 300;\">Estas son solo algunas de las ventajas que nos encontraremos disponibles en el propio panel de ventas. \u00a1Este software para restaurantes agilizar\u00e1 tu negocio y lo har\u00e1 mucho m\u00e1s rentable!<\/span><\/p>\n<h2><span style=\"font-weight: 400;\">\u00bfPor qu\u00e9 usar un software para restaurantes<\/span><\/h2>\n<p><span style=\"font-weight: 300;\">La principal raz\u00f3n es porque te va a facilitar por completo la administraci\u00f3n de tu negocio. A trav\u00e9s de la gesti\u00f3n de ventas tendr\u00e1s un control total de las mesas abiertas, tickets generados, env\u00edo de comandas a cocina. Adem\u00e1s de ir generando la informaci\u00f3n fiscal necesaria. Tambi\u00e9n dispondr\u00e1 de herramientas o dispositivos complementarios al TPV que te permitir\u00e1n por ejemplo:<\/span><\/p>\n<ul>\n<li style=\"font-weight: 300;\" aria-level=\"1\"><span style=\"font-weight: 300;\">\u2705 <\/span><span style=\"font-weight: 400;\">Con el uso de telecomandas podr\u00e1 realizar un cambio de mesa, gestionar el cobro de una mesa, solicitar pretickets a barra, la gesti\u00f3n de men\u00fas o cambiar el orden de preparaci\u00f3n de men\u00fa, etc. Y, sobre todo, con la ventaja de que las pantallas son muy similares a las del TPV. Por lo que aprender\u00e1 muy r\u00e1pido a usar la PDA.<\/span><\/li>\n<li style=\"font-weight: 300;\" aria-level=\"1\"><span style=\"font-weight: 300;\">\u2705 <\/span><span style=\"font-weight: 400;\">El monitor de cocina, con una \u00fanica ventana de trabajo, puede dividir entre platos sin preparar y platos en preparaci\u00f3n. Esta es la nueva forma de gesti\u00f3n en cocina, que adem\u00e1s, es compatible con el uso de impresoras en cocina.<\/span><\/li>\n<\/ul>\n<ul>\n<li style=\"font-weight: 300;\" aria-level=\"1\"><span style=\"font-weight: 300;\">\u2705 <\/span><span style=\"font-weight: 400;\">La conectividad del software restaurante permite la integraci\u00f3n con las principales b\u00e1sculas del mercado.<\/span><\/li>\n<li style=\"font-weight: 300;\" aria-level=\"1\"><span style=\"font-weight: 300;\">\u2705 <\/span><span style=\"font-weight: 400;\">Tambi\u00e9n es posible conectar un caj\u00f3n inteligente para la gesti\u00f3n de efectivo y que no tengas que manipular el dinero. Al mismo tiempo, evita posibles errores en el cierre de caja, adem\u00e1s de detectar billetes falsos, etc. Por ello este sistema de ventas para restaurantes est\u00e1 integrado con Cashkeeper, Cashlogy, Cashguard, CashPhenix y TPV Cash.<\/span><\/li>\n<\/ul>\n<h2><span style=\"font-weight: 400;\">Algunos de los complementos del software para restaurantes TPV Restaurante<\/span><\/h2>\n<p><span style=\"font-weight: 300;\">Este programa TPV para bar, tambi\u00e9n es apto para discotecas, pubs o establecimientos similares. Tiene funciones imprescindibles para el cobro r\u00e1pido y\/o el control de stock por botellas. Estas son algunas:<\/span><\/p>\n<h2><span style=\"font-weight: 400;\">Gesti\u00f3n de telecomandas<\/span><\/h2>\n<p><span style=\"font-weight: 300;\">iaPDA es tu soluci\u00f3n, se trata de un m\u00f3dulo con el que enviar comandas a cocina. Puede usar dispositivos m\u00f3viles como tablets, PDA, Smartphones, etc., con sistema operativo Android<\/span><\/p>\n<p><span style=\"font-weight: 300;\">Mejora la rapidez y el servicio a trav\u00e9s de nuestro software TPV t\u00e1ctil restaurante. Estas son algunas de sus caracter\u00edsticas m\u00e1s destacadas de la pda:<\/span><\/p>\n<ul>\n<li style=\"font-weight: 300;\" aria-level=\"1\"><span style=\"font-weight: 300;\">\u25b6\ufe0f <\/span><span style=\"font-weight: 400;\">Botones de f\u00e1cil acceso para el uso t\u00e1ctil<\/span><\/li>\n<li style=\"font-weight: 300;\" aria-level=\"1\"><span style=\"font-weight: 300;\">\u25b6\ufe0f<\/span><span style=\"font-weight: 400;\">Entorno com\u00fan al TPV que facilita el aprendizaje<\/span><\/li>\n<\/ul>\n<ul>\n<li style=\"font-weight: 300;\" aria-level=\"1\"><span style=\"font-weight: 300;\">\u25b6\ufe0f <\/span><span style=\"font-weight: 400;\">Posibilidad de gestionar cobros desde la Tablet<\/span><\/li>\n<li style=\"font-weight: 300;\" aria-level=\"1\"><span style=\"font-weight: 300;\">\u25b6\ufe0f <\/span><span style=\"font-weight: 400;\">Panel de familias y art\u00edculos definible por colores, im\u00e1genes o ambos<\/span><\/li>\n<\/ul>\n<h2><span style=\"font-weight: 400;\">Monitor de cocina<\/span><\/h2>\n<p><span style=\"font-weight: 300;\">iaMonitor es el complemento ideal del software restaurante para cocinas que quieren estar en constante comunicaci\u00f3n con el resto de empleados. Funciona mediante avisos del estado de la preparaci\u00f3n de la comanda.<\/span><\/p>\n<p><span style=\"font-weight: 300;\">Con esta herramienta, podremos realizar un trabajo m\u00e1s ordenado y \u00e1gil en cocina. Los errores t\u00edpicos de las comandas escritas a boli quedaron muy atr\u00e1s.<\/span><\/p>\n<p><span style=\"font-weight: 300;\">Estas son algunas de las herramientas del monitor de cocina:<\/span><\/p>\n<ul>\n<li style=\"font-weight: 300;\" aria-level=\"1\"><span style=\"font-weight: 300;\">\u25b6\ufe0f <\/span><span style=\"font-weight: 400;\">Configurable por zona\/s de preparaci\u00f3n<\/span><\/li>\n<li style=\"font-weight: 300;\" aria-level=\"1\"><span style=\"font-weight: 300;\">\u25b6\ufe0f <\/span><span style=\"font-weight: 400;\">Gesti\u00f3n de fases de preparaci\u00f3n de plato<\/span><\/li>\n<li style=\"font-weight: 300;\" aria-level=\"1\"><span style=\"font-weight: 300;\">\u25b6\ufe0f <\/span><span style=\"font-weight: 400;\">Notificaciones de finalizaciones de platos en cocina<\/span><\/li>\n<\/ul>\n<ul>\n<li style=\"font-weight: 300;\" aria-level=\"1\"><span style=\"font-weight: 300;\">\u25b6\ufe0f <\/span><span style=\"font-weight: 400;\">Aviso de ingredientes diferentes a los habituales<\/span><\/li>\n<li style=\"font-weight: 300;\" aria-level=\"1\"><span style=\"font-weight: 300;\">\u25b6\ufe0f <\/span><span style=\"font-weight: 400;\">N\u00famero de monitores ilimitados<\/span><\/li>\n<li style=\"font-weight: 300;\" aria-level=\"1\"><span style=\"font-weight: 300;\">\u25b6\ufe0f <\/span><span style=\"font-weight: 400;\">Impresi\u00f3n de tickets por comanda o plato preparado<\/span><\/li>\n<\/ul>\n<h2><span style=\"font-weight: 400;\">M\u00e1s ventajas del software para restaurantes<\/span><\/h2>\n<h3><span style=\"font-weight: 400;\">\u00a0<\/span><\/h3>\n<ul>\n<li style=\"font-weight: 300;\" aria-level=\"1\"><span style=\"font-weight: 300;\">\u2714\ufe0fEste software TPV para restaurantes dispone de asistentes para el camarero en el momento de la toma de comandas<\/span><\/li>\n<li style=\"font-weight: 300;\" aria-level=\"1\"><span style=\"font-weight: 300;\">\u2714\ufe0fEl programa ayuda a coordinar el trabajo entre los camareros y cocina<\/span><\/li>\n<li style=\"font-weight: 300;\" aria-level=\"1\"><span style=\"font-weight: 300;\">\u2714\ufe0fIntegraci\u00f3n con dispositivos como b\u00e1sculas y cajones inteligentes est\u00e1n incluidas en la aplicaci\u00f3n<\/span><\/li>\n<li style=\"font-weight: 300;\" aria-level=\"1\"><span style=\"font-weight: 300;\">\u2714\ufe0fAdi\u00f3s a los temidos descuadres de caja en hosteler\u00eda (siempre que se use correctamente la aplicaci\u00f3n)<\/span><\/li>\n<li style=\"font-weight: 300;\" aria-level=\"1\"><span style=\"font-weight: 300;\">\u2714\ufe0fControl de acceso de los camareros a las distintas opciones de la aplicaci\u00f3n<\/span><\/li>\n<\/ul>\n<ul>\n<li style=\"font-weight: 300;\" aria-level=\"1\"><span style=\"font-weight: 300;\">\u2714\ufe0fNo hay limitaciones de impresoras de cocina permitiendo una misma comanda enviarla a varias impresoras a la vez<\/span><\/li>\n<li style=\"font-weight: 300;\" aria-level=\"1\"><span style=\"font-weight: 300;\">\u2714\ufe0fEl monitor de cocina avisa visualmente de cambios en los ingredientes originales de cada plato por lo que hace el trabajo en cocina m\u00e1s f\u00e1cil<\/span><\/li>\n<li style=\"font-weight: 300;\" aria-level=\"1\"><span style=\"font-weight: 300;\">\u2714\ufe0fR\u00e1pido aprendizaje en el uso de la pda al tener una interfaz com\u00fan con el tpv<\/span><\/li>\n<li style=\"font-weight: 300;\" aria-level=\"1\"><span style=\"font-weight: 300;\">\u2714\ufe0fPuede disponer de familias y art\u00edculos diferentes en cada terminal<\/span><\/li>\n<li style=\"font-weight: 300;\" aria-level=\"1\"><span style=\"font-weight: 300;\">\u2714\ufe0fGesti\u00f3n del control horario de los trabajadores<\/span><\/li>\n<\/ul>\n","protected":false},"excerpt":{"rendered":"<p>El Pack Hosteler\u00eda Avanzado se compone de los siguientes componentes:\u00a0 \u00a0 \u2705 TPV T\u00e1ctil Aluminio, Pantalla: True Flat Capacitivo 15 \u00abLED Resoluci\u00f3n: 1024 X 768, Memoria RAM 4GB (Ampliable 8GB), Disco SSD 64 GB MSATA (Ampliable 128GB) \u2705 Caj\u00f3n portamonedas \u2705 Impresora de tickets USB \u2705 Licencia de Windows \u2705 Licencia de Programa de Gesti\u00f3n [&hellip;]<\/p>\n","protected":false},"featured_media":6379,"template":"","meta":[],"product_brand":[],"product_cat":[34],"product_tag":[94,103],"class_list":{"0":"post-4848","1":"product","2":"type-product","3":"status-publish","4":"has-post-thumbnail","6":"product_cat-tpv-hosteleria","7":"product_tag-tpv","8":"product_tag-tpv-hosteleria","10":"first","11":"instock","12":"taxable","13":"shipping-taxable","14":"purchasable","15":"product-type-simple"},"yoast_head":"<!-- This site is optimized with the Yoast SEO plugin v27.5 - https:\/\/yoast.com\/product\/yoast-seo-wordpress\/ -->\n<title>Pack TPV Hosteler\u00eda Avanzado para Restaurantes - TPV Tenerife<\/title>\n<meta name=\"description\" content=\"Completo Pack de TPV (TPV + Impresora de Ticket + Caj\u00f3n Portamonedas + Lector de C\u00f3digos + Teclado + Rat\u00f3n + Licencia de Windows + Licencia Definitiva de Gesti\u00f3n Hosteler\u00eda Avanzado para restaurantes)\" \/>\n<meta name=\"robots\" content=\"index, follow, max-snippet:-1, max-image-preview:large, max-video-preview:-1\" \/>\n<link rel=\"canonical\" href=\"https:\/\/tpv-tenerife.com\/?product=pack-tpv-hosteleria-avanzado-para-restaurantes\" \/>\n<meta property=\"og:locale\" content=\"es_ES\" \/>\n<meta property=\"og:type\" content=\"article\" \/>\n<meta property=\"og:title\" content=\"Pack TPV Hosteler\u00eda Avanzado para Restaurantes - TPV Tenerife\" \/>\n<meta property=\"og:description\" content=\"Completo Pack de TPV (TPV + Impresora de Ticket + Caj\u00f3n Portamonedas + Lector de C\u00f3digos + Teclado + Rat\u00f3n + Licencia de Windows + Licencia Definitiva de Gesti\u00f3n Hosteler\u00eda Avanzado para restaurantes)\" \/>\n<meta property=\"og:url\" content=\"https:\/\/tpv-tenerife.com\/?product=pack-tpv-hosteleria-avanzado-para-restaurantes\" \/>\n<meta property=\"og:site_name\" content=\"TPV Tenerife\" \/>\n<meta property=\"article:modified_time\" content=\"2026-03-16T12:27:43+00:00\" \/>\n<meta property=\"og:image\" content=\"https:\/\/tpv-tenerife.com\/wp-content\/uploads\/2026\/03\/catalogo-hosteleria-3.webp\" \/>\n\t<meta property=\"og:image:width\" content=\"451\" \/>\n\t<meta property=\"og:image:height\" content=\"636\" \/>\n\t<meta property=\"og:image:type\" content=\"image\/webp\" \/>\n<meta name=\"twitter:card\" content=\"summary_large_image\" \/>\n<meta name=\"twitter:label1\" content=\"Tiempo de lectura\" \/>\n\t<meta name=\"twitter:data1\" content=\"6 minutos\" \/>\n<script type=\"application\/ld+json\" class=\"yoast-schema-graph\">{\"@context\":\"https:\\\/\\\/schema.org\",\"@graph\":[{\"@type\":\"WebPage\",\"@id\":\"https:\\\/\\\/tpv-tenerife.com\\\/?product=pack-tpv-hosteleria-avanzado-para-restaurantes\",\"url\":\"https:\\\/\\\/tpv-tenerife.com\\\/?product=pack-tpv-hosteleria-avanzado-para-restaurantes\",\"name\":\"Pack TPV Hosteler\u00eda Avanzado para Restaurantes - TPV Tenerife\",\"isPartOf\":{\"@id\":\"https:\\\/\\\/tpv-tenerife.com\\\/#website\"},\"primaryImageOfPage\":{\"@id\":\"https:\\\/\\\/tpv-tenerife.com\\\/?product=pack-tpv-hosteleria-avanzado-para-restaurantes#primaryimage\"},\"image\":{\"@id\":\"https:\\\/\\\/tpv-tenerife.com\\\/?product=pack-tpv-hosteleria-avanzado-para-restaurantes#primaryimage\"},\"thumbnailUrl\":\"https:\\\/\\\/tpv-tenerife.com\\\/wp-content\\\/uploads\\\/2026\\\/03\\\/catalogo-hosteleria-3.webp\",\"datePublished\":\"2023-09-14T18:27:59+00:00\",\"dateModified\":\"2026-03-16T12:27:43+00:00\",\"description\":\"Completo Pack de TPV (TPV + Impresora de Ticket + Caj\u00f3n Portamonedas + Lector de C\u00f3digos + Teclado + Rat\u00f3n + Licencia de Windows + Licencia Definitiva de Gesti\u00f3n Hosteler\u00eda Avanzado para restaurantes)\",\"breadcrumb\":{\"@id\":\"https:\\\/\\\/tpv-tenerife.com\\\/?product=pack-tpv-hosteleria-avanzado-para-restaurantes#breadcrumb\"},\"inLanguage\":\"es\",\"potentialAction\":[{\"@type\":\"ReadAction\",\"target\":[\"https:\\\/\\\/tpv-tenerife.com\\\/?product=pack-tpv-hosteleria-avanzado-para-restaurantes\"]}]},{\"@type\":\"ImageObject\",\"inLanguage\":\"es\",\"@id\":\"https:\\\/\\\/tpv-tenerife.com\\\/?product=pack-tpv-hosteleria-avanzado-para-restaurantes#primaryimage\",\"url\":\"https:\\\/\\\/tpv-tenerife.com\\\/wp-content\\\/uploads\\\/2026\\\/03\\\/catalogo-hosteleria-3.webp\",\"contentUrl\":\"https:\\\/\\\/tpv-tenerife.com\\\/wp-content\\\/uploads\\\/2026\\\/03\\\/catalogo-hosteleria-3.webp\",\"width\":451,\"height\":636,\"caption\":\"Pack TPV T\u00e1ctil, caj\u00f3n portamonedas, impresora de ticket, Licencias de Windows y Licencia definitiva de Gesti\u00f3n Hosteler\u00eda\"},{\"@type\":\"BreadcrumbList\",\"@id\":\"https:\\\/\\\/tpv-tenerife.com\\\/?product=pack-tpv-hosteleria-avanzado-para-restaurantes#breadcrumb\",\"itemListElement\":[{\"@type\":\"ListItem\",\"position\":1,\"name\":\"Inicio\",\"item\":\"https:\\\/\\\/tpv-tenerife.com\\\/\"},{\"@type\":\"ListItem\",\"position\":2,\"name\":\"Tienda\",\"item\":\"https:\\\/\\\/tpv-tenerife.com\\\/?page_id=208\"},{\"@type\":\"ListItem\",\"position\":3,\"name\":\"Pack TPV Hosteler\u00eda Avanzado para Restaurantes\"}]},{\"@type\":\"WebSite\",\"@id\":\"https:\\\/\\\/tpv-tenerife.com\\\/#website\",\"url\":\"https:\\\/\\\/tpv-tenerife.com\\\/\",\"name\":\"TPV Tenerife\",\"description\":\"TPV Tenerife\",\"publisher\":{\"@id\":\"https:\\\/\\\/tpv-tenerife.com\\\/#organization\"},\"potentialAction\":[{\"@type\":\"SearchAction\",\"target\":{\"@type\":\"EntryPoint\",\"urlTemplate\":\"https:\\\/\\\/tpv-tenerife.com\\\/?s={search_term_string}\"},\"query-input\":{\"@type\":\"PropertyValueSpecification\",\"valueRequired\":true,\"valueName\":\"search_term_string\"}}],\"inLanguage\":\"es\"},{\"@type\":\"Organization\",\"@id\":\"https:\\\/\\\/tpv-tenerife.com\\\/#organization\",\"name\":\"TPV Tenerife\",\"alternateName\":\"Mega Ram - TPV Tenerife\",\"url\":\"https:\\\/\\\/tpv-tenerife.com\\\/\",\"logo\":{\"@type\":\"ImageObject\",\"inLanguage\":\"es\",\"@id\":\"https:\\\/\\\/tpv-tenerife.com\\\/#\\\/schema\\\/logo\\\/image\\\/\",\"url\":\"https:\\\/\\\/tpv-tenerife.com\\\/wp-content\\\/uploads\\\/2023\\\/07\\\/logo.webp\",\"contentUrl\":\"https:\\\/\\\/tpv-tenerife.com\\\/wp-content\\\/uploads\\\/2023\\\/07\\\/logo.webp\",\"width\":800,\"height\":247,\"caption\":\"TPV Tenerife\"},\"image\":{\"@id\":\"https:\\\/\\\/tpv-tenerife.com\\\/#\\\/schema\\\/logo\\\/image\\\/\"}}]}<\/script>\n<!-- \/ Yoast SEO plugin. -->","yoast_head_json":{"title":"Pack TPV Hosteler\u00eda Avanzado para Restaurantes - TPV Tenerife","description":"Completo Pack de TPV (TPV + Impresora de Ticket + Caj\u00f3n Portamonedas + Lector de C\u00f3digos + Teclado + Rat\u00f3n + Licencia de Windows + Licencia Definitiva de Gesti\u00f3n Hosteler\u00eda Avanzado para restaurantes)","robots":{"index":"index","follow":"follow","max-snippet":"max-snippet:-1","max-image-preview":"max-image-preview:large","max-video-preview":"max-video-preview:-1"},"canonical":"https:\/\/tpv-tenerife.com\/?product=pack-tpv-hosteleria-avanzado-para-restaurantes","og_locale":"es_ES","og_type":"article","og_title":"Pack TPV Hosteler\u00eda Avanzado para Restaurantes - TPV Tenerife","og_description":"Completo Pack de TPV (TPV + Impresora de Ticket + Caj\u00f3n Portamonedas + Lector de C\u00f3digos + Teclado + Rat\u00f3n + Licencia de Windows + Licencia Definitiva de Gesti\u00f3n Hosteler\u00eda Avanzado para restaurantes)","og_url":"https:\/\/tpv-tenerife.com\/?product=pack-tpv-hosteleria-avanzado-para-restaurantes","og_site_name":"TPV Tenerife","article_modified_time":"2026-03-16T12:27:43+00:00","og_image":[{"width":451,"height":636,"url":"https:\/\/tpv-tenerife.com\/wp-content\/uploads\/2026\/03\/catalogo-hosteleria-3.webp","type":"image\/webp"}],"twitter_card":"summary_large_image","twitter_misc":{"Tiempo de lectura":"6 minutos"},"schema":{"@context":"https:\/\/schema.org","@graph":[{"@type":"WebPage","@id":"https:\/\/tpv-tenerife.com\/?product=pack-tpv-hosteleria-avanzado-para-restaurantes","url":"https:\/\/tpv-tenerife.com\/?product=pack-tpv-hosteleria-avanzado-para-restaurantes","name":"Pack TPV Hosteler\u00eda Avanzado para Restaurantes - TPV Tenerife","isPartOf":{"@id":"https:\/\/tpv-tenerife.com\/#website"},"primaryImageOfPage":{"@id":"https:\/\/tpv-tenerife.com\/?product=pack-tpv-hosteleria-avanzado-para-restaurantes#primaryimage"},"image":{"@id":"https:\/\/tpv-tenerife.com\/?product=pack-tpv-hosteleria-avanzado-para-restaurantes#primaryimage"},"thumbnailUrl":"https:\/\/tpv-tenerife.com\/wp-content\/uploads\/2026\/03\/catalogo-hosteleria-3.webp","datePublished":"2023-09-14T18:27:59+00:00","dateModified":"2026-03-16T12:27:43+00:00","description":"Completo Pack de TPV (TPV + Impresora de Ticket + Caj\u00f3n Portamonedas + Lector de C\u00f3digos + Teclado + Rat\u00f3n + Licencia de Windows + Licencia Definitiva de Gesti\u00f3n Hosteler\u00eda Avanzado para restaurantes)","breadcrumb":{"@id":"https:\/\/tpv-tenerife.com\/?product=pack-tpv-hosteleria-avanzado-para-restaurantes#breadcrumb"},"inLanguage":"es","potentialAction":[{"@type":"ReadAction","target":["https:\/\/tpv-tenerife.com\/?product=pack-tpv-hosteleria-avanzado-para-restaurantes"]}]},{"@type":"ImageObject","inLanguage":"es","@id":"https:\/\/tpv-tenerife.com\/?product=pack-tpv-hosteleria-avanzado-para-restaurantes#primaryimage","url":"https:\/\/tpv-tenerife.com\/wp-content\/uploads\/2026\/03\/catalogo-hosteleria-3.webp","contentUrl":"https:\/\/tpv-tenerife.com\/wp-content\/uploads\/2026\/03\/catalogo-hosteleria-3.webp","width":451,"height":636,"caption":"Pack TPV T\u00e1ctil, caj\u00f3n portamonedas, impresora de ticket, Licencias de Windows y Licencia definitiva de Gesti\u00f3n Hosteler\u00eda"},{"@type":"BreadcrumbList","@id":"https:\/\/tpv-tenerife.com\/?product=pack-tpv-hosteleria-avanzado-para-restaurantes#breadcrumb","itemListElement":[{"@type":"ListItem","position":1,"name":"Inicio","item":"https:\/\/tpv-tenerife.com\/"},{"@type":"ListItem","position":2,"name":"Tienda","item":"https:\/\/tpv-tenerife.com\/?page_id=208"},{"@type":"ListItem","position":3,"name":"Pack TPV Hosteler\u00eda Avanzado para Restaurantes"}]},{"@type":"WebSite","@id":"https:\/\/tpv-tenerife.com\/#website","url":"https:\/\/tpv-tenerife.com\/","name":"TPV Tenerife","description":"TPV Tenerife","publisher":{"@id":"https:\/\/tpv-tenerife.com\/#organization"},"potentialAction":[{"@type":"SearchAction","target":{"@type":"EntryPoint","urlTemplate":"https:\/\/tpv-tenerife.com\/?s={search_term_string}"},"query-input":{"@type":"PropertyValueSpecification","valueRequired":true,"valueName":"search_term_string"}}],"inLanguage":"es"},{"@type":"Organization","@id":"https:\/\/tpv-tenerife.com\/#organization","name":"TPV Tenerife","alternateName":"Mega Ram - TPV Tenerife","url":"https:\/\/tpv-tenerife.com\/","logo":{"@type":"ImageObject","inLanguage":"es","@id":"https:\/\/tpv-tenerife.com\/#\/schema\/logo\/image\/","url":"https:\/\/tpv-tenerife.com\/wp-content\/uploads\/2023\/07\/logo.webp","contentUrl":"https:\/\/tpv-tenerife.com\/wp-content\/uploads\/2023\/07\/logo.webp","width":800,"height":247,"caption":"TPV Tenerife"},"image":{"@id":"https:\/\/tpv-tenerife.com\/#\/schema\/logo\/image\/"}}]}},"_links":{"self":[{"href":"https:\/\/tpv-tenerife.com\/index.php?rest_route=\/wp\/v2\/product\/4848","targetHints":{"allow":["GET"]}}],"collection":[{"href":"https:\/\/tpv-tenerife.com\/index.php?rest_route=\/wp\/v2\/product"}],"about":[{"href":"https:\/\/tpv-tenerife.com\/index.php?rest_route=\/wp\/v2\/types\/product"}],"wp:featuredmedia":[{"embeddable":true,"href":"https:\/\/tpv-tenerife.com\/index.php?rest_route=\/wp\/v2\/media\/6379"}],"wp:attachment":[{"href":"https:\/\/tpv-tenerife.com\/index.php?rest_route=%2Fwp%2Fv2%2Fmedia&parent=4848"}],"wp:term":[{"taxonomy":"product_brand","embeddable":true,"href":"https:\/\/tpv-tenerife.com\/index.php?rest_route=%2Fwp%2Fv2%2Fproduct_brand&post=4848"},{"taxonomy":"product_cat","embeddable":true,"href":"https:\/\/tpv-tenerife.com\/index.php?rest_route=%2Fwp%2Fv2%2Fproduct_cat&post=4848"},{"taxonomy":"product_tag","embeddable":true,"href":"https:\/\/tpv-tenerife.com\/index.php?rest_route=%2Fwp%2Fv2%2Fproduct_tag&post=4848"}],"curies":[{"name":"wp","href":"https:\/\/api.w.org\/{rel}","templated":true}]}}