{"id":4844,"date":"2023-09-14T17:23:38","date_gmt":"2023-09-14T17:23:38","guid":{"rendered":"https:\/\/tpv-tenerife.com\/?post_type=product&#038;p=4844"},"modified":"2026-03-16T15:06:34","modified_gmt":"2026-03-16T15:06:34","slug":"pack-tpv-hosteleria-basico","status":"publish","type":"product","link":"https:\/\/tpv-tenerife.com\/?product=pack-tpv-hosteleria-basico","title":{"rendered":"Pack TPV Hosteler\u00eda B\u00e1sico"},"content":{"rendered":"<p><span style=\"font-weight: 300;\">El Pack TPV Hosteler\u00eda B\u00e1sico se compone de los siguientes componentes:\u00a0<\/span><\/p>\n<pre><\/pre>\n<ul>\n<li><span style=\"font-weight: 300;\">\u2705 TPV T\u00e1ctil Aluminio, Pantalla: True Flat Capacitivo 15 \u00abLED Resoluci\u00f3n: 1024 X 768, Memoria RAM 4GB (Ampliable 8GB), Disco SSD 64 GB MSATA (Ampliable 128GB)\u00a0<\/span><\/li>\n<li><span style=\"font-weight: 300;\">\u2705 Caj\u00f3n portamonedas\u00a0<\/span><\/li>\n<li><span style=\"font-weight: 300;\">\u2705 Impresora de tickets USB\u00a0<\/span><\/li>\n<li><span style=\"font-weight: 300;\">\u2705 Licencia de Windows\u00a0<\/span><\/li>\n<li><span style=\"font-weight: 300;\">\u2705 Licencia de Programa de Gesti\u00f3n Hosteler\u00eda\u00a0<\/span><\/li>\n<\/ul>\n<pre><\/pre>\n<p><span style=\"font-weight: 300;\">y de los siguientes servicios:\u00a0<\/span><\/p>\n<pre><\/pre>\n<ul>\n<li><span style=\"font-weight: 300;\">\u2705 Instalaci\u00f3n y configuraci\u00f3n (creaci\u00f3n de carta de productos con im\u00e1genes, precios,&#8230;.)\u00a0<\/span><\/li>\n<li><span style=\"font-weight: 300;\">\u2705 Formaci\u00f3n del programa (100% del programa)\u00a0<\/span><\/li>\n<li><span style=\"font-weight: 300;\">\u2705 Apoyo inicial de 30 d\u00edas para ayudarte en todo lo que necesites.\u00a0<\/span><\/li>\n<\/ul>\n<p>&nbsp;<\/p>\n<pre><\/pre>\n<p><span style=\"font-weight: 300;\">Disponemos tambi\u00e9n de versi\u00f3n Avanzada (para controlar m\u00faltiples dispositivos: impresora cocina, comanderos,&#8230;.).\u00a0<\/span><\/p>\n<p><span style=\"font-weight: 300;\">\ud83d\udd1c A destacar que nuestro programa de gesti\u00f3n cumple con la nueva ley de hacienda \u00abLEY ANTIFRAUDE 11\/2021\u00bb, indispensable para cumplir con la nueva normativa.<\/span><\/p>\n<p><span style=\"font-weight: 300;\">\u00a0<\/span><\/p>\n<h5 style=\"text-align: center;\"><strong>Algunas de las caracter\u00edsticas del Pack TPV Hosteler\u00eda B\u00e1sico y Software TPV para bar<\/strong><\/h5>\n<pre><\/pre>\n<p><span style=\"font-weight: 300;\">El programa que se adapta a tus necesidades<\/span><\/p>\n<pre><\/pre>\n<p><span style=\"font-weight: 300;\">Nuestro Software TPV est\u00e1 dise\u00f1ado para adaptarse a las caracter\u00edsticas de establecimientos en los que se sirven desayunos, tapas o raciones. Se suelen usar las siguientes funciones, para las cuales, nuestro TPV para bares est\u00e1 preparado.<\/span><\/p>\n<pre><\/pre>\n<ul>\n<li style=\"font-weight: 300;\" aria-level=\"1\"><span style=\"font-weight: 300;\">\u2705 Art\u00edculos frecuentes<\/span><\/li>\n<li style=\"font-weight: 300;\" aria-level=\"1\"><span style=\"font-weight: 300;\">\u2705 Definici\u00f3n de proporciones para desayunos, tapas, raciones<\/span><\/li>\n<li style=\"font-weight: 300;\" aria-level=\"1\"><span style=\"font-weight: 300;\">\u2705 Cobro r\u00e1pido<\/span><\/li>\n<li style=\"font-weight: 300;\" aria-level=\"1\"><span style=\"font-weight: 300;\">\u2705 Gesti\u00f3n y definici\u00f3n de permisos por camareros<\/span><\/li>\n<li style=\"font-weight: 300;\" aria-level=\"1\"><span style=\"font-weight: 300;\">\u2705 Zona de servicio especial SIN MESA<\/span><\/li>\n<\/ul>\n<p><span style=\"font-weight: 300;\">\u00a0<\/span><\/p>\n<h5 style=\"text-align: center;\"><strong>Software TPV para discotecas y pubs<\/strong><\/h5>\n<p><span style=\"font-weight: 300;\">Este programa TPV para bar, tambi\u00e9n es apto para discotecas, pubs o establecimientos similares. Tiene funciones imprescindibles para el cobro r\u00e1pido y\/o el control de stock por botellas. Estas son algunas:<\/span><\/p>\n<ul>\n<li style=\"font-weight: 300;\" aria-level=\"1\"><span style=\"font-weight: 300;\">\u25b6\ufe0f Cobro r\u00e1pido de consumiciones<\/span><\/li>\n<li style=\"font-weight: 300;\" aria-level=\"1\"><span style=\"font-weight: 300;\">\u25b6\ufe0fDefinici\u00f3n simple de combinados y chupitos<\/span><\/li>\n<li style=\"font-weight: 300;\" aria-level=\"1\"><span style=\"font-weight: 300;\">\u25b6\ufe0f Stock de copas y chupitos sobre botellas o barriles<\/span><\/li>\n<\/ul>\n<ul>\n<li style=\"font-weight: 300;\" aria-level=\"1\"><span style=\"font-weight: 300;\">\u25b6\ufe0f C\u00f3cteles por escandallo o al gusto<\/span><\/li>\n<li style=\"font-weight: 300;\" aria-level=\"1\"><span style=\"font-weight: 300;\">\u25b6\ufe0f Cobro r\u00e1pido de consumiciones<\/span><\/li>\n<\/ul>\n<p>&nbsp;<\/p>\n<p><span style=\"font-weight: 300;\">Ventajas del software TPV para bar Este potente software TPV para bar est\u00e1 pensado para facilitar el d\u00eda a d\u00eda de propietarios y trabajadores de la hosteler\u00eda. Sus funciones son claras y precisas, una m\u00e1s de sus ventajas. \u00a1Aqu\u00ed tienes muchas m\u00e1s.<\/span><\/p>\n<ul>\n<li style=\"font-weight: 300;\" aria-level=\"1\"><span style=\"font-weight: 300;\">\u2714\ufe0fEs un software econ\u00f3mico<\/span><\/li>\n<li style=\"font-weight: 300;\" aria-level=\"1\"><span style=\"font-weight: 300;\">\u2714\ufe0fSin m\u00f3dulos adicionales<\/span><\/li>\n<li style=\"font-weight: 300;\" aria-level=\"1\"><span style=\"font-weight: 300;\">\u2714\ufe0fPuede escalar en cualquier momento a versi\u00f3n avanzada sin perder datos<\/span><\/li>\n<li style=\"font-weight: 300;\" aria-level=\"1\"><span style=\"font-weight: 300;\">\u2714\ufe0fMuy f\u00e1cil de usar y con una configuraci\u00f3n de arranque m\u00ednima<\/span><\/li>\n<li style=\"font-weight: 300;\" aria-level=\"1\"><span style=\"font-weight: 300;\">\u2714\ufe0fDir\u00e1s adi\u00f3s a los descuadres de caja (siempre que se use correctamente la aplicaci\u00f3n)<\/span><\/li>\n<li style=\"font-weight: 300;\" aria-level=\"1\"><span style=\"font-weight: 300;\">\u2714\ufe0fPermite asignar fotograf\u00edas o colores al art\u00edculo para que el usuario identifique f\u00e1cilmente los productos de forma visual<\/span><\/li>\n<li style=\"font-weight: 300;\" aria-level=\"1\"><span style=\"font-weight: 300;\">\u2714\ufe0fGesti\u00f3n del control horario de los trabajadores<\/span><\/li>\n<\/ul>\n<p>&nbsp;<\/p>\n<p><a href=\"https:\/\/tpv-tenerife.com\/producto\/pack-tpv-hosteleria-avanzado-para-restaurantes\/\">Ver opci\u00f3n Avanzada<\/a><\/p>\n","protected":false},"excerpt":{"rendered":"<p>El Pack TPV Hosteler\u00eda B\u00e1sico se compone de los siguientes componentes:\u00a0 \u2705 TPV T\u00e1ctil Aluminio, Pantalla: True Flat Capacitivo 15 \u00abLED Resoluci\u00f3n: 1024 X 768, Memoria RAM 4GB (Ampliable 8GB), Disco SSD 64 GB MSATA (Ampliable 128GB)\u00a0 \u2705 Caj\u00f3n portamonedas\u00a0 \u2705 Impresora de tickets USB\u00a0 \u2705 Licencia de Windows\u00a0 \u2705 Licencia de Programa de Gesti\u00f3n [&hellip;]<\/p>\n","protected":false},"featured_media":6380,"template":"","meta":[],"product_brand":[],"product_cat":[34],"product_tag":[94,103],"class_list":{"0":"post-4844","1":"product","2":"type-product","3":"status-publish","4":"has-post-thumbnail","6":"product_cat-tpv-hosteleria","7":"product_tag-tpv","8":"product_tag-tpv-hosteleria","10":"first","11":"instock","12":"taxable","13":"shipping-taxable","14":"purchasable","15":"product-type-simple"},"yoast_head":"<!-- This site is optimized with the Yoast SEO plugin v27.5 - https:\/\/yoast.com\/product\/yoast-seo-wordpress\/ -->\n<title>Pack TPV Hosteler\u00eda B\u00e1sico - TPV Tenerife<\/title>\n<meta name=\"description\" content=\"Completo Pack TPV Hosteler\u00eda B\u00e1sico se compone de: TPV + Impresora de Ticket + Caj\u00f3n Portamonedas + Lector de C\u00f3digos + Teclado + Rat\u00f3n + Licencia de Windows + Licencia Definitiva de Gesti\u00f3n Hosteler\u00eda\" \/>\n<meta name=\"robots\" content=\"index, follow, max-snippet:-1, max-image-preview:large, max-video-preview:-1\" \/>\n<link rel=\"canonical\" href=\"https:\/\/tpv-tenerife.com\/?product=pack-tpv-hosteleria-basico\" \/>\n<meta property=\"og:locale\" content=\"es_ES\" \/>\n<meta property=\"og:type\" content=\"article\" \/>\n<meta property=\"og:title\" content=\"Pack TPV Hosteler\u00eda B\u00e1sico - TPV Tenerife\" \/>\n<meta property=\"og:description\" content=\"Completo Pack TPV Hosteler\u00eda B\u00e1sico se compone de: TPV + Impresora de Ticket + Caj\u00f3n Portamonedas + Lector de C\u00f3digos + Teclado + Rat\u00f3n + Licencia de Windows + Licencia Definitiva de Gesti\u00f3n Hosteler\u00eda\" \/>\n<meta property=\"og:url\" content=\"https:\/\/tpv-tenerife.com\/?product=pack-tpv-hosteleria-basico\" \/>\n<meta property=\"og:site_name\" content=\"TPV Tenerife\" \/>\n<meta property=\"article:modified_time\" content=\"2026-03-16T15:06:34+00:00\" \/>\n<meta property=\"og:image\" content=\"https:\/\/tpv-tenerife.com\/wp-content\/uploads\/2026\/03\/catalogo-hosteleria-2.webp\" \/>\n\t<meta property=\"og:image:width\" content=\"448\" \/>\n\t<meta property=\"og:image:height\" content=\"636\" \/>\n\t<meta property=\"og:image:type\" content=\"image\/webp\" \/>\n<meta name=\"twitter:card\" content=\"summary_large_image\" \/>\n<meta name=\"twitter:label1\" content=\"Tiempo de lectura\" \/>\n\t<meta name=\"twitter:data1\" content=\"3 minutos\" \/>\n<script type=\"application\/ld+json\" class=\"yoast-schema-graph\">{\"@context\":\"https:\\\/\\\/schema.org\",\"@graph\":[{\"@type\":\"WebPage\",\"@id\":\"https:\\\/\\\/tpv-tenerife.com\\\/?product=pack-tpv-hosteleria-basico\",\"url\":\"https:\\\/\\\/tpv-tenerife.com\\\/?product=pack-tpv-hosteleria-basico\",\"name\":\"Pack TPV Hosteler\u00eda B\u00e1sico - TPV Tenerife\",\"isPartOf\":{\"@id\":\"https:\\\/\\\/tpv-tenerife.com\\\/#website\"},\"primaryImageOfPage\":{\"@id\":\"https:\\\/\\\/tpv-tenerife.com\\\/?product=pack-tpv-hosteleria-basico#primaryimage\"},\"image\":{\"@id\":\"https:\\\/\\\/tpv-tenerife.com\\\/?product=pack-tpv-hosteleria-basico#primaryimage\"},\"thumbnailUrl\":\"https:\\\/\\\/tpv-tenerife.com\\\/wp-content\\\/uploads\\\/2026\\\/03\\\/catalogo-hosteleria-2.webp\",\"datePublished\":\"2023-09-14T17:23:38+00:00\",\"dateModified\":\"2026-03-16T15:06:34+00:00\",\"description\":\"Completo Pack TPV Hosteler\u00eda B\u00e1sico se compone de: TPV + Impresora de Ticket + Caj\u00f3n Portamonedas + Lector de C\u00f3digos + Teclado + Rat\u00f3n + Licencia de Windows + Licencia Definitiva de Gesti\u00f3n Hosteler\u00eda\",\"breadcrumb\":{\"@id\":\"https:\\\/\\\/tpv-tenerife.com\\\/?product=pack-tpv-hosteleria-basico#breadcrumb\"},\"inLanguage\":\"es\",\"potentialAction\":[{\"@type\":\"ReadAction\",\"target\":[\"https:\\\/\\\/tpv-tenerife.com\\\/?product=pack-tpv-hosteleria-basico\"]}]},{\"@type\":\"ImageObject\",\"inLanguage\":\"es\",\"@id\":\"https:\\\/\\\/tpv-tenerife.com\\\/?product=pack-tpv-hosteleria-basico#primaryimage\",\"url\":\"https:\\\/\\\/tpv-tenerife.com\\\/wp-content\\\/uploads\\\/2026\\\/03\\\/catalogo-hosteleria-2.webp\",\"contentUrl\":\"https:\\\/\\\/tpv-tenerife.com\\\/wp-content\\\/uploads\\\/2026\\\/03\\\/catalogo-hosteleria-2.webp\",\"width\":448,\"height\":636,\"caption\":\"Pack TPV T\u00e1ctil, caj\u00f3n portamonedas, impresora de ticket, Licencias de Windows y Licencia definitiva de Gesti\u00f3n Hosteler\u00eda\"},{\"@type\":\"BreadcrumbList\",\"@id\":\"https:\\\/\\\/tpv-tenerife.com\\\/?product=pack-tpv-hosteleria-basico#breadcrumb\",\"itemListElement\":[{\"@type\":\"ListItem\",\"position\":1,\"name\":\"Inicio\",\"item\":\"https:\\\/\\\/tpv-tenerife.com\\\/\"},{\"@type\":\"ListItem\",\"position\":2,\"name\":\"Tienda\",\"item\":\"https:\\\/\\\/tpv-tenerife.com\\\/?page_id=208\"},{\"@type\":\"ListItem\",\"position\":3,\"name\":\"Pack TPV Hosteler\u00eda B\u00e1sico\"}]},{\"@type\":\"WebSite\",\"@id\":\"https:\\\/\\\/tpv-tenerife.com\\\/#website\",\"url\":\"https:\\\/\\\/tpv-tenerife.com\\\/\",\"name\":\"TPV Tenerife\",\"description\":\"TPV Tenerife\",\"publisher\":{\"@id\":\"https:\\\/\\\/tpv-tenerife.com\\\/#organization\"},\"potentialAction\":[{\"@type\":\"SearchAction\",\"target\":{\"@type\":\"EntryPoint\",\"urlTemplate\":\"https:\\\/\\\/tpv-tenerife.com\\\/?s={search_term_string}\"},\"query-input\":{\"@type\":\"PropertyValueSpecification\",\"valueRequired\":true,\"valueName\":\"search_term_string\"}}],\"inLanguage\":\"es\"},{\"@type\":\"Organization\",\"@id\":\"https:\\\/\\\/tpv-tenerife.com\\\/#organization\",\"name\":\"TPV Tenerife\",\"alternateName\":\"Mega Ram - TPV Tenerife\",\"url\":\"https:\\\/\\\/tpv-tenerife.com\\\/\",\"logo\":{\"@type\":\"ImageObject\",\"inLanguage\":\"es\",\"@id\":\"https:\\\/\\\/tpv-tenerife.com\\\/#\\\/schema\\\/logo\\\/image\\\/\",\"url\":\"https:\\\/\\\/tpv-tenerife.com\\\/wp-content\\\/uploads\\\/2023\\\/07\\\/logo.webp\",\"contentUrl\":\"https:\\\/\\\/tpv-tenerife.com\\\/wp-content\\\/uploads\\\/2023\\\/07\\\/logo.webp\",\"width\":800,\"height\":247,\"caption\":\"TPV Tenerife\"},\"image\":{\"@id\":\"https:\\\/\\\/tpv-tenerife.com\\\/#\\\/schema\\\/logo\\\/image\\\/\"}}]}<\/script>\n<!-- \/ Yoast SEO plugin. -->","yoast_head_json":{"title":"Pack TPV Hosteler\u00eda B\u00e1sico - TPV Tenerife","description":"Completo Pack TPV Hosteler\u00eda B\u00e1sico se compone de: TPV + Impresora de Ticket + Caj\u00f3n Portamonedas + Lector de C\u00f3digos + Teclado + Rat\u00f3n + Licencia de Windows + Licencia Definitiva de Gesti\u00f3n Hosteler\u00eda","robots":{"index":"index","follow":"follow","max-snippet":"max-snippet:-1","max-image-preview":"max-image-preview:large","max-video-preview":"max-video-preview:-1"},"canonical":"https:\/\/tpv-tenerife.com\/?product=pack-tpv-hosteleria-basico","og_locale":"es_ES","og_type":"article","og_title":"Pack TPV Hosteler\u00eda B\u00e1sico - TPV Tenerife","og_description":"Completo Pack TPV Hosteler\u00eda B\u00e1sico se compone de: TPV + Impresora de Ticket + Caj\u00f3n Portamonedas + Lector de C\u00f3digos + Teclado + Rat\u00f3n + Licencia de Windows + Licencia Definitiva de Gesti\u00f3n Hosteler\u00eda","og_url":"https:\/\/tpv-tenerife.com\/?product=pack-tpv-hosteleria-basico","og_site_name":"TPV Tenerife","article_modified_time":"2026-03-16T15:06:34+00:00","og_image":[{"width":448,"height":636,"url":"https:\/\/tpv-tenerife.com\/wp-content\/uploads\/2026\/03\/catalogo-hosteleria-2.webp","type":"image\/webp"}],"twitter_card":"summary_large_image","twitter_misc":{"Tiempo de lectura":"3 minutos"},"schema":{"@context":"https:\/\/schema.org","@graph":[{"@type":"WebPage","@id":"https:\/\/tpv-tenerife.com\/?product=pack-tpv-hosteleria-basico","url":"https:\/\/tpv-tenerife.com\/?product=pack-tpv-hosteleria-basico","name":"Pack TPV Hosteler\u00eda B\u00e1sico - TPV Tenerife","isPartOf":{"@id":"https:\/\/tpv-tenerife.com\/#website"},"primaryImageOfPage":{"@id":"https:\/\/tpv-tenerife.com\/?product=pack-tpv-hosteleria-basico#primaryimage"},"image":{"@id":"https:\/\/tpv-tenerife.com\/?product=pack-tpv-hosteleria-basico#primaryimage"},"thumbnailUrl":"https:\/\/tpv-tenerife.com\/wp-content\/uploads\/2026\/03\/catalogo-hosteleria-2.webp","datePublished":"2023-09-14T17:23:38+00:00","dateModified":"2026-03-16T15:06:34+00:00","description":"Completo Pack TPV Hosteler\u00eda B\u00e1sico se compone de: TPV + Impresora de Ticket + Caj\u00f3n Portamonedas + Lector de C\u00f3digos + Teclado + Rat\u00f3n + Licencia de Windows + Licencia Definitiva de Gesti\u00f3n Hosteler\u00eda","breadcrumb":{"@id":"https:\/\/tpv-tenerife.com\/?product=pack-tpv-hosteleria-basico#breadcrumb"},"inLanguage":"es","potentialAction":[{"@type":"ReadAction","target":["https:\/\/tpv-tenerife.com\/?product=pack-tpv-hosteleria-basico"]}]},{"@type":"ImageObject","inLanguage":"es","@id":"https:\/\/tpv-tenerife.com\/?product=pack-tpv-hosteleria-basico#primaryimage","url":"https:\/\/tpv-tenerife.com\/wp-content\/uploads\/2026\/03\/catalogo-hosteleria-2.webp","contentUrl":"https:\/\/tpv-tenerife.com\/wp-content\/uploads\/2026\/03\/catalogo-hosteleria-2.webp","width":448,"height":636,"caption":"Pack TPV T\u00e1ctil, caj\u00f3n portamonedas, impresora de ticket, Licencias de Windows y Licencia definitiva de Gesti\u00f3n Hosteler\u00eda"},{"@type":"BreadcrumbList","@id":"https:\/\/tpv-tenerife.com\/?product=pack-tpv-hosteleria-basico#breadcrumb","itemListElement":[{"@type":"ListItem","position":1,"name":"Inicio","item":"https:\/\/tpv-tenerife.com\/"},{"@type":"ListItem","position":2,"name":"Tienda","item":"https:\/\/tpv-tenerife.com\/?page_id=208"},{"@type":"ListItem","position":3,"name":"Pack TPV Hosteler\u00eda B\u00e1sico"}]},{"@type":"WebSite","@id":"https:\/\/tpv-tenerife.com\/#website","url":"https:\/\/tpv-tenerife.com\/","name":"TPV Tenerife","description":"TPV Tenerife","publisher":{"@id":"https:\/\/tpv-tenerife.com\/#organization"},"potentialAction":[{"@type":"SearchAction","target":{"@type":"EntryPoint","urlTemplate":"https:\/\/tpv-tenerife.com\/?s={search_term_string}"},"query-input":{"@type":"PropertyValueSpecification","valueRequired":true,"valueName":"search_term_string"}}],"inLanguage":"es"},{"@type":"Organization","@id":"https:\/\/tpv-tenerife.com\/#organization","name":"TPV Tenerife","alternateName":"Mega Ram - TPV Tenerife","url":"https:\/\/tpv-tenerife.com\/","logo":{"@type":"ImageObject","inLanguage":"es","@id":"https:\/\/tpv-tenerife.com\/#\/schema\/logo\/image\/","url":"https:\/\/tpv-tenerife.com\/wp-content\/uploads\/2023\/07\/logo.webp","contentUrl":"https:\/\/tpv-tenerife.com\/wp-content\/uploads\/2023\/07\/logo.webp","width":800,"height":247,"caption":"TPV Tenerife"},"image":{"@id":"https:\/\/tpv-tenerife.com\/#\/schema\/logo\/image\/"}}]}},"_links":{"self":[{"href":"https:\/\/tpv-tenerife.com\/index.php?rest_route=\/wp\/v2\/product\/4844","targetHints":{"allow":["GET"]}}],"collection":[{"href":"https:\/\/tpv-tenerife.com\/index.php?rest_route=\/wp\/v2\/product"}],"about":[{"href":"https:\/\/tpv-tenerife.com\/index.php?rest_route=\/wp\/v2\/types\/product"}],"wp:featuredmedia":[{"embeddable":true,"href":"https:\/\/tpv-tenerife.com\/index.php?rest_route=\/wp\/v2\/media\/6380"}],"wp:attachment":[{"href":"https:\/\/tpv-tenerife.com\/index.php?rest_route=%2Fwp%2Fv2%2Fmedia&parent=4844"}],"wp:term":[{"taxonomy":"product_brand","embeddable":true,"href":"https:\/\/tpv-tenerife.com\/index.php?rest_route=%2Fwp%2Fv2%2Fproduct_brand&post=4844"},{"taxonomy":"product_cat","embeddable":true,"href":"https:\/\/tpv-tenerife.com\/index.php?rest_route=%2Fwp%2Fv2%2Fproduct_cat&post=4844"},{"taxonomy":"product_tag","embeddable":true,"href":"https:\/\/tpv-tenerife.com\/index.php?rest_route=%2Fwp%2Fv2%2Fproduct_tag&post=4844"}],"curies":[{"name":"wp","href":"https:\/\/api.w.org\/{rel}","templated":true}]}}