{"id":4836,"date":"2023-09-14T17:10:45","date_gmt":"2023-09-14T17:10:45","guid":{"rendered":"https:\/\/tpv-tenerife.com\/?post_type=product&#038;p=4836"},"modified":"2023-09-14T17:11:58","modified_gmt":"2023-09-14T17:11:58","slug":"monitor-tactil-17","status":"publish","type":"product","link":"https:\/\/tpv-tenerife.com\/?product=monitor-tactil-17","title":{"rendered":"Monitor T\u00e1ctil 17&#8243;"},"content":{"rendered":"<p>\u00bfBuscas un monitor t\u00e1ctil para tu negocio? El monitor t\u00e1ctil\u00a0<strong>AVPos T17<\/strong>\u00a0es la soluci\u00f3n ideal para tener un punto informativo, realizar encuestas de satisfacci\u00f3n y mucho m\u00e1s. Su dise\u00f1o ligero True Flat sin marcos, lo hace perfecto para cualquier espacio y su bajo consumo energ\u00e9tico te permitir\u00e1 utilizarlo sin l\u00edmites. \u00a1Consigue el tuyo ahora y lleva tu negocio al siguiente nivel!<\/p>\n<p>&nbsp;<\/p>\n<h2>Par\u00e1metros del sistema<\/h2>\n<p>Pantalla LCD, tama\u00f1o de pantalla 17&#8243;.<br \/>\nVoltaje de trabajo DC 12V 2.6A.<br \/>\nTemperatura de trabajo -10~60.<br \/>\n<strong>Resoluciones:\u00a0<\/strong>17&#8243;: 1280(H)\u00d71024(V) p\u00edxeles.<br \/>\nPaso de punto 0.107(H) \u00d70.372(V)mm.<br \/>\nBrillo 400cd\/ m2.<br \/>\nContraste 250:1.<br \/>\nConsumo de energ\u00eda = 30W.<br \/>\nTiempo de respuesta 5ms.<br \/>\nVida \u00fatil del tacto: 20-35 millones de veces en cada punto.<br \/>\nInterfaz de pantalla t\u00e1ctil USB, VGA.<\/p>\n<h2>Funciones del producto<\/h2>\n<p>Panel t\u00e1ctil de funci\u00f3n completa para PC.<br \/>\nMarco s\u00faper fuerte.<br \/>\nPuerto VGA.<\/p>\n<h2>Accesorios<\/h2>\n<p>1 Monitor LCD.<br \/>\n1 Estante de soporte (metal o pl\u00e1stico) VESA75 y VESA100.<br \/>\n1 Cable VGA.<br \/>\n1 Cable USB para tacto.<br \/>\n1 Fuente de alimentaci\u00f3n AC\/DC.<\/p>\n","protected":false},"excerpt":{"rendered":"<p>\u00bfBuscas un monitor t\u00e1ctil para tu negocio? El monitor t\u00e1ctil\u00a0AVPos T17\u00a0es la soluci\u00f3n ideal para tener un punto informativo, realizar encuestas de satisfacci\u00f3n y mucho m\u00e1s. Su dise\u00f1o ligero True Flat sin marcos, lo hace perfecto para cualquier espacio y su bajo consumo energ\u00e9tico te permitir\u00e1 utilizarlo sin l\u00edmites. \u00a1Consigue el tuyo ahora y lleva [&hellip;]<\/p>\n","protected":false},"featured_media":4837,"template":"","meta":[],"product_brand":[],"product_cat":[100],"product_tag":[101,102],"class_list":{"0":"post-4836","1":"product","2":"type-product","3":"status-publish","4":"has-post-thumbnail","6":"product_cat-monitores-y-visores","7":"product_tag-monitor","8":"product_tag-monitor-tactil","10":"first","11":"instock","12":"taxable","13":"shipping-taxable","14":"purchasable","15":"product-type-simple"},"yoast_head":"<!-- This site is optimized with the Yoast SEO plugin v27.5 - https:\/\/yoast.com\/product\/yoast-seo-wordpress\/ -->\n<title>Monitor T\u00e1ctil 17&quot; - TPV Tenerife<\/title>\n<meta name=\"description\" content=\"\u00bfBuscas un monitor t\u00e1ctil para tu negocio? El monitor t\u00e1ctil\u00a0AVPos T17\u00a0es la soluci\u00f3n ideal para tener un punto informativo, realizar encuestas de satisfacci\u00f3n y mucho m\u00e1s. Su dise\u00f1o ligero True Flat sin marcos, lo hace perfecto para cualquier espacio y su bajo consumo energ\u00e9tico te permitir\u00e1 utilizarlo sin l\u00edmites. \u00a1Consigue el tuyo ahora y lleva tu negocio al siguiente nivel!\" \/>\n<meta name=\"robots\" content=\"index, follow, max-snippet:-1, max-image-preview:large, max-video-preview:-1\" \/>\n<link rel=\"canonical\" href=\"https:\/\/tpv-tenerife.com\/?product=monitor-tactil-17\" \/>\n<meta property=\"og:locale\" content=\"es_ES\" \/>\n<meta property=\"og:type\" content=\"article\" \/>\n<meta property=\"og:title\" content=\"Monitor T\u00e1ctil 17&quot; - TPV Tenerife\" \/>\n<meta property=\"og:description\" content=\"\u00bfBuscas un monitor t\u00e1ctil para tu negocio? El monitor t\u00e1ctil\u00a0AVPos T17\u00a0es la soluci\u00f3n ideal para tener un punto informativo, realizar encuestas de satisfacci\u00f3n y mucho m\u00e1s. Su dise\u00f1o ligero True Flat sin marcos, lo hace perfecto para cualquier espacio y su bajo consumo energ\u00e9tico te permitir\u00e1 utilizarlo sin l\u00edmites. \u00a1Consigue el tuyo ahora y lleva tu negocio al siguiente nivel!\" \/>\n<meta property=\"og:url\" content=\"https:\/\/tpv-tenerife.com\/?product=monitor-tactil-17\" \/>\n<meta property=\"og:site_name\" content=\"TPV Tenerife\" \/>\n<meta property=\"article:modified_time\" content=\"2023-09-14T17:11:58+00:00\" \/>\n<meta property=\"og:image\" content=\"https:\/\/tpv-tenerife.com\/wp-content\/uploads\/2023\/09\/monitor-tactil-avpos-17-t17.webp\" \/>\n\t<meta property=\"og:image:width\" content=\"455\" \/>\n\t<meta property=\"og:image:height\" content=\"455\" \/>\n\t<meta property=\"og:image:type\" content=\"image\/webp\" \/>\n<meta name=\"twitter:card\" content=\"summary_large_image\" \/>\n<meta name=\"twitter:label1\" content=\"Tiempo de lectura\" \/>\n\t<meta name=\"twitter:data1\" content=\"1 minuto\" \/>\n<script type=\"application\/ld+json\" class=\"yoast-schema-graph\">{\"@context\":\"https:\\\/\\\/schema.org\",\"@graph\":[{\"@type\":\"WebPage\",\"@id\":\"https:\\\/\\\/tpv-tenerife.com\\\/?product=monitor-tactil-17\",\"url\":\"https:\\\/\\\/tpv-tenerife.com\\\/?product=monitor-tactil-17\",\"name\":\"Monitor T\u00e1ctil 17\\\" - TPV Tenerife\",\"isPartOf\":{\"@id\":\"https:\\\/\\\/tpv-tenerife.com\\\/#website\"},\"primaryImageOfPage\":{\"@id\":\"https:\\\/\\\/tpv-tenerife.com\\\/?product=monitor-tactil-17#primaryimage\"},\"image\":{\"@id\":\"https:\\\/\\\/tpv-tenerife.com\\\/?product=monitor-tactil-17#primaryimage\"},\"thumbnailUrl\":\"https:\\\/\\\/tpv-tenerife.com\\\/wp-content\\\/uploads\\\/2023\\\/09\\\/monitor-tactil-avpos-17-t17.webp\",\"datePublished\":\"2023-09-14T17:10:45+00:00\",\"dateModified\":\"2023-09-14T17:11:58+00:00\",\"description\":\"\u00bfBuscas un monitor t\u00e1ctil para tu negocio? El monitor t\u00e1ctil\u00a0AVPos T17\u00a0es la soluci\u00f3n ideal para tener un punto informativo, realizar encuestas de satisfacci\u00f3n y mucho m\u00e1s. Su dise\u00f1o ligero True Flat sin marcos, lo hace perfecto para cualquier espacio y su bajo consumo energ\u00e9tico te permitir\u00e1 utilizarlo sin l\u00edmites. \u00a1Consigue el tuyo ahora y lleva tu negocio al siguiente nivel!\",\"breadcrumb\":{\"@id\":\"https:\\\/\\\/tpv-tenerife.com\\\/?product=monitor-tactil-17#breadcrumb\"},\"inLanguage\":\"es\",\"potentialAction\":[{\"@type\":\"ReadAction\",\"target\":[\"https:\\\/\\\/tpv-tenerife.com\\\/?product=monitor-tactil-17\"]}]},{\"@type\":\"ImageObject\",\"inLanguage\":\"es\",\"@id\":\"https:\\\/\\\/tpv-tenerife.com\\\/?product=monitor-tactil-17#primaryimage\",\"url\":\"https:\\\/\\\/tpv-tenerife.com\\\/wp-content\\\/uploads\\\/2023\\\/09\\\/monitor-tactil-avpos-17-t17.webp\",\"contentUrl\":\"https:\\\/\\\/tpv-tenerife.com\\\/wp-content\\\/uploads\\\/2023\\\/09\\\/monitor-tactil-avpos-17-t17.webp\",\"width\":455,\"height\":455,\"caption\":\"Monitor T\u00e1ctil 17\\\"\"},{\"@type\":\"BreadcrumbList\",\"@id\":\"https:\\\/\\\/tpv-tenerife.com\\\/?product=monitor-tactil-17#breadcrumb\",\"itemListElement\":[{\"@type\":\"ListItem\",\"position\":1,\"name\":\"Inicio\",\"item\":\"https:\\\/\\\/tpv-tenerife.com\\\/\"},{\"@type\":\"ListItem\",\"position\":2,\"name\":\"Tienda\",\"item\":\"https:\\\/\\\/tpv-tenerife.com\\\/?page_id=208\"},{\"@type\":\"ListItem\",\"position\":3,\"name\":\"Monitor T\u00e1ctil 17&#8243;\"}]},{\"@type\":\"WebSite\",\"@id\":\"https:\\\/\\\/tpv-tenerife.com\\\/#website\",\"url\":\"https:\\\/\\\/tpv-tenerife.com\\\/\",\"name\":\"TPV Tenerife\",\"description\":\"TPV Tenerife\",\"publisher\":{\"@id\":\"https:\\\/\\\/tpv-tenerife.com\\\/#organization\"},\"potentialAction\":[{\"@type\":\"SearchAction\",\"target\":{\"@type\":\"EntryPoint\",\"urlTemplate\":\"https:\\\/\\\/tpv-tenerife.com\\\/?s={search_term_string}\"},\"query-input\":{\"@type\":\"PropertyValueSpecification\",\"valueRequired\":true,\"valueName\":\"search_term_string\"}}],\"inLanguage\":\"es\"},{\"@type\":\"Organization\",\"@id\":\"https:\\\/\\\/tpv-tenerife.com\\\/#organization\",\"name\":\"TPV Tenerife\",\"alternateName\":\"Mega Ram - TPV Tenerife\",\"url\":\"https:\\\/\\\/tpv-tenerife.com\\\/\",\"logo\":{\"@type\":\"ImageObject\",\"inLanguage\":\"es\",\"@id\":\"https:\\\/\\\/tpv-tenerife.com\\\/#\\\/schema\\\/logo\\\/image\\\/\",\"url\":\"https:\\\/\\\/tpv-tenerife.com\\\/wp-content\\\/uploads\\\/2023\\\/07\\\/logo.webp\",\"contentUrl\":\"https:\\\/\\\/tpv-tenerife.com\\\/wp-content\\\/uploads\\\/2023\\\/07\\\/logo.webp\",\"width\":800,\"height\":247,\"caption\":\"TPV Tenerife\"},\"image\":{\"@id\":\"https:\\\/\\\/tpv-tenerife.com\\\/#\\\/schema\\\/logo\\\/image\\\/\"}}]}<\/script>\n<!-- \/ Yoast SEO plugin. -->","yoast_head_json":{"title":"Monitor T\u00e1ctil 17\" - TPV Tenerife","description":"\u00bfBuscas un monitor t\u00e1ctil para tu negocio? El monitor t\u00e1ctil\u00a0AVPos T17\u00a0es la soluci\u00f3n ideal para tener un punto informativo, realizar encuestas de satisfacci\u00f3n y mucho m\u00e1s. Su dise\u00f1o ligero True Flat sin marcos, lo hace perfecto para cualquier espacio y su bajo consumo energ\u00e9tico te permitir\u00e1 utilizarlo sin l\u00edmites. \u00a1Consigue el tuyo ahora y lleva tu negocio al siguiente nivel!","robots":{"index":"index","follow":"follow","max-snippet":"max-snippet:-1","max-image-preview":"max-image-preview:large","max-video-preview":"max-video-preview:-1"},"canonical":"https:\/\/tpv-tenerife.com\/?product=monitor-tactil-17","og_locale":"es_ES","og_type":"article","og_title":"Monitor T\u00e1ctil 17\" - TPV Tenerife","og_description":"\u00bfBuscas un monitor t\u00e1ctil para tu negocio? El monitor t\u00e1ctil\u00a0AVPos T17\u00a0es la soluci\u00f3n ideal para tener un punto informativo, realizar encuestas de satisfacci\u00f3n y mucho m\u00e1s. Su dise\u00f1o ligero True Flat sin marcos, lo hace perfecto para cualquier espacio y su bajo consumo energ\u00e9tico te permitir\u00e1 utilizarlo sin l\u00edmites. \u00a1Consigue el tuyo ahora y lleva tu negocio al siguiente nivel!","og_url":"https:\/\/tpv-tenerife.com\/?product=monitor-tactil-17","og_site_name":"TPV Tenerife","article_modified_time":"2023-09-14T17:11:58+00:00","og_image":[{"width":455,"height":455,"url":"https:\/\/tpv-tenerife.com\/wp-content\/uploads\/2023\/09\/monitor-tactil-avpos-17-t17.webp","type":"image\/webp"}],"twitter_card":"summary_large_image","twitter_misc":{"Tiempo de lectura":"1 minuto"},"schema":{"@context":"https:\/\/schema.org","@graph":[{"@type":"WebPage","@id":"https:\/\/tpv-tenerife.com\/?product=monitor-tactil-17","url":"https:\/\/tpv-tenerife.com\/?product=monitor-tactil-17","name":"Monitor T\u00e1ctil 17\" - TPV Tenerife","isPartOf":{"@id":"https:\/\/tpv-tenerife.com\/#website"},"primaryImageOfPage":{"@id":"https:\/\/tpv-tenerife.com\/?product=monitor-tactil-17#primaryimage"},"image":{"@id":"https:\/\/tpv-tenerife.com\/?product=monitor-tactil-17#primaryimage"},"thumbnailUrl":"https:\/\/tpv-tenerife.com\/wp-content\/uploads\/2023\/09\/monitor-tactil-avpos-17-t17.webp","datePublished":"2023-09-14T17:10:45+00:00","dateModified":"2023-09-14T17:11:58+00:00","description":"\u00bfBuscas un monitor t\u00e1ctil para tu negocio? El monitor t\u00e1ctil\u00a0AVPos T17\u00a0es la soluci\u00f3n ideal para tener un punto informativo, realizar encuestas de satisfacci\u00f3n y mucho m\u00e1s. Su dise\u00f1o ligero True Flat sin marcos, lo hace perfecto para cualquier espacio y su bajo consumo energ\u00e9tico te permitir\u00e1 utilizarlo sin l\u00edmites. \u00a1Consigue el tuyo ahora y lleva tu negocio al siguiente nivel!","breadcrumb":{"@id":"https:\/\/tpv-tenerife.com\/?product=monitor-tactil-17#breadcrumb"},"inLanguage":"es","potentialAction":[{"@type":"ReadAction","target":["https:\/\/tpv-tenerife.com\/?product=monitor-tactil-17"]}]},{"@type":"ImageObject","inLanguage":"es","@id":"https:\/\/tpv-tenerife.com\/?product=monitor-tactil-17#primaryimage","url":"https:\/\/tpv-tenerife.com\/wp-content\/uploads\/2023\/09\/monitor-tactil-avpos-17-t17.webp","contentUrl":"https:\/\/tpv-tenerife.com\/wp-content\/uploads\/2023\/09\/monitor-tactil-avpos-17-t17.webp","width":455,"height":455,"caption":"Monitor T\u00e1ctil 17\""},{"@type":"BreadcrumbList","@id":"https:\/\/tpv-tenerife.com\/?product=monitor-tactil-17#breadcrumb","itemListElement":[{"@type":"ListItem","position":1,"name":"Inicio","item":"https:\/\/tpv-tenerife.com\/"},{"@type":"ListItem","position":2,"name":"Tienda","item":"https:\/\/tpv-tenerife.com\/?page_id=208"},{"@type":"ListItem","position":3,"name":"Monitor T\u00e1ctil 17&#8243;"}]},{"@type":"WebSite","@id":"https:\/\/tpv-tenerife.com\/#website","url":"https:\/\/tpv-tenerife.com\/","name":"TPV Tenerife","description":"TPV Tenerife","publisher":{"@id":"https:\/\/tpv-tenerife.com\/#organization"},"potentialAction":[{"@type":"SearchAction","target":{"@type":"EntryPoint","urlTemplate":"https:\/\/tpv-tenerife.com\/?s={search_term_string}"},"query-input":{"@type":"PropertyValueSpecification","valueRequired":true,"valueName":"search_term_string"}}],"inLanguage":"es"},{"@type":"Organization","@id":"https:\/\/tpv-tenerife.com\/#organization","name":"TPV Tenerife","alternateName":"Mega Ram - TPV Tenerife","url":"https:\/\/tpv-tenerife.com\/","logo":{"@type":"ImageObject","inLanguage":"es","@id":"https:\/\/tpv-tenerife.com\/#\/schema\/logo\/image\/","url":"https:\/\/tpv-tenerife.com\/wp-content\/uploads\/2023\/07\/logo.webp","contentUrl":"https:\/\/tpv-tenerife.com\/wp-content\/uploads\/2023\/07\/logo.webp","width":800,"height":247,"caption":"TPV Tenerife"},"image":{"@id":"https:\/\/tpv-tenerife.com\/#\/schema\/logo\/image\/"}}]}},"_links":{"self":[{"href":"https:\/\/tpv-tenerife.com\/index.php?rest_route=\/wp\/v2\/product\/4836","targetHints":{"allow":["GET"]}}],"collection":[{"href":"https:\/\/tpv-tenerife.com\/index.php?rest_route=\/wp\/v2\/product"}],"about":[{"href":"https:\/\/tpv-tenerife.com\/index.php?rest_route=\/wp\/v2\/types\/product"}],"wp:featuredmedia":[{"embeddable":true,"href":"https:\/\/tpv-tenerife.com\/index.php?rest_route=\/wp\/v2\/media\/4837"}],"wp:attachment":[{"href":"https:\/\/tpv-tenerife.com\/index.php?rest_route=%2Fwp%2Fv2%2Fmedia&parent=4836"}],"wp:term":[{"taxonomy":"product_brand","embeddable":true,"href":"https:\/\/tpv-tenerife.com\/index.php?rest_route=%2Fwp%2Fv2%2Fproduct_brand&post=4836"},{"taxonomy":"product_cat","embeddable":true,"href":"https:\/\/tpv-tenerife.com\/index.php?rest_route=%2Fwp%2Fv2%2Fproduct_cat&post=4836"},{"taxonomy":"product_tag","embeddable":true,"href":"https:\/\/tpv-tenerife.com\/index.php?rest_route=%2Fwp%2Fv2%2Fproduct_tag&post=4836"}],"curies":[{"name":"wp","href":"https:\/\/api.w.org\/{rel}","templated":true}]}}