{"id":4832,"date":"2023-09-14T16:53:02","date_gmt":"2023-09-14T16:53:02","guid":{"rendered":"https:\/\/tpv-tenerife.com\/?post_type=product&#038;p=4832"},"modified":"2023-09-14T16:59:16","modified_gmt":"2023-09-14T16:59:16","slug":"comandero-pda-tlm-x100-5-5-rugerizada","status":"publish","type":"product","link":"https:\/\/tpv-tenerife.com\/?product=comandero-pda-tlm-x100-5-5-rugerizada","title":{"rendered":"Comandero Pda TLM X100 5.5&#8243; Rugerizada"},"content":{"rendered":"<p>La PDA TLM X100 de \u00faltima generaci\u00f3n que presentamos combina funcionalidad y resistencia en un solo dispositivo. Su resistente pantalla t\u00e1ctil capacitiva de 5.5 pulgadas ofrece una experiencia visual envolvente, con una impresionante resoluci\u00f3n de 1440 x 720 que permite una visualizaci\u00f3n n\u00edtida y detallada de contenidos. Esta PDA es la compa\u00f1era perfecta para comercios y establecimientos de hosteler\u00eda, ya que se adapta a las necesidades del sector con su dise\u00f1o ergon\u00f3mico y sus caracter\u00edsticas avanzadas.<\/p>\n<p>Con la capacidad de utilizar dos tarjetas SIM al mismo tiempo, esta PDA ofrece una conectividad flexible y vers\u00e1til. Adem\u00e1s, cuenta con una c\u00e1mara frontal de 8 megap\u00edxeles y una c\u00e1mara trasera de 13 megap\u00edxeles, lo que permite capturar im\u00e1genes de alta calidad tanto para tareas de documentaci\u00f3n como para compartir momentos especiales. La incorporaci\u00f3n de funciones NFC, GPS y Dual Wifi brinda un amplio abanico de posibilidades y facilita la interacci\u00f3n con dispositivos externos y la navegaci\u00f3n precisa.<\/p>\n<p>La PDA TLM X100 est\u00e1 dise\u00f1ada para resistir los rigores del uso diario en entornos exigentes. Su construcci\u00f3n duradera garantiza una protecci\u00f3n robusta contra golpes, ca\u00eddas y otros accidentes inevitables. Adem\u00e1s, su dise\u00f1o compacto y ergon\u00f3mico facilita su manejo y transporte, convirti\u00e9ndola en una herramienta imprescindible para la movilidad en el trabajo.<\/p>\n<h4 class=\"wp-block-heading\">CARACTER\u00cdSTICAS<\/h4>\n<p>Procesador: MT6739 Cortex A53 Quad Core 1.25GHz<br \/>\nPantalla 5.5\u201d Capacitiva<\/p>\n<p>Resoluci\u00f3n: 1440 x 720<br \/>\nMemoria RAM: 3GB<br \/>\nSistema Operativo: Android 10.0<br \/>\nROM: 32GB (128GB opcional)<br \/>\nC\u00e1mara: Trasera 13MP<br \/>\nProtecci\u00f3n: IP68<br \/>\nBater\u00eda: 5100mah Li-Polymer<br \/>\nBluetooth: 4.0<br \/>\nDual WIFI<br \/>\nNFC<br \/>\nDual SIM<\/p>\n<h4 class=\"wp-block-heading\">ACCESORIOS<\/h4>\n<p>Cargador<br \/>\nCable de USB<\/p>\n","protected":false},"excerpt":{"rendered":"<p>La PDA TLM X100 de \u00faltima generaci\u00f3n que presentamos combina funcionalidad y resistencia en un solo dispositivo. Su resistente pantalla t\u00e1ctil capacitiva de 5.5 pulgadas ofrece una experiencia visual envolvente, con una impresionante resoluci\u00f3n de 1440 x 720 que permite una visualizaci\u00f3n n\u00edtida y detallada de contenidos. Esta PDA es la compa\u00f1era perfecta para comercios [&hellip;]<\/p>\n","protected":false},"featured_media":4833,"template":"","meta":[],"product_brand":[],"product_cat":[52],"product_tag":[98,97,96],"class_list":{"0":"post-4832","1":"product","2":"type-product","3":"status-publish","4":"has-post-thumbnail","6":"product_cat-comanderos-para-hosteleria","7":"product_tag-comandero","8":"product_tag-pda","9":"product_tag-tablet","11":"first","12":"instock","13":"taxable","14":"shipping-taxable","15":"purchasable","16":"product-type-simple"},"yoast_head":"<!-- This site is optimized with the Yoast SEO plugin v27.5 - https:\/\/yoast.com\/product\/yoast-seo-wordpress\/ -->\n<title>Comandero Pda TLM X100 5.5&quot; Rugerizada - TPV Tenerife<\/title>\n<meta name=\"description\" content=\"La PDA TLM X100 de \u00faltima generaci\u00f3n que presentamos combina funcionalidad y resistencia en un solo dispositivo. Su resistente pantalla t\u00e1ctil capacitiva de 5.5 pulgadas ofrece una experiencia visual envolvente, con una impresionante resoluci\u00f3n de 1440 x 720 que permite una visualizaci\u00f3n n\u00edtida y detallada de contenidos. Esta PDA es la compa\u00f1era perfecta para comercios y establecimientos de hosteler\u00eda, ya que se adapta a las necesidades del sector con su dise\u00f1o ergon\u00f3mico y sus caracter\u00edsticas avanzadas.\" \/>\n<meta name=\"robots\" content=\"index, follow, max-snippet:-1, max-image-preview:large, max-video-preview:-1\" \/>\n<link rel=\"canonical\" href=\"https:\/\/tpv-tenerife.com\/?product=comandero-pda-tlm-x100-5-5-rugerizada\" \/>\n<meta property=\"og:locale\" content=\"es_ES\" \/>\n<meta property=\"og:type\" content=\"article\" \/>\n<meta property=\"og:title\" content=\"Comandero Pda TLM X100 5.5&quot; Rugerizada - TPV Tenerife\" \/>\n<meta property=\"og:description\" content=\"La PDA TLM X100 de \u00faltima generaci\u00f3n que presentamos combina funcionalidad y resistencia en un solo dispositivo. Su resistente pantalla t\u00e1ctil capacitiva de 5.5 pulgadas ofrece una experiencia visual envolvente, con una impresionante resoluci\u00f3n de 1440 x 720 que permite una visualizaci\u00f3n n\u00edtida y detallada de contenidos. Esta PDA es la compa\u00f1era perfecta para comercios y establecimientos de hosteler\u00eda, ya que se adapta a las necesidades del sector con su dise\u00f1o ergon\u00f3mico y sus caracter\u00edsticas avanzadas.\" \/>\n<meta property=\"og:url\" content=\"https:\/\/tpv-tenerife.com\/?product=comandero-pda-tlm-x100-5-5-rugerizada\" \/>\n<meta property=\"og:site_name\" content=\"TPV Tenerife\" \/>\n<meta property=\"article:modified_time\" content=\"2023-09-14T16:59:16+00:00\" \/>\n<meta property=\"og:image\" content=\"https:\/\/tpv-tenerife.com\/wp-content\/uploads\/2023\/09\/PDA-X100.webp\" \/>\n\t<meta property=\"og:image:width\" content=\"800\" \/>\n\t<meta property=\"og:image:height\" content=\"800\" \/>\n\t<meta property=\"og:image:type\" content=\"image\/webp\" \/>\n<meta name=\"twitter:card\" content=\"summary_large_image\" \/>\n<meta name=\"twitter:label1\" content=\"Tiempo de lectura\" \/>\n\t<meta name=\"twitter:data1\" content=\"2 minutos\" \/>\n<script type=\"application\/ld+json\" class=\"yoast-schema-graph\">{\"@context\":\"https:\\\/\\\/schema.org\",\"@graph\":[{\"@type\":\"WebPage\",\"@id\":\"https:\\\/\\\/tpv-tenerife.com\\\/?product=comandero-pda-tlm-x100-5-5-rugerizada\",\"url\":\"https:\\\/\\\/tpv-tenerife.com\\\/?product=comandero-pda-tlm-x100-5-5-rugerizada\",\"name\":\"Comandero Pda TLM X100 5.5\\\" Rugerizada - TPV Tenerife\",\"isPartOf\":{\"@id\":\"https:\\\/\\\/tpv-tenerife.com\\\/#website\"},\"primaryImageOfPage\":{\"@id\":\"https:\\\/\\\/tpv-tenerife.com\\\/?product=comandero-pda-tlm-x100-5-5-rugerizada#primaryimage\"},\"image\":{\"@id\":\"https:\\\/\\\/tpv-tenerife.com\\\/?product=comandero-pda-tlm-x100-5-5-rugerizada#primaryimage\"},\"thumbnailUrl\":\"https:\\\/\\\/tpv-tenerife.com\\\/wp-content\\\/uploads\\\/2023\\\/09\\\/PDA-X100.webp\",\"datePublished\":\"2023-09-14T16:53:02+00:00\",\"dateModified\":\"2023-09-14T16:59:16+00:00\",\"description\":\"La PDA TLM X100 de \u00faltima generaci\u00f3n que presentamos combina funcionalidad y resistencia en un solo dispositivo. Su resistente pantalla t\u00e1ctil capacitiva de 5.5 pulgadas ofrece una experiencia visual envolvente, con una impresionante resoluci\u00f3n de 1440 x 720 que permite una visualizaci\u00f3n n\u00edtida y detallada de contenidos. Esta PDA es la compa\u00f1era perfecta para comercios y establecimientos de hosteler\u00eda, ya que se adapta a las necesidades del sector con su dise\u00f1o ergon\u00f3mico y sus caracter\u00edsticas avanzadas.\",\"breadcrumb\":{\"@id\":\"https:\\\/\\\/tpv-tenerife.com\\\/?product=comandero-pda-tlm-x100-5-5-rugerizada#breadcrumb\"},\"inLanguage\":\"es\",\"potentialAction\":[{\"@type\":\"ReadAction\",\"target\":[\"https:\\\/\\\/tpv-tenerife.com\\\/?product=comandero-pda-tlm-x100-5-5-rugerizada\"]}]},{\"@type\":\"ImageObject\",\"inLanguage\":\"es\",\"@id\":\"https:\\\/\\\/tpv-tenerife.com\\\/?product=comandero-pda-tlm-x100-5-5-rugerizada#primaryimage\",\"url\":\"https:\\\/\\\/tpv-tenerife.com\\\/wp-content\\\/uploads\\\/2023\\\/09\\\/PDA-X100.webp\",\"contentUrl\":\"https:\\\/\\\/tpv-tenerife.com\\\/wp-content\\\/uploads\\\/2023\\\/09\\\/PDA-X100.webp\",\"width\":800,\"height\":800,\"caption\":\"PDA TLM X100\"},{\"@type\":\"BreadcrumbList\",\"@id\":\"https:\\\/\\\/tpv-tenerife.com\\\/?product=comandero-pda-tlm-x100-5-5-rugerizada#breadcrumb\",\"itemListElement\":[{\"@type\":\"ListItem\",\"position\":1,\"name\":\"Inicio\",\"item\":\"https:\\\/\\\/tpv-tenerife.com\\\/\"},{\"@type\":\"ListItem\",\"position\":2,\"name\":\"Tienda\",\"item\":\"https:\\\/\\\/tpv-tenerife.com\\\/?page_id=208\"},{\"@type\":\"ListItem\",\"position\":3,\"name\":\"Comandero Pda TLM X100 5.5&#8243; Rugerizada\"}]},{\"@type\":\"WebSite\",\"@id\":\"https:\\\/\\\/tpv-tenerife.com\\\/#website\",\"url\":\"https:\\\/\\\/tpv-tenerife.com\\\/\",\"name\":\"TPV Tenerife\",\"description\":\"TPV Tenerife\",\"publisher\":{\"@id\":\"https:\\\/\\\/tpv-tenerife.com\\\/#organization\"},\"potentialAction\":[{\"@type\":\"SearchAction\",\"target\":{\"@type\":\"EntryPoint\",\"urlTemplate\":\"https:\\\/\\\/tpv-tenerife.com\\\/?s={search_term_string}\"},\"query-input\":{\"@type\":\"PropertyValueSpecification\",\"valueRequired\":true,\"valueName\":\"search_term_string\"}}],\"inLanguage\":\"es\"},{\"@type\":\"Organization\",\"@id\":\"https:\\\/\\\/tpv-tenerife.com\\\/#organization\",\"name\":\"TPV Tenerife\",\"alternateName\":\"Mega Ram - TPV Tenerife\",\"url\":\"https:\\\/\\\/tpv-tenerife.com\\\/\",\"logo\":{\"@type\":\"ImageObject\",\"inLanguage\":\"es\",\"@id\":\"https:\\\/\\\/tpv-tenerife.com\\\/#\\\/schema\\\/logo\\\/image\\\/\",\"url\":\"https:\\\/\\\/tpv-tenerife.com\\\/wp-content\\\/uploads\\\/2023\\\/07\\\/logo.webp\",\"contentUrl\":\"https:\\\/\\\/tpv-tenerife.com\\\/wp-content\\\/uploads\\\/2023\\\/07\\\/logo.webp\",\"width\":800,\"height\":247,\"caption\":\"TPV Tenerife\"},\"image\":{\"@id\":\"https:\\\/\\\/tpv-tenerife.com\\\/#\\\/schema\\\/logo\\\/image\\\/\"}}]}<\/script>\n<!-- \/ Yoast SEO plugin. -->","yoast_head_json":{"title":"Comandero Pda TLM X100 5.5\" Rugerizada - TPV Tenerife","description":"La PDA TLM X100 de \u00faltima generaci\u00f3n que presentamos combina funcionalidad y resistencia en un solo dispositivo. Su resistente pantalla t\u00e1ctil capacitiva de 5.5 pulgadas ofrece una experiencia visual envolvente, con una impresionante resoluci\u00f3n de 1440 x 720 que permite una visualizaci\u00f3n n\u00edtida y detallada de contenidos. Esta PDA es la compa\u00f1era perfecta para comercios y establecimientos de hosteler\u00eda, ya que se adapta a las necesidades del sector con su dise\u00f1o ergon\u00f3mico y sus caracter\u00edsticas avanzadas.","robots":{"index":"index","follow":"follow","max-snippet":"max-snippet:-1","max-image-preview":"max-image-preview:large","max-video-preview":"max-video-preview:-1"},"canonical":"https:\/\/tpv-tenerife.com\/?product=comandero-pda-tlm-x100-5-5-rugerizada","og_locale":"es_ES","og_type":"article","og_title":"Comandero Pda TLM X100 5.5\" Rugerizada - TPV Tenerife","og_description":"La PDA TLM X100 de \u00faltima generaci\u00f3n que presentamos combina funcionalidad y resistencia en un solo dispositivo. Su resistente pantalla t\u00e1ctil capacitiva de 5.5 pulgadas ofrece una experiencia visual envolvente, con una impresionante resoluci\u00f3n de 1440 x 720 que permite una visualizaci\u00f3n n\u00edtida y detallada de contenidos. Esta PDA es la compa\u00f1era perfecta para comercios y establecimientos de hosteler\u00eda, ya que se adapta a las necesidades del sector con su dise\u00f1o ergon\u00f3mico y sus caracter\u00edsticas avanzadas.","og_url":"https:\/\/tpv-tenerife.com\/?product=comandero-pda-tlm-x100-5-5-rugerizada","og_site_name":"TPV Tenerife","article_modified_time":"2023-09-14T16:59:16+00:00","og_image":[{"width":800,"height":800,"url":"https:\/\/tpv-tenerife.com\/wp-content\/uploads\/2023\/09\/PDA-X100.webp","type":"image\/webp"}],"twitter_card":"summary_large_image","twitter_misc":{"Tiempo de lectura":"2 minutos"},"schema":{"@context":"https:\/\/schema.org","@graph":[{"@type":"WebPage","@id":"https:\/\/tpv-tenerife.com\/?product=comandero-pda-tlm-x100-5-5-rugerizada","url":"https:\/\/tpv-tenerife.com\/?product=comandero-pda-tlm-x100-5-5-rugerizada","name":"Comandero Pda TLM X100 5.5\" Rugerizada - TPV Tenerife","isPartOf":{"@id":"https:\/\/tpv-tenerife.com\/#website"},"primaryImageOfPage":{"@id":"https:\/\/tpv-tenerife.com\/?product=comandero-pda-tlm-x100-5-5-rugerizada#primaryimage"},"image":{"@id":"https:\/\/tpv-tenerife.com\/?product=comandero-pda-tlm-x100-5-5-rugerizada#primaryimage"},"thumbnailUrl":"https:\/\/tpv-tenerife.com\/wp-content\/uploads\/2023\/09\/PDA-X100.webp","datePublished":"2023-09-14T16:53:02+00:00","dateModified":"2023-09-14T16:59:16+00:00","description":"La PDA TLM X100 de \u00faltima generaci\u00f3n que presentamos combina funcionalidad y resistencia en un solo dispositivo. Su resistente pantalla t\u00e1ctil capacitiva de 5.5 pulgadas ofrece una experiencia visual envolvente, con una impresionante resoluci\u00f3n de 1440 x 720 que permite una visualizaci\u00f3n n\u00edtida y detallada de contenidos. Esta PDA es la compa\u00f1era perfecta para comercios y establecimientos de hosteler\u00eda, ya que se adapta a las necesidades del sector con su dise\u00f1o ergon\u00f3mico y sus caracter\u00edsticas avanzadas.","breadcrumb":{"@id":"https:\/\/tpv-tenerife.com\/?product=comandero-pda-tlm-x100-5-5-rugerizada#breadcrumb"},"inLanguage":"es","potentialAction":[{"@type":"ReadAction","target":["https:\/\/tpv-tenerife.com\/?product=comandero-pda-tlm-x100-5-5-rugerizada"]}]},{"@type":"ImageObject","inLanguage":"es","@id":"https:\/\/tpv-tenerife.com\/?product=comandero-pda-tlm-x100-5-5-rugerizada#primaryimage","url":"https:\/\/tpv-tenerife.com\/wp-content\/uploads\/2023\/09\/PDA-X100.webp","contentUrl":"https:\/\/tpv-tenerife.com\/wp-content\/uploads\/2023\/09\/PDA-X100.webp","width":800,"height":800,"caption":"PDA TLM X100"},{"@type":"BreadcrumbList","@id":"https:\/\/tpv-tenerife.com\/?product=comandero-pda-tlm-x100-5-5-rugerizada#breadcrumb","itemListElement":[{"@type":"ListItem","position":1,"name":"Inicio","item":"https:\/\/tpv-tenerife.com\/"},{"@type":"ListItem","position":2,"name":"Tienda","item":"https:\/\/tpv-tenerife.com\/?page_id=208"},{"@type":"ListItem","position":3,"name":"Comandero Pda TLM X100 5.5&#8243; Rugerizada"}]},{"@type":"WebSite","@id":"https:\/\/tpv-tenerife.com\/#website","url":"https:\/\/tpv-tenerife.com\/","name":"TPV Tenerife","description":"TPV Tenerife","publisher":{"@id":"https:\/\/tpv-tenerife.com\/#organization"},"potentialAction":[{"@type":"SearchAction","target":{"@type":"EntryPoint","urlTemplate":"https:\/\/tpv-tenerife.com\/?s={search_term_string}"},"query-input":{"@type":"PropertyValueSpecification","valueRequired":true,"valueName":"search_term_string"}}],"inLanguage":"es"},{"@type":"Organization","@id":"https:\/\/tpv-tenerife.com\/#organization","name":"TPV Tenerife","alternateName":"Mega Ram - TPV Tenerife","url":"https:\/\/tpv-tenerife.com\/","logo":{"@type":"ImageObject","inLanguage":"es","@id":"https:\/\/tpv-tenerife.com\/#\/schema\/logo\/image\/","url":"https:\/\/tpv-tenerife.com\/wp-content\/uploads\/2023\/07\/logo.webp","contentUrl":"https:\/\/tpv-tenerife.com\/wp-content\/uploads\/2023\/07\/logo.webp","width":800,"height":247,"caption":"TPV Tenerife"},"image":{"@id":"https:\/\/tpv-tenerife.com\/#\/schema\/logo\/image\/"}}]}},"_links":{"self":[{"href":"https:\/\/tpv-tenerife.com\/index.php?rest_route=\/wp\/v2\/product\/4832","targetHints":{"allow":["GET"]}}],"collection":[{"href":"https:\/\/tpv-tenerife.com\/index.php?rest_route=\/wp\/v2\/product"}],"about":[{"href":"https:\/\/tpv-tenerife.com\/index.php?rest_route=\/wp\/v2\/types\/product"}],"wp:featuredmedia":[{"embeddable":true,"href":"https:\/\/tpv-tenerife.com\/index.php?rest_route=\/wp\/v2\/media\/4833"}],"wp:attachment":[{"href":"https:\/\/tpv-tenerife.com\/index.php?rest_route=%2Fwp%2Fv2%2Fmedia&parent=4832"}],"wp:term":[{"taxonomy":"product_brand","embeddable":true,"href":"https:\/\/tpv-tenerife.com\/index.php?rest_route=%2Fwp%2Fv2%2Fproduct_brand&post=4832"},{"taxonomy":"product_cat","embeddable":true,"href":"https:\/\/tpv-tenerife.com\/index.php?rest_route=%2Fwp%2Fv2%2Fproduct_cat&post=4832"},{"taxonomy":"product_tag","embeddable":true,"href":"https:\/\/tpv-tenerife.com\/index.php?rest_route=%2Fwp%2Fv2%2Fproduct_tag&post=4832"}],"curies":[{"name":"wp","href":"https:\/\/api.w.org\/{rel}","templated":true}]}}