{"id":4827,"date":"2023-09-14T16:37:07","date_gmt":"2023-09-14T16:37:07","guid":{"rendered":"https:\/\/tpv-tenerife.com\/?post_type=product&#038;p=4827"},"modified":"2023-09-14T16:39:20","modified_gmt":"2023-09-14T16:39:20","slug":"comandero-tablet-7-8","status":"publish","type":"product","link":"https:\/\/tpv-tenerife.com\/?product=comandero-tablet-7-8","title":{"rendered":"Comandero Tablet 7&#8243;-8&#8243;"},"content":{"rendered":"<p>Las comandas de su restaurante de la forma m\u00e1s c\u00f3moda. Tablet de 7&#8243; y 8&#8243;, que hacen que la toma de comandas por parte de los camareros sea f\u00e1cil e intuitiva<\/p>\n","protected":false},"excerpt":{"rendered":"<p>Las comandas de su restaurante de la forma m\u00e1s c\u00f3moda. Tablet de 7&#8243; y 8&#8243;, que hacen que la toma de comandas por parte de los camareros sea f\u00e1cil e intuitiva<\/p>\n","protected":false},"featured_media":4828,"template":"","meta":[],"product_brand":[],"product_cat":[52],"product_tag":[98,97,96],"class_list":{"0":"post-4827","1":"product","2":"type-product","3":"status-publish","4":"has-post-thumbnail","6":"product_cat-comanderos-para-hosteleria","7":"product_tag-comandero","8":"product_tag-pda","9":"product_tag-tablet","11":"first","12":"instock","13":"taxable","14":"shipping-taxable","15":"purchasable","16":"product-type-simple"},"yoast_head":"<!-- This site is optimized with the Yoast SEO plugin v27.5 - https:\/\/yoast.com\/product\/yoast-seo-wordpress\/ -->\n<title>Comandero Tablet 7&quot;-8&quot; - TPV Tenerife<\/title>\n<meta name=\"description\" content=\"Las comandas de su restaurante de la forma m\u00e1s c\u00f3moda. Tablet de 7&quot; y 8&quot;, que hacen que la toma de comandas por parte de los camareros sea f\u00e1cil e intuitiva\" \/>\n<meta name=\"robots\" content=\"index, follow, max-snippet:-1, max-image-preview:large, max-video-preview:-1\" \/>\n<link rel=\"canonical\" href=\"https:\/\/tpv-tenerife.com\/?product=comandero-tablet-7-8\" \/>\n<meta property=\"og:locale\" content=\"es_ES\" \/>\n<meta property=\"og:type\" content=\"article\" \/>\n<meta property=\"og:title\" content=\"Comandero Tablet 7&quot;-8&quot; - TPV Tenerife\" \/>\n<meta property=\"og:description\" content=\"Las comandas de su restaurante de la forma m\u00e1s c\u00f3moda. Tablet de 7&quot; y 8&quot;, que hacen que la toma de comandas por parte de los camareros sea f\u00e1cil e intuitiva\" \/>\n<meta property=\"og:url\" content=\"https:\/\/tpv-tenerife.com\/?product=comandero-tablet-7-8\" \/>\n<meta property=\"og:site_name\" content=\"TPV Tenerife\" \/>\n<meta property=\"article:modified_time\" content=\"2023-09-14T16:39:20+00:00\" \/>\n<meta property=\"og:image\" content=\"https:\/\/tpv-tenerife.com\/wp-content\/uploads\/2023\/09\/tablet-8.webp\" \/>\n\t<meta property=\"og:image:width\" content=\"455\" \/>\n\t<meta property=\"og:image:height\" content=\"455\" \/>\n\t<meta property=\"og:image:type\" content=\"image\/webp\" \/>\n<meta name=\"twitter:card\" content=\"summary_large_image\" \/>\n<meta name=\"twitter:label1\" content=\"Tiempo de lectura\" \/>\n\t<meta name=\"twitter:data1\" content=\"1 minuto\" \/>\n<script type=\"application\/ld+json\" class=\"yoast-schema-graph\">{\"@context\":\"https:\\\/\\\/schema.org\",\"@graph\":[{\"@type\":\"WebPage\",\"@id\":\"https:\\\/\\\/tpv-tenerife.com\\\/?product=comandero-tablet-7-8\",\"url\":\"https:\\\/\\\/tpv-tenerife.com\\\/?product=comandero-tablet-7-8\",\"name\":\"Comandero Tablet 7\\\"-8\\\" - TPV Tenerife\",\"isPartOf\":{\"@id\":\"https:\\\/\\\/tpv-tenerife.com\\\/#website\"},\"primaryImageOfPage\":{\"@id\":\"https:\\\/\\\/tpv-tenerife.com\\\/?product=comandero-tablet-7-8#primaryimage\"},\"image\":{\"@id\":\"https:\\\/\\\/tpv-tenerife.com\\\/?product=comandero-tablet-7-8#primaryimage\"},\"thumbnailUrl\":\"https:\\\/\\\/tpv-tenerife.com\\\/wp-content\\\/uploads\\\/2023\\\/09\\\/tablet-8.webp\",\"datePublished\":\"2023-09-14T16:37:07+00:00\",\"dateModified\":\"2023-09-14T16:39:20+00:00\",\"description\":\"Las comandas de su restaurante de la forma m\u00e1s c\u00f3moda. Tablet de 7\\\" y 8\\\", que hacen que la toma de comandas por parte de los camareros sea f\u00e1cil e intuitiva\",\"breadcrumb\":{\"@id\":\"https:\\\/\\\/tpv-tenerife.com\\\/?product=comandero-tablet-7-8#breadcrumb\"},\"inLanguage\":\"es\",\"potentialAction\":[{\"@type\":\"ReadAction\",\"target\":[\"https:\\\/\\\/tpv-tenerife.com\\\/?product=comandero-tablet-7-8\"]}]},{\"@type\":\"ImageObject\",\"inLanguage\":\"es\",\"@id\":\"https:\\\/\\\/tpv-tenerife.com\\\/?product=comandero-tablet-7-8#primaryimage\",\"url\":\"https:\\\/\\\/tpv-tenerife.com\\\/wp-content\\\/uploads\\\/2023\\\/09\\\/tablet-8.webp\",\"contentUrl\":\"https:\\\/\\\/tpv-tenerife.com\\\/wp-content\\\/uploads\\\/2023\\\/09\\\/tablet-8.webp\",\"width\":455,\"height\":455,\"caption\":\"Tablet 7\\\"-8\\\"\"},{\"@type\":\"BreadcrumbList\",\"@id\":\"https:\\\/\\\/tpv-tenerife.com\\\/?product=comandero-tablet-7-8#breadcrumb\",\"itemListElement\":[{\"@type\":\"ListItem\",\"position\":1,\"name\":\"Inicio\",\"item\":\"https:\\\/\\\/tpv-tenerife.com\\\/\"},{\"@type\":\"ListItem\",\"position\":2,\"name\":\"Tienda\",\"item\":\"https:\\\/\\\/tpv-tenerife.com\\\/?page_id=208\"},{\"@type\":\"ListItem\",\"position\":3,\"name\":\"Comandero Tablet 7&#8243;-8&#8243;\"}]},{\"@type\":\"WebSite\",\"@id\":\"https:\\\/\\\/tpv-tenerife.com\\\/#website\",\"url\":\"https:\\\/\\\/tpv-tenerife.com\\\/\",\"name\":\"TPV Tenerife\",\"description\":\"TPV Tenerife\",\"publisher\":{\"@id\":\"https:\\\/\\\/tpv-tenerife.com\\\/#organization\"},\"potentialAction\":[{\"@type\":\"SearchAction\",\"target\":{\"@type\":\"EntryPoint\",\"urlTemplate\":\"https:\\\/\\\/tpv-tenerife.com\\\/?s={search_term_string}\"},\"query-input\":{\"@type\":\"PropertyValueSpecification\",\"valueRequired\":true,\"valueName\":\"search_term_string\"}}],\"inLanguage\":\"es\"},{\"@type\":\"Organization\",\"@id\":\"https:\\\/\\\/tpv-tenerife.com\\\/#organization\",\"name\":\"TPV Tenerife\",\"alternateName\":\"Mega Ram - TPV Tenerife\",\"url\":\"https:\\\/\\\/tpv-tenerife.com\\\/\",\"logo\":{\"@type\":\"ImageObject\",\"inLanguage\":\"es\",\"@id\":\"https:\\\/\\\/tpv-tenerife.com\\\/#\\\/schema\\\/logo\\\/image\\\/\",\"url\":\"https:\\\/\\\/tpv-tenerife.com\\\/wp-content\\\/uploads\\\/2023\\\/07\\\/logo.webp\",\"contentUrl\":\"https:\\\/\\\/tpv-tenerife.com\\\/wp-content\\\/uploads\\\/2023\\\/07\\\/logo.webp\",\"width\":800,\"height\":247,\"caption\":\"TPV Tenerife\"},\"image\":{\"@id\":\"https:\\\/\\\/tpv-tenerife.com\\\/#\\\/schema\\\/logo\\\/image\\\/\"}}]}<\/script>\n<!-- \/ Yoast SEO plugin. -->","yoast_head_json":{"title":"Comandero Tablet 7\"-8\" - TPV Tenerife","description":"Las comandas de su restaurante de la forma m\u00e1s c\u00f3moda. Tablet de 7\" y 8\", que hacen que la toma de comandas por parte de los camareros sea f\u00e1cil e intuitiva","robots":{"index":"index","follow":"follow","max-snippet":"max-snippet:-1","max-image-preview":"max-image-preview:large","max-video-preview":"max-video-preview:-1"},"canonical":"https:\/\/tpv-tenerife.com\/?product=comandero-tablet-7-8","og_locale":"es_ES","og_type":"article","og_title":"Comandero Tablet 7\"-8\" - TPV Tenerife","og_description":"Las comandas de su restaurante de la forma m\u00e1s c\u00f3moda. Tablet de 7\" y 8\", que hacen que la toma de comandas por parte de los camareros sea f\u00e1cil e intuitiva","og_url":"https:\/\/tpv-tenerife.com\/?product=comandero-tablet-7-8","og_site_name":"TPV Tenerife","article_modified_time":"2023-09-14T16:39:20+00:00","og_image":[{"width":455,"height":455,"url":"https:\/\/tpv-tenerife.com\/wp-content\/uploads\/2023\/09\/tablet-8.webp","type":"image\/webp"}],"twitter_card":"summary_large_image","twitter_misc":{"Tiempo de lectura":"1 minuto"},"schema":{"@context":"https:\/\/schema.org","@graph":[{"@type":"WebPage","@id":"https:\/\/tpv-tenerife.com\/?product=comandero-tablet-7-8","url":"https:\/\/tpv-tenerife.com\/?product=comandero-tablet-7-8","name":"Comandero Tablet 7\"-8\" - TPV Tenerife","isPartOf":{"@id":"https:\/\/tpv-tenerife.com\/#website"},"primaryImageOfPage":{"@id":"https:\/\/tpv-tenerife.com\/?product=comandero-tablet-7-8#primaryimage"},"image":{"@id":"https:\/\/tpv-tenerife.com\/?product=comandero-tablet-7-8#primaryimage"},"thumbnailUrl":"https:\/\/tpv-tenerife.com\/wp-content\/uploads\/2023\/09\/tablet-8.webp","datePublished":"2023-09-14T16:37:07+00:00","dateModified":"2023-09-14T16:39:20+00:00","description":"Las comandas de su restaurante de la forma m\u00e1s c\u00f3moda. Tablet de 7\" y 8\", que hacen que la toma de comandas por parte de los camareros sea f\u00e1cil e intuitiva","breadcrumb":{"@id":"https:\/\/tpv-tenerife.com\/?product=comandero-tablet-7-8#breadcrumb"},"inLanguage":"es","potentialAction":[{"@type":"ReadAction","target":["https:\/\/tpv-tenerife.com\/?product=comandero-tablet-7-8"]}]},{"@type":"ImageObject","inLanguage":"es","@id":"https:\/\/tpv-tenerife.com\/?product=comandero-tablet-7-8#primaryimage","url":"https:\/\/tpv-tenerife.com\/wp-content\/uploads\/2023\/09\/tablet-8.webp","contentUrl":"https:\/\/tpv-tenerife.com\/wp-content\/uploads\/2023\/09\/tablet-8.webp","width":455,"height":455,"caption":"Tablet 7\"-8\""},{"@type":"BreadcrumbList","@id":"https:\/\/tpv-tenerife.com\/?product=comandero-tablet-7-8#breadcrumb","itemListElement":[{"@type":"ListItem","position":1,"name":"Inicio","item":"https:\/\/tpv-tenerife.com\/"},{"@type":"ListItem","position":2,"name":"Tienda","item":"https:\/\/tpv-tenerife.com\/?page_id=208"},{"@type":"ListItem","position":3,"name":"Comandero Tablet 7&#8243;-8&#8243;"}]},{"@type":"WebSite","@id":"https:\/\/tpv-tenerife.com\/#website","url":"https:\/\/tpv-tenerife.com\/","name":"TPV Tenerife","description":"TPV Tenerife","publisher":{"@id":"https:\/\/tpv-tenerife.com\/#organization"},"potentialAction":[{"@type":"SearchAction","target":{"@type":"EntryPoint","urlTemplate":"https:\/\/tpv-tenerife.com\/?s={search_term_string}"},"query-input":{"@type":"PropertyValueSpecification","valueRequired":true,"valueName":"search_term_string"}}],"inLanguage":"es"},{"@type":"Organization","@id":"https:\/\/tpv-tenerife.com\/#organization","name":"TPV Tenerife","alternateName":"Mega Ram - TPV Tenerife","url":"https:\/\/tpv-tenerife.com\/","logo":{"@type":"ImageObject","inLanguage":"es","@id":"https:\/\/tpv-tenerife.com\/#\/schema\/logo\/image\/","url":"https:\/\/tpv-tenerife.com\/wp-content\/uploads\/2023\/07\/logo.webp","contentUrl":"https:\/\/tpv-tenerife.com\/wp-content\/uploads\/2023\/07\/logo.webp","width":800,"height":247,"caption":"TPV Tenerife"},"image":{"@id":"https:\/\/tpv-tenerife.com\/#\/schema\/logo\/image\/"}}]}},"_links":{"self":[{"href":"https:\/\/tpv-tenerife.com\/index.php?rest_route=\/wp\/v2\/product\/4827","targetHints":{"allow":["GET"]}}],"collection":[{"href":"https:\/\/tpv-tenerife.com\/index.php?rest_route=\/wp\/v2\/product"}],"about":[{"href":"https:\/\/tpv-tenerife.com\/index.php?rest_route=\/wp\/v2\/types\/product"}],"wp:featuredmedia":[{"embeddable":true,"href":"https:\/\/tpv-tenerife.com\/index.php?rest_route=\/wp\/v2\/media\/4828"}],"wp:attachment":[{"href":"https:\/\/tpv-tenerife.com\/index.php?rest_route=%2Fwp%2Fv2%2Fmedia&parent=4827"}],"wp:term":[{"taxonomy":"product_brand","embeddable":true,"href":"https:\/\/tpv-tenerife.com\/index.php?rest_route=%2Fwp%2Fv2%2Fproduct_brand&post=4827"},{"taxonomy":"product_cat","embeddable":true,"href":"https:\/\/tpv-tenerife.com\/index.php?rest_route=%2Fwp%2Fv2%2Fproduct_cat&post=4827"},{"taxonomy":"product_tag","embeddable":true,"href":"https:\/\/tpv-tenerife.com\/index.php?rest_route=%2Fwp%2Fv2%2Fproduct_tag&post=4827"}],"curies":[{"name":"wp","href":"https:\/\/api.w.org\/{rel}","templated":true}]}}