{"id":4819,"date":"2023-09-14T15:31:27","date_gmt":"2023-09-14T15:31:27","guid":{"rendered":"https:\/\/tpv-tenerife.com\/?post_type=product&#038;p=4819"},"modified":"2023-10-03T22:04:57","modified_gmt":"2023-10-03T22:04:57","slug":"pack-tpv-comercio-ocasion","status":"publish","type":"product","link":"https:\/\/tpv-tenerife.com\/?product=pack-tpv-comercio-ocasion","title":{"rendered":"Pack TPV Comercio OCASI\u00d3N"},"content":{"rendered":"<p>Pack TPV Comercio OCASI\u00d3N se compone de los siguientes componentes:<\/p>\n<ul>\n<li>\u2705 Monitor 19&#8243; (No T\u00e1ctil) [reacondicionado]<\/li>\n<li>\u2705 Intel Core I3-4130 3.40 GHz &#8211; 8GB &#8211; 256GB SSD &#8211; \u200b\u200bLENOVO THINKCENTRE M73 SFF [reacondicionado]<\/li>\n<li>\u2705 Caj\u00f3n portamonedas<\/li>\n<li>\u2705 Impresora de tickets USB<\/li>\n<li>\u2705 Licencia de Windows<\/li>\n<li>\u2705 Licencia de Programa de Gesti\u00f3n Comercio<\/li>\n<\/ul>\n<p>y de los siguientes servicios:<\/p>\n<ul>\n<li>\u2705 Instalaci\u00f3n y configuraci\u00f3n (creaci\u00f3n de carta de productos con im\u00e1genes, precios,&#8230;.)<\/li>\n<li>\u2705 Formaci\u00f3n del programa (100% del programa)<\/li>\n<li>\u2705 Apoyo inicial de 30 d\u00edas para ayudarte en todo lo que necesites.<\/li>\n<\/ul>\n<p>&nbsp;<\/p>\n<p>Disponible en 2 modalidades de compra en el Pack TPV Comercio OCASI\u00d3N:<\/p>\n<p>&nbsp;<\/p>\n<ul>\n<li>\u2611\ufe0f Pack sin soporte t\u00e9cnico: \u20ac<\/li>\n<li>\u2611\ufe0f Pack + Soporte T\u00e9cnico + Actualizaciones: \u20ac<\/li>\n<\/ul>\n<p>&nbsp;<\/p>\n<p>Ventajas del software TPV comercios<\/p>\n<p>El\u00a0software de gesti\u00f3n para comercio\u00a0minorista te permite controlar los datos principales de cualquier tipo de establecimiento como son: los art\u00edculos, clientes, facturas, caja, proveedores, etc.<br \/>\nEsta flexibilidad le permite adaptarse a un gran n\u00famero de tipos de comercios como: peque\u00f1os comercios, supermercados, fruter\u00edas, peluquer\u00edas, ventas a granel, zapater\u00edas, tiendas de ropa, quioscos y prensa.<\/p>\n<p>Adem\u00e1s con el\u00a0Software de Gesti\u00f3n para oficinas, puedes gestionar varios negocios desde una aplicaci\u00f3n central, lo que facilita y agiliza todo el proceso de gesti\u00f3n de tu comercio minorista<\/p>\n<p>Nuestro\u00a0programa TPV para comercios minoristas\u00a0est\u00e1 pensado para agilizar de forma intuitiva y f\u00e1cil toda la gesti\u00f3n comercial de tu negocio, gestionando de forma m\u00e1s completa las ventas, ofertas, control de stock y proveedores de tu comercio.<\/p>\n<p>Funcionalidades del Software de Gesti\u00f3n para Comercios<\/p>\n<ul>\n<li>\u2705 Gesti\u00f3n \u00e1gil de productos.<\/li>\n<li>\u2705 Pantalla t\u00e1ctil.<\/li>\n<li>\u2705 Lector de c\u00f3digo de barras.<\/li>\n<li>\u2705 Creaci\u00f3n de ofertas.<\/li>\n<li>\u2705 Integraci\u00f3n con cajones inteligentes.<\/li>\n<li>\u2705 Control de stock.<\/li>\n<li>\u2705 Gesti\u00f3n de citas o agenda.<\/li>\n<li>\u2705 Control horario para fichaje.<\/li>\n<li>\u2705 Integraci\u00f3n con b\u00e1sculas de pesaje.<\/li>\n<\/ul>\n","protected":false},"excerpt":{"rendered":"<p>Pack TPV Comercio OCASI\u00d3N se compone de los siguientes componentes: \u2705 Monitor 19&#8243; (No T\u00e1ctil) [reacondicionado] \u2705 Intel Core I3-4130 3.40 GHz &#8211; 8GB &#8211; 256GB SSD &#8211; \u200b\u200bLENOVO THINKCENTRE M73 SFF [reacondicionado] \u2705 Caj\u00f3n portamonedas \u2705 Impresora de tickets USB \u2705 Licencia de Windows \u2705 Licencia de Programa de Gesti\u00f3n Comercio y de los [&hellip;]<\/p>\n","protected":false},"featured_media":4820,"template":"","meta":[],"product_brand":[],"product_cat":[83,37,35,34],"product_tag":[95,94,93],"class_list":{"0":"post-4819","1":"product","2":"type-product","3":"status-publish","4":"has-post-thumbnail","6":"product_cat-ofertas-promociones","7":"product_cat-tpv-centros-de-belleza","8":"product_cat-tpv-comercios","9":"product_cat-tpv-hosteleria","10":"product_tag-ocasion","11":"product_tag-tpv","12":"product_tag-tpv-comercio","14":"first","15":"instock","16":"sale","17":"taxable","18":"shipping-taxable","19":"purchasable","20":"product-type-simple"},"yoast_head":"<!-- This site is optimized with the Yoast SEO plugin v27.5 - https:\/\/yoast.com\/product\/yoast-seo-wordpress\/ -->\n<title>Pack TPV Comercio OCASI\u00d3N - TPV Tenerife<\/title>\n<meta name=\"description\" content=\"TPV Comercio OCASI\u00d3N se compone de: Monitor, Minitorre, Impresora de Ticket , Caj\u00f3n Portamonedas, Lector de C\u00f3digos, Teclado, Rat\u00f3n, Licencia de Windows, Licencia Definitiva de Gesti\u00f3n Comercio\" \/>\n<meta name=\"robots\" content=\"index, follow, max-snippet:-1, max-image-preview:large, max-video-preview:-1\" \/>\n<link rel=\"canonical\" href=\"https:\/\/tpv-tenerife.com\/?product=pack-tpv-comercio-ocasion\" \/>\n<meta property=\"og:locale\" content=\"es_ES\" \/>\n<meta property=\"og:type\" content=\"article\" \/>\n<meta property=\"og:title\" content=\"Pack TPV Comercio OCASI\u00d3N - TPV Tenerife\" \/>\n<meta property=\"og:description\" content=\"TPV Comercio OCASI\u00d3N se compone de: Monitor, Minitorre, Impresora de Ticket , Caj\u00f3n Portamonedas, Lector de C\u00f3digos, Teclado, Rat\u00f3n, Licencia de Windows, Licencia Definitiva de Gesti\u00f3n Comercio\" \/>\n<meta property=\"og:url\" content=\"https:\/\/tpv-tenerife.com\/?product=pack-tpv-comercio-ocasion\" \/>\n<meta property=\"og:site_name\" content=\"TPV Tenerife\" \/>\n<meta property=\"article:modified_time\" content=\"2023-10-03T22:04:57+00:00\" \/>\n<meta property=\"og:image\" content=\"https:\/\/tpv-tenerife.com\/wp-content\/uploads\/2023\/09\/tpv-comercio-ocasion.webp\" \/>\n\t<meta property=\"og:image:width\" content=\"800\" \/>\n\t<meta property=\"og:image:height\" content=\"800\" \/>\n\t<meta property=\"og:image:type\" content=\"image\/webp\" \/>\n<meta name=\"twitter:card\" content=\"summary_large_image\" \/>\n<meta name=\"twitter:label1\" content=\"Tiempo de lectura\" \/>\n\t<meta name=\"twitter:data1\" content=\"2 minutos\" \/>\n<script type=\"application\/ld+json\" class=\"yoast-schema-graph\">{\"@context\":\"https:\\\/\\\/schema.org\",\"@graph\":[{\"@type\":\"WebPage\",\"@id\":\"https:\\\/\\\/tpv-tenerife.com\\\/?product=pack-tpv-comercio-ocasion\",\"url\":\"https:\\\/\\\/tpv-tenerife.com\\\/?product=pack-tpv-comercio-ocasion\",\"name\":\"Pack TPV Comercio OCASI\u00d3N - TPV Tenerife\",\"isPartOf\":{\"@id\":\"https:\\\/\\\/tpv-tenerife.com\\\/#website\"},\"primaryImageOfPage\":{\"@id\":\"https:\\\/\\\/tpv-tenerife.com\\\/?product=pack-tpv-comercio-ocasion#primaryimage\"},\"image\":{\"@id\":\"https:\\\/\\\/tpv-tenerife.com\\\/?product=pack-tpv-comercio-ocasion#primaryimage\"},\"thumbnailUrl\":\"https:\\\/\\\/tpv-tenerife.com\\\/wp-content\\\/uploads\\\/2023\\\/09\\\/tpv-comercio-ocasion.webp\",\"datePublished\":\"2023-09-14T15:31:27+00:00\",\"dateModified\":\"2023-10-03T22:04:57+00:00\",\"description\":\"TPV Comercio OCASI\u00d3N se compone de: Monitor, Minitorre, Impresora de Ticket , Caj\u00f3n Portamonedas, Lector de C\u00f3digos, Teclado, Rat\u00f3n, Licencia de Windows, Licencia Definitiva de Gesti\u00f3n Comercio\",\"breadcrumb\":{\"@id\":\"https:\\\/\\\/tpv-tenerife.com\\\/?product=pack-tpv-comercio-ocasion#breadcrumb\"},\"inLanguage\":\"es\",\"potentialAction\":[{\"@type\":\"ReadAction\",\"target\":[\"https:\\\/\\\/tpv-tenerife.com\\\/?product=pack-tpv-comercio-ocasion\"]}]},{\"@type\":\"ImageObject\",\"inLanguage\":\"es\",\"@id\":\"https:\\\/\\\/tpv-tenerife.com\\\/?product=pack-tpv-comercio-ocasion#primaryimage\",\"url\":\"https:\\\/\\\/tpv-tenerife.com\\\/wp-content\\\/uploads\\\/2023\\\/09\\\/tpv-comercio-ocasion.webp\",\"contentUrl\":\"https:\\\/\\\/tpv-tenerife.com\\\/wp-content\\\/uploads\\\/2023\\\/09\\\/tpv-comercio-ocasion.webp\",\"width\":800,\"height\":800,\"caption\":\"Pack TPV Comercio Ocasi\u00f3n\"},{\"@type\":\"BreadcrumbList\",\"@id\":\"https:\\\/\\\/tpv-tenerife.com\\\/?product=pack-tpv-comercio-ocasion#breadcrumb\",\"itemListElement\":[{\"@type\":\"ListItem\",\"position\":1,\"name\":\"Inicio\",\"item\":\"https:\\\/\\\/tpv-tenerife.com\\\/\"},{\"@type\":\"ListItem\",\"position\":2,\"name\":\"Tienda\",\"item\":\"https:\\\/\\\/tpv-tenerife.com\\\/?page_id=208\"},{\"@type\":\"ListItem\",\"position\":3,\"name\":\"Pack TPV Comercio OCASI\u00d3N\"}]},{\"@type\":\"WebSite\",\"@id\":\"https:\\\/\\\/tpv-tenerife.com\\\/#website\",\"url\":\"https:\\\/\\\/tpv-tenerife.com\\\/\",\"name\":\"TPV Tenerife\",\"description\":\"TPV Tenerife\",\"publisher\":{\"@id\":\"https:\\\/\\\/tpv-tenerife.com\\\/#organization\"},\"potentialAction\":[{\"@type\":\"SearchAction\",\"target\":{\"@type\":\"EntryPoint\",\"urlTemplate\":\"https:\\\/\\\/tpv-tenerife.com\\\/?s={search_term_string}\"},\"query-input\":{\"@type\":\"PropertyValueSpecification\",\"valueRequired\":true,\"valueName\":\"search_term_string\"}}],\"inLanguage\":\"es\"},{\"@type\":\"Organization\",\"@id\":\"https:\\\/\\\/tpv-tenerife.com\\\/#organization\",\"name\":\"TPV Tenerife\",\"alternateName\":\"Mega Ram - TPV Tenerife\",\"url\":\"https:\\\/\\\/tpv-tenerife.com\\\/\",\"logo\":{\"@type\":\"ImageObject\",\"inLanguage\":\"es\",\"@id\":\"https:\\\/\\\/tpv-tenerife.com\\\/#\\\/schema\\\/logo\\\/image\\\/\",\"url\":\"https:\\\/\\\/tpv-tenerife.com\\\/wp-content\\\/uploads\\\/2023\\\/07\\\/logo.webp\",\"contentUrl\":\"https:\\\/\\\/tpv-tenerife.com\\\/wp-content\\\/uploads\\\/2023\\\/07\\\/logo.webp\",\"width\":800,\"height\":247,\"caption\":\"TPV Tenerife\"},\"image\":{\"@id\":\"https:\\\/\\\/tpv-tenerife.com\\\/#\\\/schema\\\/logo\\\/image\\\/\"}}]}<\/script>\n<!-- \/ Yoast SEO plugin. -->","yoast_head_json":{"title":"Pack TPV Comercio OCASI\u00d3N - TPV Tenerife","description":"TPV Comercio OCASI\u00d3N se compone de: Monitor, Minitorre, Impresora de Ticket , Caj\u00f3n Portamonedas, Lector de C\u00f3digos, Teclado, Rat\u00f3n, Licencia de Windows, Licencia Definitiva de Gesti\u00f3n Comercio","robots":{"index":"index","follow":"follow","max-snippet":"max-snippet:-1","max-image-preview":"max-image-preview:large","max-video-preview":"max-video-preview:-1"},"canonical":"https:\/\/tpv-tenerife.com\/?product=pack-tpv-comercio-ocasion","og_locale":"es_ES","og_type":"article","og_title":"Pack TPV Comercio OCASI\u00d3N - TPV Tenerife","og_description":"TPV Comercio OCASI\u00d3N se compone de: Monitor, Minitorre, Impresora de Ticket , Caj\u00f3n Portamonedas, Lector de C\u00f3digos, Teclado, Rat\u00f3n, Licencia de Windows, Licencia Definitiva de Gesti\u00f3n Comercio","og_url":"https:\/\/tpv-tenerife.com\/?product=pack-tpv-comercio-ocasion","og_site_name":"TPV Tenerife","article_modified_time":"2023-10-03T22:04:57+00:00","og_image":[{"width":800,"height":800,"url":"https:\/\/tpv-tenerife.com\/wp-content\/uploads\/2023\/09\/tpv-comercio-ocasion.webp","type":"image\/webp"}],"twitter_card":"summary_large_image","twitter_misc":{"Tiempo de lectura":"2 minutos"},"schema":{"@context":"https:\/\/schema.org","@graph":[{"@type":"WebPage","@id":"https:\/\/tpv-tenerife.com\/?product=pack-tpv-comercio-ocasion","url":"https:\/\/tpv-tenerife.com\/?product=pack-tpv-comercio-ocasion","name":"Pack TPV Comercio OCASI\u00d3N - TPV Tenerife","isPartOf":{"@id":"https:\/\/tpv-tenerife.com\/#website"},"primaryImageOfPage":{"@id":"https:\/\/tpv-tenerife.com\/?product=pack-tpv-comercio-ocasion#primaryimage"},"image":{"@id":"https:\/\/tpv-tenerife.com\/?product=pack-tpv-comercio-ocasion#primaryimage"},"thumbnailUrl":"https:\/\/tpv-tenerife.com\/wp-content\/uploads\/2023\/09\/tpv-comercio-ocasion.webp","datePublished":"2023-09-14T15:31:27+00:00","dateModified":"2023-10-03T22:04:57+00:00","description":"TPV Comercio OCASI\u00d3N se compone de: Monitor, Minitorre, Impresora de Ticket , Caj\u00f3n Portamonedas, Lector de C\u00f3digos, Teclado, Rat\u00f3n, Licencia de Windows, Licencia Definitiva de Gesti\u00f3n Comercio","breadcrumb":{"@id":"https:\/\/tpv-tenerife.com\/?product=pack-tpv-comercio-ocasion#breadcrumb"},"inLanguage":"es","potentialAction":[{"@type":"ReadAction","target":["https:\/\/tpv-tenerife.com\/?product=pack-tpv-comercio-ocasion"]}]},{"@type":"ImageObject","inLanguage":"es","@id":"https:\/\/tpv-tenerife.com\/?product=pack-tpv-comercio-ocasion#primaryimage","url":"https:\/\/tpv-tenerife.com\/wp-content\/uploads\/2023\/09\/tpv-comercio-ocasion.webp","contentUrl":"https:\/\/tpv-tenerife.com\/wp-content\/uploads\/2023\/09\/tpv-comercio-ocasion.webp","width":800,"height":800,"caption":"Pack TPV Comercio Ocasi\u00f3n"},{"@type":"BreadcrumbList","@id":"https:\/\/tpv-tenerife.com\/?product=pack-tpv-comercio-ocasion#breadcrumb","itemListElement":[{"@type":"ListItem","position":1,"name":"Inicio","item":"https:\/\/tpv-tenerife.com\/"},{"@type":"ListItem","position":2,"name":"Tienda","item":"https:\/\/tpv-tenerife.com\/?page_id=208"},{"@type":"ListItem","position":3,"name":"Pack TPV Comercio OCASI\u00d3N"}]},{"@type":"WebSite","@id":"https:\/\/tpv-tenerife.com\/#website","url":"https:\/\/tpv-tenerife.com\/","name":"TPV Tenerife","description":"TPV Tenerife","publisher":{"@id":"https:\/\/tpv-tenerife.com\/#organization"},"potentialAction":[{"@type":"SearchAction","target":{"@type":"EntryPoint","urlTemplate":"https:\/\/tpv-tenerife.com\/?s={search_term_string}"},"query-input":{"@type":"PropertyValueSpecification","valueRequired":true,"valueName":"search_term_string"}}],"inLanguage":"es"},{"@type":"Organization","@id":"https:\/\/tpv-tenerife.com\/#organization","name":"TPV Tenerife","alternateName":"Mega Ram - TPV Tenerife","url":"https:\/\/tpv-tenerife.com\/","logo":{"@type":"ImageObject","inLanguage":"es","@id":"https:\/\/tpv-tenerife.com\/#\/schema\/logo\/image\/","url":"https:\/\/tpv-tenerife.com\/wp-content\/uploads\/2023\/07\/logo.webp","contentUrl":"https:\/\/tpv-tenerife.com\/wp-content\/uploads\/2023\/07\/logo.webp","width":800,"height":247,"caption":"TPV Tenerife"},"image":{"@id":"https:\/\/tpv-tenerife.com\/#\/schema\/logo\/image\/"}}]}},"_links":{"self":[{"href":"https:\/\/tpv-tenerife.com\/index.php?rest_route=\/wp\/v2\/product\/4819","targetHints":{"allow":["GET"]}}],"collection":[{"href":"https:\/\/tpv-tenerife.com\/index.php?rest_route=\/wp\/v2\/product"}],"about":[{"href":"https:\/\/tpv-tenerife.com\/index.php?rest_route=\/wp\/v2\/types\/product"}],"wp:featuredmedia":[{"embeddable":true,"href":"https:\/\/tpv-tenerife.com\/index.php?rest_route=\/wp\/v2\/media\/4820"}],"wp:attachment":[{"href":"https:\/\/tpv-tenerife.com\/index.php?rest_route=%2Fwp%2Fv2%2Fmedia&parent=4819"}],"wp:term":[{"taxonomy":"product_brand","embeddable":true,"href":"https:\/\/tpv-tenerife.com\/index.php?rest_route=%2Fwp%2Fv2%2Fproduct_brand&post=4819"},{"taxonomy":"product_cat","embeddable":true,"href":"https:\/\/tpv-tenerife.com\/index.php?rest_route=%2Fwp%2Fv2%2Fproduct_cat&post=4819"},{"taxonomy":"product_tag","embeddable":true,"href":"https:\/\/tpv-tenerife.com\/index.php?rest_route=%2Fwp%2Fv2%2Fproduct_tag&post=4819"}],"curies":[{"name":"wp","href":"https:\/\/api.w.org\/{rel}","templated":true}]}}