{"id":4804,"date":"2023-09-14T11:58:26","date_gmt":"2023-09-14T11:58:26","guid":{"rendered":"https:\/\/tpv-tenerife.com\/?post_type=product&#038;p=4804"},"modified":"2023-09-14T12:12:04","modified_gmt":"2023-09-14T12:12:04","slug":"cajon-portamonedas-41cm-negro","status":"publish","type":"product","link":"https:\/\/tpv-tenerife.com\/?product=cajon-portamonedas-41cm-negro","title":{"rendered":"Caj\u00f3n Portamonedas 41CM negro"},"content":{"rendered":"<p><strong>Revolucione su gesti\u00f3n de efectivo<\/strong> con el cajon portamonedas <strong>AVPos Cash U290<\/strong>\u00a0\u00a1La soluci\u00f3n ideal para su negocio! Con su dise\u00f1o compacto, doble ranura para soportes, compartimentos personalizables y construcci\u00f3n de alta calidad, este caj\u00f3n portamonedas es el complemento perfecto para su negocio minorista o de hosteler\u00eda. La\u00a0<strong>apertura manual con llave o a trav\u00e9s de la impresora de recibos<\/strong>\u00a0garantiza la m\u00e1xima seguridad, mientras que el voltaje de 12 V asegura un\u00a0<strong>funcionamiento eficiente y fiable<\/strong>. Actualice hoy mismo su sistema de gesti\u00f3n de efectivo y experimente la diferencia con el caj\u00f3n portamonedas\u00a0<strong>AVPos Cash U290<\/strong>.<\/p>\n<p>&nbsp;<\/p>\n<table>\n<tbody>\n<tr>\n<td>\n<h3><strong>Especificaciones<\/strong><\/h3>\n<\/td>\n<\/tr>\n<\/tbody>\n<\/table>\n<table>\n<tbody>\n<tr>\n<td>Dimensi\u00f3n<\/td>\n<td>410 (W) X 415 (L) X 100 (H) MM<\/td>\n<\/tr>\n<tr>\n<td>Peso<\/td>\n<td>Peso neto: 7.5 KG;<\/td>\n<\/tr>\n<tr>\n<td>Interfaz<\/td>\n<td>RJ11<\/td>\n<\/tr>\n<tr>\n<td>Slot de medios<\/td>\n<td>Slot de medios doble<\/td>\n<\/tr>\n<tr>\n<td>Bloqueo<\/td>\n<td>Apertura manual con llave o a trav\u00e9s de impresora de recibos<\/td>\n<\/tr>\n<tr>\n<td>Dimensi\u00f3n del embalaje neutral<\/td>\n<td>475 (W) X 485 (L) X 165 (H) MM<\/td>\n<\/tr>\n<tr>\n<td>Voltaje<\/td>\n<td>12V<\/td>\n<\/tr>\n<tr>\n<td>Bandeja de billetes<\/td>\n<td>Profundidad de 5 posiciones<\/td>\n<\/tr>\n<tr>\n<td>Bandeja de monedas<\/td>\n<td>Profundidad de 8 posiciones<\/td>\n<\/tr>\n<tr>\n<td>Cuerpo, tapa superior, tapa<\/td>\n<td>Pulverizaci\u00f3n de polvo SPCC de 1 mm en la superficie de la chapa laminada en fr\u00edo<\/td>\n<\/tr>\n<tr>\n<td>Medidas de los compartimentos interiores de billetes<\/td>\n<td>80.75.75.75.70mm<\/td>\n<\/tr>\n<\/tbody>\n<\/table>\n","protected":false},"excerpt":{"rendered":"<p>Revolucione su gesti\u00f3n de efectivo con el cajon portamonedas AVPos Cash U290\u00a0\u00a1La soluci\u00f3n ideal para su negocio! Con su dise\u00f1o compacto, doble ranura para soportes, compartimentos personalizables y construcci\u00f3n de alta calidad, este caj\u00f3n portamonedas es el complemento perfecto para su negocio minorista o de hosteler\u00eda. La\u00a0apertura manual con llave o a trav\u00e9s de la [&hellip;]<\/p>\n","protected":false},"featured_media":4805,"template":"","meta":[],"product_brand":[],"product_cat":[40],"product_tag":[91,90],"class_list":{"0":"post-4804","1":"product","2":"type-product","3":"status-publish","4":"has-post-thumbnail","6":"product_cat-cajones-portamonedas","7":"product_tag-cajon-monedas","8":"product_tag-cajon-portamonedas","10":"first","11":"instock","12":"taxable","13":"shipping-taxable","14":"purchasable","15":"product-type-simple"},"yoast_head":"<!-- This site is optimized with the Yoast SEO plugin v27.5 - https:\/\/yoast.com\/product\/yoast-seo-wordpress\/ -->\n<title>Caj\u00f3n Portamonedas 41CM negro - TPV Tenerife<\/title>\n<meta name=\"description\" content=\"Revolucione su gesti\u00f3n de efectivo con el cajon portamonedas AVPos Cash U290\u00a0\u00a1La soluci\u00f3n ideal para su negocio! Con su dise\u00f1o compacto, doble ranura para soportes, compartimentos personalizables y construcci\u00f3n de alta calidad, este caj\u00f3n portamonedas es el complemento perfecto para su negocio minorista o de hosteler\u00eda.\" \/>\n<meta name=\"robots\" content=\"index, follow, max-snippet:-1, max-image-preview:large, max-video-preview:-1\" \/>\n<link rel=\"canonical\" href=\"https:\/\/tpv-tenerife.com\/?product=cajon-portamonedas-41cm-negro\" \/>\n<meta property=\"og:locale\" content=\"es_ES\" \/>\n<meta property=\"og:type\" content=\"article\" \/>\n<meta property=\"og:title\" content=\"Caj\u00f3n Portamonedas 41CM negro - TPV Tenerife\" \/>\n<meta property=\"og:description\" content=\"Revolucione su gesti\u00f3n de efectivo con el cajon portamonedas AVPos Cash U290\u00a0\u00a1La soluci\u00f3n ideal para su negocio! Con su dise\u00f1o compacto, doble ranura para soportes, compartimentos personalizables y construcci\u00f3n de alta calidad, este caj\u00f3n portamonedas es el complemento perfecto para su negocio minorista o de hosteler\u00eda.\" \/>\n<meta property=\"og:url\" content=\"https:\/\/tpv-tenerife.com\/?product=cajon-portamonedas-41cm-negro\" \/>\n<meta property=\"og:site_name\" content=\"TPV Tenerife\" \/>\n<meta property=\"article:modified_time\" content=\"2023-09-14T12:12:04+00:00\" \/>\n<meta property=\"og:image\" content=\"https:\/\/tpv-tenerife.com\/wp-content\/uploads\/2023\/09\/cajon-portamonedas-avpos-41cm-automatico-black-bandeja-extraible-1.webp\" \/>\n\t<meta property=\"og:image:width\" content=\"455\" \/>\n\t<meta property=\"og:image:height\" content=\"455\" \/>\n\t<meta property=\"og:image:type\" content=\"image\/webp\" \/>\n<meta name=\"twitter:card\" content=\"summary_large_image\" \/>\n<meta name=\"twitter:label1\" content=\"Tiempo de lectura\" \/>\n\t<meta name=\"twitter:data1\" content=\"1 minuto\" \/>\n<script type=\"application\/ld+json\" class=\"yoast-schema-graph\">{\"@context\":\"https:\\\/\\\/schema.org\",\"@graph\":[{\"@type\":\"WebPage\",\"@id\":\"https:\\\/\\\/tpv-tenerife.com\\\/?product=cajon-portamonedas-41cm-negro\",\"url\":\"https:\\\/\\\/tpv-tenerife.com\\\/?product=cajon-portamonedas-41cm-negro\",\"name\":\"Caj\u00f3n Portamonedas 41CM negro - TPV Tenerife\",\"isPartOf\":{\"@id\":\"https:\\\/\\\/tpv-tenerife.com\\\/#website\"},\"primaryImageOfPage\":{\"@id\":\"https:\\\/\\\/tpv-tenerife.com\\\/?product=cajon-portamonedas-41cm-negro#primaryimage\"},\"image\":{\"@id\":\"https:\\\/\\\/tpv-tenerife.com\\\/?product=cajon-portamonedas-41cm-negro#primaryimage\"},\"thumbnailUrl\":\"https:\\\/\\\/tpv-tenerife.com\\\/wp-content\\\/uploads\\\/2023\\\/09\\\/cajon-portamonedas-avpos-41cm-automatico-black-bandeja-extraible-1.webp\",\"datePublished\":\"2023-09-14T11:58:26+00:00\",\"dateModified\":\"2023-09-14T12:12:04+00:00\",\"description\":\"Revolucione su gesti\u00f3n de efectivo con el cajon portamonedas AVPos Cash U290\u00a0\u00a1La soluci\u00f3n ideal para su negocio! Con su dise\u00f1o compacto, doble ranura para soportes, compartimentos personalizables y construcci\u00f3n de alta calidad, este caj\u00f3n portamonedas es el complemento perfecto para su negocio minorista o de hosteler\u00eda.\",\"breadcrumb\":{\"@id\":\"https:\\\/\\\/tpv-tenerife.com\\\/?product=cajon-portamonedas-41cm-negro#breadcrumb\"},\"inLanguage\":\"es\",\"potentialAction\":[{\"@type\":\"ReadAction\",\"target\":[\"https:\\\/\\\/tpv-tenerife.com\\\/?product=cajon-portamonedas-41cm-negro\"]}]},{\"@type\":\"ImageObject\",\"inLanguage\":\"es\",\"@id\":\"https:\\\/\\\/tpv-tenerife.com\\\/?product=cajon-portamonedas-41cm-negro#primaryimage\",\"url\":\"https:\\\/\\\/tpv-tenerife.com\\\/wp-content\\\/uploads\\\/2023\\\/09\\\/cajon-portamonedas-avpos-41cm-automatico-black-bandeja-extraible-1.webp\",\"contentUrl\":\"https:\\\/\\\/tpv-tenerife.com\\\/wp-content\\\/uploads\\\/2023\\\/09\\\/cajon-portamonedas-avpos-41cm-automatico-black-bandeja-extraible-1.webp\",\"width\":455,\"height\":455,\"caption\":\"Caj\u00f3n Portamonedas 41CM negro\"},{\"@type\":\"BreadcrumbList\",\"@id\":\"https:\\\/\\\/tpv-tenerife.com\\\/?product=cajon-portamonedas-41cm-negro#breadcrumb\",\"itemListElement\":[{\"@type\":\"ListItem\",\"position\":1,\"name\":\"Inicio\",\"item\":\"https:\\\/\\\/tpv-tenerife.com\\\/\"},{\"@type\":\"ListItem\",\"position\":2,\"name\":\"Tienda\",\"item\":\"https:\\\/\\\/tpv-tenerife.com\\\/?page_id=208\"},{\"@type\":\"ListItem\",\"position\":3,\"name\":\"Caj\u00f3n Portamonedas 41CM negro\"}]},{\"@type\":\"WebSite\",\"@id\":\"https:\\\/\\\/tpv-tenerife.com\\\/#website\",\"url\":\"https:\\\/\\\/tpv-tenerife.com\\\/\",\"name\":\"TPV Tenerife\",\"description\":\"TPV Tenerife\",\"publisher\":{\"@id\":\"https:\\\/\\\/tpv-tenerife.com\\\/#organization\"},\"potentialAction\":[{\"@type\":\"SearchAction\",\"target\":{\"@type\":\"EntryPoint\",\"urlTemplate\":\"https:\\\/\\\/tpv-tenerife.com\\\/?s={search_term_string}\"},\"query-input\":{\"@type\":\"PropertyValueSpecification\",\"valueRequired\":true,\"valueName\":\"search_term_string\"}}],\"inLanguage\":\"es\"},{\"@type\":\"Organization\",\"@id\":\"https:\\\/\\\/tpv-tenerife.com\\\/#organization\",\"name\":\"TPV Tenerife\",\"alternateName\":\"Mega Ram - TPV Tenerife\",\"url\":\"https:\\\/\\\/tpv-tenerife.com\\\/\",\"logo\":{\"@type\":\"ImageObject\",\"inLanguage\":\"es\",\"@id\":\"https:\\\/\\\/tpv-tenerife.com\\\/#\\\/schema\\\/logo\\\/image\\\/\",\"url\":\"https:\\\/\\\/tpv-tenerife.com\\\/wp-content\\\/uploads\\\/2023\\\/07\\\/logo.webp\",\"contentUrl\":\"https:\\\/\\\/tpv-tenerife.com\\\/wp-content\\\/uploads\\\/2023\\\/07\\\/logo.webp\",\"width\":800,\"height\":247,\"caption\":\"TPV Tenerife\"},\"image\":{\"@id\":\"https:\\\/\\\/tpv-tenerife.com\\\/#\\\/schema\\\/logo\\\/image\\\/\"}}]}<\/script>\n<!-- \/ Yoast SEO plugin. -->","yoast_head_json":{"title":"Caj\u00f3n Portamonedas 41CM negro - TPV Tenerife","description":"Revolucione su gesti\u00f3n de efectivo con el cajon portamonedas AVPos Cash U290\u00a0\u00a1La soluci\u00f3n ideal para su negocio! Con su dise\u00f1o compacto, doble ranura para soportes, compartimentos personalizables y construcci\u00f3n de alta calidad, este caj\u00f3n portamonedas es el complemento perfecto para su negocio minorista o de hosteler\u00eda.","robots":{"index":"index","follow":"follow","max-snippet":"max-snippet:-1","max-image-preview":"max-image-preview:large","max-video-preview":"max-video-preview:-1"},"canonical":"https:\/\/tpv-tenerife.com\/?product=cajon-portamonedas-41cm-negro","og_locale":"es_ES","og_type":"article","og_title":"Caj\u00f3n Portamonedas 41CM negro - TPV Tenerife","og_description":"Revolucione su gesti\u00f3n de efectivo con el cajon portamonedas AVPos Cash U290\u00a0\u00a1La soluci\u00f3n ideal para su negocio! Con su dise\u00f1o compacto, doble ranura para soportes, compartimentos personalizables y construcci\u00f3n de alta calidad, este caj\u00f3n portamonedas es el complemento perfecto para su negocio minorista o de hosteler\u00eda.","og_url":"https:\/\/tpv-tenerife.com\/?product=cajon-portamonedas-41cm-negro","og_site_name":"TPV Tenerife","article_modified_time":"2023-09-14T12:12:04+00:00","og_image":[{"width":455,"height":455,"url":"https:\/\/tpv-tenerife.com\/wp-content\/uploads\/2023\/09\/cajon-portamonedas-avpos-41cm-automatico-black-bandeja-extraible-1.webp","type":"image\/webp"}],"twitter_card":"summary_large_image","twitter_misc":{"Tiempo de lectura":"1 minuto"},"schema":{"@context":"https:\/\/schema.org","@graph":[{"@type":"WebPage","@id":"https:\/\/tpv-tenerife.com\/?product=cajon-portamonedas-41cm-negro","url":"https:\/\/tpv-tenerife.com\/?product=cajon-portamonedas-41cm-negro","name":"Caj\u00f3n Portamonedas 41CM negro - TPV Tenerife","isPartOf":{"@id":"https:\/\/tpv-tenerife.com\/#website"},"primaryImageOfPage":{"@id":"https:\/\/tpv-tenerife.com\/?product=cajon-portamonedas-41cm-negro#primaryimage"},"image":{"@id":"https:\/\/tpv-tenerife.com\/?product=cajon-portamonedas-41cm-negro#primaryimage"},"thumbnailUrl":"https:\/\/tpv-tenerife.com\/wp-content\/uploads\/2023\/09\/cajon-portamonedas-avpos-41cm-automatico-black-bandeja-extraible-1.webp","datePublished":"2023-09-14T11:58:26+00:00","dateModified":"2023-09-14T12:12:04+00:00","description":"Revolucione su gesti\u00f3n de efectivo con el cajon portamonedas AVPos Cash U290\u00a0\u00a1La soluci\u00f3n ideal para su negocio! Con su dise\u00f1o compacto, doble ranura para soportes, compartimentos personalizables y construcci\u00f3n de alta calidad, este caj\u00f3n portamonedas es el complemento perfecto para su negocio minorista o de hosteler\u00eda.","breadcrumb":{"@id":"https:\/\/tpv-tenerife.com\/?product=cajon-portamonedas-41cm-negro#breadcrumb"},"inLanguage":"es","potentialAction":[{"@type":"ReadAction","target":["https:\/\/tpv-tenerife.com\/?product=cajon-portamonedas-41cm-negro"]}]},{"@type":"ImageObject","inLanguage":"es","@id":"https:\/\/tpv-tenerife.com\/?product=cajon-portamonedas-41cm-negro#primaryimage","url":"https:\/\/tpv-tenerife.com\/wp-content\/uploads\/2023\/09\/cajon-portamonedas-avpos-41cm-automatico-black-bandeja-extraible-1.webp","contentUrl":"https:\/\/tpv-tenerife.com\/wp-content\/uploads\/2023\/09\/cajon-portamonedas-avpos-41cm-automatico-black-bandeja-extraible-1.webp","width":455,"height":455,"caption":"Caj\u00f3n Portamonedas 41CM negro"},{"@type":"BreadcrumbList","@id":"https:\/\/tpv-tenerife.com\/?product=cajon-portamonedas-41cm-negro#breadcrumb","itemListElement":[{"@type":"ListItem","position":1,"name":"Inicio","item":"https:\/\/tpv-tenerife.com\/"},{"@type":"ListItem","position":2,"name":"Tienda","item":"https:\/\/tpv-tenerife.com\/?page_id=208"},{"@type":"ListItem","position":3,"name":"Caj\u00f3n Portamonedas 41CM negro"}]},{"@type":"WebSite","@id":"https:\/\/tpv-tenerife.com\/#website","url":"https:\/\/tpv-tenerife.com\/","name":"TPV Tenerife","description":"TPV Tenerife","publisher":{"@id":"https:\/\/tpv-tenerife.com\/#organization"},"potentialAction":[{"@type":"SearchAction","target":{"@type":"EntryPoint","urlTemplate":"https:\/\/tpv-tenerife.com\/?s={search_term_string}"},"query-input":{"@type":"PropertyValueSpecification","valueRequired":true,"valueName":"search_term_string"}}],"inLanguage":"es"},{"@type":"Organization","@id":"https:\/\/tpv-tenerife.com\/#organization","name":"TPV Tenerife","alternateName":"Mega Ram - TPV Tenerife","url":"https:\/\/tpv-tenerife.com\/","logo":{"@type":"ImageObject","inLanguage":"es","@id":"https:\/\/tpv-tenerife.com\/#\/schema\/logo\/image\/","url":"https:\/\/tpv-tenerife.com\/wp-content\/uploads\/2023\/07\/logo.webp","contentUrl":"https:\/\/tpv-tenerife.com\/wp-content\/uploads\/2023\/07\/logo.webp","width":800,"height":247,"caption":"TPV Tenerife"},"image":{"@id":"https:\/\/tpv-tenerife.com\/#\/schema\/logo\/image\/"}}]}},"_links":{"self":[{"href":"https:\/\/tpv-tenerife.com\/index.php?rest_route=\/wp\/v2\/product\/4804","targetHints":{"allow":["GET"]}}],"collection":[{"href":"https:\/\/tpv-tenerife.com\/index.php?rest_route=\/wp\/v2\/product"}],"about":[{"href":"https:\/\/tpv-tenerife.com\/index.php?rest_route=\/wp\/v2\/types\/product"}],"wp:featuredmedia":[{"embeddable":true,"href":"https:\/\/tpv-tenerife.com\/index.php?rest_route=\/wp\/v2\/media\/4805"}],"wp:attachment":[{"href":"https:\/\/tpv-tenerife.com\/index.php?rest_route=%2Fwp%2Fv2%2Fmedia&parent=4804"}],"wp:term":[{"taxonomy":"product_brand","embeddable":true,"href":"https:\/\/tpv-tenerife.com\/index.php?rest_route=%2Fwp%2Fv2%2Fproduct_brand&post=4804"},{"taxonomy":"product_cat","embeddable":true,"href":"https:\/\/tpv-tenerife.com\/index.php?rest_route=%2Fwp%2Fv2%2Fproduct_cat&post=4804"},{"taxonomy":"product_tag","embeddable":true,"href":"https:\/\/tpv-tenerife.com\/index.php?rest_route=%2Fwp%2Fv2%2Fproduct_tag&post=4804"}],"curies":[{"name":"wp","href":"https:\/\/api.w.org\/{rel}","templated":true}]}}