{"id":4799,"date":"2023-09-14T11:41:24","date_gmt":"2023-09-14T11:41:24","guid":{"rendered":"https:\/\/tpv-tenerife.com\/?post_type=product&#038;p=4799"},"modified":"2023-09-14T18:58:43","modified_gmt":"2023-09-14T18:58:43","slug":"impresora-de-ticket-termica-usb-wifi","status":"publish","type":"product","link":"https:\/\/tpv-tenerife.com\/?product=impresora-de-ticket-termica-usb-wifi","title":{"rendered":"Impresora de Ticket T\u00e9rmica USB WIFI"},"content":{"rendered":"<p>\u00bfBuscas una impresora t\u00e9rmica de alta calidad y f\u00e1cil de usar? La impresora t\u00e9rmica\u00a0<strong>AVPos Wifi<\/strong> tiene todo lo que necesitas para imprimir recibos y c\u00f3digos de barras de manera r\u00e1pida y eficiente. Con m\u00faltiples conexiones de interfaz y un cortador autom\u00e1tico, podr\u00e1s ahorrar tiempo y espacio en tu negocio. Adem\u00e1s, su funci\u00f3n de cola y reimpresi\u00f3n te ayudar\u00e1 a mantener todo organizado. \u00a1Haz que tu negocio sea m\u00e1s eficiente con la impresora t\u00e9rmica AVPos Wifi<\/p>\n<table>\n<tbody>\n<tr>\n<td>\n<h3><strong>Especificaciones<\/strong><\/h3>\n<\/td>\n<\/tr>\n<\/tbody>\n<\/table>\n<table>\n<tbody>\n<tr>\n<td><strong>Impresi\u00f3n<\/strong><\/td>\n<\/tr>\n<tr>\n<td><strong>M\u00e9todo de impresi\u00f3n<\/strong><\/td>\n<td>T\u00e9rmica directa<\/td>\n<\/tr>\n<tr>\n<td><strong>Ancho de impresi\u00f3n<\/strong><\/td>\n<td>80mm<\/td>\n<\/tr>\n<tr>\n<td><strong>Densidad puntual<\/strong><\/td>\n<td>576 puntos \/ l\u00ednea<\/td>\n<\/tr>\n<tr>\n<td><strong>Velocidad de impresi\u00f3n<\/strong><\/td>\n<td>300 mm\/s<\/td>\n<\/tr>\n<tr>\n<td><strong>Tipos de interfaz<\/strong><\/td>\n<td>USB+Lan+Wi-Fi<\/td>\n<\/tr>\n<tr>\n<td><strong>Line spacing<\/strong><\/td>\n<td>3.75mm (Ajustable por comandos)<\/td>\n<\/tr>\n<tr>\n<td><strong>Tama\u00f1o de caracteres<\/strong><\/td>\n<td>ANK, Fuente A: 1,5 \u00d7 3,0 mm (12 \u00d7 24 puntos) Fuente B: 1,1 \u00d7 2,1 mm (9 \u00d7 17 puntos) Chino, chino tradicional: 3,0 \u00d7 3,0 mm (24 \u00d7 24 puntos)<\/td>\n<\/tr>\n<tr>\n<td><strong>Corte<\/strong><\/td>\n<\/tr>\n<tr>\n<td><strong>Autocorte<\/strong><\/td>\n<td>Parcial<\/td>\n<\/tr>\n<tr>\n<td><strong>Fuentes de c\u00f3digo de barras<\/strong><\/td>\n<\/tr>\n<tr>\n<td><strong>C\u00f3digo unidimensional (1D)<\/strong><\/td>\n<td>UPC-A\/UPC-E\/JAN13 (EAN13)\/JAN8 (EAN8)\/CODE39\/ITF\/CODABAR\/CODE93\/CODE128<\/td>\n<\/tr>\n<tr>\n<td><strong>C\u00f3digo Bidimensional (2D)<\/strong><\/td>\n<td>QR Code \/ PDF417<\/td>\n<\/tr>\n<tr>\n<td><strong>Sistemas Operativos Compatibles<\/strong><\/td>\n<\/tr>\n<tr>\n<td><strong>S.O.<\/strong><\/td>\n<td>Windows\/JPOS\/OPOS\/Linux\/Android\/Mac<\/td>\n<\/tr>\n<tr>\n<td><strong>Emulaci\u00f3n<\/strong><\/td>\n<td>ESC\/POS<\/td>\n<\/tr>\n<tr>\n<td><strong>SDK<\/strong><\/td>\n<td>iOS \/ Android \/ Windows<\/td>\n<\/tr>\n<tr>\n<td><em><strong>Buffer<\/strong><\/em><\/td>\n<\/tr>\n<tr>\n<td><em><strong>Input Buffer<\/strong><\/em><\/td>\n<td>256 Kbytes<\/td>\n<\/tr>\n<tr>\n<td><em><strong>NV Flash<\/strong><\/em><\/td>\n<td>256 Kbytes<\/td>\n<\/tr>\n<tr>\n<td><strong>Fuente de Alimentaci\u00f3n<\/strong><\/td>\n<\/tr>\n<tr>\n<td><strong>Power adaptor<\/strong><\/td>\n<td>Input:AC 100-240V, 50~60Hz<\/td>\n<\/tr>\n<tr>\n<td><strong>Power source<\/strong><\/td>\n<td>DC 24V\/2.5A<\/td>\n<\/tr>\n<tr>\n<td><strong>Conexi\u00f3n a caj\u00f3n<\/strong><\/td>\n<td>DC 24V\/1A<\/td>\n<\/tr>\n<tr>\n<td><strong>Caracter\u00edsticas\u00a0<\/strong><strong>F\u00edsicas<\/strong><\/td>\n<\/tr>\n<tr>\n<td><strong>Peso<\/strong><\/td>\n<td>1KG<\/td>\n<\/tr>\n<tr>\n<td><strong>Tama\u00f1o<\/strong><\/td>\n<td>194,5*145*146,4 mm (profundidad \u00d7 anchura \u00d7 altura)<\/td>\n<\/tr>\n<tr>\n<td><strong>Ubicaci\u00f3n<\/strong><\/td>\n<td>Admite colocaci\u00f3n en pared<\/td>\n<\/tr>\n<tr>\n<td><strong>Temperatura y Vida\u00a0<\/strong><strong>\u00fatil<\/strong><\/td>\n<\/tr>\n<tr>\n<td><strong>Temperatura en uso<\/strong><\/td>\n<td>\n<table>\n<tbody>\n<tr>\n<td>Temperature\u00a0(0~45\u00ba) humidity(10~80%)<\/td>\n<\/tr>\n<\/tbody>\n<\/table>\n<\/td>\n<\/tr>\n<tr>\n<td><strong>Temperatura en almacenaje<\/strong><\/td>\n<td>\n<table>\n<tbody>\n<tr>\n<td>Temperature(-10~60\u00ba) humidity(10~80%)<\/td>\n<\/tr>\n<\/tbody>\n<\/table>\n<\/td>\n<\/tr>\n<tr>\n<td><strong>Vida del cabezal impresi\u00f3n<\/strong><\/td>\n<td>150 Km de uso del cabezal de impresi\u00f3n<\/td>\n<\/tr>\n<tr>\n<td><strong>Vida del corte<\/strong><\/td>\n<td>1.5 millones de cortes<\/td>\n<\/tr>\n<\/tbody>\n<\/table>\n","protected":false},"excerpt":{"rendered":"<p>\u00bfBuscas una impresora t\u00e9rmica de alta calidad y f\u00e1cil de usar? La impresora t\u00e9rmica\u00a0AVPos Wifi tiene todo lo que necesitas para imprimir recibos y c\u00f3digos de barras de manera r\u00e1pida y eficiente. Con m\u00faltiples conexiones de interfaz y un cortador autom\u00e1tico, podr\u00e1s ahorrar tiempo y espacio en tu negocio. Adem\u00e1s, su funci\u00f3n de cola y [&hellip;]<\/p>\n","protected":false},"featured_media":4802,"template":"","meta":[],"product_brand":[],"product_cat":[45],"product_tag":[88,86,87,89],"class_list":{"0":"post-4799","1":"product","2":"type-product","3":"status-publish","4":"has-post-thumbnail","6":"product_cat-impresoras-de-tickets","7":"product_tag-impresora-cocina","8":"product_tag-impresora-ticket","9":"product_tag-impresora-usb","10":"product_tag-impresora-wifi","12":"first","13":"instock","14":"taxable","15":"shipping-taxable","16":"purchasable","17":"product-type-simple"},"yoast_head":"<!-- This site is optimized with the Yoast SEO plugin v27.5 - https:\/\/yoast.com\/product\/yoast-seo-wordpress\/ -->\n<title>Impresora de Ticket T\u00e9rmica USB WIFI - TPV Tenerife<\/title>\n<meta name=\"description\" content=\"\u00bfBuscas una impresora t\u00e9rmica de alta calidad y f\u00e1cil de usar? La impresora t\u00e9rmica\u00a0AVPos Wifi tiene todo lo que necesitas para imprimir recibos y c\u00f3digos de barras de manera r\u00e1pida y eficiente. Con m\u00faltiples conexiones de interfaz y un cortador autom\u00e1tico, podr\u00e1s ahorrar tiempo y espacio en tu negocio. Adem\u00e1s, su funci\u00f3n de cola y reimpresi\u00f3n te ayudar\u00e1 a mantener todo organizado. \u00a1Haz que tu negocio sea m\u00e1s eficiente con la impresora t\u00e9rmica AVPos Wifi\" \/>\n<meta name=\"robots\" content=\"index, follow, max-snippet:-1, max-image-preview:large, max-video-preview:-1\" \/>\n<link rel=\"canonical\" href=\"https:\/\/tpv-tenerife.com\/?product=impresora-de-ticket-termica-usb-wifi\" \/>\n<meta property=\"og:locale\" content=\"es_ES\" \/>\n<meta property=\"og:type\" content=\"article\" \/>\n<meta property=\"og:title\" content=\"Impresora de Ticket T\u00e9rmica USB WIFI - TPV Tenerife\" \/>\n<meta property=\"og:description\" content=\"\u00bfBuscas una impresora t\u00e9rmica de alta calidad y f\u00e1cil de usar? La impresora t\u00e9rmica\u00a0AVPos Wifi tiene todo lo que necesitas para imprimir recibos y c\u00f3digos de barras de manera r\u00e1pida y eficiente. Con m\u00faltiples conexiones de interfaz y un cortador autom\u00e1tico, podr\u00e1s ahorrar tiempo y espacio en tu negocio. Adem\u00e1s, su funci\u00f3n de cola y reimpresi\u00f3n te ayudar\u00e1 a mantener todo organizado. \u00a1Haz que tu negocio sea m\u00e1s eficiente con la impresora t\u00e9rmica AVPos Wifi\" \/>\n<meta property=\"og:url\" content=\"https:\/\/tpv-tenerife.com\/?product=impresora-de-ticket-termica-usb-wifi\" \/>\n<meta property=\"og:site_name\" content=\"TPV Tenerife\" \/>\n<meta property=\"article:modified_time\" content=\"2023-09-14T18:58:43+00:00\" \/>\n<meta property=\"og:image\" content=\"https:\/\/tpv-tenerife.com\/wp-content\/uploads\/2023\/09\/impresora-avpos-termica-tickets-usb-wifi-1.webp\" \/>\n\t<meta property=\"og:image:width\" content=\"455\" \/>\n\t<meta property=\"og:image:height\" content=\"455\" \/>\n\t<meta property=\"og:image:type\" content=\"image\/webp\" \/>\n<meta name=\"twitter:card\" content=\"summary_large_image\" \/>\n<meta name=\"twitter:label1\" content=\"Tiempo de lectura\" \/>\n\t<meta name=\"twitter:data1\" content=\"2 minutos\" \/>\n<script type=\"application\/ld+json\" class=\"yoast-schema-graph\">{\"@context\":\"https:\\\/\\\/schema.org\",\"@graph\":[{\"@type\":\"WebPage\",\"@id\":\"https:\\\/\\\/tpv-tenerife.com\\\/?product=impresora-de-ticket-termica-usb-wifi\",\"url\":\"https:\\\/\\\/tpv-tenerife.com\\\/?product=impresora-de-ticket-termica-usb-wifi\",\"name\":\"Impresora de Ticket T\u00e9rmica USB WIFI - TPV Tenerife\",\"isPartOf\":{\"@id\":\"https:\\\/\\\/tpv-tenerife.com\\\/#website\"},\"primaryImageOfPage\":{\"@id\":\"https:\\\/\\\/tpv-tenerife.com\\\/?product=impresora-de-ticket-termica-usb-wifi#primaryimage\"},\"image\":{\"@id\":\"https:\\\/\\\/tpv-tenerife.com\\\/?product=impresora-de-ticket-termica-usb-wifi#primaryimage\"},\"thumbnailUrl\":\"https:\\\/\\\/tpv-tenerife.com\\\/wp-content\\\/uploads\\\/2023\\\/09\\\/impresora-avpos-termica-tickets-usb-wifi-1.webp\",\"datePublished\":\"2023-09-14T11:41:24+00:00\",\"dateModified\":\"2023-09-14T18:58:43+00:00\",\"description\":\"\u00bfBuscas una impresora t\u00e9rmica de alta calidad y f\u00e1cil de usar? La impresora t\u00e9rmica\u00a0AVPos Wifi tiene todo lo que necesitas para imprimir recibos y c\u00f3digos de barras de manera r\u00e1pida y eficiente. Con m\u00faltiples conexiones de interfaz y un cortador autom\u00e1tico, podr\u00e1s ahorrar tiempo y espacio en tu negocio. Adem\u00e1s, su funci\u00f3n de cola y reimpresi\u00f3n te ayudar\u00e1 a mantener todo organizado. \u00a1Haz que tu negocio sea m\u00e1s eficiente con la impresora t\u00e9rmica AVPos Wifi\",\"breadcrumb\":{\"@id\":\"https:\\\/\\\/tpv-tenerife.com\\\/?product=impresora-de-ticket-termica-usb-wifi#breadcrumb\"},\"inLanguage\":\"es\",\"potentialAction\":[{\"@type\":\"ReadAction\",\"target\":[\"https:\\\/\\\/tpv-tenerife.com\\\/?product=impresora-de-ticket-termica-usb-wifi\"]}]},{\"@type\":\"ImageObject\",\"inLanguage\":\"es\",\"@id\":\"https:\\\/\\\/tpv-tenerife.com\\\/?product=impresora-de-ticket-termica-usb-wifi#primaryimage\",\"url\":\"https:\\\/\\\/tpv-tenerife.com\\\/wp-content\\\/uploads\\\/2023\\\/09\\\/impresora-avpos-termica-tickets-usb-wifi-1.webp\",\"contentUrl\":\"https:\\\/\\\/tpv-tenerife.com\\\/wp-content\\\/uploads\\\/2023\\\/09\\\/impresora-avpos-termica-tickets-usb-wifi-1.webp\",\"width\":455,\"height\":455,\"caption\":\"Impresora de Ticket T\u00e9rmica USB WIFI\"},{\"@type\":\"BreadcrumbList\",\"@id\":\"https:\\\/\\\/tpv-tenerife.com\\\/?product=impresora-de-ticket-termica-usb-wifi#breadcrumb\",\"itemListElement\":[{\"@type\":\"ListItem\",\"position\":1,\"name\":\"Inicio\",\"item\":\"https:\\\/\\\/tpv-tenerife.com\\\/\"},{\"@type\":\"ListItem\",\"position\":2,\"name\":\"Tienda\",\"item\":\"https:\\\/\\\/tpv-tenerife.com\\\/?page_id=208\"},{\"@type\":\"ListItem\",\"position\":3,\"name\":\"Impresora de Ticket T\u00e9rmica USB WIFI\"}]},{\"@type\":\"WebSite\",\"@id\":\"https:\\\/\\\/tpv-tenerife.com\\\/#website\",\"url\":\"https:\\\/\\\/tpv-tenerife.com\\\/\",\"name\":\"TPV Tenerife\",\"description\":\"TPV Tenerife\",\"publisher\":{\"@id\":\"https:\\\/\\\/tpv-tenerife.com\\\/#organization\"},\"potentialAction\":[{\"@type\":\"SearchAction\",\"target\":{\"@type\":\"EntryPoint\",\"urlTemplate\":\"https:\\\/\\\/tpv-tenerife.com\\\/?s={search_term_string}\"},\"query-input\":{\"@type\":\"PropertyValueSpecification\",\"valueRequired\":true,\"valueName\":\"search_term_string\"}}],\"inLanguage\":\"es\"},{\"@type\":\"Organization\",\"@id\":\"https:\\\/\\\/tpv-tenerife.com\\\/#organization\",\"name\":\"TPV Tenerife\",\"alternateName\":\"Mega Ram - TPV Tenerife\",\"url\":\"https:\\\/\\\/tpv-tenerife.com\\\/\",\"logo\":{\"@type\":\"ImageObject\",\"inLanguage\":\"es\",\"@id\":\"https:\\\/\\\/tpv-tenerife.com\\\/#\\\/schema\\\/logo\\\/image\\\/\",\"url\":\"https:\\\/\\\/tpv-tenerife.com\\\/wp-content\\\/uploads\\\/2023\\\/07\\\/logo.webp\",\"contentUrl\":\"https:\\\/\\\/tpv-tenerife.com\\\/wp-content\\\/uploads\\\/2023\\\/07\\\/logo.webp\",\"width\":800,\"height\":247,\"caption\":\"TPV Tenerife\"},\"image\":{\"@id\":\"https:\\\/\\\/tpv-tenerife.com\\\/#\\\/schema\\\/logo\\\/image\\\/\"}}]}<\/script>\n<!-- \/ Yoast SEO plugin. -->","yoast_head_json":{"title":"Impresora de Ticket T\u00e9rmica USB WIFI - TPV Tenerife","description":"\u00bfBuscas una impresora t\u00e9rmica de alta calidad y f\u00e1cil de usar? La impresora t\u00e9rmica\u00a0AVPos Wifi tiene todo lo que necesitas para imprimir recibos y c\u00f3digos de barras de manera r\u00e1pida y eficiente. Con m\u00faltiples conexiones de interfaz y un cortador autom\u00e1tico, podr\u00e1s ahorrar tiempo y espacio en tu negocio. Adem\u00e1s, su funci\u00f3n de cola y reimpresi\u00f3n te ayudar\u00e1 a mantener todo organizado. \u00a1Haz que tu negocio sea m\u00e1s eficiente con la impresora t\u00e9rmica AVPos Wifi","robots":{"index":"index","follow":"follow","max-snippet":"max-snippet:-1","max-image-preview":"max-image-preview:large","max-video-preview":"max-video-preview:-1"},"canonical":"https:\/\/tpv-tenerife.com\/?product=impresora-de-ticket-termica-usb-wifi","og_locale":"es_ES","og_type":"article","og_title":"Impresora de Ticket T\u00e9rmica USB WIFI - TPV Tenerife","og_description":"\u00bfBuscas una impresora t\u00e9rmica de alta calidad y f\u00e1cil de usar? La impresora t\u00e9rmica\u00a0AVPos Wifi tiene todo lo que necesitas para imprimir recibos y c\u00f3digos de barras de manera r\u00e1pida y eficiente. Con m\u00faltiples conexiones de interfaz y un cortador autom\u00e1tico, podr\u00e1s ahorrar tiempo y espacio en tu negocio. Adem\u00e1s, su funci\u00f3n de cola y reimpresi\u00f3n te ayudar\u00e1 a mantener todo organizado. \u00a1Haz que tu negocio sea m\u00e1s eficiente con la impresora t\u00e9rmica AVPos Wifi","og_url":"https:\/\/tpv-tenerife.com\/?product=impresora-de-ticket-termica-usb-wifi","og_site_name":"TPV Tenerife","article_modified_time":"2023-09-14T18:58:43+00:00","og_image":[{"width":455,"height":455,"url":"https:\/\/tpv-tenerife.com\/wp-content\/uploads\/2023\/09\/impresora-avpos-termica-tickets-usb-wifi-1.webp","type":"image\/webp"}],"twitter_card":"summary_large_image","twitter_misc":{"Tiempo de lectura":"2 minutos"},"schema":{"@context":"https:\/\/schema.org","@graph":[{"@type":"WebPage","@id":"https:\/\/tpv-tenerife.com\/?product=impresora-de-ticket-termica-usb-wifi","url":"https:\/\/tpv-tenerife.com\/?product=impresora-de-ticket-termica-usb-wifi","name":"Impresora de Ticket T\u00e9rmica USB WIFI - TPV Tenerife","isPartOf":{"@id":"https:\/\/tpv-tenerife.com\/#website"},"primaryImageOfPage":{"@id":"https:\/\/tpv-tenerife.com\/?product=impresora-de-ticket-termica-usb-wifi#primaryimage"},"image":{"@id":"https:\/\/tpv-tenerife.com\/?product=impresora-de-ticket-termica-usb-wifi#primaryimage"},"thumbnailUrl":"https:\/\/tpv-tenerife.com\/wp-content\/uploads\/2023\/09\/impresora-avpos-termica-tickets-usb-wifi-1.webp","datePublished":"2023-09-14T11:41:24+00:00","dateModified":"2023-09-14T18:58:43+00:00","description":"\u00bfBuscas una impresora t\u00e9rmica de alta calidad y f\u00e1cil de usar? La impresora t\u00e9rmica\u00a0AVPos Wifi tiene todo lo que necesitas para imprimir recibos y c\u00f3digos de barras de manera r\u00e1pida y eficiente. Con m\u00faltiples conexiones de interfaz y un cortador autom\u00e1tico, podr\u00e1s ahorrar tiempo y espacio en tu negocio. Adem\u00e1s, su funci\u00f3n de cola y reimpresi\u00f3n te ayudar\u00e1 a mantener todo organizado. \u00a1Haz que tu negocio sea m\u00e1s eficiente con la impresora t\u00e9rmica AVPos Wifi","breadcrumb":{"@id":"https:\/\/tpv-tenerife.com\/?product=impresora-de-ticket-termica-usb-wifi#breadcrumb"},"inLanguage":"es","potentialAction":[{"@type":"ReadAction","target":["https:\/\/tpv-tenerife.com\/?product=impresora-de-ticket-termica-usb-wifi"]}]},{"@type":"ImageObject","inLanguage":"es","@id":"https:\/\/tpv-tenerife.com\/?product=impresora-de-ticket-termica-usb-wifi#primaryimage","url":"https:\/\/tpv-tenerife.com\/wp-content\/uploads\/2023\/09\/impresora-avpos-termica-tickets-usb-wifi-1.webp","contentUrl":"https:\/\/tpv-tenerife.com\/wp-content\/uploads\/2023\/09\/impresora-avpos-termica-tickets-usb-wifi-1.webp","width":455,"height":455,"caption":"Impresora de Ticket T\u00e9rmica USB WIFI"},{"@type":"BreadcrumbList","@id":"https:\/\/tpv-tenerife.com\/?product=impresora-de-ticket-termica-usb-wifi#breadcrumb","itemListElement":[{"@type":"ListItem","position":1,"name":"Inicio","item":"https:\/\/tpv-tenerife.com\/"},{"@type":"ListItem","position":2,"name":"Tienda","item":"https:\/\/tpv-tenerife.com\/?page_id=208"},{"@type":"ListItem","position":3,"name":"Impresora de Ticket T\u00e9rmica USB WIFI"}]},{"@type":"WebSite","@id":"https:\/\/tpv-tenerife.com\/#website","url":"https:\/\/tpv-tenerife.com\/","name":"TPV Tenerife","description":"TPV Tenerife","publisher":{"@id":"https:\/\/tpv-tenerife.com\/#organization"},"potentialAction":[{"@type":"SearchAction","target":{"@type":"EntryPoint","urlTemplate":"https:\/\/tpv-tenerife.com\/?s={search_term_string}"},"query-input":{"@type":"PropertyValueSpecification","valueRequired":true,"valueName":"search_term_string"}}],"inLanguage":"es"},{"@type":"Organization","@id":"https:\/\/tpv-tenerife.com\/#organization","name":"TPV Tenerife","alternateName":"Mega Ram - TPV Tenerife","url":"https:\/\/tpv-tenerife.com\/","logo":{"@type":"ImageObject","inLanguage":"es","@id":"https:\/\/tpv-tenerife.com\/#\/schema\/logo\/image\/","url":"https:\/\/tpv-tenerife.com\/wp-content\/uploads\/2023\/07\/logo.webp","contentUrl":"https:\/\/tpv-tenerife.com\/wp-content\/uploads\/2023\/07\/logo.webp","width":800,"height":247,"caption":"TPV Tenerife"},"image":{"@id":"https:\/\/tpv-tenerife.com\/#\/schema\/logo\/image\/"}}]}},"_links":{"self":[{"href":"https:\/\/tpv-tenerife.com\/index.php?rest_route=\/wp\/v2\/product\/4799","targetHints":{"allow":["GET"]}}],"collection":[{"href":"https:\/\/tpv-tenerife.com\/index.php?rest_route=\/wp\/v2\/product"}],"about":[{"href":"https:\/\/tpv-tenerife.com\/index.php?rest_route=\/wp\/v2\/types\/product"}],"wp:featuredmedia":[{"embeddable":true,"href":"https:\/\/tpv-tenerife.com\/index.php?rest_route=\/wp\/v2\/media\/4802"}],"wp:attachment":[{"href":"https:\/\/tpv-tenerife.com\/index.php?rest_route=%2Fwp%2Fv2%2Fmedia&parent=4799"}],"wp:term":[{"taxonomy":"product_brand","embeddable":true,"href":"https:\/\/tpv-tenerife.com\/index.php?rest_route=%2Fwp%2Fv2%2Fproduct_brand&post=4799"},{"taxonomy":"product_cat","embeddable":true,"href":"https:\/\/tpv-tenerife.com\/index.php?rest_route=%2Fwp%2Fv2%2Fproduct_cat&post=4799"},{"taxonomy":"product_tag","embeddable":true,"href":"https:\/\/tpv-tenerife.com\/index.php?rest_route=%2Fwp%2Fv2%2Fproduct_tag&post=4799"}],"curies":[{"name":"wp","href":"https:\/\/api.w.org\/{rel}","templated":true}]}}