{"id":4791,"date":"2023-09-14T10:55:41","date_gmt":"2023-09-14T10:55:41","guid":{"rendered":"https:\/\/tpv-tenerife.com\/?post_type=product&#038;p=4791"},"modified":"2023-09-14T10:55:42","modified_gmt":"2023-09-14T10:55:42","slug":"impresora-de-ticket-avpos-termica-usb","status":"publish","type":"product","link":"https:\/\/tpv-tenerife.com\/?product=impresora-de-ticket-avpos-termica-usb","title":{"rendered":"Impresora de Ticket AVPos T\u00e9rmica USB"},"content":{"rendered":"<p>\u00bfEst\u00e1s buscando una impresora t\u00e9rmica compacta pero potente?\u00a0<strong>AVPos TC<\/strong>\u00a0es lo que necesitas. Con su dise\u00f1o ultracompacto, puedes colocarla en cualquier lugar sin ocupar mucho espacio. Esta impresora es perfecta para imprimir facturas en comercios, supermercados, librer\u00edas, tiendas de telefon\u00eda, cafeter\u00edas, restaurantes y m\u00e1s. Adem\u00e1s, gracias a su alta velocidad de impresi\u00f3n, puedes estar seguro de que tus facturas ser\u00e1n impresas r\u00e1pidamente y con la mejor calidad. \u00a1Obt\u00e9n la tuya ahora y disfruta de la impresi\u00f3n de facturas m\u00e1s f\u00e1cil y r\u00e1pida!<\/p>\n<p>&nbsp;<\/p>\n<table>\n<tbody>\n<tr>\n<td>\n<h3><strong>Especificaciones<\/strong><\/h3>\n<\/td>\n<\/tr>\n<\/tbody>\n<\/table>\n<table>\n<tbody>\n<tr>\n<td><strong>Impresi\u00f3n<\/strong><\/td>\n<\/tr>\n<tr>\n<td><strong>M\u00e9todo de impresi\u00f3n<\/strong><\/td>\n<td>T\u00e9rmica directa<\/td>\n<\/tr>\n<tr>\n<td><strong>Ancho de impresi\u00f3n<\/strong><\/td>\n<td>79.5\u00b10.5mm<\/td>\n<\/tr>\n<tr>\n<td><strong>Densidad puntual<\/strong><\/td>\n<td>576 puntos \/ l\u00ednea<\/td>\n<\/tr>\n<tr>\n<td><strong>Velocidad de impresi\u00f3n<\/strong><\/td>\n<td>260 mm\/s<\/td>\n<\/tr>\n<tr>\n<td><strong>Tipos de interfaz<\/strong><\/td>\n<td>USB + Lan<\/td>\n<\/tr>\n<tr>\n<td><strong>Line spacing<\/strong><\/td>\n<td>3.75mm (Ajustable por comandos)<\/td>\n<\/tr>\n<tr>\n<td><strong>Tama\u00f1o de caracteres<\/strong><\/td>\n<td>ANK, Font A: 1.5\u00d73.0mm(12\u00d724 dots) Font B: 1.1\u00d72.1mm(9\u00d717 dots)<\/td>\n<\/tr>\n<tr>\n<td><strong>Corte<\/strong><\/td>\n<\/tr>\n<tr>\n<td><strong>Autocorte<\/strong><\/td>\n<td>Parcial<\/td>\n<\/tr>\n<tr>\n<td><strong>Fuentes de c\u00f3digo de barras<\/strong><\/td>\n<\/tr>\n<tr>\n<td><strong>C\u00f3digo unidimensional (1D)<\/strong><\/td>\n<td>UPC-A\/UPC-E\/JAN13(EAN13)\/JAN8(EAN8)\/CODE39\/ITF\/CODABAR\/CODE93\/CODE128<\/td>\n<\/tr>\n<tr>\n<td><strong>C\u00f3digo Bidimensional (2D)<\/strong><\/td>\n<td>QR Code \/ PDF417<\/td>\n<\/tr>\n<tr>\n<td><strong>Sistemas Operativos Compatibles<\/strong><\/td>\n<\/tr>\n<tr>\n<td><strong>S.O.<\/strong><\/td>\n<td>Windows\/JPOS\/OPOS\/Linux\/Android\/Mac<\/td>\n<\/tr>\n<tr>\n<td><strong>Emulaci\u00f3n<\/strong><\/td>\n<td>ESC\/POS<\/td>\n<\/tr>\n<tr>\n<td><em><strong>Buffer<\/strong><\/em><\/td>\n<\/tr>\n<tr>\n<td><em><strong>Input Buffer<\/strong><\/em><\/td>\n<td>256Kbytes<\/td>\n<\/tr>\n<tr>\n<td><em><strong>NV Flash<\/strong><\/em><\/td>\n<td>256 Kbytes<\/td>\n<\/tr>\n<tr>\n<td><strong>Fuente de Alimentaci\u00f3n<\/strong><\/td>\n<\/tr>\n<tr>\n<td><strong>Power adaptor<\/strong><\/td>\n<td>Input:AC 100-240V, 50~60Hz<\/td>\n<\/tr>\n<tr>\n<td><strong>Power source<\/strong><\/td>\n<td>DC 24V\/2.5A<\/td>\n<\/tr>\n<tr>\n<td><strong>Conexi\u00f3n a caj\u00f3n<\/strong><\/td>\n<td>DC 24V\/1A<\/td>\n<\/tr>\n<tr>\n<td><strong>Caracter\u00edsticas\u00a0<\/strong><strong>F\u00edsicas<\/strong><\/td>\n<\/tr>\n<tr>\n<td><strong>Peso<\/strong><\/td>\n<td>0.76KG<\/td>\n<\/tr>\n<tr>\n<td><strong>Tama\u00f1o<\/strong><\/td>\n<td>157.5 \u00d7 125 \u00d7 123.5mm(D*W*H)<\/td>\n<\/tr>\n<tr>\n<td><strong>Ubicaci\u00f3n<\/strong><\/td>\n<td>Admite colocaci\u00f3n en pared<\/td>\n<\/tr>\n<tr>\n<td><strong>Temperatura y Vida\u00a0<\/strong><strong>\u00fatil<\/strong><\/td>\n<\/tr>\n<tr>\n<td><strong>Temperatura en uso<\/strong><\/td>\n<td>Temperature\u00a0(0~45\u00ba) humidity(10~80%)<\/td>\n<\/tr>\n<tr>\n<td><strong>Temperatura en almacenaje<\/strong><\/td>\n<td>Temperature(-10~60\u00ba) humidity(10~80%)<\/td>\n<\/tr>\n<tr>\n<td><strong>Vida del cabezal impresi\u00f3n<\/strong><\/td>\n<td>150 Km de uso del cabezal de impresi\u00f3n<\/td>\n<\/tr>\n<tr>\n<td><strong>Vida del corte<\/strong><\/td>\n<td>1.5 millones de cortes<\/td>\n<\/tr>\n<\/tbody>\n<\/table>\n","protected":false},"excerpt":{"rendered":"<p>\u00bfEst\u00e1s buscando una impresora t\u00e9rmica compacta pero potente?\u00a0AVPos TC\u00a0es lo que necesitas. Con su dise\u00f1o ultracompacto, puedes colocarla en cualquier lugar sin ocupar mucho espacio. Esta impresora es perfecta para imprimir facturas en comercios, supermercados, librer\u00edas, tiendas de telefon\u00eda, cafeter\u00edas, restaurantes y m\u00e1s. Adem\u00e1s, gracias a su alta velocidad de impresi\u00f3n, puedes estar seguro de [&hellip;]<\/p>\n","protected":false},"featured_media":4792,"template":"","meta":[],"product_brand":[],"product_cat":[45],"product_tag":[86,87],"class_list":{"0":"post-4791","1":"product","2":"type-product","3":"status-publish","4":"has-post-thumbnail","6":"product_cat-impresoras-de-tickets","7":"product_tag-impresora-ticket","8":"product_tag-impresora-usb","10":"first","11":"instock","12":"sale","13":"taxable","14":"shipping-taxable","15":"purchasable","16":"product-type-simple"},"yoast_head":"<!-- This site is optimized with the Yoast SEO plugin v27.5 - https:\/\/yoast.com\/product\/yoast-seo-wordpress\/ -->\n<title>Impresora de Ticket AVPos T\u00e9rmica USB - TPV Tenerife<\/title>\n<meta name=\"robots\" content=\"index, follow, max-snippet:-1, max-image-preview:large, max-video-preview:-1\" \/>\n<link rel=\"canonical\" href=\"https:\/\/tpv-tenerife.com\/?product=impresora-de-ticket-avpos-termica-usb\" \/>\n<meta property=\"og:locale\" content=\"es_ES\" \/>\n<meta property=\"og:type\" content=\"article\" \/>\n<meta property=\"og:title\" content=\"Impresora de Ticket AVPos T\u00e9rmica USB - TPV Tenerife\" \/>\n<meta property=\"og:description\" content=\"\u00bfEst\u00e1s buscando una impresora t\u00e9rmica compacta pero potente?\u00a0AVPos TC\u00a0es lo que necesitas. Con su dise\u00f1o ultracompacto, puedes colocarla en cualquier lugar sin ocupar mucho espacio. Esta impresora es perfecta para imprimir facturas en comercios, supermercados, librer\u00edas, tiendas de telefon\u00eda, cafeter\u00edas, restaurantes y m\u00e1s. Adem\u00e1s, gracias a su alta velocidad de impresi\u00f3n, puedes estar seguro de [&hellip;]\" \/>\n<meta property=\"og:url\" content=\"https:\/\/tpv-tenerife.com\/?product=impresora-de-ticket-avpos-termica-usb\" \/>\n<meta property=\"og:site_name\" content=\"TPV Tenerife\" \/>\n<meta property=\"article:modified_time\" content=\"2023-09-14T10:55:42+00:00\" \/>\n<meta property=\"og:image\" content=\"https:\/\/tpv-tenerife.com\/wp-content\/uploads\/2023\/09\/impresora-avpos-termica-tickets-usb-1.webp\" \/>\n\t<meta property=\"og:image:width\" content=\"455\" \/>\n\t<meta property=\"og:image:height\" content=\"455\" \/>\n\t<meta property=\"og:image:type\" content=\"image\/webp\" \/>\n<meta name=\"twitter:card\" content=\"summary_large_image\" \/>\n<meta name=\"twitter:label1\" content=\"Tiempo de lectura\" \/>\n\t<meta name=\"twitter:data1\" content=\"2 minutos\" \/>\n<script type=\"application\/ld+json\" class=\"yoast-schema-graph\">{\"@context\":\"https:\\\/\\\/schema.org\",\"@graph\":[{\"@type\":\"WebPage\",\"@id\":\"https:\\\/\\\/tpv-tenerife.com\\\/?product=impresora-de-ticket-avpos-termica-usb\",\"url\":\"https:\\\/\\\/tpv-tenerife.com\\\/?product=impresora-de-ticket-avpos-termica-usb\",\"name\":\"Impresora de Ticket AVPos T\u00e9rmica USB - TPV Tenerife\",\"isPartOf\":{\"@id\":\"https:\\\/\\\/tpv-tenerife.com\\\/#website\"},\"primaryImageOfPage\":{\"@id\":\"https:\\\/\\\/tpv-tenerife.com\\\/?product=impresora-de-ticket-avpos-termica-usb#primaryimage\"},\"image\":{\"@id\":\"https:\\\/\\\/tpv-tenerife.com\\\/?product=impresora-de-ticket-avpos-termica-usb#primaryimage\"},\"thumbnailUrl\":\"https:\\\/\\\/tpv-tenerife.com\\\/wp-content\\\/uploads\\\/2023\\\/09\\\/impresora-avpos-termica-tickets-usb-1.webp\",\"datePublished\":\"2023-09-14T10:55:41+00:00\",\"dateModified\":\"2023-09-14T10:55:42+00:00\",\"breadcrumb\":{\"@id\":\"https:\\\/\\\/tpv-tenerife.com\\\/?product=impresora-de-ticket-avpos-termica-usb#breadcrumb\"},\"inLanguage\":\"es\",\"potentialAction\":[{\"@type\":\"ReadAction\",\"target\":[\"https:\\\/\\\/tpv-tenerife.com\\\/?product=impresora-de-ticket-avpos-termica-usb\"]}]},{\"@type\":\"ImageObject\",\"inLanguage\":\"es\",\"@id\":\"https:\\\/\\\/tpv-tenerife.com\\\/?product=impresora-de-ticket-avpos-termica-usb#primaryimage\",\"url\":\"https:\\\/\\\/tpv-tenerife.com\\\/wp-content\\\/uploads\\\/2023\\\/09\\\/impresora-avpos-termica-tickets-usb-1.webp\",\"contentUrl\":\"https:\\\/\\\/tpv-tenerife.com\\\/wp-content\\\/uploads\\\/2023\\\/09\\\/impresora-avpos-termica-tickets-usb-1.webp\",\"width\":455,\"height\":455,\"caption\":\"IMPRESORA AVPOS TERMICA TICKETS\"},{\"@type\":\"BreadcrumbList\",\"@id\":\"https:\\\/\\\/tpv-tenerife.com\\\/?product=impresora-de-ticket-avpos-termica-usb#breadcrumb\",\"itemListElement\":[{\"@type\":\"ListItem\",\"position\":1,\"name\":\"Inicio\",\"item\":\"https:\\\/\\\/tpv-tenerife.com\\\/\"},{\"@type\":\"ListItem\",\"position\":2,\"name\":\"Tienda\",\"item\":\"https:\\\/\\\/tpv-tenerife.com\\\/?page_id=208\"},{\"@type\":\"ListItem\",\"position\":3,\"name\":\"Impresora de Ticket AVPos T\u00e9rmica USB\"}]},{\"@type\":\"WebSite\",\"@id\":\"https:\\\/\\\/tpv-tenerife.com\\\/#website\",\"url\":\"https:\\\/\\\/tpv-tenerife.com\\\/\",\"name\":\"TPV Tenerife\",\"description\":\"TPV Tenerife\",\"publisher\":{\"@id\":\"https:\\\/\\\/tpv-tenerife.com\\\/#organization\"},\"potentialAction\":[{\"@type\":\"SearchAction\",\"target\":{\"@type\":\"EntryPoint\",\"urlTemplate\":\"https:\\\/\\\/tpv-tenerife.com\\\/?s={search_term_string}\"},\"query-input\":{\"@type\":\"PropertyValueSpecification\",\"valueRequired\":true,\"valueName\":\"search_term_string\"}}],\"inLanguage\":\"es\"},{\"@type\":\"Organization\",\"@id\":\"https:\\\/\\\/tpv-tenerife.com\\\/#organization\",\"name\":\"TPV Tenerife\",\"alternateName\":\"Mega Ram - TPV Tenerife\",\"url\":\"https:\\\/\\\/tpv-tenerife.com\\\/\",\"logo\":{\"@type\":\"ImageObject\",\"inLanguage\":\"es\",\"@id\":\"https:\\\/\\\/tpv-tenerife.com\\\/#\\\/schema\\\/logo\\\/image\\\/\",\"url\":\"https:\\\/\\\/tpv-tenerife.com\\\/wp-content\\\/uploads\\\/2023\\\/07\\\/logo.webp\",\"contentUrl\":\"https:\\\/\\\/tpv-tenerife.com\\\/wp-content\\\/uploads\\\/2023\\\/07\\\/logo.webp\",\"width\":800,\"height\":247,\"caption\":\"TPV Tenerife\"},\"image\":{\"@id\":\"https:\\\/\\\/tpv-tenerife.com\\\/#\\\/schema\\\/logo\\\/image\\\/\"}}]}<\/script>\n<!-- \/ Yoast SEO plugin. -->","yoast_head_json":{"title":"Impresora de Ticket AVPos T\u00e9rmica USB - TPV Tenerife","robots":{"index":"index","follow":"follow","max-snippet":"max-snippet:-1","max-image-preview":"max-image-preview:large","max-video-preview":"max-video-preview:-1"},"canonical":"https:\/\/tpv-tenerife.com\/?product=impresora-de-ticket-avpos-termica-usb","og_locale":"es_ES","og_type":"article","og_title":"Impresora de Ticket AVPos T\u00e9rmica USB - TPV Tenerife","og_description":"\u00bfEst\u00e1s buscando una impresora t\u00e9rmica compacta pero potente?\u00a0AVPos TC\u00a0es lo que necesitas. Con su dise\u00f1o ultracompacto, puedes colocarla en cualquier lugar sin ocupar mucho espacio. Esta impresora es perfecta para imprimir facturas en comercios, supermercados, librer\u00edas, tiendas de telefon\u00eda, cafeter\u00edas, restaurantes y m\u00e1s. Adem\u00e1s, gracias a su alta velocidad de impresi\u00f3n, puedes estar seguro de [&hellip;]","og_url":"https:\/\/tpv-tenerife.com\/?product=impresora-de-ticket-avpos-termica-usb","og_site_name":"TPV Tenerife","article_modified_time":"2023-09-14T10:55:42+00:00","og_image":[{"width":455,"height":455,"url":"https:\/\/tpv-tenerife.com\/wp-content\/uploads\/2023\/09\/impresora-avpos-termica-tickets-usb-1.webp","type":"image\/webp"}],"twitter_card":"summary_large_image","twitter_misc":{"Tiempo de lectura":"2 minutos"},"schema":{"@context":"https:\/\/schema.org","@graph":[{"@type":"WebPage","@id":"https:\/\/tpv-tenerife.com\/?product=impresora-de-ticket-avpos-termica-usb","url":"https:\/\/tpv-tenerife.com\/?product=impresora-de-ticket-avpos-termica-usb","name":"Impresora de Ticket AVPos T\u00e9rmica USB - TPV Tenerife","isPartOf":{"@id":"https:\/\/tpv-tenerife.com\/#website"},"primaryImageOfPage":{"@id":"https:\/\/tpv-tenerife.com\/?product=impresora-de-ticket-avpos-termica-usb#primaryimage"},"image":{"@id":"https:\/\/tpv-tenerife.com\/?product=impresora-de-ticket-avpos-termica-usb#primaryimage"},"thumbnailUrl":"https:\/\/tpv-tenerife.com\/wp-content\/uploads\/2023\/09\/impresora-avpos-termica-tickets-usb-1.webp","datePublished":"2023-09-14T10:55:41+00:00","dateModified":"2023-09-14T10:55:42+00:00","breadcrumb":{"@id":"https:\/\/tpv-tenerife.com\/?product=impresora-de-ticket-avpos-termica-usb#breadcrumb"},"inLanguage":"es","potentialAction":[{"@type":"ReadAction","target":["https:\/\/tpv-tenerife.com\/?product=impresora-de-ticket-avpos-termica-usb"]}]},{"@type":"ImageObject","inLanguage":"es","@id":"https:\/\/tpv-tenerife.com\/?product=impresora-de-ticket-avpos-termica-usb#primaryimage","url":"https:\/\/tpv-tenerife.com\/wp-content\/uploads\/2023\/09\/impresora-avpos-termica-tickets-usb-1.webp","contentUrl":"https:\/\/tpv-tenerife.com\/wp-content\/uploads\/2023\/09\/impresora-avpos-termica-tickets-usb-1.webp","width":455,"height":455,"caption":"IMPRESORA AVPOS TERMICA TICKETS"},{"@type":"BreadcrumbList","@id":"https:\/\/tpv-tenerife.com\/?product=impresora-de-ticket-avpos-termica-usb#breadcrumb","itemListElement":[{"@type":"ListItem","position":1,"name":"Inicio","item":"https:\/\/tpv-tenerife.com\/"},{"@type":"ListItem","position":2,"name":"Tienda","item":"https:\/\/tpv-tenerife.com\/?page_id=208"},{"@type":"ListItem","position":3,"name":"Impresora de Ticket AVPos T\u00e9rmica USB"}]},{"@type":"WebSite","@id":"https:\/\/tpv-tenerife.com\/#website","url":"https:\/\/tpv-tenerife.com\/","name":"TPV Tenerife","description":"TPV Tenerife","publisher":{"@id":"https:\/\/tpv-tenerife.com\/#organization"},"potentialAction":[{"@type":"SearchAction","target":{"@type":"EntryPoint","urlTemplate":"https:\/\/tpv-tenerife.com\/?s={search_term_string}"},"query-input":{"@type":"PropertyValueSpecification","valueRequired":true,"valueName":"search_term_string"}}],"inLanguage":"es"},{"@type":"Organization","@id":"https:\/\/tpv-tenerife.com\/#organization","name":"TPV Tenerife","alternateName":"Mega Ram - TPV Tenerife","url":"https:\/\/tpv-tenerife.com\/","logo":{"@type":"ImageObject","inLanguage":"es","@id":"https:\/\/tpv-tenerife.com\/#\/schema\/logo\/image\/","url":"https:\/\/tpv-tenerife.com\/wp-content\/uploads\/2023\/07\/logo.webp","contentUrl":"https:\/\/tpv-tenerife.com\/wp-content\/uploads\/2023\/07\/logo.webp","width":800,"height":247,"caption":"TPV Tenerife"},"image":{"@id":"https:\/\/tpv-tenerife.com\/#\/schema\/logo\/image\/"}}]}},"_links":{"self":[{"href":"https:\/\/tpv-tenerife.com\/index.php?rest_route=\/wp\/v2\/product\/4791","targetHints":{"allow":["GET"]}}],"collection":[{"href":"https:\/\/tpv-tenerife.com\/index.php?rest_route=\/wp\/v2\/product"}],"about":[{"href":"https:\/\/tpv-tenerife.com\/index.php?rest_route=\/wp\/v2\/types\/product"}],"wp:featuredmedia":[{"embeddable":true,"href":"https:\/\/tpv-tenerife.com\/index.php?rest_route=\/wp\/v2\/media\/4792"}],"wp:attachment":[{"href":"https:\/\/tpv-tenerife.com\/index.php?rest_route=%2Fwp%2Fv2%2Fmedia&parent=4791"}],"wp:term":[{"taxonomy":"product_brand","embeddable":true,"href":"https:\/\/tpv-tenerife.com\/index.php?rest_route=%2Fwp%2Fv2%2Fproduct_brand&post=4791"},{"taxonomy":"product_cat","embeddable":true,"href":"https:\/\/tpv-tenerife.com\/index.php?rest_route=%2Fwp%2Fv2%2Fproduct_cat&post=4791"},{"taxonomy":"product_tag","embeddable":true,"href":"https:\/\/tpv-tenerife.com\/index.php?rest_route=%2Fwp%2Fv2%2Fproduct_tag&post=4791"}],"curies":[{"name":"wp","href":"https:\/\/api.w.org\/{rel}","templated":true}]}}