{"id":741,"date":"2023-08-11T09:01:43","date_gmt":"2023-08-11T09:01:43","guid":{"rendered":"https:\/\/tpv-tenerife.com\/?page_id=741"},"modified":"2023-09-27T22:11:48","modified_gmt":"2023-09-27T22:11:48","slug":"politica-de-privacidad","status":"publish","type":"page","link":"https:\/\/tpv-tenerife.com\/?page_id=741","title":{"rendered":"Pol\u00edtica de privacidad"},"content":{"rendered":"\t\t<div data-elementor-type=\"wp-page\" data-elementor-id=\"741\" class=\"elementor elementor-741\" data-elementor-post-type=\"page\">\n\t\t\t\t\t\t<section class=\"elementor-section elementor-top-section elementor-element elementor-element-9f49a76 elementor-section-height-min-height elementor-section-items-stretch elementor-section-content-middle elementor-section-full_width elementor-section-height-default\" data-id=\"9f49a76\" data-element_type=\"section\" data-e-type=\"section\" data-settings=\"{&quot;background_background&quot;:&quot;classic&quot;}\">\n\t\t\t\t\t\t<div class=\"elementor-container elementor-column-gap-no\">\n\t\t\t\t\t<div class=\"elementor-column elementor-col-100 elementor-top-column elementor-element elementor-element-bf30ff5\" data-id=\"bf30ff5\" data-element_type=\"column\" data-e-type=\"column\">\n\t\t\t<div class=\"elementor-widget-wrap elementor-element-populated\">\n\t\t\t\t\t\t<div class=\"elementor-element elementor-element-ecc02d3 elementor-widget elementor-widget-heading\" data-id=\"ecc02d3\" data-element_type=\"widget\" data-e-type=\"widget\" data-widget_type=\"heading.default\">\n\t\t\t\t<div class=\"elementor-widget-container\">\n\t\t\t\t\t<h1 class=\"elementor-heading-title elementor-size-default\">POL\u00cdTICA DE PRIVACIDAD<\/h1>\t\t\t\t<\/div>\n\t\t\t\t<\/div>\n\t\t\t\t\t<\/div>\n\t\t<\/div>\n\t\t\t\t\t<\/div>\n\t\t<\/section>\n\t\t\t\t<div class=\"elementor-section elementor-top-section elementor-element elementor-element-4ed1713 elementor-section-full_width elementor-section-height-default elementor-section-height-default\" data-id=\"4ed1713\" data-element_type=\"section\" data-e-type=\"section\" data-settings=\"{&quot;background_background&quot;:&quot;classic&quot;}\">\n\t\t\t\t\t\t<div class=\"elementor-container elementor-column-gap-no\">\n\t\t\t\t\t<div class=\"elementor-column elementor-col-100 elementor-top-column elementor-element elementor-element-ce69eff\" data-id=\"ce69eff\" data-element_type=\"column\" data-e-type=\"column\">\n\t\t\t<div class=\"elementor-widget-wrap elementor-element-populated\">\n\t\t\t\t\t\t<div class=\"elementor-element elementor-element-8fbe4a1 elementor-widget elementor-widget-text-editor\" data-id=\"8fbe4a1\" data-element_type=\"widget\" data-e-type=\"widget\" data-widget_type=\"text-editor.default\">\n\t\t\t\t<div class=\"elementor-widget-container\">\n\t\t\t\t\t\t\t\t\t<p>A los efectos del cumplimiento del Reglamento (UE) 2016\/679 del Parlamento Europeo, de 27 de abril (GDPR), y la Ley Org\u00e1nica 3\/2018, de Protecci\u00f3n de Datos Personales y garant\u00eda de los derechos digitales de 5 de diciembre (LOPDGDD), se establece la siguiente informaci\u00f3n:<\/p><table class=\"table\"><tbody><tr><td>Responsable Tratamiento<\/td><td>Raz\u00f3n social: MEGARAM INFORM\u00c1TICA, S.L. <br \/>NIF\/CIF: B38600482 <br \/>Direcci\u00f3n: <span class=\"address-street\">Carretera Provincial, 79\u00a0<\/span><span class=\"address-postal-code\">38390\u00a0<\/span><span class=\"address-locality\">Santa \u00darsula Santa Cruz de Tenerife <br \/><\/span>Correo: jjchinea@megaram.info<\/td><\/tr><tr><td>Finalidad<\/td><td>Se trata la informaci\u00f3n que nos facilitan las personas interesadas a trav\u00e9s de cualquiera de los diferentes formularios que se ponen a su disposici\u00f3n en la p\u00e1gina web, con el fin de gestionar el env\u00edo de la informaci\u00f3n que nos soliciten, pudiendo elaborarse, de ser necesario, un perfil comercial, en base a la informaci\u00f3n facilitada. No se tomar\u00e1n decisiones automatizadas en base a dicho perfil. Los datos personales proporcionados se conservar\u00e1n mientras se mantenga la relaci\u00f3n mercantil, y no se solicite su supresi\u00f3n por el interesado.<\/td><\/tr><tr><td>Legitimaci\u00f3n<\/td><td>Se solicita el consentimiento del interesado para el tratamiento de sus datos y la oferta prospectiva de productos y servicios.<\/td><\/tr><tr><td>Destinatarios<\/td><td>Los datos personales no se ceder\u00e1n a terceros, salvo en su caso, otras empresas de grupo para fines administrativos internos.<\/td><\/tr><tr><td>Derechos<\/td><td>Los interesados \u200b\u200btienen derecho a acceder a sus datos personales, as\u00ed como a solicitar la rectificaci\u00f3n de los datos inexactos o, en su caso, solicitar su supresi\u00f3n cuando los datos ya no sean necesarios para los fines que fueron recogidos. Los interesados \u200b\u200ben determinadas circunstancias tambi\u00e9n podr\u00e1n limitar u oponerse al tratamiento de sus datos, as\u00ed como solicitar la portabilidad de los mismos. Tambi\u00e9n tendr\u00e1 derecho a retirar su consentimiento y a presentar una queja ante la Autoridad de Control. Para ejercer sus derechos deber\u00e1 dirigirse al Responsable en la direcci\u00f3n que figura en el primer cuadro, acompa\u00f1ado de copia del documento de identidad del interesado.<\/td><\/tr><\/tbody><\/table><h2>\u00a0<\/h2><h2 class=\"title theme-font\">1. \u00bfQui\u00e9n es el responsable del tratamiento de tus datos personales?<\/h2><p>MEGARAM INFORM\u00c1TICA, S.L., NIF\/ CIF: B38600482, direcci\u00f3n:\u00a0<span class=\"address-street\">Carretera Provincial, 79\u00a0<\/span><span class=\"address-postal-code\">38390\u00a0<\/span><span class=\"address-locality\">Santa \u00darsula Santa Cruz de Tenerife<\/span>\u00a0y correo electr\u00f3nico jjchinea@megaram.info es el RESPONSABLE del tratamiento de los datos personales del USUARIO y le informa de que estos datos ser\u00e1n tratados de conformidad con lo dispuesto en el Reglamento (UE) 2016\/679, de 27 de abril (GDPR), y la Ley Org\u00e1nica 3\/2018, de 5 de diciembre (LOPDGDD).<\/p><h2>\u00a0<\/h2><h2 class=\"title theme-font\">2. \u00bfCon qu\u00e9 finalidad se tratan los datos y cu\u00e1l es la base que legitima el tratamiento?<\/h2><p>Se trata la informaci\u00f3n que nos facilitan las personas interesadas con el fin de gestionar el env\u00edo de la informaci\u00f3n que nos soliciten, pudiendo elaborarse, de ser necesario, un perfil comercial, en base a la informaci\u00f3n facilitada. Tramitar encargos, solicitudes, dar respuesta a las consultas o cualquier tipo de petici\u00f3n que sea realizada por el USUARIO a trav\u00e9s de cualquiera de las formas de contacto que se ponen a su disposici\u00f3n en la p\u00e1gina web del RESPONSABLE.<\/p><h2>\u00a0<\/h2><h2 class=\"title theme-font\">3. \u00bfCu\u00e1nto tiempo se conservan los datos?<\/h2><p>Los datos personales proporcionados se conservar\u00e1n mientras se mantenga la relaci\u00f3n mercantil, y no se solicite su supresi\u00f3n por el interesado. Cuando ya no sea necesario, se suprimir\u00e1n con las medidas de seguridad adecuadas.<\/p><h2>\u00a0<\/h2><h2 class=\"title theme-font\">4. \u00bfQu\u00e9 derechos existen y c\u00f3mo ejercerlos?<\/h2><p>Las personas interesadas tienen derecho a acceder a sus datos personales, as\u00ed como a solicitar la rectificaci\u00f3n de los datos inexactos o, en su caso, solicitar su supresi\u00f3n cuando, los datos ya no sean necesarios para los fines que fueron recogidos. Tambi\u00e9n los interesados en determinadas circunstancias podr\u00e1n oponerse al tratamiento de sus datos. Tambi\u00e9n tendr\u00e1 derecho a retirar el consentimiento prestado y a reclamar ante la Autoridad de Control.<\/p><p>Para ejercer sus derechos deber\u00e1 ponerse en contacto con el Responsable en la direcci\u00f3n\u00a0<span class=\"address-street\">Carretera Provincial, 79\u00a0<\/span><span class=\"address-postal-code\">38390\u00a0<\/span><span class=\"address-locality\">Santa \u00darsula Santa Cruz de Tenerife<\/span>\u00a0acompa\u00f1ado de copia documento de identidad del interesado.<\/p><p>La normativa vigente de protecci\u00f3n de datos le ampara en una serie de derechos en relaci\u00f3n al uso que le damos a sus datos. Todos y cada uno de sus derechos son unipersonales e intransferibles, es decir, que \u00fanicamente pueden ser realizados por el titular de los datos, previa comprobaci\u00f3n de su identidad.<\/p><p>A continuaci\u00f3n le indicamos cuales son los derechos que le asisten:<\/p><ul class=\"list-unstyled\"><li>* Solicitar el ACCESO a sus datos personales.<\/li><li>* Solicitar la RECTIFICACION de sus datos.<\/li><li>* Solicitar la SUPRESI\u00d3N o eliminaci\u00f3n de sus datos (derecho al \u00abolvido\u00bb).<\/li><li>* LIMITAR u OPONERSE al uso que le damos a sus datos.<\/li><li>* Derecho a la PORTABILIDAD de sus datos para casos de servicios de telecomunicaciones o internet.<\/li><li>* Derecho a RETIRAR su consentimiento en cualquier momento.<\/li><li>* Tendr\u00e1 derecho a presentar una reclamaci\u00f3n ante la Agencia Espa\u00f1ola de Protecci\u00f3n de Datos a trav\u00e9s de www.aepd.es.<\/li><\/ul><p>Para el ejercicio de sus derechos de acceso, rectificaci\u00f3n, supresi\u00f3n, limitaci\u00f3n u oposici\u00f3n, portabilidad y retirada de su consentimiento, deber\u00e1 ponerse en contacto con el Responsable en la direcci\u00f3n\u00a0<span class=\"address-street\">Carretera Provincial, 79\u00a0<\/span><span class=\"address-postal-code\">38390\u00a0<\/span><span class=\"address-locality\">Santa \u00darsula Santa Cruz de Tenerife<\/span>\u00a0.<\/p><h2>\u00a0<\/h2><h2 class=\"title theme-font\">5. \u00bfA qui\u00e9n facilitamos tus datos personales? Destinatarios<\/h2><p>Los datos personales no se ceder\u00e1n a terceros, salvo en su caso, otras empresas de grupo para fines administrativos internos o salvo obligaci\u00f3n legal.<\/p><h2>\u00a0<\/h2><h2 class=\"title theme-font\">6. \u00bfSe toman decisiones automatizadas?<\/h2><p>No se tomar\u00e1n decisiones automatizadas en base al perfil comercial.<\/p><h2>\u00a0<\/h2><h2 class=\"title theme-font\">7. \u00bfSe realizan transferencias internacionales de datos?<\/h2><p>No realizamos transferencias internacionales de sus datos<\/p><h2>\u00a0<\/h2><h2 class=\"title theme-font\">8. \u00bfPor qu\u00e9 motivo podemos tratar tus datos personales?<\/h2><p>Se solicita el consentimiento del interesado para el tratamiento de sus datos y la oferta prospectiva de productos y servicios. Los datos personales obtenidos a trav\u00e9s de los formularios del sitio web ser\u00e1n tratados \u00fanicamente en base al consentimiento otorgado por el interesado, a trav\u00e9s de la aceptaci\u00f3n de la casilla dispuesta para tal fin. Este consentimiento puede ser retirado en cualquier momento.<\/p><p>Inter\u00e9s leg\u00edtimo del responsable. La informaci\u00f3n estad\u00edstica obtenida del sitio web ser\u00e1 tratada en base al inter\u00e9s leg\u00edtimo del responsable. Esta informaci\u00f3n no permite identificar al usuario.<\/p>\t\t\t\t\t\t\t\t<\/div>\n\t\t\t\t<\/div>\n\t\t\t\t\t<\/div>\n\t\t<\/div>\n\t\t\t\t\t<\/div>\n\t\t<\/div>\n\t\t\t\t<\/div>\n\t\t","protected":false},"excerpt":{"rendered":"<p>POL\u00cdTICA DE PRIVACIDAD A los efectos del cumplimiento del Reglamento (UE) 2016\/679 del Parlamento Europeo, de 27 de abril (GDPR), y la Ley Org\u00e1nica 3\/2018, de Protecci\u00f3n de Datos Personales y garant\u00eda de los derechos digitales de 5 de diciembre (LOPDGDD), se establece la siguiente informaci\u00f3n: Responsable Tratamiento Raz\u00f3n social: MEGARAM INFORM\u00c1TICA, S.L. NIF\/CIF: B38600482 [&hellip;]<\/p>\n","protected":false},"author":1,"featured_media":0,"parent":0,"menu_order":0,"comment_status":"closed","ping_status":"closed","template":"elementor_header_footer","meta":{"footnotes":""},"class_list":["post-741","page","type-page","status-publish","hentry"],"yoast_head":"<!-- This site is optimized with the Yoast SEO plugin v27.5 - https:\/\/yoast.com\/product\/yoast-seo-wordpress\/ -->\n<title>Pol\u00edtica de privacidad - TPV Tenerife<\/title>\n<meta name=\"robots\" content=\"index, follow, max-snippet:-1, max-image-preview:large, max-video-preview:-1\" \/>\n<link rel=\"canonical\" href=\"https:\/\/tpv-tenerife.com\/?page_id=741\" \/>\n<meta property=\"og:locale\" content=\"es_ES\" \/>\n<meta property=\"og:type\" content=\"article\" \/>\n<meta property=\"og:title\" content=\"Pol\u00edtica de privacidad - TPV Tenerife\" \/>\n<meta property=\"og:description\" content=\"POL\u00cdTICA DE PRIVACIDAD A los efectos del cumplimiento del Reglamento (UE) 2016\/679 del Parlamento Europeo, de 27 de abril (GDPR), y la Ley Org\u00e1nica 3\/2018, de Protecci\u00f3n de Datos Personales y garant\u00eda de los derechos digitales de 5 de diciembre (LOPDGDD), se establece la siguiente informaci\u00f3n: Responsable Tratamiento Raz\u00f3n social: MEGARAM INFORM\u00c1TICA, S.L. NIF\/CIF: B38600482 [&hellip;]\" \/>\n<meta property=\"og:url\" content=\"https:\/\/tpv-tenerife.com\/?page_id=741\" \/>\n<meta property=\"og:site_name\" content=\"TPV Tenerife\" \/>\n<meta property=\"article:modified_time\" content=\"2023-09-27T22:11:48+00:00\" \/>\n<meta name=\"twitter:card\" content=\"summary_large_image\" \/>\n<meta name=\"twitter:label1\" content=\"Tiempo de lectura\" \/>\n\t<meta name=\"twitter:data1\" content=\"5 minutos\" \/>\n<script type=\"application\/ld+json\" class=\"yoast-schema-graph\">{\"@context\":\"https:\\\/\\\/schema.org\",\"@graph\":[{\"@type\":\"WebPage\",\"@id\":\"https:\\\/\\\/tpv-tenerife.com\\\/?page_id=741\",\"url\":\"https:\\\/\\\/tpv-tenerife.com\\\/?page_id=741\",\"name\":\"Pol\u00edtica de privacidad - TPV Tenerife\",\"isPartOf\":{\"@id\":\"https:\\\/\\\/tpv-tenerife.com\\\/#website\"},\"datePublished\":\"2023-08-11T09:01:43+00:00\",\"dateModified\":\"2023-09-27T22:11:48+00:00\",\"breadcrumb\":{\"@id\":\"https:\\\/\\\/tpv-tenerife.com\\\/?page_id=741#breadcrumb\"},\"inLanguage\":\"es\",\"potentialAction\":[{\"@type\":\"ReadAction\",\"target\":[\"https:\\\/\\\/tpv-tenerife.com\\\/?page_id=741\"]}]},{\"@type\":\"BreadcrumbList\",\"@id\":\"https:\\\/\\\/tpv-tenerife.com\\\/?page_id=741#breadcrumb\",\"itemListElement\":[{\"@type\":\"ListItem\",\"position\":1,\"name\":\"Inicio\",\"item\":\"https:\\\/\\\/tpv-tenerife.com\\\/\"},{\"@type\":\"ListItem\",\"position\":2,\"name\":\"Pol\u00edtica de privacidad\"}]},{\"@type\":\"WebSite\",\"@id\":\"https:\\\/\\\/tpv-tenerife.com\\\/#website\",\"url\":\"https:\\\/\\\/tpv-tenerife.com\\\/\",\"name\":\"TPV Tenerife\",\"description\":\"TPV Tenerife\",\"publisher\":{\"@id\":\"https:\\\/\\\/tpv-tenerife.com\\\/#organization\"},\"potentialAction\":[{\"@type\":\"SearchAction\",\"target\":{\"@type\":\"EntryPoint\",\"urlTemplate\":\"https:\\\/\\\/tpv-tenerife.com\\\/?s={search_term_string}\"},\"query-input\":{\"@type\":\"PropertyValueSpecification\",\"valueRequired\":true,\"valueName\":\"search_term_string\"}}],\"inLanguage\":\"es\"},{\"@type\":\"Organization\",\"@id\":\"https:\\\/\\\/tpv-tenerife.com\\\/#organization\",\"name\":\"TPV Tenerife\",\"alternateName\":\"Mega Ram - TPV Tenerife\",\"url\":\"https:\\\/\\\/tpv-tenerife.com\\\/\",\"logo\":{\"@type\":\"ImageObject\",\"inLanguage\":\"es\",\"@id\":\"https:\\\/\\\/tpv-tenerife.com\\\/#\\\/schema\\\/logo\\\/image\\\/\",\"url\":\"https:\\\/\\\/tpv-tenerife.com\\\/wp-content\\\/uploads\\\/2023\\\/07\\\/logo.webp\",\"contentUrl\":\"https:\\\/\\\/tpv-tenerife.com\\\/wp-content\\\/uploads\\\/2023\\\/07\\\/logo.webp\",\"width\":800,\"height\":247,\"caption\":\"TPV Tenerife\"},\"image\":{\"@id\":\"https:\\\/\\\/tpv-tenerife.com\\\/#\\\/schema\\\/logo\\\/image\\\/\"}}]}<\/script>\n<!-- \/ Yoast SEO plugin. -->","yoast_head_json":{"title":"Pol\u00edtica de privacidad - TPV Tenerife","robots":{"index":"index","follow":"follow","max-snippet":"max-snippet:-1","max-image-preview":"max-image-preview:large","max-video-preview":"max-video-preview:-1"},"canonical":"https:\/\/tpv-tenerife.com\/?page_id=741","og_locale":"es_ES","og_type":"article","og_title":"Pol\u00edtica de privacidad - TPV Tenerife","og_description":"POL\u00cdTICA DE PRIVACIDAD A los efectos del cumplimiento del Reglamento (UE) 2016\/679 del Parlamento Europeo, de 27 de abril (GDPR), y la Ley Org\u00e1nica 3\/2018, de Protecci\u00f3n de Datos Personales y garant\u00eda de los derechos digitales de 5 de diciembre (LOPDGDD), se establece la siguiente informaci\u00f3n: Responsable Tratamiento Raz\u00f3n social: MEGARAM INFORM\u00c1TICA, S.L. NIF\/CIF: B38600482 [&hellip;]","og_url":"https:\/\/tpv-tenerife.com\/?page_id=741","og_site_name":"TPV Tenerife","article_modified_time":"2023-09-27T22:11:48+00:00","twitter_card":"summary_large_image","twitter_misc":{"Tiempo de lectura":"5 minutos"},"schema":{"@context":"https:\/\/schema.org","@graph":[{"@type":"WebPage","@id":"https:\/\/tpv-tenerife.com\/?page_id=741","url":"https:\/\/tpv-tenerife.com\/?page_id=741","name":"Pol\u00edtica de privacidad - TPV Tenerife","isPartOf":{"@id":"https:\/\/tpv-tenerife.com\/#website"},"datePublished":"2023-08-11T09:01:43+00:00","dateModified":"2023-09-27T22:11:48+00:00","breadcrumb":{"@id":"https:\/\/tpv-tenerife.com\/?page_id=741#breadcrumb"},"inLanguage":"es","potentialAction":[{"@type":"ReadAction","target":["https:\/\/tpv-tenerife.com\/?page_id=741"]}]},{"@type":"BreadcrumbList","@id":"https:\/\/tpv-tenerife.com\/?page_id=741#breadcrumb","itemListElement":[{"@type":"ListItem","position":1,"name":"Inicio","item":"https:\/\/tpv-tenerife.com\/"},{"@type":"ListItem","position":2,"name":"Pol\u00edtica de privacidad"}]},{"@type":"WebSite","@id":"https:\/\/tpv-tenerife.com\/#website","url":"https:\/\/tpv-tenerife.com\/","name":"TPV Tenerife","description":"TPV Tenerife","publisher":{"@id":"https:\/\/tpv-tenerife.com\/#organization"},"potentialAction":[{"@type":"SearchAction","target":{"@type":"EntryPoint","urlTemplate":"https:\/\/tpv-tenerife.com\/?s={search_term_string}"},"query-input":{"@type":"PropertyValueSpecification","valueRequired":true,"valueName":"search_term_string"}}],"inLanguage":"es"},{"@type":"Organization","@id":"https:\/\/tpv-tenerife.com\/#organization","name":"TPV Tenerife","alternateName":"Mega Ram - TPV Tenerife","url":"https:\/\/tpv-tenerife.com\/","logo":{"@type":"ImageObject","inLanguage":"es","@id":"https:\/\/tpv-tenerife.com\/#\/schema\/logo\/image\/","url":"https:\/\/tpv-tenerife.com\/wp-content\/uploads\/2023\/07\/logo.webp","contentUrl":"https:\/\/tpv-tenerife.com\/wp-content\/uploads\/2023\/07\/logo.webp","width":800,"height":247,"caption":"TPV Tenerife"},"image":{"@id":"https:\/\/tpv-tenerife.com\/#\/schema\/logo\/image\/"}}]}},"_links":{"self":[{"href":"https:\/\/tpv-tenerife.com\/index.php?rest_route=\/wp\/v2\/pages\/741","targetHints":{"allow":["GET"]}}],"collection":[{"href":"https:\/\/tpv-tenerife.com\/index.php?rest_route=\/wp\/v2\/pages"}],"about":[{"href":"https:\/\/tpv-tenerife.com\/index.php?rest_route=\/wp\/v2\/types\/page"}],"author":[{"embeddable":true,"href":"https:\/\/tpv-tenerife.com\/index.php?rest_route=\/wp\/v2\/users\/1"}],"replies":[{"embeddable":true,"href":"https:\/\/tpv-tenerife.com\/index.php?rest_route=%2Fwp%2Fv2%2Fcomments&post=741"}],"version-history":[{"count":0,"href":"https:\/\/tpv-tenerife.com\/index.php?rest_route=\/wp\/v2\/pages\/741\/revisions"}],"wp:attachment":[{"href":"https:\/\/tpv-tenerife.com\/index.php?rest_route=%2Fwp%2Fv2%2Fmedia&parent=741"}],"curies":[{"name":"wp","href":"https:\/\/api.w.org\/{rel}","templated":true}]}}